{"id":99,"date":"2025-01-24T16:28:58","date_gmt":"2025-01-24T15:28:58","guid":{"rendered":"https:\/\/leblanc.pl\/paradox\/?page_id=99"},"modified":"2025-04-28T17:47:03","modified_gmt":"2025-04-28T15:47:03","slug":"jour-39-de-soubise-a-la-maison","status":"publish","type":"page","link":"https:\/\/leblanc.pl\/paradox\/jour-39-de-soubise-a-la-maison\/","title":{"rendered":"Jour 39, de Soubise \u00e0 &#8230; la maison. Fin d&rsquo;une aventure&#8230;"},"content":{"rendered":"<h1><strong>Dimanche 29 septembre<\/strong><\/h1>\n<p><span style=\"font-size: 14pt;\">Eh ben voil\u00e0.<\/span><\/p>\n<p><span style=\"font-size: 14pt;\">Nous nous levons \u00e0 6 heures, car il y a de la route \u00e0 faire.<\/span><br \/>\n<span style=\"font-size: 14pt;\">Eric part pour la <em><strong>Sarthe<\/strong><\/em>, du c\u00f4t\u00e9 du <em><strong>Mans<\/strong><\/em>, Christian et moi sommes attendus \u00e0 <em><strong>Labrugui\u00e8re<\/strong><\/em>, dans le <em><strong>Tarn<\/strong><\/em>.\u00a0<\/span><span style=\"font-size: 14pt;\">Chacun a environ 5 heures de route.<\/span><\/p>\n<p>&nbsp;<\/p>\n<div id=\"attachment_1721\" style=\"width: 235px\" class=\"wp-caption alignright\"><a href=\"https:\/\/leblanc.pl\/paradox\/wp-content\/uploads\/2025\/04\/Une-derniere-photo-devant-Paradox.jpg\"><img loading=\"lazy\" decoding=\"async\" aria-describedby=\"caption-attachment-1721\" class=\"image-a-droite wp-image-1721 size-medium\" title=\"Une derni\u00e8re photo devant Paradox\" src=\"https:\/\/leblanc.pl\/paradox\/wp-content\/uploads\/2025\/04\/Une-derniere-photo-devant-Paradox-225x300.jpg\" alt=\"Une derni\u00e8re photo devant Paradox\" width=\"225\" height=\"300\" srcset=\"https:\/\/leblanc.pl\/paradox\/wp-content\/uploads\/2025\/04\/Une-derniere-photo-devant-Paradox-225x300.jpg 225w, https:\/\/leblanc.pl\/paradox\/wp-content\/uploads\/2025\/04\/Une-derniere-photo-devant-Paradox.jpg 675w\" sizes=\"auto, (max-width: 225px) 100vw, 225px\" \/><\/a><p id=\"caption-attachment-1721\" class=\"wp-caption-text\"><\/span> <span style=\"font-size: 14pt;\">Une derni\u00e8re photo devant Paradox<\/span><\/p><\/div>\n<p><span style=\"font-size: 14pt;\">Les bagages sont descendus du bateau \u00e0 l&rsquo;aide de vieux cordages, et transport\u00e9s \u00e0 pied jusqu\u2019aux voitures.<\/span><\/p>\n<p>&nbsp;<\/p>\n<p><span style=\"font-size: 14pt;\">Derni\u00e8re photo devant Paradox, derniers au revoir, clap de fin\u00a0!<\/span><\/p>\n<p>&nbsp;<\/p>\n<p><span style=\"font-size: 14pt;\">Eric nous enverra un message pour nous informer de son arriv\u00e9e, quant \u00e0 Christian et moi, nous sommes accueillis en vrais h\u00e9ros par mon \u00e9pouse <em><strong>Gina<\/strong><\/em>, qui nous a pr\u00e9par\u00e9 un repas digne d\u2019une \u00ab\u00a0<em>arriv\u00e9e de Paris<\/em> \u00bb.<\/span><\/p>\n<p>&nbsp;<\/p>\n<div id=\"attachment_1722\" style=\"width: 310px\" class=\"wp-caption alignleft\"><a href=\"https:\/\/leblanc.pl\/paradox\/wp-content\/uploads\/2025\/04\/Home-again-.jpg\"><img loading=\"lazy\" decoding=\"async\" aria-describedby=\"caption-attachment-1722\" class=\"image-a-gauche wp-image-1722 size-medium\" title=\"5 heures plus tard, home, sweet home !\" src=\"https:\/\/leblanc.pl\/paradox\/wp-content\/uploads\/2025\/04\/Home-again--300x225.jpg\" alt=\"5 heures plus tard, home, sweet home !\" width=\"300\" height=\"225\" srcset=\"https:\/\/leblanc.pl\/paradox\/wp-content\/uploads\/2025\/04\/Home-again--300x225.jpg 300w, https:\/\/leblanc.pl\/paradox\/wp-content\/uploads\/2025\/04\/Home-again--768x577.jpg 768w, https:\/\/leblanc.pl\/paradox\/wp-content\/uploads\/2025\/04\/Home-again-.jpg 800w\" sizes=\"auto, (max-width: 300px) 100vw, 300px\" \/><\/a><p id=\"caption-attachment-1722\" class=\"wp-caption-text\"><\/span> <span style=\"font-size: 14pt;\">5 heures plus tard, home, sweet home !<\/span><\/p><\/div>\n<p>&nbsp;<\/p>\n<p><span style=\"font-size: 14pt;\">Qu\u2019est-ce qu\u2019une \u00ab\u00a0<em>arriv\u00e9e de Paris<\/em>\u00a0\u00bb\u00a0?<\/span><\/p>\n<p>&nbsp;<\/p>\n<p><span style=\"font-size: 14pt;\">Gina est martiniquaise, et sur son \u00eele d\u2019origine on accueillait autrefois en grande pompe un membre de la famille qui revenait de France m\u00e9tropolitaine\u00a0; c\u2019\u00e9tait \u00e7a, <\/span><\/p>\n<p><span style=\"font-size: 14pt;\">\u00ab<em>\u00a0l\u2019arriv\u00e9e de Pari<\/em>s\u00a0\u00bb.<\/span><\/p>\n<p>&nbsp;<\/p>\n<p>&nbsp;<\/p>\n<p>&nbsp;<\/p>\n<p>&nbsp;<\/p>\n<p style=\"text-align: center;\"><span style=\"font-size: 14pt;\"><strong><em>The End&#8230;<br \/>\npour le moment !<\/em><\/strong><\/span><\/p>\n<p>&nbsp;<\/p>\n<div id=\"attachment_1723\" style=\"width: 760px\" class=\"wp-caption aligncenter\"><a href=\"https:\/\/leblanc.pl\/paradox\/wp-content\/uploads\/2025\/04\/Paradox-and-her-crew-by-Kevin-Cardiff-.gif\"><img loading=\"lazy\" decoding=\"async\" aria-describedby=\"caption-attachment-1723\" class=\"image-rien wp-image-1723 size-full\" title=\"Paradox et son \u00e9quipage, vus par Kevin Cardiff\" src=\"https:\/\/leblanc.pl\/paradox\/wp-content\/uploads\/2025\/04\/Paradox-and-her-crew-by-Kevin-Cardiff-.gif\" alt=\"Paradox et son \u00e9quipage, vus par Kevin Cardiff\" width=\"750\" height=\"500\" \/><\/a><p id=\"caption-attachment-1723\" class=\"wp-caption-text\"><span style=\"font-size: 14pt;\">Paradox et son \u00e9quipage, vus par Kevin Cardiff<\/span><\/p><\/div>\n","protected":false},"excerpt":{"rendered":"<p>Dimanche 29 septembre Eh ben voil\u00e0. Nous nous levons \u00e0 6 heures, car il y a de la route \u00e0 faire. Eric part pour la Sarthe, du c\u00f4t\u00e9 du Mans, Christian et moi sommes attendus \u00e0 Labrugui\u00e8re, dans le Tarn.\u00a0Chacun &hellip; <a href=\"https:\/\/leblanc.pl\/paradox\/jour-39-de-soubise-a-la-maison\/\">Continuer la lecture <span class=\"meta-nav\">&rarr;<\/span><\/a><\/p>\n","protected":false},"author":1,"featured_media":558,"parent":0,"menu_order":41,"comment_status":"open","ping_status":"closed","template":"","meta":{"footnotes":""},"class_list":["post-99","page","type-page","status-publish","has-post-thumbnail","hentry"],"_links":{"self":[{"href":"https:\/\/leblanc.pl\/paradox\/wp-json\/wp\/v2\/pages\/99","targetHints":{"allow":["GET"]}}],"collection":[{"href":"https:\/\/leblanc.pl\/paradox\/wp-json\/wp\/v2\/pages"}],"about":[{"href":"https:\/\/leblanc.pl\/paradox\/wp-json\/wp\/v2\/types\/page"}],"author":[{"embeddable":true,"href":"https:\/\/leblanc.pl\/paradox\/wp-json\/wp\/v2\/users\/1"}],"replies":[{"embeddable":true,"href":"https:\/\/leblanc.pl\/paradox\/wp-json\/wp\/v2\/comments?post=99"}],"version-history":[{"count":18,"href":"https:\/\/leblanc.pl\/paradox\/wp-json\/wp\/v2\/pages\/99\/revisions"}],"predecessor-version":[{"id":1856,"href":"https:\/\/leblanc.pl\/paradox\/wp-json\/wp\/v2\/pages\/99\/revisions\/1856"}],"wp:featuredmedia":[{"embeddable":true,"href":"https:\/\/leblanc.pl\/paradox\/wp-json\/wp\/v2\/media\/558"}],"wp:attachment":[{"href":"https:\/\/leblanc.pl\/paradox\/wp-json\/wp\/v2\/media?parent=99"}],"curies":[{"name":"wp","href":"https:\/\/api.w.org\/{rel}","templated":true}]}}