{"id":97,"date":"2025-01-24T16:27:00","date_gmt":"2025-01-24T15:27:00","guid":{"rendered":"https:\/\/leblanc.pl\/paradox\/?page_id=97"},"modified":"2025-04-28T17:43:34","modified_gmt":"2025-04-28T15:43:34","slug":"jour-38-de-bourgenay-a-soubise","status":"publish","type":"page","link":"https:\/\/leblanc.pl\/paradox\/jour-38-de-bourgenay-a-soubise\/","title":{"rendered":"Jour 38, de Bourgenay \u00e0 Soubise, derni\u00e8re navigation !"},"content":{"rendered":"<h2><strong>Samedi 28 septembre<\/strong><\/h2>\n<p><span style=\"font-size: 14pt;\">Comme annonc\u00e9, la temp\u00eate s&rsquo;est enfin calm\u00e9e.<\/span><\/p>\n<p><span style=\"font-size: 14pt;\">Nous avions \u00e9t\u00e9 inform\u00e9s par le chef du port de <em><strong>Soubise<\/strong> <\/em>qu\u2019il pourrait sortir le bateau de l\u2019eau \u00e0 15 heures.<\/span><\/p>\n<p><span style=\"font-size: 14pt;\">Nous devons donc absolument nous tenir \u00e0 cet horaire. R\u00e9veil \u00e0 4 heures, d\u00e9part \u00e0 5 heures, pour cette navigation d&rsquo;une cinquantaine de milles.<\/span><\/p>\n<p>&nbsp;<\/p>\n<p><span style=\"font-size: 14pt;\">Il fait encore nuit noire, Eric est \u00e0 l\u2019avant et me guide avec une torche. Malgr\u00e9 \u00e7a, je confonds les deux digues du port, vire \u00e0 babord et fonce vers le mur. J&rsquo;\u00e9vite de justesse la catastrophe avec un grand coup de marche arri\u00e8re, sous les hurlements du quartier-ma\u00eetre !<\/span><\/p>\n<p>&nbsp;<\/p>\n<div id=\"attachment_1678\" style=\"width: 214px\" class=\"wp-caption alignleft\"><a href=\"https:\/\/leblanc.pl\/paradox\/wp-content\/uploads\/2025\/04\/Un-dernier-jour-magnifique-se-leve.jpg\"><img loading=\"lazy\" decoding=\"async\" aria-describedby=\"caption-attachment-1678\" class=\"image-a-gauche wp-image-1678 size-medium\" title=\"Un dernier jour magnifique se l\u00e8ve\" src=\"https:\/\/leblanc.pl\/paradox\/wp-content\/uploads\/2025\/04\/Un-dernier-jour-magnifique-se-leve-204x300.jpg\" alt=\"Un dernier jour magnifique se l\u00e8ve\" width=\"204\" height=\"300\" srcset=\"https:\/\/leblanc.pl\/paradox\/wp-content\/uploads\/2025\/04\/Un-dernier-jour-magnifique-se-leve-204x300.jpg 204w, https:\/\/leblanc.pl\/paradox\/wp-content\/uploads\/2025\/04\/Un-dernier-jour-magnifique-se-leve.jpg 450w\" sizes=\"auto, (max-width: 204px) 100vw, 204px\" \/><\/a><p id=\"caption-attachment-1678\" class=\"wp-caption-text\"><\/span> <span style=\"font-size: 14pt;\">Un dernier jour magnifique se l\u00e8ve<\/span><\/p><\/div>\n<p>&nbsp;<\/p>\n<p><span style=\"font-size: 14pt;\">Nous affrontons encore un peu de houle \u00e0 la sortie du port, mais\u00a0 apr\u00e8s un royal lever de soleil, c&rsquo;est une belle journ\u00e9e qui s&rsquo;annonce pour accompagner notre derni\u00e8re navigation.<\/span><\/p>\n<p>&nbsp;<\/p>\n<p>&nbsp;<\/p>\n<div class=\"mceTemp\">\n<div id=\"attachment_1679\" style=\"width: 310px\" class=\"wp-caption alignright\"><a href=\"https:\/\/leblanc.pl\/paradox\/wp-content\/uploads\/2025\/04\/Et-nous-revoyons-lepont-de-lile-de-Re.jpg\"><img loading=\"lazy\" decoding=\"async\" aria-describedby=\"caption-attachment-1679\" class=\"image-a-droite wp-image-1679 size-medium\" title=\"Et nous revoyons lepont de l'\u00eele de R\u00e9\" src=\"https:\/\/leblanc.pl\/paradox\/wp-content\/uploads\/2025\/04\/Et-nous-revoyons-lepont-de-lile-de-Re-300x168.jpg\" alt=\"Et nous revoyons lepont de l'\u00eele de R\u00e9\" width=\"300\" height=\"168\" srcset=\"https:\/\/leblanc.pl\/paradox\/wp-content\/uploads\/2025\/04\/Et-nous-revoyons-lepont-de-lile-de-Re-300x168.jpg 300w, https:\/\/leblanc.pl\/paradox\/wp-content\/uploads\/2025\/04\/Et-nous-revoyons-lepont-de-lile-de-Re-768x430.jpg 768w, https:\/\/leblanc.pl\/paradox\/wp-content\/uploads\/2025\/04\/Et-nous-revoyons-lepont-de-lile-de-Re.jpg 897w\" sizes=\"auto, (max-width: 300px) 100vw, 300px\" \/><\/a><p id=\"caption-attachment-1679\" class=\"wp-caption-text\"><\/span> <span style=\"font-size: 14pt;\">Et nous revoyons lepont de l&rsquo;\u00eele de R\u00e9<\/span><\/p><\/div>\n<p><span style=\"font-size: 14pt;\">Le vent devient peu \u00e0 peu fluctuant et nous alternons voiles et moteur.<\/span><\/p>\n<p>&nbsp;<\/p>\n<p>&nbsp;<\/p>\n<p><span style=\"font-size: 14pt;\">Finalement, \u00e0 l&rsquo;entr\u00e9e de la <em><strong>Charente<\/strong> <\/em>nous affalons nos voiles pour la derni\u00e8re fois.<\/span><\/p>\n<p><span style=\"font-size: 14pt;\">Au moins, le soleil est revenu.<\/span><\/p>\n<p>&nbsp;<\/p>\n<p>&nbsp;<\/p>\n<p style=\"text-align: left;\"><span style=\"font-size: 14pt;\">Un petit air se l\u00e8ve pourtant alors que nous entrons dans le chenal.<\/span><\/p>\n<p>&nbsp;<\/p>\n<p><span style=\"font-size: 14pt;\">Mais les voiles sont rang\u00e9es, les drisses et \u00e9coutes lov\u00e9es, et je d\u00e9cide de rester au moteur.<\/span><\/p>\n<div id=\"attachment_1680\" style=\"width: 310px\" class=\"wp-caption alignleft\"><a href=\"https:\/\/leblanc.pl\/paradox\/wp-content\/uploads\/2025\/04\/Plus-trop-de-vent-nous-affalons.jpg\"><img loading=\"lazy\" decoding=\"async\" aria-describedby=\"caption-attachment-1680\" class=\"image-a-gauche wp-image-1680 size-medium\" title=\"Plus trop de vent, nous affalons\" src=\"https:\/\/leblanc.pl\/paradox\/wp-content\/uploads\/2025\/04\/Plus-trop-de-vent-nous-affalons-300x225.jpg\" alt=\"Plus trop de vent, nous affalons\" width=\"300\" height=\"225\" srcset=\"https:\/\/leblanc.pl\/paradox\/wp-content\/uploads\/2025\/04\/Plus-trop-de-vent-nous-affalons-300x225.jpg 300w, https:\/\/leblanc.pl\/paradox\/wp-content\/uploads\/2025\/04\/Plus-trop-de-vent-nous-affalons-768x576.jpg 768w, https:\/\/leblanc.pl\/paradox\/wp-content\/uploads\/2025\/04\/Plus-trop-de-vent-nous-affalons.jpg 800w\" sizes=\"auto, (max-width: 300px) 100vw, 300px\" \/><\/a><p id=\"caption-attachment-1680\" class=\"wp-caption-text\"><\/span> <span style=\"font-size: 14pt;\">Plus trop de vent, nous affalons<\/span><\/p><\/div>\n<p>&nbsp;<\/p>\n<div id=\"attachment_1681\" style=\"width: 310px\" class=\"wp-caption alignright\"><a href=\"https:\/\/leblanc.pl\/paradox\/wp-content\/uploads\/2025\/04\/Et-revoici-le-port-a-sec-de-Soubise.jpg\"><img loading=\"lazy\" decoding=\"async\" aria-describedby=\"caption-attachment-1681\" class=\"image-a-droite wp-image-1681 size-medium\" title=\"Et revoici le port \u00e0 sec de Soubise\" src=\"https:\/\/leblanc.pl\/paradox\/wp-content\/uploads\/2025\/04\/Et-revoici-le-port-a-sec-de-Soubise-300x225.jpg\" alt=\"Et revoici le port \u00e0 sec de Soubise\" width=\"300\" height=\"225\" srcset=\"https:\/\/leblanc.pl\/paradox\/wp-content\/uploads\/2025\/04\/Et-revoici-le-port-a-sec-de-Soubise-300x225.jpg 300w, https:\/\/leblanc.pl\/paradox\/wp-content\/uploads\/2025\/04\/Et-revoici-le-port-a-sec-de-Soubise-768x575.jpg 768w, https:\/\/leblanc.pl\/paradox\/wp-content\/uploads\/2025\/04\/Et-revoici-le-port-a-sec-de-Soubise.jpg 821w\" sizes=\"auto, (max-width: 300px) 100vw, 300px\" \/><\/a><p id=\"caption-attachment-1681\" class=\"wp-caption-text\"><\/span> <span style=\"font-size: 14pt;\">Et revoici le port \u00e0 sec de Soubise<\/span><\/p><\/div>\n<p>&nbsp;<\/p>\n<p><span style=\"font-size: 14pt;\">P\u00e9ch\u00e9 de paresse, que nous regrettons honteusement, alors que dans les effluves de notre Perkins nous d\u00e9passons un <em>Oc\u00e9anis<\/em> qui remonte courageusement la rivi\u00e8re \u00e0 la voile.<\/span><\/p>\n<p>&nbsp;<\/p>\n<p>&nbsp;<\/p>\n<p>&nbsp;<\/p>\n<p>&nbsp;<\/p>\n<p><span style=\"font-size: 14pt;\">Nous sommes amarr\u00e9s au ponton de <em>Soubise<\/em> \u00e0 14 heures, prenons juste le temps d\u2019un petit repas \u00e0 bord avant que <strong><em>Pierre<\/em><\/strong>, le chef du port, nous fasse signe d\u2019approcher. Il faut ensuite une bonne heure pour caler le bateau sur ses bers.<\/span><\/p>\n<div id=\"attachment_1682\" style=\"width: 310px\" class=\"wp-caption alignleft\"><a href=\"https:\/\/leblanc.pl\/paradox\/wp-content\/uploads\/2025\/04\/Paradox-quitte-lelement-liquide.jpg\"><img loading=\"lazy\" decoding=\"async\" aria-describedby=\"caption-attachment-1682\" class=\"image-a-gauche wp-image-1682 size-medium\" title=\"Paradox quitte l'\u00e9l\u00e9ment liquide...\" src=\"https:\/\/leblanc.pl\/paradox\/wp-content\/uploads\/2025\/04\/Paradox-quitte-lelement-liquide-300x225.jpg\" alt=\"Paradox quitte l'\u00e9l\u00e9ment liquide...\" width=\"300\" height=\"225\" srcset=\"https:\/\/leblanc.pl\/paradox\/wp-content\/uploads\/2025\/04\/Paradox-quitte-lelement-liquide-300x225.jpg 300w, https:\/\/leblanc.pl\/paradox\/wp-content\/uploads\/2025\/04\/Paradox-quitte-lelement-liquide-768x575.jpg 768w, https:\/\/leblanc.pl\/paradox\/wp-content\/uploads\/2025\/04\/Paradox-quitte-lelement-liquide.jpg 821w\" sizes=\"auto, (max-width: 300px) 100vw, 300px\" \/><\/a><p id=\"caption-attachment-1682\" class=\"wp-caption-text\"><\/span> <span style=\"font-size: 14pt;\">Paradox quitte l&rsquo;\u00e9l\u00e9ment liquide&#8230;<\/span><\/p><\/div>\n<p>&nbsp;<\/p>\n<p><span style=\"font-size: 14pt;\">C\u2019est un moment particulier. 38 jours apr\u00e8s notre d\u00e9part, voici <em>Paradox<\/em> \u00e0 nouveau au sec, attendant de nouvelles aventures.<\/span><\/p>\n<div id=\"attachment_1683\" style=\"width: 310px\" class=\"wp-caption alignright\"><a href=\"https:\/\/leblanc.pl\/paradox\/wp-content\/uploads\/2025\/04\/Et-est-remorque-vers-son-parking-attitre.jpg\"><img loading=\"lazy\" decoding=\"async\" aria-describedby=\"caption-attachment-1683\" class=\"image-a-droite wp-image-1683 size-medium\" title=\"\u2026 et est remorqu\u00e9 vers son parking attitr\u00e9\" src=\"https:\/\/leblanc.pl\/paradox\/wp-content\/uploads\/2025\/04\/Et-est-remorque-vers-son-parking-attitre-300x225.jpg\" alt=\"\u2026 et est remorqu\u00e9 vers son parking attitr\u00e9\" width=\"300\" height=\"225\" srcset=\"https:\/\/leblanc.pl\/paradox\/wp-content\/uploads\/2025\/04\/Et-est-remorque-vers-son-parking-attitre-300x225.jpg 300w, https:\/\/leblanc.pl\/paradox\/wp-content\/uploads\/2025\/04\/Et-est-remorque-vers-son-parking-attitre-768x575.jpg 768w, https:\/\/leblanc.pl\/paradox\/wp-content\/uploads\/2025\/04\/Et-est-remorque-vers-son-parking-attitre.jpg 821w\" sizes=\"auto, (max-width: 300px) 100vw, 300px\" \/><\/a><p id=\"caption-attachment-1683\" class=\"wp-caption-text\"><\/span> <span style=\"font-size: 14pt;\">\u2026 et est remorqu\u00e9 vers son parking attitr\u00e9<\/span><\/p><\/div>\n<p>&nbsp;<\/p>\n<p><span style=\"font-size: 14pt;\">Contrairement \u00e0 nos craintes, il n&rsquo;y a pas la moindre trace d&rsquo;algue sous la ligne de flottaison.<\/span><\/p>\n<p>&nbsp;<\/p>\n<p><span style=\"font-size: 14pt;\">Il nous reste 3 heures pour faire le m\u00e9nage et le rangement, laver la cha\u00eene d\u2019ancre, mettre les housses sur les voiles, etc.<\/span><\/p>\n<p>&nbsp;<\/p>\n<p><span style=\"font-size: 14pt;\">Nous allons ensuite prendre une douche, et c\u2019est cette fois-ci le restaurant \u00ab\u00a0<strong><em>C\u00f4t\u00e9 Nord\u00a0<\/em><\/strong>\u00bb, mon favori \u00e0 <em><strong>Rochefort<\/strong><\/em>, qui nous accueille pour notre dernier repas ensemble.<\/span><\/p>\n<p>&nbsp;<\/p>\n<p><span style=\"font-size: 14pt;\">Ce soir, nous dormirons \u00e0 bord, mais sans le moindre bercement\u2026<\/span><\/p>\n<p>&nbsp;<\/p>\n<div id=\"attachment_1717\" style=\"width: 510px\" class=\"wp-caption aligncenter\"><a href=\"https:\/\/leblanc.pl\/paradox\/wp-content\/uploads\/2025\/04\/Dernier-coucher-de-soleil-sur-la-Charente.jpg\"><img loading=\"lazy\" decoding=\"async\" aria-describedby=\"caption-attachment-1717\" class=\"image-rien wp-image-1717\" title=\"Dernier coucher de soleil, sur la Charente\" src=\"https:\/\/leblanc.pl\/paradox\/wp-content\/uploads\/2025\/04\/Dernier-coucher-de-soleil-sur-la-Charente-300x202.jpg\" alt=\"Dernier coucher de soleil, sur la Charente\" width=\"500\" height=\"336\" srcset=\"https:\/\/leblanc.pl\/paradox\/wp-content\/uploads\/2025\/04\/Dernier-coucher-de-soleil-sur-la-Charente-300x202.jpg 300w, https:\/\/leblanc.pl\/paradox\/wp-content\/uploads\/2025\/04\/Dernier-coucher-de-soleil-sur-la-Charente-768x517.jpg 768w, https:\/\/leblanc.pl\/paradox\/wp-content\/uploads\/2025\/04\/Dernier-coucher-de-soleil-sur-la-Charente.jpg 914w\" sizes=\"auto, (max-width: 500px) 100vw, 500px\" \/><\/a><p id=\"caption-attachment-1717\" class=\"wp-caption-text\"><\/span> <span style=\"font-size: 14pt;\">Dernier coucher de soleil, sur la Charente<\/span><\/p><\/div>\n<p>&nbsp;<\/p>\n<p style=\"text-align: right;\"><span style=\"font-size: 14pt;\"><a href=\"https:\/\/leblanc.pl\/paradox\/jour-39-de-soubise-a-la-maison\/\"><em>(\u00e0 suivre)<\/em><\/a><\/span><\/p>\n<\/div>\n","protected":false},"excerpt":{"rendered":"<p>Samedi 28 septembre Comme annonc\u00e9, la temp\u00eate s&rsquo;est enfin calm\u00e9e. Nous avions \u00e9t\u00e9 inform\u00e9s par le chef du port de Soubise qu\u2019il pourrait sortir le bateau de l\u2019eau \u00e0 15 heures. Nous devons donc absolument nous tenir \u00e0 cet horaire. &hellip; <a href=\"https:\/\/leblanc.pl\/paradox\/jour-38-de-bourgenay-a-soubise\/\">Continuer la lecture <span class=\"meta-nav\">&rarr;<\/span><\/a><\/p>\n","protected":false},"author":1,"featured_media":555,"parent":0,"menu_order":40,"comment_status":"open","ping_status":"closed","template":"","meta":{"footnotes":""},"class_list":["post-97","page","type-page","status-publish","has-post-thumbnail","hentry"],"_links":{"self":[{"href":"https:\/\/leblanc.pl\/paradox\/wp-json\/wp\/v2\/pages\/97","targetHints":{"allow":["GET"]}}],"collection":[{"href":"https:\/\/leblanc.pl\/paradox\/wp-json\/wp\/v2\/pages"}],"about":[{"href":"https:\/\/leblanc.pl\/paradox\/wp-json\/wp\/v2\/types\/page"}],"author":[{"embeddable":true,"href":"https:\/\/leblanc.pl\/paradox\/wp-json\/wp\/v2\/users\/1"}],"replies":[{"embeddable":true,"href":"https:\/\/leblanc.pl\/paradox\/wp-json\/wp\/v2\/comments?post=97"}],"version-history":[{"count":47,"href":"https:\/\/leblanc.pl\/paradox\/wp-json\/wp\/v2\/pages\/97\/revisions"}],"predecessor-version":[{"id":1855,"href":"https:\/\/leblanc.pl\/paradox\/wp-json\/wp\/v2\/pages\/97\/revisions\/1855"}],"wp:featuredmedia":[{"embeddable":true,"href":"https:\/\/leblanc.pl\/paradox\/wp-json\/wp\/v2\/media\/555"}],"wp:attachment":[{"href":"https:\/\/leblanc.pl\/paradox\/wp-json\/wp\/v2\/media?parent=97"}],"curies":[{"name":"wp","href":"https:\/\/api.w.org\/{rel}","templated":true}]}}