{"id":95,"date":"2025-01-24T16:25:33","date_gmt":"2025-01-24T15:25:33","guid":{"rendered":"https:\/\/leblanc.pl\/paradox\/?page_id=95"},"modified":"2025-04-28T17:41:33","modified_gmt":"2025-04-28T15:41:33","slug":"jour-37-bourgenay-toujours","status":"publish","type":"page","link":"https:\/\/leblanc.pl\/paradox\/jour-37-bourgenay-toujours\/","title":{"rendered":"Jour 37, Bourgenay (toujours)"},"content":{"rendered":"<h2><strong>Vendredi 27 septembre<\/strong><\/h2>\n<p><span style=\"font-size: 14pt;\">Le vent a tourn\u00e9 mais souffle toujours en rafales violentes.<\/span><\/p>\n<p>&nbsp;<\/p>\n<div id=\"attachment_1669\" style=\"width: 650px\" class=\"wp-caption aligncenter\"><a href=\"https:\/\/leblanc.pl\/paradox\/wp-content\/uploads\/2025\/04\/La-tempete-tarde-a-se-calmer.jpg\"><img loading=\"lazy\" decoding=\"async\" aria-describedby=\"caption-attachment-1669\" class=\"image-rien wp-image-1669 size-large\" title=\"La temp\u00eate tarde \u00e0 se calmer\" src=\"https:\/\/leblanc.pl\/paradox\/wp-content\/uploads\/2025\/04\/La-tempete-tarde-a-se-calmer-1024x569.jpg\" alt=\"La temp\u00eate tarde \u00e0 se calmer\" width=\"640\" height=\"356\" srcset=\"https:\/\/leblanc.pl\/paradox\/wp-content\/uploads\/2025\/04\/La-tempete-tarde-a-se-calmer-1024x569.jpg 1024w, https:\/\/leblanc.pl\/paradox\/wp-content\/uploads\/2025\/04\/La-tempete-tarde-a-se-calmer-300x167.jpg 300w, https:\/\/leblanc.pl\/paradox\/wp-content\/uploads\/2025\/04\/La-tempete-tarde-a-se-calmer-768x426.jpg 768w, https:\/\/leblanc.pl\/paradox\/wp-content\/uploads\/2025\/04\/La-tempete-tarde-a-se-calmer.jpg 1196w\" sizes=\"auto, (max-width: 640px) 100vw, 640px\" \/><\/a><p id=\"caption-attachment-1669\" class=\"wp-caption-text\"><\/span> <span style=\"font-size: 14pt;\">La temp\u00eate tarde \u00e0 se calmer<\/span><\/p><\/div>\n<p><span style=\"font-size: 14pt;\">Nous sommes confin\u00e9s sur le bateau. La m\u00e9t\u00e9o, cette fois-ci, n\u2019avait vraiment pas menti, la temp\u00eate <em><strong>A\u00eftor<\/strong> <\/em>peine \u00e0 s&rsquo;\u00e9puiser.<\/span><\/p>\n<div id=\"attachment_1670\" style=\"width: 235px\" class=\"wp-caption alignright\"><a href=\"https:\/\/leblanc.pl\/paradox\/wp-content\/uploads\/2025\/04\/Risque-de-submersion.jpg\"><img loading=\"lazy\" decoding=\"async\" aria-describedby=\"caption-attachment-1670\" class=\"image-a-droite wp-image-1670 size-medium\" title=\"Risque de submersion\" src=\"https:\/\/leblanc.pl\/paradox\/wp-content\/uploads\/2025\/04\/Risque-de-submersion-225x300.jpg\" alt=\"Risque de submersion\" width=\"225\" height=\"300\" srcset=\"https:\/\/leblanc.pl\/paradox\/wp-content\/uploads\/2025\/04\/Risque-de-submersion-225x300.jpg 225w, https:\/\/leblanc.pl\/paradox\/wp-content\/uploads\/2025\/04\/Risque-de-submersion.jpg 600w\" sizes=\"auto, (max-width: 225px) 100vw, 225px\" \/><\/a><p id=\"caption-attachment-1670\" class=\"wp-caption-text\"><\/span> <span style=\"font-size: 14pt;\">Risque de submersion<\/span><\/p><\/div>\n<p><span style=\"font-size: 14pt;\">Mais les choses doivent s\u2019am\u00e9liorer demain, alors nous pr\u00e9parons le bateau.<\/span><\/p>\n<p>&nbsp;<\/p>\n<p><span style=\"font-size: 14pt;\">Notre nouvel ami<em> Didier<\/em>, le skipper malchanceux rencontr\u00e9 \u00e0 <em>l\u2019Herbaudi\u00e8re<\/em>, habite ici, \u00e0 Bourgenay.<\/span><\/p>\n<p>&nbsp;<\/p>\n<p><span style=\"font-size: 14pt;\">Son appartement a une jolie vue sur le port, il peut voir son bateau depuis son balcon.<\/span><\/p>\n<p>&nbsp;<\/p>\n<div id=\"attachment_1671\" style=\"width: 235px\" class=\"wp-caption alignleft\"><a href=\"https:\/\/leblanc.pl\/paradox\/wp-content\/uploads\/2025\/04\/Paradox-toujours-au-ponton-visiteurs.jpg\"><img loading=\"lazy\" decoding=\"async\" aria-describedby=\"caption-attachment-1671\" class=\"image-a-gauche wp-image-1671 size-medium\" title=\"Paradox toujours au ponton visiteurs\" src=\"https:\/\/leblanc.pl\/paradox\/wp-content\/uploads\/2025\/04\/Paradox-toujours-au-ponton-visiteurs-225x300.jpg\" alt=\"Paradox toujours au ponton visiteurs\" width=\"225\" height=\"300\" srcset=\"https:\/\/leblanc.pl\/paradox\/wp-content\/uploads\/2025\/04\/Paradox-toujours-au-ponton-visiteurs-225x300.jpg 225w, https:\/\/leblanc.pl\/paradox\/wp-content\/uploads\/2025\/04\/Paradox-toujours-au-ponton-visiteurs.jpg 600w\" sizes=\"auto, (max-width: 225px) 100vw, 225px\" \/><\/a><p id=\"caption-attachment-1671\" class=\"wp-caption-text\"><\/span> <span style=\"font-size: 14pt;\">Paradox toujours au ponton visiteurs<\/span><\/p><\/div>\n<p>&nbsp;<\/p>\n<p>&nbsp;<\/p>\n<p><span style=\"font-size: 14pt;\">Il a vu aussi Paradox au ponton visiteurs, et vient nous chercher pour nous inviter \u00e0 prendre l\u2019ap\u00e9ro.<\/span><\/p>\n<p>&nbsp;<\/p>\n<p><span style=\"font-size: 14pt;\">Nous passons une soir\u00e9e tr\u00e8s amicale en sa compagnie.<\/span><\/p>\n<p>&nbsp;<\/p>\n<p style=\"text-align: right;\"><span style=\"font-size: 14pt;\"><a href=\"https:\/\/leblanc.pl\/paradox\/jour-38-de-bourgenay-a-soubise\/\"><em>(\u00e0 suivre)<\/em><\/a><\/span><\/p>\n","protected":false},"excerpt":{"rendered":"<p>Vendredi 27 septembre Le vent a tourn\u00e9 mais souffle toujours en rafales violentes. &nbsp; Nous sommes confin\u00e9s sur le bateau. La m\u00e9t\u00e9o, cette fois-ci, n\u2019avait vraiment pas menti, la temp\u00eate A\u00eftor peine \u00e0 s&rsquo;\u00e9puiser. Mais les choses doivent s\u2019am\u00e9liorer demain, &hellip; <a href=\"https:\/\/leblanc.pl\/paradox\/jour-37-bourgenay-toujours\/\">Continuer la lecture <span class=\"meta-nav\">&rarr;<\/span><\/a><\/p>\n","protected":false},"author":1,"featured_media":553,"parent":0,"menu_order":39,"comment_status":"open","ping_status":"closed","template":"","meta":{"footnotes":""},"class_list":["post-95","page","type-page","status-publish","has-post-thumbnail","hentry"],"_links":{"self":[{"href":"https:\/\/leblanc.pl\/paradox\/wp-json\/wp\/v2\/pages\/95","targetHints":{"allow":["GET"]}}],"collection":[{"href":"https:\/\/leblanc.pl\/paradox\/wp-json\/wp\/v2\/pages"}],"about":[{"href":"https:\/\/leblanc.pl\/paradox\/wp-json\/wp\/v2\/types\/page"}],"author":[{"embeddable":true,"href":"https:\/\/leblanc.pl\/paradox\/wp-json\/wp\/v2\/users\/1"}],"replies":[{"embeddable":true,"href":"https:\/\/leblanc.pl\/paradox\/wp-json\/wp\/v2\/comments?post=95"}],"version-history":[{"count":12,"href":"https:\/\/leblanc.pl\/paradox\/wp-json\/wp\/v2\/pages\/95\/revisions"}],"predecessor-version":[{"id":1854,"href":"https:\/\/leblanc.pl\/paradox\/wp-json\/wp\/v2\/pages\/95\/revisions\/1854"}],"wp:featuredmedia":[{"embeddable":true,"href":"https:\/\/leblanc.pl\/paradox\/wp-json\/wp\/v2\/media\/553"}],"wp:attachment":[{"href":"https:\/\/leblanc.pl\/paradox\/wp-json\/wp\/v2\/media?parent=95"}],"curies":[{"name":"wp","href":"https:\/\/api.w.org\/{rel}","templated":true}]}}