{"id":93,"date":"2025-01-24T16:24:25","date_gmt":"2025-01-24T15:24:25","guid":{"rendered":"https:\/\/leblanc.pl\/paradox\/?page_id=93"},"modified":"2025-04-28T17:40:39","modified_gmt":"2025-04-28T15:40:39","slug":"jour-36-bourgenay-encore","status":"publish","type":"page","link":"https:\/\/leblanc.pl\/paradox\/jour-36-bourgenay-encore\/","title":{"rendered":"Jour 36, Bourgenay (encore)"},"content":{"rendered":"<h2><strong>Jeudi 26 septembre<\/strong><\/h2>\n<p><span style=\"font-size: 14pt;\">Lev\u00e9s paresseusement \u00e0 9 heures, nous prenons notre temps au petit d\u00e9jeuner et \u00e0 la douche.<\/span><\/p>\n<p>&nbsp;<\/p>\n<div id=\"attachment_1656\" style=\"width: 179px\" class=\"wp-caption alignleft\"><a href=\"https:\/\/leblanc.pl\/paradox\/wp-content\/uploads\/2025\/04\/Eric-adore-bricoler-notre-greement-.jpg\"><img loading=\"lazy\" decoding=\"async\" aria-describedby=\"caption-attachment-1656\" class=\"image-a-gauche wp-image-1656 size-medium\" title=\"Eric adore bricoler notre gr\u00e9ement !\" src=\"https:\/\/leblanc.pl\/paradox\/wp-content\/uploads\/2025\/04\/Eric-adore-bricoler-notre-greement--169x300.jpg\" alt=\"Eric adore bricoler notre gr\u00e9ement !\" width=\"169\" height=\"300\" srcset=\"https:\/\/leblanc.pl\/paradox\/wp-content\/uploads\/2025\/04\/Eric-adore-bricoler-notre-greement--169x300.jpg 169w, https:\/\/leblanc.pl\/paradox\/wp-content\/uploads\/2025\/04\/Eric-adore-bricoler-notre-greement-.jpg 377w\" sizes=\"auto, (max-width: 169px) 100vw, 169px\" \/><\/a><p id=\"caption-attachment-1656\" class=\"wp-caption-text\"><\/span> <span style=\"font-size: 14pt;\">Eric adore bricoler notre gr\u00e9ement !<\/span><\/p><\/div>\n<p>&nbsp;<\/p>\n<p><span style=\"font-size: 14pt;\">La m\u00e9t\u00e9o ne semble pas s\u2019am\u00e9liorer.<\/span><\/p>\n<p>&nbsp;<\/p>\n<p><span style=\"font-size: 14pt;\">A la faveur d\u2019une \u00e9claircie, nous partons faire quelques emplettes et rentrons de justesse au bateau avant l\u2019arriv\u00e9e d\u2019une grosse averse.<\/span><\/p>\n<div id=\"attachment_1657\" style=\"width: 179px\" class=\"wp-caption alignright\"><a href=\"https:\/\/leblanc.pl\/paradox\/wp-content\/uploads\/2025\/04\/Examen-du-pilote-obsolete.jpg\"><img loading=\"lazy\" decoding=\"async\" aria-describedby=\"caption-attachment-1657\" class=\"image-a-droite wp-image-1657 size-medium\" title=\"Examen du pilote obsolete\" src=\"https:\/\/leblanc.pl\/paradox\/wp-content\/uploads\/2025\/04\/Examen-du-pilote-obsolete-169x300.jpg\" alt=\"\" width=\"169\" height=\"300\" srcset=\"https:\/\/leblanc.pl\/paradox\/wp-content\/uploads\/2025\/04\/Examen-du-pilote-obsolete-169x300.jpg 169w, https:\/\/leblanc.pl\/paradox\/wp-content\/uploads\/2025\/04\/Examen-du-pilote-obsolete.jpg 377w\" sizes=\"auto, (max-width: 169px) 100vw, 169px\" \/><\/a><p id=\"caption-attachment-1657\" class=\"wp-caption-text\"><\/span> <span style=\"font-size: 14pt;\">Examen du pilote obsolete<\/span><\/p><\/div>\n<p>&nbsp;<\/p>\n<p><span style=\"font-size: 14pt;\">Nouvelle apr\u00e8s-midi de bricolage : suppression de fils \u00e9lectriques obsol\u00e8tes, \u00e9pissures\u2026<\/span><\/p>\n<p>&nbsp;<\/p>\n<p>&nbsp;<\/p>\n<p><span style=\"font-size: 14pt;\">Le restaurant <em>Le Vintage<\/em> est \u00e0 nouveau ouvert, et nous y prenons notre repas du soir.<\/span><\/p>\n<p>&nbsp;<\/p>\n<p>&nbsp;<\/p>\n<p>&nbsp;<\/p>\n<p>&nbsp;<\/p>\n<p>&nbsp;<\/p>\n<div id=\"attachment_1658\" style=\"width: 160px\" class=\"wp-caption alignleft\"><a href=\"https:\/\/leblanc.pl\/paradox\/wp-content\/uploads\/2025\/04\/42-knots.jpg\"><img loading=\"lazy\" decoding=\"async\" aria-describedby=\"caption-attachment-1658\" class=\"image-a-gauche wp-image-1658 size-thumbnail\" title=\"Rafale \u00e0 42 kts\" src=\"https:\/\/leblanc.pl\/paradox\/wp-content\/uploads\/2025\/04\/42-knots-150x150.jpg\" alt=\"Rafale \u00e0 42 kts\" width=\"150\" height=\"150\" \/><\/a><p id=\"caption-attachment-1658\" class=\"wp-caption-text\"><\/span> <span style=\"font-size: 14pt;\">Rafale \u00e0 42 kts<\/span><\/p><\/div>\n<p>&nbsp;<\/p>\n<p><span style=\"font-size: 14pt;\">Le vent souffle parfois \u00e0 plus de 40 n\u0153uds, nous enregistrons une rafale \u00e0 42 n\u0153uds.<\/span><\/p>\n<p>&nbsp;<\/p>\n<p><span style=\"font-size: 14pt;\">A nouveau, rhum et <strong><em>Skyjo<\/em> <\/strong>cl\u00f4turent cette journ\u00e9e au port.<\/span><\/p>\n<p style=\"text-align: right;\"><span style=\"font-size: 14pt;\"><a href=\"https:\/\/leblanc.pl\/paradox\/jour-37-bourgenay-toujours\/\"><em>(\u00e0 suivre)<\/em><\/a><\/span><\/p>\n","protected":false},"excerpt":{"rendered":"<p>Jeudi 26 septembre Lev\u00e9s paresseusement \u00e0 9 heures, nous prenons notre temps au petit d\u00e9jeuner et \u00e0 la douche. &nbsp; &nbsp; La m\u00e9t\u00e9o ne semble pas s\u2019am\u00e9liorer. &nbsp; A la faveur d\u2019une \u00e9claircie, nous partons faire quelques emplettes et rentrons &hellip; <a href=\"https:\/\/leblanc.pl\/paradox\/jour-36-bourgenay-encore\/\">Continuer la lecture <span class=\"meta-nav\">&rarr;<\/span><\/a><\/p>\n","protected":false},"author":1,"featured_media":423,"parent":0,"menu_order":38,"comment_status":"open","ping_status":"closed","template":"","meta":{"footnotes":""},"class_list":["post-93","page","type-page","status-publish","has-post-thumbnail","hentry"],"_links":{"self":[{"href":"https:\/\/leblanc.pl\/paradox\/wp-json\/wp\/v2\/pages\/93","targetHints":{"allow":["GET"]}}],"collection":[{"href":"https:\/\/leblanc.pl\/paradox\/wp-json\/wp\/v2\/pages"}],"about":[{"href":"https:\/\/leblanc.pl\/paradox\/wp-json\/wp\/v2\/types\/page"}],"author":[{"embeddable":true,"href":"https:\/\/leblanc.pl\/paradox\/wp-json\/wp\/v2\/users\/1"}],"replies":[{"embeddable":true,"href":"https:\/\/leblanc.pl\/paradox\/wp-json\/wp\/v2\/comments?post=93"}],"version-history":[{"count":16,"href":"https:\/\/leblanc.pl\/paradox\/wp-json\/wp\/v2\/pages\/93\/revisions"}],"predecessor-version":[{"id":1853,"href":"https:\/\/leblanc.pl\/paradox\/wp-json\/wp\/v2\/pages\/93\/revisions\/1853"}],"wp:featuredmedia":[{"embeddable":true,"href":"https:\/\/leblanc.pl\/paradox\/wp-json\/wp\/v2\/media\/423"}],"wp:attachment":[{"href":"https:\/\/leblanc.pl\/paradox\/wp-json\/wp\/v2\/media?parent=93"}],"curies":[{"name":"wp","href":"https:\/\/api.w.org\/{rel}","templated":true}]}}