{"id":91,"date":"2025-01-24T16:22:57","date_gmt":"2025-01-24T15:22:57","guid":{"rendered":"https:\/\/leblanc.pl\/paradox\/?page_id=91"},"modified":"2025-04-28T17:39:40","modified_gmt":"2025-04-28T15:39:40","slug":"jour-35-bourgenay","status":"publish","type":"page","link":"https:\/\/leblanc.pl\/paradox\/jour-35-bourgenay\/","title":{"rendered":"Jour 35, Bourgenay, temp\u00eate A\u00eftor, un \u00e9quipier nous quitte &#8230;"},"content":{"rendered":"<h2><strong>Mercredi 25 septembre<\/strong><\/h2>\n<p><span style=\"font-size: 14pt;\">La temp\u00eate annonc\u00e9e est bien r\u00e9elle. Nous devons nous rendre \u00e0 l\u2019\u00e9vidence, la fin de notre voyage va \u00eatre s\u00e9rieusement retard\u00e9e. Alors que nous avions pr\u00e9vu d\u2019\u00eatre \u00e0 <em><strong>Soubise<\/strong> <\/em>le lendemain, nous ne pensons maintenant pas sortir du port avant samedi.<\/span><\/p>\n<p>&nbsp;<\/p>\n<div id=\"attachment_1641\" style=\"width: 310px\" class=\"wp-caption alignleft\"><a href=\"https:\/\/leblanc.pl\/paradox\/wp-content\/uploads\/2025\/04\/Un-dernier-pot-avant-le-depart-de-Bruno.jpg\"><img loading=\"lazy\" decoding=\"async\" aria-describedby=\"caption-attachment-1641\" class=\"image-a-gauche wp-image-1641 size-medium\" title=\"Un dernier pot avant le d\u00e9part de Bruno\" src=\"https:\/\/leblanc.pl\/paradox\/wp-content\/uploads\/2025\/04\/Un-dernier-pot-avant-le-depart-de-Bruno-300x225.jpg\" alt=\"Un dernier pot avant le d\u00e9part de Bruno\" width=\"300\" height=\"225\" srcset=\"https:\/\/leblanc.pl\/paradox\/wp-content\/uploads\/2025\/04\/Un-dernier-pot-avant-le-depart-de-Bruno-300x225.jpg 300w, https:\/\/leblanc.pl\/paradox\/wp-content\/uploads\/2025\/04\/Un-dernier-pot-avant-le-depart-de-Bruno-768x576.jpg 768w, https:\/\/leblanc.pl\/paradox\/wp-content\/uploads\/2025\/04\/Un-dernier-pot-avant-le-depart-de-Bruno.jpg 800w\" sizes=\"auto, (max-width: 300px) 100vw, 300px\" \/><\/a><p id=\"caption-attachment-1641\" class=\"wp-caption-text\"><\/span> <span style=\"font-size: 14pt;\">Un dernier pot avant le d\u00e9part de Bruno<\/span><\/p><\/div>\n<p><span style=\"font-size: 14pt;\">Bruno, la mort dans l\u2019\u00e2me, doit se r\u00e9signer \u00e0 nous quitter, ayant des engagements de son c\u00f4t\u00e9.<\/span><\/p>\n<p>&nbsp;<\/p>\n<div id=\"attachment_1642\" style=\"width: 235px\" class=\"wp-caption alignright\"><a href=\"https:\/\/leblanc.pl\/paradox\/wp-content\/uploads\/2025\/04\/Bruno-nous-quitte.jpg\"><img loading=\"lazy\" decoding=\"async\" aria-describedby=\"caption-attachment-1642\" class=\"image-a-droite wp-image-1642 size-medium\" title=\"Bruno nous quitte... sourire courageux.\" src=\"https:\/\/leblanc.pl\/paradox\/wp-content\/uploads\/2025\/04\/Bruno-nous-quitte-225x300.jpg\" alt=\"Bruno nous quitte... sourire courageux.\" width=\"225\" height=\"300\" srcset=\"https:\/\/leblanc.pl\/paradox\/wp-content\/uploads\/2025\/04\/Bruno-nous-quitte-225x300.jpg 225w, https:\/\/leblanc.pl\/paradox\/wp-content\/uploads\/2025\/04\/Bruno-nous-quitte.jpg 601w\" sizes=\"auto, (max-width: 225px) 100vw, 225px\" \/><\/a><p id=\"caption-attachment-1642\" class=\"wp-caption-text\"><\/span> <span style=\"font-size: 14pt;\">Bruno nous quitte&#8230; sourire courageux.<\/span><\/p><\/div>\n<p>&nbsp;<\/p>\n<p><span style=\"font-size: 14pt;\">Apr\u00e8s un solennel pot de d\u00e9part, un employ\u00e9 de la capitainerie le conduit \u00e0 la gare des <em><strong>Sables d\u2019Olonne<\/strong><\/em>, et\u00a0 notre \u00e9quipage nostalgique est maintenant de 3 personnes.<\/span><\/p>\n<p>&nbsp;<\/p>\n<p>&nbsp;<\/p>\n<p>&nbsp;<\/p>\n<p><span style=\"font-size: 14pt;\">Pour tuer le temps, nous nous penchons sur le pilote automatique obsol\u00e8te et inop\u00e9rant du bateau. Nous en concluons que si la partie hydraulique et m\u00e9canique est fonctionnelle, l\u2019apport de mat\u00e9riel neuf s\u2019impose pour toute la partie num\u00e9rique.<\/span><\/p>\n<p><span style=\"font-size: 14pt;\">Nous en profitons pour d\u00e9monter les composants d\u00e9fectueux et supprimer quelques c\u00e2bles \u00e9lectriques inutiles.<\/span><\/p>\n<p>&nbsp;<\/p>\n<p><span style=\"font-size: 14pt;\">Vers 17 heures, nous bravons le vent et la pluie pour aller nous rendre compte de l\u2019\u00e9tat de la mer depuis la jet\u00e9e.<\/span><\/p>\n<p>&nbsp;<\/p>\n<div id=\"attachment_1643\" style=\"width: 510px\" class=\"wp-caption aligncenter\"><a href=\"https:\/\/leblanc.pl\/paradox\/wp-content\/uploads\/2025\/04\/La-tempete-Aitor-sevit-encore.jpg\"><img loading=\"lazy\" decoding=\"async\" aria-describedby=\"caption-attachment-1643\" class=\"image-rien wp-image-1643\" title=\"La temp\u00eate A\u00eftor s\u00e9vit encore\" src=\"https:\/\/leblanc.pl\/paradox\/wp-content\/uploads\/2025\/04\/La-tempete-Aitor-sevit-encore-300x169.jpg\" alt=\"La temp\u00eate A\u00eftor s\u00e9vit encore\" width=\"500\" height=\"282\" srcset=\"https:\/\/leblanc.pl\/paradox\/wp-content\/uploads\/2025\/04\/La-tempete-Aitor-sevit-encore-300x169.jpg 300w, https:\/\/leblanc.pl\/paradox\/wp-content\/uploads\/2025\/04\/La-tempete-Aitor-sevit-encore-768x434.jpg 768w, https:\/\/leblanc.pl\/paradox\/wp-content\/uploads\/2025\/04\/La-tempete-Aitor-sevit-encore.jpg 999w\" sizes=\"auto, (max-width: 500px) 100vw, 500px\" \/><\/a><p id=\"caption-attachment-1643\" class=\"wp-caption-text\"><\/span> <span style=\"font-size: 14pt;\">La temp\u00eate A\u00eftor s\u00e9vit encore<\/span><\/p><\/div>\n<p>&nbsp;<\/p>\n<p><span style=\"font-size: 14pt;\">Le repas du soir est pris \u00e0 bord, et nous nous remontons le moral avec un verre de rhum en jouant \u00e0 <strong><em>Skyjo&#8230;<\/em><\/strong><\/span><\/p>\n<p style=\"text-align: center;\"><span style=\"font-size: 14pt;\"><strong><em>\u00a0\u00e0 trois\u00a0!<\/em><\/strong><\/span><\/p>\n<div id=\"attachment_1653\" style=\"width: 360px\" class=\"wp-caption aligncenter\"><a href=\"https:\/\/leblanc.pl\/paradox\/wp-content\/uploads\/2025\/04\/And-then-they-were-three.jpg\"><img loading=\"lazy\" decoding=\"async\" aria-describedby=\"caption-attachment-1653\" class=\"image-rien wp-image-1653\" title=\"Et ils ne furent plus que trois\u2026\" src=\"https:\/\/leblanc.pl\/paradox\/wp-content\/uploads\/2025\/04\/And-then-they-were-three-300x226.jpg\" alt=\"\" width=\"350\" height=\"263\" srcset=\"https:\/\/leblanc.pl\/paradox\/wp-content\/uploads\/2025\/04\/And-then-they-were-three-300x226.jpg 300w, https:\/\/leblanc.pl\/paradox\/wp-content\/uploads\/2025\/04\/And-then-they-were-three-768x578.jpg 768w, https:\/\/leblanc.pl\/paradox\/wp-content\/uploads\/2025\/04\/And-then-they-were-three.jpg 893w\" sizes=\"auto, (max-width: 350px) 100vw, 350px\" \/><\/a><p id=\"caption-attachment-1653\" class=\"wp-caption-text\"><\/span> <span style=\"font-size: 14pt;\">Et ils ne furent plus que trois\u2026<\/span><\/p><\/div>\n<p>&nbsp;<\/p>\n<p style=\"text-align: right;\"><span style=\"font-size: 14pt;\"><a href=\"https:\/\/leblanc.pl\/paradox\/jour-36-bourgenay-encore\/\"><em>(\u00e0 suivre)<\/em><\/a><\/span><\/p>\n","protected":false},"excerpt":{"rendered":"<p>Mercredi 25 septembre La temp\u00eate annonc\u00e9e est bien r\u00e9elle. Nous devons nous rendre \u00e0 l\u2019\u00e9vidence, la fin de notre voyage va \u00eatre s\u00e9rieusement retard\u00e9e. Alors que nous avions pr\u00e9vu d\u2019\u00eatre \u00e0 Soubise le lendemain, nous ne pensons maintenant pas sortir &hellip; <a href=\"https:\/\/leblanc.pl\/paradox\/jour-35-bourgenay\/\">Continuer la lecture <span class=\"meta-nav\">&rarr;<\/span><\/a><\/p>\n","protected":false},"author":1,"featured_media":551,"parent":0,"menu_order":37,"comment_status":"open","ping_status":"closed","template":"","meta":{"footnotes":""},"class_list":["post-91","page","type-page","status-publish","has-post-thumbnail","hentry"],"_links":{"self":[{"href":"https:\/\/leblanc.pl\/paradox\/wp-json\/wp\/v2\/pages\/91","targetHints":{"allow":["GET"]}}],"collection":[{"href":"https:\/\/leblanc.pl\/paradox\/wp-json\/wp\/v2\/pages"}],"about":[{"href":"https:\/\/leblanc.pl\/paradox\/wp-json\/wp\/v2\/types\/page"}],"author":[{"embeddable":true,"href":"https:\/\/leblanc.pl\/paradox\/wp-json\/wp\/v2\/users\/1"}],"replies":[{"embeddable":true,"href":"https:\/\/leblanc.pl\/paradox\/wp-json\/wp\/v2\/comments?post=91"}],"version-history":[{"count":26,"href":"https:\/\/leblanc.pl\/paradox\/wp-json\/wp\/v2\/pages\/91\/revisions"}],"predecessor-version":[{"id":1852,"href":"https:\/\/leblanc.pl\/paradox\/wp-json\/wp\/v2\/pages\/91\/revisions\/1852"}],"wp:featuredmedia":[{"embeddable":true,"href":"https:\/\/leblanc.pl\/paradox\/wp-json\/wp\/v2\/media\/551"}],"wp:attachment":[{"href":"https:\/\/leblanc.pl\/paradox\/wp-json\/wp\/v2\/media?parent=91"}],"curies":[{"name":"wp","href":"https:\/\/api.w.org\/{rel}","templated":true}]}}