{"id":88,"date":"2025-01-24T16:21:54","date_gmt":"2025-01-24T15:21:54","guid":{"rendered":"https:\/\/leblanc.pl\/paradox\/?page_id=88"},"modified":"2025-04-28T17:37:00","modified_gmt":"2025-04-28T15:37:00","slug":"jour-34-de-lherbaudiere-a-bourgenay","status":"publish","type":"page","link":"https:\/\/leblanc.pl\/paradox\/jour-34-de-lherbaudiere-a-bourgenay\/","title":{"rendered":"Jour 34, de l\u2019Herbaudi\u00e8re \u00e0 Bourgenay"},"content":{"rendered":"<h2><strong>Mardi 24 septembre<\/strong><\/h2>\n<div id=\"attachment_1626\" style=\"width: 310px\" class=\"wp-caption alignright\"><a href=\"https:\/\/leblanc.pl\/paradox\/wp-content\/uploads\/2025\/04\/Au-moteur.-On-tue-le-temps.jpg\"><img loading=\"lazy\" decoding=\"async\" aria-describedby=\"caption-attachment-1626\" class=\"image-a-droite wp-image-1626 size-medium\" title=\"Au moteur. On tue le temps...\" src=\"https:\/\/leblanc.pl\/paradox\/wp-content\/uploads\/2025\/04\/Au-moteur.-On-tue-le-temps-300x169.jpg\" alt=\"Au moteur. On tue le temps...\" width=\"300\" height=\"169\" srcset=\"https:\/\/leblanc.pl\/paradox\/wp-content\/uploads\/2025\/04\/Au-moteur.-On-tue-le-temps-300x169.jpg 300w, https:\/\/leblanc.pl\/paradox\/wp-content\/uploads\/2025\/04\/Au-moteur.-On-tue-le-temps-768x432.jpg 768w, https:\/\/leblanc.pl\/paradox\/wp-content\/uploads\/2025\/04\/Au-moteur.-On-tue-le-temps.jpg 800w\" sizes=\"auto, (max-width: 300px) 100vw, 300px\" \/><\/a><p id=\"caption-attachment-1626\" class=\"wp-caption-text\"><\/span> <span style=\"font-size: 14pt;\">Au moteur. On s&rsquo;ennuie&#8230;<\/span><\/p><\/div>\n<p>&nbsp;<\/p>\n<p><span style=\"font-size: 14pt;\">Nous partons de l\u2019Herbaudi\u00e8re \u00e0 8h30, les 56 milles seront enti\u00e8rement couverts au moteur.<\/span><\/p>\n<p>&nbsp;<\/p>\n<p><span style=\"font-size: 14pt;\">Le ponton visiteurs de <em><strong>Bourgenay<\/strong> <\/em>nous accueille \u00e0 17h30, au bruit infernal d\u2019une pelleteuse qui renforce l\u2019enrochement de la digue juste au-dessus de nous.<\/span><\/p>\n<p>&nbsp;<\/p>\n<div id=\"attachment_1627\" style=\"width: 310px\" class=\"wp-caption alignleft\"><a href=\"https:\/\/leblanc.pl\/paradox\/wp-content\/uploads\/2025\/04\/Au-ponton-daccueil-une-pelleteuse-renforce-la-digue.jpg\"><img loading=\"lazy\" decoding=\"async\" aria-describedby=\"caption-attachment-1627\" class=\"image-a-gauche wp-image-1627 size-medium\" title=\"Au ponton d'accueil, une pelleteuse renforce la digue\" src=\"https:\/\/leblanc.pl\/paradox\/wp-content\/uploads\/2025\/04\/Au-ponton-daccueil-une-pelleteuse-renforce-la-digue-300x170.jpg\" alt=\"Au ponton d'accueil, une pelleteuse renforce la digue\" width=\"300\" height=\"170\" srcset=\"https:\/\/leblanc.pl\/paradox\/wp-content\/uploads\/2025\/04\/Au-ponton-daccueil-une-pelleteuse-renforce-la-digue-300x170.jpg 300w, https:\/\/leblanc.pl\/paradox\/wp-content\/uploads\/2025\/04\/Au-ponton-daccueil-une-pelleteuse-renforce-la-digue-768x434.jpg 768w, https:\/\/leblanc.pl\/paradox\/wp-content\/uploads\/2025\/04\/Au-ponton-daccueil-une-pelleteuse-renforce-la-digue.jpg 800w\" sizes=\"auto, (max-width: 300px) 100vw, 300px\" \/><\/a><p id=\"caption-attachment-1627\" class=\"wp-caption-text\"><\/span> <span style=\"font-size: 14pt;\">Une pelleteuse renforce la digue<\/span><\/p><\/div>\n<p>&nbsp;<\/p>\n<p><span style=\"font-size: 14pt;\">Cette fois-ci, la m\u00e9t\u00e9o s\u2019annonce plus s\u00e9rieuse. La temp\u00eate <strong><em>A\u00eftor<\/em> <\/strong>rend impossible toute poursuite de notre navigation vers <em><strong>Soubise<\/strong><\/em>, notre derni\u00e8re \u00e9tape, que nous avions pr\u00e9vu d&rsquo;atteindre le jour suivant.<\/span><\/p>\n<p>&nbsp;<\/p>\n<p><span style=\"font-size: 14pt;\">Nous remettons au lendemain, sagement et \u00ab\u00a0<em>en dynamique\u00a0\u00bb<\/em>, les d\u00e9cisions que nous devrons prendre en fonction de la situation.<\/span><\/p>\n<p>&nbsp;<\/p>\n<p><span style=\"font-size: 14pt;\">Mon restaurant favori, <em>le Vintage<\/em>, est ferm\u00e9, mais nous trouvons le <em><strong>Bistrot de Bourgenay<\/strong><\/em>, un bar \u00e0 <em>tapas<\/em> tout \u00e0 fait convenable pour le repas du soir.<\/span><\/p>\n<p style=\"text-align: right;\"><span style=\"font-size: 14pt;\"><a href=\"https:\/\/leblanc.pl\/paradox\/jour-35-bourgenay\/\"><em>(\u00e0 suivre)<\/em><\/a><\/span><\/p>\n","protected":false},"excerpt":{"rendered":"<p>Mardi 24 septembre &nbsp; Nous partons de l\u2019Herbaudi\u00e8re \u00e0 8h30, les 56 milles seront enti\u00e8rement couverts au moteur. &nbsp; Le ponton visiteurs de Bourgenay nous accueille \u00e0 17h30, au bruit infernal d\u2019une pelleteuse qui renforce l\u2019enrochement de la digue juste &hellip; <a href=\"https:\/\/leblanc.pl\/paradox\/jour-34-de-lherbaudiere-a-bourgenay\/\">Continuer la lecture <span class=\"meta-nav\">&rarr;<\/span><\/a><\/p>\n","protected":false},"author":1,"featured_media":546,"parent":0,"menu_order":36,"comment_status":"open","ping_status":"closed","template":"","meta":{"footnotes":""},"class_list":["post-88","page","type-page","status-publish","has-post-thumbnail","hentry"],"_links":{"self":[{"href":"https:\/\/leblanc.pl\/paradox\/wp-json\/wp\/v2\/pages\/88","targetHints":{"allow":["GET"]}}],"collection":[{"href":"https:\/\/leblanc.pl\/paradox\/wp-json\/wp\/v2\/pages"}],"about":[{"href":"https:\/\/leblanc.pl\/paradox\/wp-json\/wp\/v2\/types\/page"}],"author":[{"embeddable":true,"href":"https:\/\/leblanc.pl\/paradox\/wp-json\/wp\/v2\/users\/1"}],"replies":[{"embeddable":true,"href":"https:\/\/leblanc.pl\/paradox\/wp-json\/wp\/v2\/comments?post=88"}],"version-history":[{"count":22,"href":"https:\/\/leblanc.pl\/paradox\/wp-json\/wp\/v2\/pages\/88\/revisions"}],"predecessor-version":[{"id":1851,"href":"https:\/\/leblanc.pl\/paradox\/wp-json\/wp\/v2\/pages\/88\/revisions\/1851"}],"wp:featuredmedia":[{"embeddable":true,"href":"https:\/\/leblanc.pl\/paradox\/wp-json\/wp\/v2\/media\/546"}],"wp:attachment":[{"href":"https:\/\/leblanc.pl\/paradox\/wp-json\/wp\/v2\/media?parent=88"}],"curies":[{"name":"wp","href":"https:\/\/api.w.org\/{rel}","templated":true}]}}