{"id":86,"date":"2025-01-24T16:20:38","date_gmt":"2025-01-24T15:20:38","guid":{"rendered":"https:\/\/leblanc.pl\/paradox\/?page_id=86"},"modified":"2025-04-28T17:35:46","modified_gmt":"2025-04-28T15:35:46","slug":"jour-33-lherbaudiere","status":"publish","type":"page","link":"https:\/\/leblanc.pl\/paradox\/jour-33-lherbaudiere\/","title":{"rendered":"Jour 33, rel\u00e2che \u00e0 l\u2019Herbaudi\u00e8re, rencontre d&rsquo;un marin en d\u00e9tresse &#8230;"},"content":{"rendered":"<h2><strong>Lundi 23 septembre<\/strong> \u2013 l\u2019Herbaudi\u00e8re :<\/h2>\n<p><span style=\"font-size: 14pt;\">Hier, \u00e0 cause de pr\u00e9visions alarmantes, nous avions choisi de passer cette journ\u00e9e au port. Et comme souvent, la m\u00e9t\u00e9o nous a jou\u00e9 une farce : il fait plut\u00f4t tr\u00e8s beau.<\/span><\/p>\n<p>&nbsp;<\/p>\n<p><span style=\"font-size: 14pt;\">Bruno et Christian visitent le petit march\u00e9 local et reviennent avec un superbe menu de fruits de mer.<\/span><\/p>\n<p>&nbsp;<\/p>\n<div id=\"attachment_1605\" style=\"width: 310px\" class=\"wp-caption alignleft\"><a href=\"https:\/\/leblanc.pl\/paradox\/wp-content\/uploads\/2025\/03\/Les-huitres-sont-pretes-.jpg\"><img loading=\"lazy\" decoding=\"async\" aria-describedby=\"caption-attachment-1605\" class=\"image-a-gauche wp-image-1605 size-medium\" title=\"Les hu\u00eetres sont pr\u00eates !\" src=\"https:\/\/leblanc.pl\/paradox\/wp-content\/uploads\/2025\/03\/Les-huitres-sont-pretes--300x176.jpg\" alt=\"Les hu\u00eetres sont pr\u00eates !\" width=\"300\" height=\"176\" srcset=\"https:\/\/leblanc.pl\/paradox\/wp-content\/uploads\/2025\/03\/Les-huitres-sont-pretes--300x176.jpg 300w, https:\/\/leblanc.pl\/paradox\/wp-content\/uploads\/2025\/03\/Les-huitres-sont-pretes-.jpg 766w\" sizes=\"auto, (max-width: 300px) 100vw, 300px\" \/><\/a><p id=\"caption-attachment-1605\" class=\"wp-caption-text\"><\/span> <span style=\"font-size: 14pt;\">Les hu\u00eetres sont pr\u00eates !<\/span><\/p><\/div>\n<p>&nbsp;<\/p>\n<p><span style=\"font-size: 14pt;\">Nous d\u00e9gustons hu\u00eetres, crevettes, bulots et crabes, accompagn\u00e9s du vin blanc de circonstance. Le repas est pris au soleil, dans le cockpit&#8230;<\/span><\/p>\n<p>&nbsp;<\/p>\n<p><span style=\"font-size: 14pt;\">Avec une super m\u00e9t\u00e9o !<\/span><\/p>\n<p>&nbsp;<\/p>\n<p><span style=\"font-size: 14pt;\">Dans l\u2019apr\u00e8s-midi, sur une suggestion d&rsquo;Eric nous d\u00e9cidons de poser sur les joints des hublots du carr\u00e9 un tr\u00e8s \u00e9l\u00e9gant ruban adh\u00e9sif d\u2019un bel orange type <em>SNSM<\/em>.<\/span><\/p>\n<div id=\"attachment_1606\" style=\"width: 310px\" class=\"wp-caption alignright\"><a href=\"https:\/\/leblanc.pl\/paradox\/wp-content\/uploads\/2025\/03\/Joli-bricolage-sur-les-hublots-.jpg\"><img loading=\"lazy\" decoding=\"async\" aria-describedby=\"caption-attachment-1606\" class=\"image-a-droite wp-image-1606 size-medium\" title=\"Joli bricolage sur les hublots !\" src=\"https:\/\/leblanc.pl\/paradox\/wp-content\/uploads\/2025\/03\/Joli-bricolage-sur-les-hublots--300x204.jpg\" alt=\"Joli bricolage sur les hublots !\" width=\"300\" height=\"204\" srcset=\"https:\/\/leblanc.pl\/paradox\/wp-content\/uploads\/2025\/03\/Joli-bricolage-sur-les-hublots--300x204.jpg 300w, https:\/\/leblanc.pl\/paradox\/wp-content\/uploads\/2025\/03\/Joli-bricolage-sur-les-hublots-.jpg 563w\" sizes=\"auto, (max-width: 300px) 100vw, 300px\" \/><\/a><p id=\"caption-attachment-1606\" class=\"wp-caption-text\"><\/span> <span style=\"font-size: 14pt;\">Joli bricolage sur les hublots !<\/span><\/p><\/div>\n<p>&nbsp;<\/p>\n<p><span style=\"font-size: 14pt;\">C&rsquo;est une solution <em>\u00ab\u00a0en principe\u00a0\u00bb<\/em> temporaire pour pallier nos soucis de goutti\u00e8res.<\/span><\/p>\n<p>&nbsp;<\/p>\n<p><span style=\"font-size: 14pt;\">Jusqu&rsquo;\u00e0 aujourd&rsquo;hui, je n&rsquo;ai pas eu le loisir de mettre en \u0153uvre une plus conventionnelle solution !<\/span><\/p>\n<p>&nbsp;<\/p>\n<p><span style=\"font-size: 14pt;\">A 19 heures, alors que nous sommes devant nos premi\u00e8res bi\u00e8res de la soir\u00e9e, nous remarquons le d\u00e9part du bateau de la <em><strong>SNSM<\/strong> <\/em>pour une mission de sauvetage.<\/span><\/p>\n<p>&nbsp;<\/p>\n<p><span style=\"font-size: 14pt;\">Une demi-heure plus tard, la vedette rentre dans le port avec un voilier en remorque.<\/span><br \/>\n<span style=\"font-size: 14pt;\">Le voilier doit \u00eatre amarr\u00e9 derri\u00e8re nous, nous quittons donc temporairement nos boissons pour aider \u00e0 la man\u0153uvre.<\/span><\/p>\n<p>&nbsp;<\/p>\n<p><span style=\"font-size: 14pt;\">Nous faisons la connaissance de <strong><em>Didier Cormier<\/em><\/strong>, le malheureux skipper, qui semble un peu d\u00e9sorient\u00e9. Son co\u00e9quipier a \u00e9t\u00e9 bless\u00e9 lors d\u2019une man\u0153uvre et a d\u00fb \u00eatre h\u00e9litreuill\u00e9, et dans l\u2019op\u00e9ration un cordage s\u2019est pris dans l\u2019h\u00e9lice, rendant le bateau non-man\u0153uvrant.<\/span><\/p>\n<div id=\"attachment_1607\" style=\"width: 310px\" class=\"wp-caption alignleft\"><a href=\"https:\/\/leblanc.pl\/paradox\/wp-content\/uploads\/2025\/03\/Didier-se-sent-mieux-.jpg\"><img loading=\"lazy\" decoding=\"async\" aria-describedby=\"caption-attachment-1607\" class=\"image-a-gauche wp-image-1607 size-medium\" title=\"Didier se sent mieux !\" src=\"https:\/\/leblanc.pl\/paradox\/wp-content\/uploads\/2025\/03\/Didier-se-sent-mieux--300x192.jpg\" alt=\"Didier se sent mieux !\" width=\"300\" height=\"192\" srcset=\"https:\/\/leblanc.pl\/paradox\/wp-content\/uploads\/2025\/03\/Didier-se-sent-mieux--300x192.jpg 300w, https:\/\/leblanc.pl\/paradox\/wp-content\/uploads\/2025\/03\/Didier-se-sent-mieux--768x492.jpg 768w, https:\/\/leblanc.pl\/paradox\/wp-content\/uploads\/2025\/03\/Didier-se-sent-mieux-.jpg 800w\" sizes=\"auto, (max-width: 300px) 100vw, 300px\" \/><\/a><p id=\"caption-attachment-1607\" class=\"wp-caption-text\"><\/span> <span style=\"font-size: 14pt;\">Didier se sent mieux !<\/span><\/p><\/div>\n<p>&nbsp;<\/p>\n<p><span style=\"font-size: 14pt;\">D\u2019autorit\u00e9, Eric prend les affaires en mains, et ordonne \u00e0 Didier de monter sur Paradox pendant que nous amarrons son bateau. Didier nous rejoint dans le carr\u00e9, muni d\u2019une bouteille de vin, et peut enfin se remettre de ses \u00e9motions et nous raconter ses d\u00e9boires. Heureusement, les nouvelles de son co\u00e9quipier sont rassurantes.<\/span><\/p>\n<p>&nbsp;<\/p>\n<p><span style=\"font-size: 14pt;\">Arrive ensuite son ami r\u00e9gatier <em><strong>No\u00ebl<\/strong><\/em>, qui a eu vent des soucis de Didier, et doit s\u2019occuper de son h\u00e9lice le lendemain.<\/span><\/p>\n<p>&nbsp;<\/p>\n<div id=\"attachment_1608\" style=\"width: 310px\" class=\"wp-caption alignright\"><a href=\"https:\/\/leblanc.pl\/paradox\/wp-content\/uploads\/2025\/03\/Nono-met-de-lambiance-.jpg\"><img loading=\"lazy\" decoding=\"async\" aria-describedby=\"caption-attachment-1608\" class=\"image-a-droite wp-image-1608 size-medium\" title=\"Nono met de l'ambiance !\" src=\"https:\/\/leblanc.pl\/paradox\/wp-content\/uploads\/2025\/03\/Nono-met-de-lambiance--300x158.jpg\" alt=\"Nono met de l'ambiance !\" width=\"300\" height=\"158\" srcset=\"https:\/\/leblanc.pl\/paradox\/wp-content\/uploads\/2025\/03\/Nono-met-de-lambiance--300x158.jpg 300w, https:\/\/leblanc.pl\/paradox\/wp-content\/uploads\/2025\/03\/Nono-met-de-lambiance-.jpg 755w\" sizes=\"auto, (max-width: 300px) 100vw, 300px\" \/><\/a><p id=\"caption-attachment-1608\" class=\"wp-caption-text\"><\/span> <span style=\"font-size: 14pt;\">Nono met de l&rsquo;ambiance !<\/span><\/p><\/div>\n<p>&nbsp;<\/p>\n<p><span style=\"font-size: 14pt;\">No\u00ebl, dit \u00ab\u00a0<em>Nono<\/em>\u00ab\u00a0, menuisier marine, est un personnage haut en couleurs, volubile, aussi passionn\u00e9 que passionnant.<\/span><\/p>\n<p>&nbsp;<\/p>\n<p><span style=\"font-size: 14pt;\">La soir\u00e9e ap\u00e9ro s\u2019\u00e9ternise un peu, dans une ambiance <em>dynamique<\/em> !<\/span><\/p>\n<p>&nbsp;<\/p>\n<p>&nbsp;<\/p>\n<p>&nbsp;<\/p>\n<p style=\"text-align: right;\"><span style=\"font-size: 14pt;\"><a href=\"https:\/\/leblanc.pl\/paradox\/jour-34-de-lherbaudiere-a-bourgenay\/\"><em>(\u00e0 suivre)<\/em><\/a><\/span><\/p>\n","protected":false},"excerpt":{"rendered":"<p>Lundi 23 septembre \u2013 l\u2019Herbaudi\u00e8re : Hier, \u00e0 cause de pr\u00e9visions alarmantes, nous avions choisi de passer cette journ\u00e9e au port. Et comme souvent, la m\u00e9t\u00e9o nous a jou\u00e9 une farce : il fait plut\u00f4t tr\u00e8s beau. &nbsp; Bruno et &hellip; <a href=\"https:\/\/leblanc.pl\/paradox\/jour-33-lherbaudiere\/\">Continuer la lecture <span class=\"meta-nav\">&rarr;<\/span><\/a><\/p>\n","protected":false},"author":1,"featured_media":543,"parent":0,"menu_order":35,"comment_status":"open","ping_status":"closed","template":"","meta":{"footnotes":""},"class_list":["post-86","page","type-page","status-publish","has-post-thumbnail","hentry"],"_links":{"self":[{"href":"https:\/\/leblanc.pl\/paradox\/wp-json\/wp\/v2\/pages\/86","targetHints":{"allow":["GET"]}}],"collection":[{"href":"https:\/\/leblanc.pl\/paradox\/wp-json\/wp\/v2\/pages"}],"about":[{"href":"https:\/\/leblanc.pl\/paradox\/wp-json\/wp\/v2\/types\/page"}],"author":[{"embeddable":true,"href":"https:\/\/leblanc.pl\/paradox\/wp-json\/wp\/v2\/users\/1"}],"replies":[{"embeddable":true,"href":"https:\/\/leblanc.pl\/paradox\/wp-json\/wp\/v2\/comments?post=86"}],"version-history":[{"count":29,"href":"https:\/\/leblanc.pl\/paradox\/wp-json\/wp\/v2\/pages\/86\/revisions"}],"predecessor-version":[{"id":1850,"href":"https:\/\/leblanc.pl\/paradox\/wp-json\/wp\/v2\/pages\/86\/revisions\/1850"}],"wp:featuredmedia":[{"embeddable":true,"href":"https:\/\/leblanc.pl\/paradox\/wp-json\/wp\/v2\/media\/543"}],"wp:attachment":[{"href":"https:\/\/leblanc.pl\/paradox\/wp-json\/wp\/v2\/media?parent=86"}],"curies":[{"name":"wp","href":"https:\/\/api.w.org\/{rel}","templated":true}]}}