{"id":84,"date":"2025-01-24T16:18:52","date_gmt":"2025-01-24T15:18:52","guid":{"rendered":"https:\/\/leblanc.pl\/paradox\/?page_id=84"},"modified":"2025-04-28T17:34:01","modified_gmt":"2025-04-28T15:34:01","slug":"jour-32-de-port-louis-a-lherbaudiere","status":"publish","type":"page","link":"https:\/\/leblanc.pl\/paradox\/jour-32-de-port-louis-a-lherbaudiere\/","title":{"rendered":"Jour 32, de Port Louis \u00e0 l\u2019Herbaudi\u00e8re"},"content":{"rendered":"<h2><strong>Dimanche 22 septembre<\/strong><\/h2>\n<div id=\"attachment_1578\" style=\"width: 310px\" class=\"wp-caption alignleft\"><a href=\"https:\/\/leblanc.pl\/paradox\/wp-content\/uploads\/2025\/03\/Une-regate-se-prepare.jpg\"><img loading=\"lazy\" decoding=\"async\" aria-describedby=\"caption-attachment-1578\" class=\"image-a-gauche wp-image-1578 size-medium\" title=\"Une r\u00e9gate se pr\u00e9pare\" src=\"https:\/\/leblanc.pl\/paradox\/wp-content\/uploads\/2025\/03\/Une-regate-se-prepare-300x169.jpg\" alt=\"Une r\u00e9gate se pr\u00e9pare\" width=\"300\" height=\"169\" srcset=\"https:\/\/leblanc.pl\/paradox\/wp-content\/uploads\/2025\/03\/Une-regate-se-prepare-300x169.jpg 300w, https:\/\/leblanc.pl\/paradox\/wp-content\/uploads\/2025\/03\/Une-regate-se-prepare-768x432.jpg 768w, https:\/\/leblanc.pl\/paradox\/wp-content\/uploads\/2025\/03\/Une-regate-se-prepare.jpg 900w\" sizes=\"auto, (max-width: 300px) 100vw, 300px\" \/><\/a><p id=\"caption-attachment-1578\" class=\"wp-caption-text\"><\/span> <span style=\"font-size: 14pt;\">Une r\u00e9gate se pr\u00e9pare<\/span><\/p><\/div>\n<p>&nbsp;<\/p>\n<p><span style=\"font-size: 14pt;\">Nous larguons les amarres \u00e0 09h45.<\/span><\/p>\n<p>&nbsp;<\/p>\n<p><span style=\"font-size: 14pt;\">Alors que nous quittons Port Louis, une r\u00e9gate dominicaine se pr\u00e9pare.<\/span><\/p>\n<p>&nbsp;<\/p>\n<p><span style=\"font-size: 14pt;\">La m\u00e9t\u00e9o est id\u00e9ale pour eux, comme pour nous.<\/span><\/p>\n<p>&nbsp;<\/p>\n<div id=\"attachment_1580\" style=\"width: 310px\" class=\"wp-caption alignright\"><a href=\"https:\/\/leblanc.pl\/paradox\/wp-content\/uploads\/2025\/03\/Navigation-sous-le-soleil-matinal.jpg\"><img loading=\"lazy\" decoding=\"async\" aria-describedby=\"caption-attachment-1580\" class=\"image-a-droite wp-image-1580 size-medium\" title=\"Navigation sous le soleil matinal\" src=\"https:\/\/leblanc.pl\/paradox\/wp-content\/uploads\/2025\/03\/Navigation-sous-le-soleil-matinal-300x169.jpg\" alt=\"Navigation sous le soleil matinal\" width=\"300\" height=\"169\" srcset=\"https:\/\/leblanc.pl\/paradox\/wp-content\/uploads\/2025\/03\/Navigation-sous-le-soleil-matinal-300x169.jpg 300w, https:\/\/leblanc.pl\/paradox\/wp-content\/uploads\/2025\/03\/Navigation-sous-le-soleil-matinal-768x432.jpg 768w, https:\/\/leblanc.pl\/paradox\/wp-content\/uploads\/2025\/03\/Navigation-sous-le-soleil-matinal.jpg 800w\" sizes=\"auto, (max-width: 300px) 100vw, 300px\" \/><\/a><p id=\"caption-attachment-1580\" class=\"wp-caption-text\"><\/span> <span style=\"font-size: 14pt;\">Navigation sous le soleil matinal<\/span><\/p><\/div>\n<p>&nbsp;<\/p>\n<p>&nbsp;<\/p>\n<p>&nbsp;<\/p>\n<p><span style=\"font-size: 14pt;\">Cette \u00e9tape de 60 milles est effectu\u00e9e \u00e0 la voile, sous le soleil.<\/span><\/p>\n<p>&nbsp;<\/p>\n<p><span style=\"font-size: 14pt;\">La navigation est agr\u00e9able.<\/span><\/p>\n<p>&nbsp;<\/p>\n<p>&nbsp;<\/p>\n<div id=\"attachment_1581\" style=\"width: 310px\" class=\"wp-caption alignleft\"><a href=\"https:\/\/leblanc.pl\/paradox\/wp-content\/uploads\/2025\/03\/Au-large-des-eoliennes.jpg\"><img loading=\"lazy\" decoding=\"async\" aria-describedby=\"caption-attachment-1581\" class=\"image-a-gauche wp-image-1581 size-medium\" title=\"Au large des \u00e9oliennes\" src=\"https:\/\/leblanc.pl\/paradox\/wp-content\/uploads\/2025\/03\/Au-large-des-eoliennes-300x169.jpg\" alt=\"Au large des \u00e9oliennes\" width=\"300\" height=\"169\" srcset=\"https:\/\/leblanc.pl\/paradox\/wp-content\/uploads\/2025\/03\/Au-large-des-eoliennes-300x169.jpg 300w, https:\/\/leblanc.pl\/paradox\/wp-content\/uploads\/2025\/03\/Au-large-des-eoliennes-768x432.jpg 768w, https:\/\/leblanc.pl\/paradox\/wp-content\/uploads\/2025\/03\/Au-large-des-eoliennes.jpg 800w\" sizes=\"auto, (max-width: 300px) 100vw, 300px\" \/><\/a><p id=\"caption-attachment-1581\" class=\"wp-caption-text\"><\/span> <span style=\"font-size: 14pt;\">Au large des \u00e9oliennes<\/span><\/p><\/div>\n<p>&nbsp;<\/p>\n<p><span style=\"font-size: 14pt;\">Le soleil se couche alors que Christian laisse sur b\u00e2bord le banc de Gu\u00e9rande et son champ d&rsquo;\u00e9oliennes.<\/span><\/p>\n<p>&nbsp;<\/p>\n<p><span style=\"font-size: 14pt;\">Il est 22h15 lorsque nous nous amarrons \u00e0 <em><strong>L\u2019Herbaudi\u00e8re<\/strong><\/em>.<\/span><\/p>\n<p>&nbsp;<\/p>\n<p><span style=\"font-size: 14pt;\">Trop tard pour chercher un restaurant.<\/span><\/p>\n<p>&nbsp;<\/p>\n<p>&nbsp;<\/p>\n<p><span style=\"font-size: 14pt;\">Ce soir, nous d\u00eenons donc \u00e0 bord, avec un grand classique : les p\u00e2tes au thon !<\/span><\/p>\n<p>&nbsp;<\/p>\n<div id=\"attachment_1582\" style=\"width: 310px\" class=\"wp-caption alignright\"><a href=\"https:\/\/leblanc.pl\/paradox\/wp-content\/uploads\/2025\/03\/Paradox-amarre-pour-la-nuit.jpg\"><img loading=\"lazy\" decoding=\"async\" aria-describedby=\"caption-attachment-1582\" class=\"image-a-droite wp-image-1582 size-medium\" title=\"Paradox amarr\u00e9 pour la nuit\" src=\"https:\/\/leblanc.pl\/paradox\/wp-content\/uploads\/2025\/03\/Paradox-amarre-pour-la-nuit-300x169.jpg\" alt=\"Paradox amarr\u00e9 pour la nuit\" width=\"300\" height=\"169\" srcset=\"https:\/\/leblanc.pl\/paradox\/wp-content\/uploads\/2025\/03\/Paradox-amarre-pour-la-nuit-300x169.jpg 300w, https:\/\/leblanc.pl\/paradox\/wp-content\/uploads\/2025\/03\/Paradox-amarre-pour-la-nuit-768x432.jpg 768w, https:\/\/leblanc.pl\/paradox\/wp-content\/uploads\/2025\/03\/Paradox-amarre-pour-la-nuit.jpg 800w\" sizes=\"auto, (max-width: 300px) 100vw, 300px\" \/><\/a><p id=\"caption-attachment-1582\" class=\"wp-caption-text\"><\/span> <span style=\"font-size: 14pt;\">Paradox amarr\u00e9 pour la nuit<\/span><\/p><\/div>\n<p>&nbsp;<\/p>\n<p><span style=\"font-size: 14pt;\">Les pr\u00e9visions m\u00e9t\u00e9o pour le lendemain sont mauvaises.<\/span><\/p>\n<p>&nbsp;<\/p>\n<p><span style=\"font-size: 14pt;\">D&rsquo;un commun accord, nous d\u00e9cidons de passer une journ\u00e9e au port.<\/span><\/p>\n<p>&nbsp;<\/p>\n<p>&nbsp;<\/p>\n<p>&nbsp;<\/p>\n<p>&nbsp;<\/p>\n<p>&nbsp;<\/p>\n<p>&nbsp;<\/p>\n<p style=\"text-align: right;\"><span style=\"font-size: 14pt;\"><a href=\"https:\/\/leblanc.pl\/paradox\/jour-33-lherbaudiere\/\"><em>(\u00e0 suivre)<\/em><\/a><\/span><\/p>\n","protected":false},"excerpt":{"rendered":"<p>Dimanche 22 septembre &nbsp; Nous larguons les amarres \u00e0 09h45. &nbsp; Alors que nous quittons Port Louis, une r\u00e9gate dominicaine se pr\u00e9pare. &nbsp; La m\u00e9t\u00e9o est id\u00e9ale pour eux, comme pour nous. &nbsp; &nbsp; &nbsp; &nbsp; Cette \u00e9tape de 60 &hellip; <a href=\"https:\/\/leblanc.pl\/paradox\/jour-32-de-port-louis-a-lherbaudiere\/\">Continuer la lecture <span class=\"meta-nav\">&rarr;<\/span><\/a><\/p>\n","protected":false},"author":1,"featured_media":541,"parent":0,"menu_order":34,"comment_status":"open","ping_status":"closed","template":"","meta":{"footnotes":""},"class_list":["post-84","page","type-page","status-publish","has-post-thumbnail","hentry"],"_links":{"self":[{"href":"https:\/\/leblanc.pl\/paradox\/wp-json\/wp\/v2\/pages\/84","targetHints":{"allow":["GET"]}}],"collection":[{"href":"https:\/\/leblanc.pl\/paradox\/wp-json\/wp\/v2\/pages"}],"about":[{"href":"https:\/\/leblanc.pl\/paradox\/wp-json\/wp\/v2\/types\/page"}],"author":[{"embeddable":true,"href":"https:\/\/leblanc.pl\/paradox\/wp-json\/wp\/v2\/users\/1"}],"replies":[{"embeddable":true,"href":"https:\/\/leblanc.pl\/paradox\/wp-json\/wp\/v2\/comments?post=84"}],"version-history":[{"count":27,"href":"https:\/\/leblanc.pl\/paradox\/wp-json\/wp\/v2\/pages\/84\/revisions"}],"predecessor-version":[{"id":1849,"href":"https:\/\/leblanc.pl\/paradox\/wp-json\/wp\/v2\/pages\/84\/revisions\/1849"}],"wp:featuredmedia":[{"embeddable":true,"href":"https:\/\/leblanc.pl\/paradox\/wp-json\/wp\/v2\/media\/541"}],"wp:attachment":[{"href":"https:\/\/leblanc.pl\/paradox\/wp-json\/wp\/v2\/media?parent=84"}],"curies":[{"name":"wp","href":"https:\/\/api.w.org\/{rel}","templated":true}]}}