{"id":82,"date":"2025-01-24T16:17:52","date_gmt":"2025-01-24T15:17:52","guid":{"rendered":"https:\/\/leblanc.pl\/paradox\/?page_id=82"},"modified":"2025-04-28T17:32:38","modified_gmt":"2025-04-28T15:32:38","slug":"jour-31-de-loctudy-a-port-louis","status":"publish","type":"page","link":"https:\/\/leblanc.pl\/paradox\/jour-31-de-loctudy-a-port-louis\/","title":{"rendered":"Jour 31, de Loctudy \u00e0 Port Louis"},"content":{"rendered":"<h2><strong>Samedi 21 septembre<\/strong><\/h2>\n<p><span style=\"font-size: 14pt;\">Une fois de plus, la fameuse gestion \u00ab\u00a0<em>en dynamique<\/em>\u00a0\u00bb nous fait choisir <em><strong>Port Louis<\/strong><\/em>, alors que la destination initiale devait \u00eatre <em><strong>Portudy<\/strong><\/em>.<\/span><\/p>\n<p><span style=\"font-size: 14pt;\">Car bien s\u00fbr, nous nous conformons aux conseils avis\u00e9s d\u2019\u00c9ric, qui nous explique que Portudy serait un endroit probl\u00e9matique pour nous, vu qu&rsquo;il s&rsquo;agit d&rsquo;un bassin \u00e0 flot ouvert en fonction des mar\u00e9es, et de plus tr\u00e8s fr\u00e9quent\u00e9.<\/span><\/p>\n<div id=\"attachment_1565\" style=\"width: 310px\" class=\"wp-caption alignright\"><a href=\"https:\/\/leblanc.pl\/paradox\/wp-content\/uploads\/2025\/03\/Il-manque-Bruno-qui-ne-fait-pas-de-selfie-en-velo-.jpg\"><img loading=\"lazy\" decoding=\"async\" aria-describedby=\"caption-attachment-1565\" class=\"image-a-droite wp-image-1565 size-medium\" title=\"Il manque Bruno, qui ne fait pas de selfie en v\u00e9lo...\" src=\"https:\/\/leblanc.pl\/paradox\/wp-content\/uploads\/2025\/03\/Il-manque-Bruno-qui-ne-fait-pas-de-selfie-en-velo--300x178.jpg\" alt=\"Il manque Bruno, qui ne fait pas de selfie en v\u00e9lo...\" width=\"300\" height=\"178\" srcset=\"https:\/\/leblanc.pl\/paradox\/wp-content\/uploads\/2025\/03\/Il-manque-Bruno-qui-ne-fait-pas-de-selfie-en-velo--300x178.jpg 300w, https:\/\/leblanc.pl\/paradox\/wp-content\/uploads\/2025\/03\/Il-manque-Bruno-qui-ne-fait-pas-de-selfie-en-velo--768x455.jpg 768w, https:\/\/leblanc.pl\/paradox\/wp-content\/uploads\/2025\/03\/Il-manque-Bruno-qui-ne-fait-pas-de-selfie-en-velo-.jpg 807w\" sizes=\"auto, (max-width: 300px) 100vw, 300px\" \/><\/a><p id=\"caption-attachment-1565\" class=\"wp-caption-text\"><\/span> <span style=\"font-size: 14pt;\">Cap au Supermarch\u00e9 !<\/span><\/p><\/div>\n<p>&nbsp;<\/p>\n<p><span style=\"font-size: 14pt;\">Avant de quitter <em>Loctudy<\/em>, nous devons refaire l\u2019avitaillement. La capitainerie met gracieusement \u00e0 notre disposition 4 bicyclettes, et nous voil\u00e0 partis \u00e0 p\u00e9daler, en nous amusant de ce moyen de transport inattendu.<\/span><\/p>\n<p>&nbsp;<\/p>\n<p><span style=\"font-size: 14pt;\">Nous quittons le port \u00e0 11 heures, pour une petite navigation de 30 milles que nous effectuons au moteur, car le vent est une fois de plus aux abonn\u00e9s absents.<\/span><\/p>\n<p>&nbsp;<\/p>\n<div id=\"attachment_1566\" style=\"width: 310px\" class=\"wp-caption alignleft\"><a href=\"https:\/\/leblanc.pl\/paradox\/wp-content\/uploads\/2025\/03\/La-Citadelle-a-Port-Louis.jpg\"><img loading=\"lazy\" decoding=\"async\" aria-describedby=\"caption-attachment-1566\" class=\"image-a-gauche wp-image-1566 size-medium\" title=\"La Citadelle avec son s\u00e9maphore, \u00e0 l'entr\u00e9e de Port Louis\" src=\"https:\/\/leblanc.pl\/paradox\/wp-content\/uploads\/2025\/03\/La-Citadelle-a-Port-Louis-300x169.jpg\" alt=\"La Citadelle avec son s\u00e9maphore, \u00e0 l'entr\u00e9e de Port Louis\" width=\"300\" height=\"169\" srcset=\"https:\/\/leblanc.pl\/paradox\/wp-content\/uploads\/2025\/03\/La-Citadelle-a-Port-Louis-300x169.jpg 300w, https:\/\/leblanc.pl\/paradox\/wp-content\/uploads\/2025\/03\/La-Citadelle-a-Port-Louis-768x432.jpg 768w, https:\/\/leblanc.pl\/paradox\/wp-content\/uploads\/2025\/03\/La-Citadelle-a-Port-Louis.jpg 900w\" sizes=\"auto, (max-width: 300px) 100vw, 300px\" \/><\/a><p id=\"caption-attachment-1566\" class=\"wp-caption-text\"><\/span> <span style=\"font-size: 14pt;\">La Citadelle, \u00e0 l&rsquo;entr\u00e9e de Port Louis<\/span><\/p><\/div>\n<p>&nbsp;<\/p>\n<p><span style=\"font-size: 14pt;\">A <em><strong>Port Louis<\/strong><\/em>, nous prenons notre repas du soir dans une cr\u00eaperie, que nous a heureusement recommand\u00e9 un certain <em>Antoine<\/em>, peut-\u00eatre un peu \u00e9m\u00e9ch\u00e9, rencontr\u00e9 un peu plus t\u00f4t, alors que nous avions du mal \u00e0 trouver un restaurant qui puisse nous accueillir.<\/span><\/p>\n<p>&nbsp;<\/p>\n<p><span style=\"font-size: 14pt;\">Merci Antoine !<\/span><\/p>\n<p>&nbsp;<\/p>\n<p>&nbsp;<\/p>\n<p style=\"text-align: right;\"><span style=\"font-size: 14pt;\"><a href=\"https:\/\/leblanc.pl\/paradox\/jour-32-de-port-louis-a-lherbaudiere\/\"><em>(\u00e0 suivre)<\/em><\/a><\/span><\/p>\n","protected":false},"excerpt":{"rendered":"<p>Samedi 21 septembre Une fois de plus, la fameuse gestion \u00ab\u00a0en dynamique\u00a0\u00bb nous fait choisir Port Louis, alors que la destination initiale devait \u00eatre Portudy. Car bien s\u00fbr, nous nous conformons aux conseils avis\u00e9s d\u2019\u00c9ric, qui nous explique que Portudy &hellip; <a href=\"https:\/\/leblanc.pl\/paradox\/jour-31-de-loctudy-a-port-louis\/\">Continuer la lecture <span class=\"meta-nav\">&rarr;<\/span><\/a><\/p>\n","protected":false},"author":1,"featured_media":540,"parent":0,"menu_order":33,"comment_status":"open","ping_status":"closed","template":"","meta":{"footnotes":""},"class_list":["post-82","page","type-page","status-publish","has-post-thumbnail","hentry"],"_links":{"self":[{"href":"https:\/\/leblanc.pl\/paradox\/wp-json\/wp\/v2\/pages\/82","targetHints":{"allow":["GET"]}}],"collection":[{"href":"https:\/\/leblanc.pl\/paradox\/wp-json\/wp\/v2\/pages"}],"about":[{"href":"https:\/\/leblanc.pl\/paradox\/wp-json\/wp\/v2\/types\/page"}],"author":[{"embeddable":true,"href":"https:\/\/leblanc.pl\/paradox\/wp-json\/wp\/v2\/users\/1"}],"replies":[{"embeddable":true,"href":"https:\/\/leblanc.pl\/paradox\/wp-json\/wp\/v2\/comments?post=82"}],"version-history":[{"count":16,"href":"https:\/\/leblanc.pl\/paradox\/wp-json\/wp\/v2\/pages\/82\/revisions"}],"predecessor-version":[{"id":1848,"href":"https:\/\/leblanc.pl\/paradox\/wp-json\/wp\/v2\/pages\/82\/revisions\/1848"}],"wp:featuredmedia":[{"embeddable":true,"href":"https:\/\/leblanc.pl\/paradox\/wp-json\/wp\/v2\/media\/540"}],"wp:attachment":[{"href":"https:\/\/leblanc.pl\/paradox\/wp-json\/wp\/v2\/media?parent=82"}],"curies":[{"name":"wp","href":"https:\/\/api.w.org\/{rel}","templated":true}]}}