{"id":80,"date":"2025-01-24T16:17:06","date_gmt":"2025-01-24T15:17:06","guid":{"rendered":"https:\/\/leblanc.pl\/paradox\/?page_id=80"},"modified":"2025-04-28T17:31:42","modified_gmt":"2025-04-28T15:31:42","slug":"jour-30-de-camaret-a-loctudy","status":"publish","type":"page","link":"https:\/\/leblanc.pl\/paradox\/jour-30-de-camaret-a-loctudy\/","title":{"rendered":"Jour 30, de Camaret \u00e0 Loctudy"},"content":{"rendered":"<h2><strong>Vendredi 20 septembre<\/strong><\/h2>\n<div id=\"attachment_1509\" style=\"width: 310px\" class=\"wp-caption alignright\"><a href=\"https:\/\/leblanc.pl\/paradox\/wp-content\/uploads\/2025\/03\/Nous-doublons-la-pointe-du-Toulinguet.jpg\"><img loading=\"lazy\" decoding=\"async\" aria-describedby=\"caption-attachment-1509\" class=\"image-a-droite wp-image-1509 size-medium\" title=\"9h45, nous doublons la pointe du Toulinguet\" src=\"https:\/\/leblanc.pl\/paradox\/wp-content\/uploads\/2025\/03\/Nous-doublons-la-pointe-du-Toulinguet-300x169.jpg\" alt=\"9h45, nous doublons la pointe du Toulinguet\" width=\"300\" height=\"169\" srcset=\"https:\/\/leblanc.pl\/paradox\/wp-content\/uploads\/2025\/03\/Nous-doublons-la-pointe-du-Toulinguet-300x169.jpg 300w, https:\/\/leblanc.pl\/paradox\/wp-content\/uploads\/2025\/03\/Nous-doublons-la-pointe-du-Toulinguet-768x432.jpg 768w, https:\/\/leblanc.pl\/paradox\/wp-content\/uploads\/2025\/03\/Nous-doublons-la-pointe-du-Toulinguet.jpg 800w\" sizes=\"auto, (max-width: 300px) 100vw, 300px\" \/><\/a><p id=\"caption-attachment-1509\" class=\"wp-caption-text\"><span style=\"font-size: 14pt;\">9h45, nous doublons la pointe du Toulinguet<\/span><\/p><\/div>\n<p>&nbsp;<\/p>\n<p><span style=\"font-size: 14pt;\">A 9h30, nous quittons le port de Camaret, destination Loctudy.<\/span><\/p>\n<p>&nbsp;<\/p>\n<p><span style=\"font-size: 14pt;\"><em><strong>Loctudy<\/strong><\/em>, escale inconnue pour nous mais famili\u00e8re pour Eric.<\/span><\/p>\n<p><span style=\"font-size: 14pt;\">Elle se situe \u00e0 55 milles nautiques, et nous l\u2019atteignons en une petite douzaine d\u2019heures, que nous couvrons en partie au moteur, en partie \u00e0 la voile.<\/span><\/p>\n<p>&nbsp;<\/p>\n<p><span style=\"font-size: 14pt;\">La m\u00e9t\u00e9o est changeante.<\/span><\/p>\n<p>&nbsp;<\/p>\n<p><span style=\"font-size: 14pt;\">A bord, chacun vaque \u00e0 ses occupations, personne ne s&rsquo;ennuie.<\/span><\/p>\n<table id=\"image-tab\" style=\"border-collapse: collapse; width: 100%;\">\n<tbody>\n<tr>\n<td style=\"width: 111.859px;\"><span style=\"font-size: 14pt;\"><a href=\"https:\/\/leblanc.pl\/paradox\/wp-content\/uploads\/2025\/03\/Christian-a-toujours-son-appareil-a-portee-de-main.jpg\"><img loading=\"lazy\" decoding=\"async\" class=\"image-rien aligncenter wp-image-1525\" title=\"Christian a toujours son appareil \u00e0 port\u00e9e de main\" src=\"https:\/\/leblanc.pl\/paradox\/wp-content\/uploads\/2025\/03\/Christian-a-toujours-son-appareil-a-portee-de-main-150x150.jpg\" alt=\"Christian a toujours son appareil \u00e0 port\u00e9e de main\" width=\"200\" height=\"113\" srcset=\"https:\/\/leblanc.pl\/paradox\/wp-content\/uploads\/2025\/03\/Christian-a-toujours-son-appareil-a-portee-de-main-300x169.jpg 300w, https:\/\/leblanc.pl\/paradox\/wp-content\/uploads\/2025\/03\/Christian-a-toujours-son-appareil-a-portee-de-main-768x432.jpg 768w, https:\/\/leblanc.pl\/paradox\/wp-content\/uploads\/2025\/03\/Christian-a-toujours-son-appareil-a-portee-de-main.jpg 800w\" sizes=\"auto, (max-width: 200px) 100vw, 200px\" \/><\/a><\/span><\/td>\n<td style=\"width: 108.625px;\"><span style=\"font-size: 14pt;\"><a href=\"https:\/\/leblanc.pl\/paradox\/wp-content\/uploads\/2025\/03\/Eric-naime-pas-mes-brelages-.jpg\"><img loading=\"lazy\" decoding=\"async\" class=\"image-rien aligncenter wp-image-1526\" title=\"Eric n'aime pas mes br\u00ealages !\" src=\"https:\/\/leblanc.pl\/paradox\/wp-content\/uploads\/2025\/03\/Eric-naime-pas-mes-brelages--150x150.jpg\" alt=\"Eric n'aime pas mes br\u00ealages !\" width=\"200\" height=\"113\" srcset=\"https:\/\/leblanc.pl\/paradox\/wp-content\/uploads\/2025\/03\/Eric-naime-pas-mes-brelages--300x169.jpg 300w, https:\/\/leblanc.pl\/paradox\/wp-content\/uploads\/2025\/03\/Eric-naime-pas-mes-brelages--768x432.jpg 768w, https:\/\/leblanc.pl\/paradox\/wp-content\/uploads\/2025\/03\/Eric-naime-pas-mes-brelages-.jpg 800w\" sizes=\"auto, (max-width: 200px) 100vw, 200px\" \/><\/a><\/span><\/td>\n<td style=\"width: 109.359px;\"><span style=\"font-size: 14pt;\"><a href=\"https:\/\/leblanc.pl\/paradox\/wp-content\/uploads\/2025\/03\/Bruno-en-pleine-lecture.jpg\"><img loading=\"lazy\" decoding=\"async\" class=\"image-rien aligncenter wp-image-1527\" title=\"Bruno en pleine lecture\" src=\"https:\/\/leblanc.pl\/paradox\/wp-content\/uploads\/2025\/03\/Bruno-en-pleine-lecture-150x150.jpg\" alt=\"Bruno en pleine lecture\" width=\"200\" height=\"113\" srcset=\"https:\/\/leblanc.pl\/paradox\/wp-content\/uploads\/2025\/03\/Bruno-en-pleine-lecture-300x169.jpg 300w, https:\/\/leblanc.pl\/paradox\/wp-content\/uploads\/2025\/03\/Bruno-en-pleine-lecture-768x432.jpg 768w, https:\/\/leblanc.pl\/paradox\/wp-content\/uploads\/2025\/03\/Bruno-en-pleine-lecture.jpg 800w\" sizes=\"auto, (max-width: 200px) 100vw, 200px\" \/><\/a><\/span><\/td>\n<td style=\"width: 116.156px;\"><span style=\"font-size: 14pt;\"><a href=\"https:\/\/leblanc.pl\/paradox\/wp-content\/uploads\/2025\/03\/Patrick-ajoute-des-crochets-aux-pare-battages.jpg\"><img loading=\"lazy\" decoding=\"async\" class=\"image-rien aligncenter wp-image-1528\" title=\"Patrick ajoute des crochets aux pare-battages\" src=\"https:\/\/leblanc.pl\/paradox\/wp-content\/uploads\/2025\/03\/Patrick-ajoute-des-crochets-aux-pare-battages-150x150.jpg\" alt=\"Patrick ajoute des crochets aux pare-battages\" width=\"200\" height=\"113\" srcset=\"https:\/\/leblanc.pl\/paradox\/wp-content\/uploads\/2025\/03\/Patrick-ajoute-des-crochets-aux-pare-battages-300x169.jpg 300w, https:\/\/leblanc.pl\/paradox\/wp-content\/uploads\/2025\/03\/Patrick-ajoute-des-crochets-aux-pare-battages-768x432.jpg 768w, https:\/\/leblanc.pl\/paradox\/wp-content\/uploads\/2025\/03\/Patrick-ajoute-des-crochets-aux-pare-battages.jpg 800w\" sizes=\"auto, (max-width: 200px) 100vw, 200px\" \/><\/a><\/span><\/td>\n<\/tr>\n<tr>\n<td style=\"width: 111.859px; text-align: center;\"><span style=\"font-family: 'trebuchet ms', geneva, sans-serif; font-size: 12pt;\">Monsieur Mousse assure le reportage<\/span><\/td>\n<td style=\"width: 108.625px; text-align: center;\"><span style=\"font-family: 'trebuchet ms', geneva, sans-serif; font-size: 12pt;\">Le quartier-ma\u00eetre bricole<\/span><\/p>\n<p><span style=\"font-family: 'trebuchet ms', geneva, sans-serif; font-size: 12pt;\"> (encore !)<\/span><\/td>\n<td style=\"width: 109.359px; text-align: center;\"><span style=\"font-family: 'trebuchet ms', geneva, sans-serif; font-size: 12pt;\">Bruno peaufine son \u00e9rudition<\/span><\/td>\n<td style=\"width: 116.156px; text-align: center;\"><span style=\"font-family: 'trebuchet ms', geneva, sans-serif; font-size: 12pt;\">Le Capitaine bricole<\/span><\/p>\n<p><span style=\"font-family: 'trebuchet ms', geneva, sans-serif; font-size: 12pt;\"> (encore&#8230;)<\/span><\/td>\n<\/tr>\n<\/tbody>\n<\/table>\n<p>&nbsp;<\/p>\n<p><span style=\"font-size: 14pt;\">En fin de navigation, un superbe <strong><a href=\"https:\/\/www.bateaux.com\/plaisance\/voiliers\/x-40-REFHo96I4r3SMY,\" target=\"_blank\" rel=\"noopener\"><em>X40<\/em> <\/a><\/strong>noir et blanc fait le m\u00eame cap que nous. Nous essayons na\u00efvement de le suivre, mais en vain. Eric me console, c&rsquo;est un <em>course-croisi\u00e8re<\/em>, nous ne sommes pas de taille \u00e0 lutter avec un tel navire.<\/span><\/p>\n<p>&nbsp;<\/p>\n<p><span style=\"font-size: 14pt;\">La pluie semble vouloir s&rsquo;inviter pour accompagner le fin de notre navigation .<\/span><\/p>\n<div id=\"attachment_1511\" style=\"width: 310px\" class=\"wp-caption alignleft\"><a href=\"https:\/\/leblanc.pl\/paradox\/wp-content\/uploads\/2025\/03\/Le-phare-de-Loctudy.jpg\"><img loading=\"lazy\" decoding=\"async\" aria-describedby=\"caption-attachment-1511\" class=\"image-a-gauche wp-image-1511 size-medium\" title=\"Le phare de Loctudy, sous un ciel qui s'assombrit\" src=\"https:\/\/leblanc.pl\/paradox\/wp-content\/uploads\/2025\/03\/Le-phare-de-Loctudy-300x169.jpg\" alt=\"\" width=\"300\" height=\"169\" srcset=\"https:\/\/leblanc.pl\/paradox\/wp-content\/uploads\/2025\/03\/Le-phare-de-Loctudy-300x169.jpg 300w, https:\/\/leblanc.pl\/paradox\/wp-content\/uploads\/2025\/03\/Le-phare-de-Loctudy-768x432.jpg 768w, https:\/\/leblanc.pl\/paradox\/wp-content\/uploads\/2025\/03\/Le-phare-de-Loctudy.jpg 800w\" sizes=\"auto, (max-width: 300px) 100vw, 300px\" \/><\/a><p id=\"caption-attachment-1511\" class=\"wp-caption-text\"><\/span> <span style=\"font-size: 14pt;\">Le phare de Loctudy<\/span><\/p><\/div>\n<p>&nbsp;<\/p>\n<p><span style=\"font-size: 14pt;\">Et in\u00e9vitablement, un magnifique orage salue notre arriv\u00e9e \u00e0 Loctudy.<\/span><\/p>\n<p>&nbsp;<\/p>\n<p><span style=\"font-size: 14pt;\">Notre voisin de ponton n\u2019est autre que le <em>X40<\/em> qui est arriv\u00e9 largement avant nous. Son \u00e9quipage nous aide \u00e0 nous amarrer, juste avant que le ciel breton nous tombe sur la t\u00eate.<\/span><\/p>\n<p>&nbsp;<\/p>\n<p>&nbsp;<\/p>\n<p><span style=\"font-size: 14pt;\">La discussion est vite engag\u00e9e, ils avaient aussi de leur c\u00f4t\u00e9 remarqu\u00e9 ce bateau \u00e0 voiles de jonques bleues qu\u2019ils avaient d\u00e9pass\u00e9.<\/span><\/p>\n<p>&nbsp;<\/p>\n<p><span style=\"font-size: 14pt;\">Le propri\u00e9taire conna\u00eet le gr\u00e9ement de jonque, il nous explique que son cousin est <em><strong>Bertrand Fercot<\/strong>,<\/em> constructeur du catamaran <strong><a href=\"http:\/\/www.voiles-alternatives.com\/viewtopic.php?f=7&amp;t=607\" target=\"_blank\" rel=\"noopener\"><em>Wharram<\/em>\u00a0<em>Grand PHA<\/em><\/a><\/strong>, gr\u00e9\u00e9 en jonque avec 2 voiles-ailes, qui navigue autour du monde.<\/span><\/p>\n<p>&nbsp;<\/p>\n<p><span style=\"font-size: 14pt;\">Cerise sur le g\u00e2teau, ce gentleman nous f\u00e9licite pour les performances de Paradox dont il a partag\u00e9 la route.<\/span><br \/>\n<span style=\"font-size: 14pt;\">Je suis aux anges\u00a0!<\/span><\/p>\n<p>&nbsp;<\/p>\n<div id=\"attachment_1512\" style=\"width: 310px\" class=\"wp-caption alignright\"><a href=\"https:\/\/leblanc.pl\/paradox\/wp-content\/uploads\/2025\/03\/La-pluie-sest-calmee-dans-le-port-de-Loctudy.jpg\"><img loading=\"lazy\" decoding=\"async\" aria-describedby=\"caption-attachment-1512\" class=\"image-a-droite wp-image-1512 size-medium\" title=\"La pluie s'est calm\u00e9e dans le port de Loctudy\" src=\"https:\/\/leblanc.pl\/paradox\/wp-content\/uploads\/2025\/03\/La-pluie-sest-calmee-dans-le-port-de-Loctudy-300x169.jpg\" alt=\"La pluie s'est calm\u00e9e dans le port de Loctudy\" width=\"300\" height=\"169\" srcset=\"https:\/\/leblanc.pl\/paradox\/wp-content\/uploads\/2025\/03\/La-pluie-sest-calmee-dans-le-port-de-Loctudy-300x169.jpg 300w, https:\/\/leblanc.pl\/paradox\/wp-content\/uploads\/2025\/03\/La-pluie-sest-calmee-dans-le-port-de-Loctudy-768x432.jpg 768w, https:\/\/leblanc.pl\/paradox\/wp-content\/uploads\/2025\/03\/La-pluie-sest-calmee-dans-le-port-de-Loctudy.jpg 800w\" sizes=\"auto, (max-width: 300px) 100vw, 300px\" \/><\/a><p id=\"caption-attachment-1512\" class=\"wp-caption-text\"><\/span> <span style=\"font-size: 14pt;\">La pluie s&rsquo;est calm\u00e9e dans le port de Loctudy<\/span><\/p><\/div>\n<p><span style=\"font-size: 14pt;\">Toute vell\u00e9it\u00e9 de sortie est abandonn\u00e9e, et nous passons une d\u00e9sormais typique soir\u00e9e \u00e0 bord\u00a0: ap\u00e9ro \u00e0 la bi\u00e8re, repas concoct\u00e9 par nos deux fr\u00e8res cuisiniers, et partie endiabl\u00e9e de <em><strong>SkyJo<\/strong><\/em>.<\/span><\/p>\n<p>&nbsp;<\/p>\n<p><span style=\"font-size: 14pt;\">Nous en profitons aussi pour appeler en vid\u00e9o notre amie irlandaise <em>Dorothy<\/em>, pour la tenir au courant de notre navigation et nous rem\u00e9morer les bons moments pass\u00e9s ensemble.<\/span><\/p>\n<p>&nbsp;<\/p>\n<p>&nbsp;<\/p>\n<p>&nbsp;<\/p>\n<p>&nbsp;<\/p>\n<p style=\"text-align: right;\"><span style=\"font-size: 14pt;\"><a href=\"https:\/\/leblanc.pl\/paradox\/jour-31-de-loctudy-a-port-louis\/\"><em>(\u00e0 suivre)<\/em><\/a><\/span><\/p>\n","protected":false},"excerpt":{"rendered":"<p>Vendredi 20 septembre &nbsp; A 9h30, nous quittons le port de Camaret, destination Loctudy. &nbsp; Loctudy, escale inconnue pour nous mais famili\u00e8re pour Eric. Elle se situe \u00e0 55 milles nautiques, et nous l\u2019atteignons en une petite douzaine d\u2019heures, que &hellip; <a href=\"https:\/\/leblanc.pl\/paradox\/jour-30-de-camaret-a-loctudy\/\">Continuer la lecture <span class=\"meta-nav\">&rarr;<\/span><\/a><\/p>\n","protected":false},"author":1,"featured_media":539,"parent":0,"menu_order":32,"comment_status":"open","ping_status":"closed","template":"","meta":{"footnotes":""},"class_list":["post-80","page","type-page","status-publish","has-post-thumbnail","hentry"],"_links":{"self":[{"href":"https:\/\/leblanc.pl\/paradox\/wp-json\/wp\/v2\/pages\/80","targetHints":{"allow":["GET"]}}],"collection":[{"href":"https:\/\/leblanc.pl\/paradox\/wp-json\/wp\/v2\/pages"}],"about":[{"href":"https:\/\/leblanc.pl\/paradox\/wp-json\/wp\/v2\/types\/page"}],"author":[{"embeddable":true,"href":"https:\/\/leblanc.pl\/paradox\/wp-json\/wp\/v2\/users\/1"}],"replies":[{"embeddable":true,"href":"https:\/\/leblanc.pl\/paradox\/wp-json\/wp\/v2\/comments?post=80"}],"version-history":[{"count":32,"href":"https:\/\/leblanc.pl\/paradox\/wp-json\/wp\/v2\/pages\/80\/revisions"}],"predecessor-version":[{"id":1847,"href":"https:\/\/leblanc.pl\/paradox\/wp-json\/wp\/v2\/pages\/80\/revisions\/1847"}],"wp:featuredmedia":[{"embeddable":true,"href":"https:\/\/leblanc.pl\/paradox\/wp-json\/wp\/v2\/media\/539"}],"wp:attachment":[{"href":"https:\/\/leblanc.pl\/paradox\/wp-json\/wp\/v2\/media?parent=80"}],"curies":[{"name":"wp","href":"https:\/\/api.w.org\/{rel}","templated":true}]}}