{"id":74,"date":"2025-01-24T16:13:55","date_gmt":"2025-01-24T15:13:55","guid":{"rendered":"https:\/\/leblanc.pl\/paradox\/?page_id=74"},"modified":"2025-04-27T19:42:05","modified_gmt":"2025-04-27T17:42:05","slug":"jour-27-promenade-a-penzance-et-depart-pour-laber-wrach","status":"publish","type":"page","link":"https:\/\/leblanc.pl\/paradox\/jour-27-promenade-a-penzance-et-depart-pour-laber-wrach\/","title":{"rendered":"Jour 27, promenade \u00e0 Penzance et d\u00e9part pour l\u2019Aber Wrac\u2019h"},"content":{"rendered":"<h2><strong>Mardi 17 septembre<\/strong><\/h2>\n<div id=\"attachment_1419\" style=\"width: 340px\" class=\"wp-caption alignleft\"><a href=\"https:\/\/leblanc.pl\/paradox\/wp-content\/uploads\/2025\/03\/Le-port-de-Newlyn.jpg\"><img loading=\"lazy\" decoding=\"async\" aria-describedby=\"caption-attachment-1419\" class=\"image-a-gauche wp-image-1419\" title=\"Un matin radieux dans le port de Newlyn\" src=\"https:\/\/leblanc.pl\/paradox\/wp-content\/uploads\/2025\/03\/Le-port-de-Newlyn-300x188.jpg\" alt=\"Un matin radieux dans le port de Newlyn\" width=\"330\" height=\"207\" srcset=\"https:\/\/leblanc.pl\/paradox\/wp-content\/uploads\/2025\/03\/Le-port-de-Newlyn-300x188.jpg 300w, https:\/\/leblanc.pl\/paradox\/wp-content\/uploads\/2025\/03\/Le-port-de-Newlyn-768x482.jpg 768w, https:\/\/leblanc.pl\/paradox\/wp-content\/uploads\/2025\/03\/Le-port-de-Newlyn.jpg 876w\" sizes=\"auto, (max-width: 330px) 100vw, 330px\" \/><\/a><p id=\"caption-attachment-1419\" class=\"wp-caption-text\"><\/span> <span style=\"font-size: 14pt;\">Un matin radieux dans le port de Newlyn<\/span><\/p><\/div>\n<p>&nbsp;<\/p>\n<p><span style=\"font-size: 14pt;\">Nous avons une centaine de milles \u00e0 parcourir pour rejoindre la <em><strong>France<\/strong><\/em>. Ne souhaitant pas arriver en pleine nuit, nous fixons notre d\u00e9part \u00e0 17h00. Il nous reste donc une bonne partie de la journ\u00e9e pour profiter de notre derni\u00e8re escale anglaise.<\/span><\/p>\n<p>&nbsp;<\/p>\n<p><span style=\"font-size: 14pt;\">Bruno et Christian, comme il se doit, partent \u00e0 l\u2019avitaillement, pendant qu\u2019\u00c9ric et moi rempla\u00e7ons tous les \u00e9crous de pied de m\u00e2t par des \u00e9crous inox frein\u00e9s, achet\u00e9s chez le tout petit shipchandler du port. Et \u00e0 un prix imbattable en comparaison des tarifs pratiqu\u00e9s par les shipchandlers des marinas.<\/span><\/p>\n<p>&nbsp;<\/p>\n<div id=\"attachment_1420\" style=\"width: 310px\" class=\"wp-caption alignright\"><a href=\"https:\/\/leblanc.pl\/paradox\/wp-content\/uploads\/2025\/03\/Une-rue-de-Penzance.jpg\"><img loading=\"lazy\" decoding=\"async\" aria-describedby=\"caption-attachment-1420\" class=\"image-a-droite wp-image-1420 size-medium\" title=\"Une rue de Penzance qui descend vers la mer\" src=\"https:\/\/leblanc.pl\/paradox\/wp-content\/uploads\/2025\/03\/Une-rue-de-Penzance-300x199.jpg\" alt=\"Une rue de Penzance qui descend vers la mer\" width=\"300\" height=\"199\" srcset=\"https:\/\/leblanc.pl\/paradox\/wp-content\/uploads\/2025\/03\/Une-rue-de-Penzance-300x199.jpg 300w, https:\/\/leblanc.pl\/paradox\/wp-content\/uploads\/2025\/03\/Une-rue-de-Penzance-768x510.jpg 768w, https:\/\/leblanc.pl\/paradox\/wp-content\/uploads\/2025\/03\/Une-rue-de-Penzance.jpg 800w\" sizes=\"auto, (max-width: 300px) 100vw, 300px\" \/><\/a><p id=\"caption-attachment-1420\" class=\"wp-caption-text\"><\/span> <span style=\"font-size: 14pt;\">Une rue de Penzance qui descend vers la mer<\/span><\/p><\/div>\n<div id=\"attachment_1421\" style=\"width: 310px\" class=\"wp-caption alignleft\"><a href=\"https:\/\/leblanc.pl\/paradox\/wp-content\/uploads\/2025\/03\/Queens-Hotel-sur-la-promenade-de-Penzance.jpg\"><img loading=\"lazy\" decoding=\"async\" aria-describedby=\"caption-attachment-1421\" class=\"image-a-gauche wp-image-1421 size-medium\" title=\"Queen's Hotel, sur la promenade de Penzance\" src=\"https:\/\/leblanc.pl\/paradox\/wp-content\/uploads\/2025\/03\/Queens-Hotel-sur-la-promenade-de-Penzance-300x185.jpg\" alt=\"Queen's Hotel, sur la promenade de Penzance\" width=\"300\" height=\"185\" srcset=\"https:\/\/leblanc.pl\/paradox\/wp-content\/uploads\/2025\/03\/Queens-Hotel-sur-la-promenade-de-Penzance-300x185.jpg 300w, https:\/\/leblanc.pl\/paradox\/wp-content\/uploads\/2025\/03\/Queens-Hotel-sur-la-promenade-de-Penzance-768x474.jpg 768w, https:\/\/leblanc.pl\/paradox\/wp-content\/uploads\/2025\/03\/Queens-Hotel-sur-la-promenade-de-Penzance.jpg 800w\" sizes=\"auto, (max-width: 300px) 100vw, 300px\" \/><\/a><p id=\"caption-attachment-1421\" class=\"wp-caption-text\"><\/span> <span style=\"font-size: 14pt;\">Queen&rsquo;s Hotel, sur la promenade de Penzance<\/span><\/p><\/div>\n<p>&nbsp;<\/p>\n<p><span style=\"font-size: 14pt;\">En longeant la promenade du front de mer, nous partons \u00e0 pied visiter la ville baln\u00e9aire de <strong><em>Penzance<\/em><\/strong>.<\/span><\/p>\n<p>&nbsp;<\/p>\n<p><span style=\"font-size: 14pt;\">La m\u00e9t\u00e9o est au beau fixe et nous appr\u00e9cions de fl\u00e2ner dans les rues de la ville.<\/span><\/p>\n<p>&nbsp;<\/p>\n<p>&nbsp;<\/p>\n<p><span style=\"font-size: 14pt;\">Sur les recommandations de Bruno et Christian, nous retournons vers Newlyn en traversant le tr\u00e8s joli <em><strong>Penlee Park<\/strong><\/em>.<\/span><\/p>\n<div id=\"attachment_1422\" style=\"width: 310px\" class=\"wp-caption alignright\"><a href=\"https:\/\/leblanc.pl\/paradox\/wp-content\/uploads\/2025\/03\/Penlee-Park-Penzance.jpg\"><img loading=\"lazy\" decoding=\"async\" aria-describedby=\"caption-attachment-1422\" class=\"image-a-droite wp-image-1422 size-medium\" title=\"Penlee Park, Penzance\" src=\"https:\/\/leblanc.pl\/paradox\/wp-content\/uploads\/2025\/03\/Penlee-Park-Penzance-300x169.jpg\" alt=\"Penlee Park, Penzance\" width=\"300\" height=\"169\" srcset=\"https:\/\/leblanc.pl\/paradox\/wp-content\/uploads\/2025\/03\/Penlee-Park-Penzance-300x169.jpg 300w, https:\/\/leblanc.pl\/paradox\/wp-content\/uploads\/2025\/03\/Penlee-Park-Penzance-768x432.jpg 768w, https:\/\/leblanc.pl\/paradox\/wp-content\/uploads\/2025\/03\/Penlee-Park-Penzance.jpg 800w\" sizes=\"auto, (max-width: 300px) 100vw, 300px\" \/><\/a><p id=\"caption-attachment-1422\" class=\"wp-caption-text\"><\/span> <span style=\"font-size: 14pt;\">Penlee Park, Penzance<\/span><\/p><\/div>\n<p>&nbsp;<\/p>\n<p><span style=\"font-size: 14pt;\">Le soleil radieux et la v\u00e9g\u00e9tation luxuriante entretiennent une ambiance quasi-exotique, et c\u2019est dans l\u2019orangerie du parc que nous prenons notre d\u00e9jeuner.<\/span><\/p>\n<p>&nbsp;<\/p>\n<p><span style=\"font-size: 14pt;\">Apr\u00e8s \u00eatre rentr\u00e9s au bateau, nous effectuons \u00e0 nouveau nos formalit\u00e9s de douane en ligne, et larguons finalement nos amarres \u00e0 17h30.<\/span><\/p>\n<p>&nbsp;<\/p>\n<div id=\"attachment_1423\" style=\"width: 310px\" class=\"wp-caption alignleft\"><a href=\"https:\/\/leblanc.pl\/paradox\/wp-content\/uploads\/2025\/03\/Un-ferry-est-passe-derriere-nous.jpg\"><img loading=\"lazy\" decoding=\"async\" aria-describedby=\"caption-attachment-1423\" class=\"image-a-gauche wp-image-1423 size-medium\" title=\"Un ferry est pass\u00e9 derri\u00e8re nous\" src=\"https:\/\/leblanc.pl\/paradox\/wp-content\/uploads\/2025\/03\/Un-ferry-est-passe-derriere-nous-300x169.jpg\" alt=\"Un ferry est pass\u00e9 derri\u00e8re nous\" width=\"300\" height=\"169\" srcset=\"https:\/\/leblanc.pl\/paradox\/wp-content\/uploads\/2025\/03\/Un-ferry-est-passe-derriere-nous-300x169.jpg 300w, https:\/\/leblanc.pl\/paradox\/wp-content\/uploads\/2025\/03\/Un-ferry-est-passe-derriere-nous-768x432.jpg 768w, https:\/\/leblanc.pl\/paradox\/wp-content\/uploads\/2025\/03\/Un-ferry-est-passe-derriere-nous.jpg 900w\" sizes=\"auto, (max-width: 300px) 100vw, 300px\" \/><\/a><p id=\"caption-attachment-1423\" class=\"wp-caption-text\"><\/span> <span style=\"font-size: 14pt;\">Un ferry est pass\u00e9 derri\u00e8re nous<\/span><\/p><\/div>\n<p>&nbsp;<\/p>\n<p><span style=\"font-size: 14pt;\">Nous voici repartis pour une belle navigation de nuit, et pas des moindres puisque nous traversons <em><strong>la Manche<\/strong><\/em>, avec son important trafic maritime.<\/span><\/p>\n<p>&nbsp;<\/p>\n<p><span style=\"font-size: 14pt;\">Le moteur est rapidement \u00e9teint, et malgr\u00e9 une mer form\u00e9e nous avons le bonheur de naviguer sous voiles jusqu\u2019\u00e0 notre arriv\u00e9e.<\/span><\/p>\n<p>&nbsp;<\/p>\n<p>&nbsp;<\/p>\n<p>&nbsp;<\/p>\n<p><span style=\"font-size: 14pt;\">La pr\u00e9sence des cargos et des ferrys m\u00e9rite une attention soutenue, mais rend la navigation plus vivante.<\/span><\/p>\n<p>&nbsp;<\/p>\n<p style=\"text-align: right;\"><span style=\"font-size: 14pt;\"><a href=\"https:\/\/leblanc.pl\/paradox\/jour-28-arrivee-a-laber-wrach\/\"><em>(\u00e0 suivre)<\/em><\/a><\/span><\/p>\n","protected":false},"excerpt":{"rendered":"<p>Mardi 17 septembre &nbsp; Nous avons une centaine de milles \u00e0 parcourir pour rejoindre la France. Ne souhaitant pas arriver en pleine nuit, nous fixons notre d\u00e9part \u00e0 17h00. Il nous reste donc une bonne partie de la journ\u00e9e pour &hellip; <a href=\"https:\/\/leblanc.pl\/paradox\/jour-27-promenade-a-penzance-et-depart-pour-laber-wrach\/\">Continuer la lecture <span class=\"meta-nav\">&rarr;<\/span><\/a><\/p>\n","protected":false},"author":1,"featured_media":499,"parent":0,"menu_order":29,"comment_status":"open","ping_status":"closed","template":"","meta":{"footnotes":""},"class_list":["post-74","page","type-page","status-publish","has-post-thumbnail","hentry"],"_links":{"self":[{"href":"https:\/\/leblanc.pl\/paradox\/wp-json\/wp\/v2\/pages\/74","targetHints":{"allow":["GET"]}}],"collection":[{"href":"https:\/\/leblanc.pl\/paradox\/wp-json\/wp\/v2\/pages"}],"about":[{"href":"https:\/\/leblanc.pl\/paradox\/wp-json\/wp\/v2\/types\/page"}],"author":[{"embeddable":true,"href":"https:\/\/leblanc.pl\/paradox\/wp-json\/wp\/v2\/users\/1"}],"replies":[{"embeddable":true,"href":"https:\/\/leblanc.pl\/paradox\/wp-json\/wp\/v2\/comments?post=74"}],"version-history":[{"count":24,"href":"https:\/\/leblanc.pl\/paradox\/wp-json\/wp\/v2\/pages\/74\/revisions"}],"predecessor-version":[{"id":1843,"href":"https:\/\/leblanc.pl\/paradox\/wp-json\/wp\/v2\/pages\/74\/revisions\/1843"}],"wp:featuredmedia":[{"embeddable":true,"href":"https:\/\/leblanc.pl\/paradox\/wp-json\/wp\/v2\/media\/499"}],"wp:attachment":[{"href":"https:\/\/leblanc.pl\/paradox\/wp-json\/wp\/v2\/media?parent=74"}],"curies":[{"name":"wp","href":"https:\/\/api.w.org\/{rel}","templated":true}]}}