{"id":72,"date":"2025-01-24T16:13:09","date_gmt":"2025-01-24T15:13:09","guid":{"rendered":"https:\/\/leblanc.pl\/paradox\/?page_id=72"},"modified":"2025-04-27T19:40:41","modified_gmt":"2025-04-27T17:40:41","slug":"jour-26-de-padstow-a-newlyn","status":"publish","type":"page","link":"https:\/\/leblanc.pl\/paradox\/jour-26-de-padstow-a-newlyn\/","title":{"rendered":"Jour 26, de Padstow \u00e0 Newlyn"},"content":{"rendered":"<h2><strong>Lundi 16 septembre<\/strong><\/h2>\n<p><span style=\"font-size: 14pt;\">L\u2019heure du d\u00e9part est parfois fix\u00e9e par la mar\u00e9e, et non par le capitaine. Ainsi, il est cinq heures du matin quand nous franchissons les portes du port de <em><strong>Padstow<\/strong><\/em>.<\/span><\/p>\n<p>&nbsp;<\/p>\n<div id=\"attachment_1403\" style=\"width: 310px\" class=\"wp-caption alignleft\"><a href=\"https:\/\/leblanc.pl\/paradox\/wp-content\/uploads\/2025\/03\/Ciel-couvert-mer-plate.jpg\"><img loading=\"lazy\" decoding=\"async\" aria-describedby=\"caption-attachment-1403\" class=\"image-a-gauche wp-image-1403 size-medium\" title=\"Ciel couvert, mer plate\" src=\"https:\/\/leblanc.pl\/paradox\/wp-content\/uploads\/2025\/03\/Ciel-couvert-mer-plate-300x149.jpg\" alt=\"Ciel couvert, mer plate\" width=\"300\" height=\"149\" srcset=\"https:\/\/leblanc.pl\/paradox\/wp-content\/uploads\/2025\/03\/Ciel-couvert-mer-plate-300x149.jpg 300w, https:\/\/leblanc.pl\/paradox\/wp-content\/uploads\/2025\/03\/Ciel-couvert-mer-plate-768x382.jpg 768w, https:\/\/leblanc.pl\/paradox\/wp-content\/uploads\/2025\/03\/Ciel-couvert-mer-plate.jpg 900w\" sizes=\"auto, (max-width: 300px) 100vw, 300px\" \/><\/a><p id=\"caption-attachment-1403\" class=\"wp-caption-text\"><\/span> <span style=\"font-size: 14pt;\">Ciel couvert, mer plate<\/span><\/p><\/div>\n<p>&nbsp;<\/p>\n<p><span style=\"font-size: 14pt;\">Le ciel est couvert, et une petite pluie accompagne notre d\u00e9part pour notre derni\u00e8re escale galloise, le port de <em><strong>Newlyn<\/strong><\/em>, distant de 60 milles.<\/span><\/p>\n<p>&nbsp;<\/p>\n<p><span style=\"font-size: 14pt;\">Cette navigation se fera malheureusement au moteur, le vent restant absent. Mais cela nous assure une vitesse constante de 6 n\u0153uds.<\/span><\/p>\n<p>&nbsp;<\/p>\n<p>&nbsp;<\/p>\n<div id=\"attachment_1406\" style=\"width: 310px\" class=\"wp-caption alignright\"><a href=\"https:\/\/leblanc.pl\/paradox\/wp-content\/uploads\/2025\/03\/Lands-End-au-retour.jpg\"><img loading=\"lazy\" decoding=\"async\" aria-describedby=\"caption-attachment-1406\" class=\"image-a-droite wp-image-1406 size-medium\" title=\"Land's End, au retour\" src=\"https:\/\/leblanc.pl\/paradox\/wp-content\/uploads\/2025\/03\/Lands-End-au-retour-300x181.jpg\" alt=\"Land's End, au retour\" width=\"300\" height=\"181\" srcset=\"https:\/\/leblanc.pl\/paradox\/wp-content\/uploads\/2025\/03\/Lands-End-au-retour-300x181.jpg 300w, https:\/\/leblanc.pl\/paradox\/wp-content\/uploads\/2025\/03\/Lands-End-au-retour-768x463.jpg 768w, https:\/\/leblanc.pl\/paradox\/wp-content\/uploads\/2025\/03\/Lands-End-au-retour.jpg 900w\" sizes=\"auto, (max-width: 300px) 100vw, 300px\" \/><\/a><p id=\"caption-attachment-1406\" class=\"wp-caption-text\"><\/span> <span style=\"font-size: 14pt;\">Land&rsquo;s End, au retour<\/span><\/p><\/div>\n<p>&nbsp;<\/p>\n<p><span style=\"font-size: 14pt;\">Nous doublons \u00e0 nouveau <em><strong>Land\u2019s End<\/strong><\/em>, la pointe la plus occidentale de l\u2019Angleterre, et entrons dans le port de <strong><em>Newlyn<\/em> <\/strong>\u00e0 16h45, 15 jours apr\u00e8s notre derni\u00e8re visite dans cette charmante ville.<\/span><\/p>\n<p>&nbsp;<\/p>\n<div id=\"attachment_1396\" style=\"width: 214px\" class=\"wp-caption alignleft\"><a href=\"https:\/\/leblanc.pl\/paradox\/wp-content\/uploads\/2025\/03\/Lenseigne-du-Star-Inn.jpg\"><img loading=\"lazy\" decoding=\"async\" aria-describedby=\"caption-attachment-1396\" class=\"image-a-gauche wp-image-1396 size-medium\" title=\"L'enseigne du Star Inn\" src=\"https:\/\/leblanc.pl\/paradox\/wp-content\/uploads\/2025\/03\/Lenseigne-du-Star-Inn-204x300.jpg\" alt=\"L'enseigne du Star Inn\" width=\"204\" height=\"300\" srcset=\"https:\/\/leblanc.pl\/paradox\/wp-content\/uploads\/2025\/03\/Lenseigne-du-Star-Inn-204x300.jpg 204w, https:\/\/leblanc.pl\/paradox\/wp-content\/uploads\/2025\/03\/Lenseigne-du-Star-Inn.jpg 272w\" sizes=\"auto, (max-width: 204px) 100vw, 204px\" \/><\/a><p id=\"caption-attachment-1396\" class=\"wp-caption-text\"><\/span> <span style=\"font-size: 14pt;\">L&rsquo;enseigne du Star Inn<\/span><\/p><\/div>\n<p>&nbsp;<\/p>\n<p><span style=\"font-size: 14pt;\">Cette fois-ci, j\u2019ai bien rep\u00e9r\u00e9 le pub que j\u2019avais cherch\u00e9 en vain lors de notre premi\u00e8re visite\u00a0: il s\u2019agit du <strong><em>Star Inn<\/em><\/strong>, bien s\u00fbr\u00a0!<\/span><\/p>\n<p>&nbsp;<\/p>\n<p><span style=\"font-size: 14pt;\">Aupr\u00e8s des clients du pub, je m\u2019enquiers de <strong><em>Ben<\/em><\/strong> et <strong><em>Jacqueline Gunn<\/em><\/strong>, un couple que nous avions rencontr\u00e9 dans ce m\u00eame endroit lors du voyage de <em><strong>China Blue<\/strong><\/em>. Mais nous avons la tristesse d\u2019apprendre que Ben est malheureusement d\u00e9c\u00e9d\u00e9, \u00e0 l\u2019\u00e2ge de 79 ans, seulement 10 jours avant notre arriv\u00e9e.<\/span><\/p>\n<p>&nbsp;<\/p>\n<p><span style=\"font-size: 14pt;\">Nous faisons la rencontre de <em><strong>Tracy<\/strong> <\/em>et son mari. Tracy est une gentille et bavarde guide touristique qui s\u2019\u00e9vertue \u00e0 nous abreuver en fran\u00e7ais de d\u00e9tails historiques sur la r\u00e9gion, alors que nous nous abreuvons par nous-m\u00eames des bi\u00e8res toujours d\u00fbment m\u00e9rit\u00e9es.<\/span><\/p>\n<p>&nbsp;<\/p>\n<p><span style=\"font-size: 14pt;\">Le <em>Star Inn<\/em> ne proposant pas ce soir de repas digne de notre app\u00e9tit, nous retournons au <em><strong>Red Lion<\/strong><\/em>, o\u00f9 nous avions mang\u00e9 lors de notre pr\u00e9c\u00e9dente escale.<\/span><\/p>\n<p>&nbsp;<\/p>\n<div id=\"attachment_1395\" style=\"width: 210px\" class=\"wp-caption alignright\"><a href=\"https:\/\/leblanc.pl\/paradox\/wp-content\/uploads\/2025\/03\/La-goelette-Santiana.jpg\"><img loading=\"lazy\" decoding=\"async\" aria-describedby=\"caption-attachment-1395\" class=\"image-a-droite wp-image-1395 size-medium\" title=\"La go\u00e9lette Santiana\" src=\"https:\/\/leblanc.pl\/paradox\/wp-content\/uploads\/2025\/03\/La-goelette-Santiana-200x300.jpg\" alt=\"La go\u00e9lette Santiana\" width=\"200\" height=\"300\" srcset=\"https:\/\/leblanc.pl\/paradox\/wp-content\/uploads\/2025\/03\/La-goelette-Santiana-200x300.jpg 200w, https:\/\/leblanc.pl\/paradox\/wp-content\/uploads\/2025\/03\/La-goelette-Santiana.jpg 534w\" sizes=\"auto, (max-width: 200px) 100vw, 200px\" \/><\/a><p id=\"caption-attachment-1395\" class=\"wp-caption-text\"><\/span> <span style=\"font-size: 14pt;\">La go\u00e9lette Santiana<\/span><\/p><\/div>\n<p>&nbsp;<\/p>\n<p><span style=\"font-size: 14pt;\">En retournant \u00e0 bord, nous remarquons la pr\u00e9sence dans le port d&rsquo;une go\u00e9lette \u00e0 coque bleu fonc\u00e9 gr\u00e9\u00e9e en jonque. Il est malheureusement trop tard pour en rencontrer le propri\u00e9taire.<\/span><\/p>\n<p>&nbsp;<\/p>\n<p><span style=\"font-size: 14pt;\">Une recherche sur le site de la <em><strong>Junk Rig Association<\/strong><\/em> nous a plus tard renseign\u00e9 : il s&rsquo;agit de <em><strong>Santiana<\/strong><\/em>, un<em> Freedom 30<\/em>, jonque \u00e0 2 m\u00e2ts, appartenant \u00e0 M. <em><strong>Charlie Hood<\/strong><\/em>.<\/span><\/p>\n<p>&nbsp;<\/p>\n<p><span style=\"font-size: 14pt;\">Dommage que nous n&rsquo;ayons pas pu le rencontrer.<\/span><\/p>\n<p>&nbsp;<\/p>\n<p><span style=\"font-size: 14pt;\">La photo est celle de son profil sur le site de la JRA.<\/span><\/p>\n<p>&nbsp;<\/p>\n<p>&nbsp;<\/p>\n<p>&nbsp;<\/p>\n<p>&nbsp;<\/p>\n<p>&nbsp;<\/p>\n<p style=\"text-align: right;\"><span style=\"font-size: 14pt;\"><a href=\"https:\/\/leblanc.pl\/paradox\/jour-27-promenade-a-penzance-et-depart-pour-laber-wrach\/\"><em>(\u00e0 suivre)<\/em><\/a><\/span><\/p>\n","protected":false},"excerpt":{"rendered":"<p>Lundi 16 septembre L\u2019heure du d\u00e9part est parfois fix\u00e9e par la mar\u00e9e, et non par le capitaine. Ainsi, il est cinq heures du matin quand nous franchissons les portes du port de Padstow. &nbsp; &nbsp; Le ciel est couvert, et &hellip; <a href=\"https:\/\/leblanc.pl\/paradox\/jour-26-de-padstow-a-newlyn\/\">Continuer la lecture <span class=\"meta-nav\">&rarr;<\/span><\/a><\/p>\n","protected":false},"author":1,"featured_media":498,"parent":0,"menu_order":28,"comment_status":"open","ping_status":"closed","template":"","meta":{"footnotes":""},"class_list":["post-72","page","type-page","status-publish","has-post-thumbnail","hentry"],"_links":{"self":[{"href":"https:\/\/leblanc.pl\/paradox\/wp-json\/wp\/v2\/pages\/72","targetHints":{"allow":["GET"]}}],"collection":[{"href":"https:\/\/leblanc.pl\/paradox\/wp-json\/wp\/v2\/pages"}],"about":[{"href":"https:\/\/leblanc.pl\/paradox\/wp-json\/wp\/v2\/types\/page"}],"author":[{"embeddable":true,"href":"https:\/\/leblanc.pl\/paradox\/wp-json\/wp\/v2\/users\/1"}],"replies":[{"embeddable":true,"href":"https:\/\/leblanc.pl\/paradox\/wp-json\/wp\/v2\/comments?post=72"}],"version-history":[{"count":24,"href":"https:\/\/leblanc.pl\/paradox\/wp-json\/wp\/v2\/pages\/72\/revisions"}],"predecessor-version":[{"id":1842,"href":"https:\/\/leblanc.pl\/paradox\/wp-json\/wp\/v2\/pages\/72\/revisions\/1842"}],"wp:featuredmedia":[{"embeddable":true,"href":"https:\/\/leblanc.pl\/paradox\/wp-json\/wp\/v2\/media\/498"}],"wp:attachment":[{"href":"https:\/\/leblanc.pl\/paradox\/wp-json\/wp\/v2\/media?parent=72"}],"curies":[{"name":"wp","href":"https:\/\/api.w.org\/{rel}","templated":true}]}}