{"id":70,"date":"2025-01-24T16:12:17","date_gmt":"2025-01-24T15:12:17","guid":{"rendered":"https:\/\/leblanc.pl\/paradox\/?page_id=70"},"modified":"2025-04-27T19:39:31","modified_gmt":"2025-04-27T17:39:31","slug":"jour-25-padstow-newquay-et-le-knickerbockerglory","status":"publish","type":"page","link":"https:\/\/leblanc.pl\/paradox\/jour-25-padstow-newquay-et-le-knickerbockerglory\/","title":{"rendered":"Jour 25, Newquay et le Knickerbockerglory"},"content":{"rendered":"<h2><strong>Dimanche 15 septembre<\/strong><\/h2>\n<p><span style=\"font-size: 14pt;\">Nous avions donc d\u00e9cid\u00e9 de rester un jour \u00e0 <em><strong>Padstow<\/strong><\/em>.<\/span><\/p>\n<p><span style=\"font-size: 14pt;\">Il fait toujours tr\u00e8s beau.<\/span><\/p>\n<p>&nbsp;<\/p>\n<div id=\"attachment_1315\" style=\"width: 310px\" class=\"wp-caption alignright\"><a href=\"https:\/\/leblanc.pl\/paradox\/wp-content\/uploads\/2025\/03\/Beau-temps-sur-Padstow.jpg\"><img loading=\"lazy\" decoding=\"async\" aria-describedby=\"caption-attachment-1315\" class=\"image-a-droite wp-image-1315 size-medium\" title=\"Beau temps sur Padstow\" src=\"https:\/\/leblanc.pl\/paradox\/wp-content\/uploads\/2025\/03\/Beau-temps-sur-Padstow-300x152.jpg\" alt=\"Beau temps sur Padstow\" width=\"300\" height=\"152\" srcset=\"https:\/\/leblanc.pl\/paradox\/wp-content\/uploads\/2025\/03\/Beau-temps-sur-Padstow-300x152.jpg 300w, https:\/\/leblanc.pl\/paradox\/wp-content\/uploads\/2025\/03\/Beau-temps-sur-Padstow-768x390.jpg 768w, https:\/\/leblanc.pl\/paradox\/wp-content\/uploads\/2025\/03\/Beau-temps-sur-Padstow.jpg 850w\" sizes=\"auto, (max-width: 300px) 100vw, 300px\" \/><\/a><p id=\"caption-attachment-1315\" class=\"wp-caption-text\"><\/span> <span style=\"font-size: 14pt;\">Beau temps sur Padstow<\/span><\/p><\/div>\n<p>&nbsp;<\/p>\n<p><span style=\"font-size: 14pt;\">Eric et moi nous attelons \u00e0 l\u2019un des autres probl\u00e8mes du bateau : les infiltrations d\u2019eau par le panneau de pont de la cabine avant.<\/span><\/p>\n<p><span style=\"font-size: 14pt;\">La r\u00e9paration consiste \u00e0 laisser couler un produit miracle le long du joint, afin de colmater la fuite. Le r\u00e9sultat s\u2019av\u00e8re concluant, Bruno et Christian peuvent enfin dormir au sec !<\/span><\/p>\n<p>&nbsp;<\/p>\n<p>&nbsp;<\/p>\n<p><span style=\"font-size: 14pt;\">Les deux fr\u00e8res, de leur c\u00f4t\u00e9, s\u2019adonnent \u00e0 leur activit\u00e9, sinon favorite, du moins r\u00e9p\u00e9titive : l\u2019avitaillement.<\/span><\/p>\n<p>&nbsp;<\/p>\n<p><span style=\"font-size: 14pt;\">Apr\u00e8s le repas, nous prenons le bus pour la ville baln\u00e9aire de <strong><em>Newquay<\/em><\/strong>.<\/span><\/p>\n<p><span style=\"font-size: 14pt;\">Cette d\u00e9cision n\u2019est pas le fruit du hasard. Il se trouve que Bruno et Christian y \u00e9taient pass\u00e9s dans leur jeunesse pendant un <em>road-trip<\/em> en auto-stop, c\u2019\u00e9tait en 1973.<\/span><\/p>\n<p>&nbsp;<\/p>\n<p><span style=\"font-size: 14pt;\">Mais ce p\u00e8lerinage a un objectif pr\u00e9cis : d\u00e9guster un <strong><em>Knickerbockerglory<\/em><\/strong>, glace tr\u00e8s \u00e9labor\u00e9e dont ils gardent un souvenir imp\u00e9rissable et que Christian tient absolument \u00e0 nous faire go\u00fbter.<\/span><\/p>\n<p>&nbsp;<\/p>\n<div id=\"attachment_1316\" style=\"width: 310px\" class=\"wp-caption alignleft\"><a href=\"https:\/\/leblanc.pl\/paradox\/wp-content\/uploads\/2025\/03\/Dans-le-bus-pour-Nequay.jpg\"><img loading=\"lazy\" decoding=\"async\" aria-describedby=\"caption-attachment-1316\" class=\"image-a-gauche wp-image-1316 size-medium\" title=\"Dans le bus pour Newquay\" src=\"https:\/\/leblanc.pl\/paradox\/wp-content\/uploads\/2025\/03\/Dans-le-bus-pour-Nequay-300x143.jpg\" alt=\"Dans le bus pour Newquay\" width=\"300\" height=\"143\" srcset=\"https:\/\/leblanc.pl\/paradox\/wp-content\/uploads\/2025\/03\/Dans-le-bus-pour-Nequay-300x143.jpg 300w, https:\/\/leblanc.pl\/paradox\/wp-content\/uploads\/2025\/03\/Dans-le-bus-pour-Nequay-768x366.jpg 768w, https:\/\/leblanc.pl\/paradox\/wp-content\/uploads\/2025\/03\/Dans-le-bus-pour-Nequay.jpg 800w\" sizes=\"auto, (max-width: 300px) 100vw, 300px\" \/><\/a><p id=\"caption-attachment-1316\" class=\"wp-caption-text\"><\/span> <span style=\"font-size: 14pt;\">Dans le bus pour Newquay<\/span><\/p><\/div>\n<p>&nbsp;<\/p>\n<p>&nbsp;<\/p>\n<p><span style=\"font-size: 14pt;\">La balade en bus nous change de la navigation, nous admirons le paysage environnant et retenons notre souffle quand le bus croise d\u2019autres v\u00e9hicules sur les \u00e9troites routes de la campagne de Cornouailles.<\/span><\/p>\n<p>&nbsp;<\/p>\n<div id=\"attachment_1320\" style=\"width: 310px\" class=\"wp-caption alignright\"><a href=\"https:\/\/leblanc.pl\/paradox\/wp-content\/uploads\/2025\/03\/Moral-dacier-.jpg\"><img loading=\"lazy\" decoding=\"async\" aria-describedby=\"caption-attachment-1320\" class=\"image-a-droite wp-image-1320 size-medium\" title=\"Un moral d'acier !\" src=\"https:\/\/leblanc.pl\/paradox\/wp-content\/uploads\/2025\/03\/Moral-dacier--300x225.jpg\" alt=\"Un moral d'acier !\" width=\"300\" height=\"225\" srcset=\"https:\/\/leblanc.pl\/paradox\/wp-content\/uploads\/2025\/03\/Moral-dacier--300x225.jpg 300w, https:\/\/leblanc.pl\/paradox\/wp-content\/uploads\/2025\/03\/Moral-dacier--768x576.jpg 768w, https:\/\/leblanc.pl\/paradox\/wp-content\/uploads\/2025\/03\/Moral-dacier-.jpg 900w\" sizes=\"auto, (max-width: 300px) 100vw, 300px\" \/><\/a><p id=\"caption-attachment-1320\" class=\"wp-caption-text\"><\/span> <span style=\"font-size: 14pt;\">Un moral d&rsquo;acier !<\/span><\/p><\/div>\n<p>&nbsp;<\/p>\n<p>&nbsp;<\/p>\n<p>&nbsp;<\/p>\n<p><span style=\"font-size: 14pt;\">Le ciel s&rsquo;est couvert, et nous dispense parfois une petite pluie, qui ne nous d\u00e9courage pas pour autant.<\/span><\/p>\n<p>&nbsp;<\/p>\n<p><span style=\"font-size: 14pt;\">Nous gardons un moral in\u00e9branlable, tout \u00e0 notre qu\u00eate de la fameuse coupe glac\u00e9e.<\/span><\/p>\n<p>&nbsp;<\/p>\n<p><span style=\"font-size: 14pt;\">Cette mission nous conduira par les rues de Newquay, et sur de jolis sentiers le long des criques, parmi les gen\u00eats et les belles maisons.<\/span><\/p>\n<p>&nbsp;<\/p>\n<div id=\"attachment_1318\" style=\"width: 310px\" class=\"wp-caption alignleft\"><a href=\"https:\/\/leblanc.pl\/paradox\/wp-content\/uploads\/2025\/03\/Le-port-de-Newquay.jpg\"><img loading=\"lazy\" decoding=\"async\" aria-describedby=\"caption-attachment-1318\" class=\"image-a-gauche wp-image-1318 size-medium\" title=\"Le port de Newquay\" src=\"https:\/\/leblanc.pl\/paradox\/wp-content\/uploads\/2025\/03\/Le-port-de-Newquay-300x159.jpg\" alt=\"Le port de Newquay\" width=\"300\" height=\"159\" srcset=\"https:\/\/leblanc.pl\/paradox\/wp-content\/uploads\/2025\/03\/Le-port-de-Newquay-300x159.jpg 300w, https:\/\/leblanc.pl\/paradox\/wp-content\/uploads\/2025\/03\/Le-port-de-Newquay-768x407.jpg 768w, https:\/\/leblanc.pl\/paradox\/wp-content\/uploads\/2025\/03\/Le-port-de-Newquay.jpg 832w\" sizes=\"auto, (max-width: 300px) 100vw, 300px\" \/><\/a><p id=\"caption-attachment-1318\" class=\"wp-caption-text\"><\/span> <span style=\"font-size: 14pt;\">Le port de Newquay<\/span><\/p><\/div>\n<p>&nbsp;<\/p>\n<p><span style=\"font-size: 14pt;\">Mais de <em>Knickerbockerglory<\/em>, point\u00a0!<\/span><\/p>\n<p>&nbsp;<\/p>\n<p><span style=\"font-size: 14pt;\">Malgr\u00e9 plusieurs investigations aupr\u00e8s des habitants\u00a0: \u00ab\u00a0<em>O\u00f9 peut-on consommer un Knickerbockerglory \u00e0 Newquay\u00a0?<\/em>\u00bb, nous devons nous contenter de coupes glac\u00e9es quelconques, aval\u00e9es en quatri\u00e8me vitesse pour ne pas rater le bus de retour \u00e0 Padstow.<\/span><\/p>\n<p>&nbsp;<\/p>\n<div id=\"attachment_1319\" style=\"width: 320px\" class=\"wp-caption alignright\"><a href=\"https:\/\/leblanc.pl\/paradox\/wp-content\/uploads\/2025\/03\/Lexcellent-pianiste-du-pub.jpg\"><img loading=\"lazy\" decoding=\"async\" aria-describedby=\"caption-attachment-1319\" class=\"image-a-droite wp-image-1319\" title=\"Le sympathique pianiste du Harbour Inn\" src=\"https:\/\/leblanc.pl\/paradox\/wp-content\/uploads\/2025\/03\/Lexcellent-pianiste-du-pub-300x188.jpg\" alt=\"Le sympathique pianiste du Harbour Inn\" width=\"310\" height=\"195\" srcset=\"https:\/\/leblanc.pl\/paradox\/wp-content\/uploads\/2025\/03\/Lexcellent-pianiste-du-pub-300x188.jpg 300w, https:\/\/leblanc.pl\/paradox\/wp-content\/uploads\/2025\/03\/Lexcellent-pianiste-du-pub-768x482.jpg 768w, https:\/\/leblanc.pl\/paradox\/wp-content\/uploads\/2025\/03\/Lexcellent-pianiste-du-pub.jpg 800w\" sizes=\"auto, (max-width: 310px) 100vw, 310px\" \/><\/a><p id=\"caption-attachment-1319\" class=\"wp-caption-text\"><\/span> <span style=\"font-size: 14pt;\">Le sympathique pianiste du Harbour Inn<\/span><\/p><\/div>\n<p>&nbsp;<\/p>\n<p>&nbsp;<\/p>\n<p><span style=\"font-size: 14pt;\">Ces p\u00e9r\u00e9grinations ne pouvaient se terminer autrement que par un bon repas dans un pub de Padstow.<\/span><\/p>\n<p><span style=\"font-size: 14pt;\">Nous choisissons le <strong><em>Harbour Inn<\/em><\/strong>, o\u00f9 nous avons le plaisir de d\u00eener avec l\u2019accompagnement d\u2019un dynamique et sympathique pianiste, qui pour la grande joie de Christian connait tous les titres des Beatles.<\/span><\/p>\n<p>&nbsp;<\/p>\n<p>&nbsp;<\/p>\n<p><span style=\"font-size: 14pt;\"><strong><em>Mais le comble de l\u2019histoire\u2026<\/em><\/strong><\/span><\/p>\n<p><span style=\"font-size: 14pt;\">C\u2019est que la carte des desserts de cette auberge propose\u2026 le fameux <em><strong>Knickerbockerglory\u00a0<\/strong>!<\/em><\/span><\/p>\n<p><span style=\"font-size: 14pt;\">Malheureusement, \u00e0 la grande d\u00e9ception de Christian, nos estomacs sont d\u00e9j\u00e0 trop bien remplis et nous renon\u00e7ons l\u00e2chement \u00e0 vivre cette unique exp\u00e9rience.<\/span><\/p>\n<p>&nbsp;<\/p>\n<p><span style=\"font-size: 14pt;\">Une grosse averse nous accompagne alors que nous rentrons passer la nuit sur Paradox.<\/span><\/p>\n<p>&nbsp;<\/p>\n<div id=\"attachment_1344\" style=\"width: 173px\" class=\"wp-caption aligncenter\"><a href=\"https:\/\/leblanc.pl\/paradox\/wp-content\/uploads\/2025\/03\/Le-fameux-Knickerbockerglory-1.jpg\"><img loading=\"lazy\" decoding=\"async\" aria-describedby=\"caption-attachment-1344\" class=\"image-rien wp-image-1344 size-medium\" title=\"Le fameux Knickerbockerglory\" src=\"https:\/\/leblanc.pl\/paradox\/wp-content\/uploads\/2025\/03\/Le-fameux-Knickerbockerglory-1-163x300.jpg\" alt=\"Le fameux Knickerbockerglory\" width=\"163\" height=\"300\" srcset=\"https:\/\/leblanc.pl\/paradox\/wp-content\/uploads\/2025\/03\/Le-fameux-Knickerbockerglory-1-163x300.jpg 163w, https:\/\/leblanc.pl\/paradox\/wp-content\/uploads\/2025\/03\/Le-fameux-Knickerbockerglory-1.jpg 272w\" sizes=\"auto, (max-width: 163px) 100vw, 163px\" \/><\/a><p id=\"caption-attachment-1344\" class=\"wp-caption-text\"><\/span> <span style=\"font-size: 14pt;\">Le fameux Knickerbockerglory<\/span><\/p><\/div>\n<p>&nbsp;<\/p>\n<p style=\"text-align: right;\"><span style=\"font-size: 14pt;\"><a href=\"https:\/\/leblanc.pl\/paradox\/jour-26-de-padstow-a-newlyn\/\"><em>(\u00e0 suivre)<\/em><\/a><\/span><\/p>\n","protected":false},"excerpt":{"rendered":"<p>Dimanche 15 septembre Nous avions donc d\u00e9cid\u00e9 de rester un jour \u00e0 Padstow. Il fait toujours tr\u00e8s beau. &nbsp; &nbsp; Eric et moi nous attelons \u00e0 l\u2019un des autres probl\u00e8mes du bateau : les infiltrations d\u2019eau par le panneau de &hellip; <a href=\"https:\/\/leblanc.pl\/paradox\/jour-25-padstow-newquay-et-le-knickerbockerglory\/\">Continuer la lecture <span class=\"meta-nav\">&rarr;<\/span><\/a><\/p>\n","protected":false},"author":1,"featured_media":647,"parent":0,"menu_order":27,"comment_status":"open","ping_status":"closed","template":"","meta":{"footnotes":""},"class_list":["post-70","page","type-page","status-publish","has-post-thumbnail","hentry"],"_links":{"self":[{"href":"https:\/\/leblanc.pl\/paradox\/wp-json\/wp\/v2\/pages\/70","targetHints":{"allow":["GET"]}}],"collection":[{"href":"https:\/\/leblanc.pl\/paradox\/wp-json\/wp\/v2\/pages"}],"about":[{"href":"https:\/\/leblanc.pl\/paradox\/wp-json\/wp\/v2\/types\/page"}],"author":[{"embeddable":true,"href":"https:\/\/leblanc.pl\/paradox\/wp-json\/wp\/v2\/users\/1"}],"replies":[{"embeddable":true,"href":"https:\/\/leblanc.pl\/paradox\/wp-json\/wp\/v2\/comments?post=70"}],"version-history":[{"count":39,"href":"https:\/\/leblanc.pl\/paradox\/wp-json\/wp\/v2\/pages\/70\/revisions"}],"predecessor-version":[{"id":1841,"href":"https:\/\/leblanc.pl\/paradox\/wp-json\/wp\/v2\/pages\/70\/revisions\/1841"}],"wp:featuredmedia":[{"embeddable":true,"href":"https:\/\/leblanc.pl\/paradox\/wp-json\/wp\/v2\/media\/647"}],"wp:attachment":[{"href":"https:\/\/leblanc.pl\/paradox\/wp-json\/wp\/v2\/media?parent=70"}],"curies":[{"name":"wp","href":"https:\/\/api.w.org\/{rel}","templated":true}]}}