{"id":68,"date":"2025-01-24T16:11:22","date_gmt":"2025-01-24T15:11:22","guid":{"rendered":"https:\/\/leblanc.pl\/paradox\/?page_id=68"},"modified":"2025-04-27T19:37:10","modified_gmt":"2025-04-27T17:37:10","slug":"jour-24-padstow","status":"publish","type":"page","link":"https:\/\/leblanc.pl\/paradox\/jour-24-padstow\/","title":{"rendered":"Jour 24, Padstow, Pays de Galles"},"content":{"rendered":"<h2><strong>Samedi 14 septembre<\/strong><\/h2>\n<div id=\"attachment_1294\" style=\"width: 310px\" class=\"wp-caption alignright\"><a href=\"https:\/\/leblanc.pl\/paradox\/wp-content\/uploads\/2025\/03\/Nous-prenons-le-coffre-de-la-RNLI.jpg\"><img loading=\"lazy\" decoding=\"async\" aria-describedby=\"caption-attachment-1294\" class=\"image-a-droite wp-image-1294 size-medium\" title=\"Nous prenons le coffre de la RNLI\" src=\"https:\/\/leblanc.pl\/paradox\/wp-content\/uploads\/2025\/03\/Nous-prenons-le-coffre-de-la-RNLI-300x169.jpg\" alt=\"Nous prenons le coffre de la RNLI\" width=\"300\" height=\"169\" srcset=\"https:\/\/leblanc.pl\/paradox\/wp-content\/uploads\/2025\/03\/Nous-prenons-le-coffre-de-la-RNLI-300x169.jpg 300w, https:\/\/leblanc.pl\/paradox\/wp-content\/uploads\/2025\/03\/Nous-prenons-le-coffre-de-la-RNLI-768x432.jpg 768w, https:\/\/leblanc.pl\/paradox\/wp-content\/uploads\/2025\/03\/Nous-prenons-le-coffre-de-la-RNLI.jpg 800w\" sizes=\"auto, (max-width: 300px) 100vw, 300px\" \/><\/a><p id=\"caption-attachment-1294\" class=\"wp-caption-text\">Nous prenons le coffre de la RNLI<\/p><\/div>\n<p>&nbsp;<\/p>\n<p><span style=\"font-size: 14pt;\">Il est 9 heures du matin, nous arrivons trop t\u00f4t pour l\u2019ouverture des portes du port.<\/span><\/p>\n<p><span style=\"font-size: 14pt;\">La capitainerie nous autorise \u00e0 nous amarrer temporairement au coffre de la RNLI (la SNSM britannique).<\/span><\/p>\n<p><span style=\"font-size: 14pt;\">A 13h30, nous entrons enfin dans le charmant port de <em><strong>Padstow<\/strong><\/em>.<\/span><\/p>\n<p><span style=\"font-size: 14pt;\">Les instructions de la capitainerie sont claires\u00a0: \u00ab\u00a0<em>Amarrez-vous \u00e0 l\u2019\u00e9chelle\u00a0<strong>7<\/strong>\u00a0!<\/em>\u00bb.<\/span><\/p>\n<p>&nbsp;<\/p>\n<p><span style=\"font-size: 14pt;\">En effet, l\u2019amarrage se fait au bas d\u2019un mur, d\u2019o\u00f9 on acc\u00e8de \u00e0 la ville par des \u00e9chelles num\u00e9rot\u00e9es.<\/span><\/p>\n<p>&nbsp;<\/p>\n<div id=\"attachment_1295\" style=\"width: 310px\" class=\"wp-caption alignleft\"><a href=\"https:\/\/leblanc.pl\/paradox\/wp-content\/uploads\/2025\/03\/Dans-le-port-de-Padstow.jpg\"><img loading=\"lazy\" decoding=\"async\" aria-describedby=\"caption-attachment-1295\" class=\"image-a-gauche wp-image-1295 size-medium\" title=\"Dans le port de Padstow\" src=\"https:\/\/leblanc.pl\/paradox\/wp-content\/uploads\/2025\/03\/Dans-le-port-de-Padstow-300x169.jpg\" alt=\"Dans le port de Padstow\" width=\"300\" height=\"169\" srcset=\"https:\/\/leblanc.pl\/paradox\/wp-content\/uploads\/2025\/03\/Dans-le-port-de-Padstow-300x169.jpg 300w, https:\/\/leblanc.pl\/paradox\/wp-content\/uploads\/2025\/03\/Dans-le-port-de-Padstow-768x432.jpg 768w, https:\/\/leblanc.pl\/paradox\/wp-content\/uploads\/2025\/03\/Dans-le-port-de-Padstow.jpg 800w\" sizes=\"auto, (max-width: 300px) 100vw, 300px\" \/><\/a><p id=\"caption-attachment-1295\" class=\"wp-caption-text\"><\/span> <span style=\"font-size: 14pt;\">Dans le port de Padstow<\/span><\/p><\/div>\n<p>&nbsp;<\/p>\n<p><span style=\"font-size: 14pt;\">J\u2019ai du mal \u00e0 localiser l\u2019\u00e9chelle en question, mais, ironique, le responsable de la capitainerie vient \u00e0 mon secours par VHF\u00a0: \u00ab\u00a0<em>L\u2019\u00e9chelle <strong>7<\/strong> est entre l\u2019\u00e9chelle <strong>6<\/strong> et l\u2019\u00e9chelle <strong>8<\/strong>\u00a0!\u00a0<\/em>\u00bb.<\/span><\/p>\n<p>&nbsp;<\/p>\n<p><span style=\"font-size: 14pt;\">Nous finissons par la trouver, juste \u00e0 c\u00f4t\u00e9 du bateau de la R.N.L.I .<\/span><\/p>\n<p><span style=\"font-size: 14pt;\">L&rsquo;accueil du responsable est cordial, et la plaisanterie jamais loin.<\/span><\/p>\n<p>&nbsp;<\/p>\n<p>&nbsp;<\/p>\n<div id=\"attachment_1296\" style=\"width: 179px\" class=\"wp-caption alignright\"><a href=\"https:\/\/leblanc.pl\/paradox\/wp-content\/uploads\/2025\/03\/An-Englishman-in-Padstow.jpg\"><img loading=\"lazy\" decoding=\"async\" aria-describedby=\"caption-attachment-1296\" class=\"image-a-droite wp-image-1296 size-medium\" title=\"An Englishman in Padstow\" src=\"https:\/\/leblanc.pl\/paradox\/wp-content\/uploads\/2025\/03\/An-Englishman-in-Padstow-169x300.jpg\" alt=\"An Englishman in Padstow\" width=\"169\" height=\"300\" srcset=\"https:\/\/leblanc.pl\/paradox\/wp-content\/uploads\/2025\/03\/An-Englishman-in-Padstow-169x300.jpg 169w, https:\/\/leblanc.pl\/paradox\/wp-content\/uploads\/2025\/03\/An-Englishman-in-Padstow.jpg 437w\" sizes=\"auto, (max-width: 169px) 100vw, 169px\" \/><\/a><p id=\"caption-attachment-1296\" class=\"wp-caption-text\"><\/span> <span style=\"font-size: 14pt;\">An Englishman in Padstow<\/span><\/p><\/div>\n<p>&nbsp;<\/p>\n<p><span style=\"font-size: 14pt;\">Apr\u00e8s la douche m\u00e9rit\u00e9e, nous passons une apr\u00e8s-midi relaxante, avec une promenade dans cette jolie ville, o\u00f9 nous avons l&rsquo;opportunit\u00e9 de croiser d&rsquo;authentiques Anglais !<\/span><\/p>\n<p>&nbsp;<\/p>\n<p><span style=\"font-size: 14pt;\">Pour conclure cette balade, baign\u00e9e de l&rsquo;euphorie de la m\u00e9t\u00e9o estivale et de ce l\u00e2cher-prise qui accompagne l&rsquo;aboutissement de chaque travers\u00e9e, nous concluons \u00e9videmment par une bi\u00e8re dans un pub du port.<\/span><\/p>\n<p>&nbsp;<\/p>\n<p><span style=\"font-size: 14pt;\">Le repas du soir est pris \u00e0 bord, et nous nous pr\u00e9parons \u00e0 prendre des forces pour le lendemain, afin d\u2019\u00eatre d\u2019attaque pour une journ\u00e9e de tourisme que nous avons pr\u00e9vue sans navigation.<\/span><\/p>\n<p>&nbsp;<\/p>\n<p>&nbsp;<\/p>\n<p>&nbsp;<\/p>\n<p>&nbsp;<\/p>\n<p>&nbsp;<\/p>\n<p style=\"text-align: right;\"><span style=\"font-size: 14pt;\"><a href=\"https:\/\/leblanc.pl\/paradox\/jour-25-padstow-newquay-et-le-knickerbockerglory\/\"><em>(\u00e0 suivre)<\/em><\/a><\/span><\/p>\n","protected":false},"excerpt":{"rendered":"<p>Samedi 14 septembre &nbsp; Il est 9 heures du matin, nous arrivons trop t\u00f4t pour l\u2019ouverture des portes du port. La capitainerie nous autorise \u00e0 nous amarrer temporairement au coffre de la RNLI (la SNSM britannique). A 13h30, nous entrons &hellip; <a href=\"https:\/\/leblanc.pl\/paradox\/jour-24-padstow\/\">Continuer la lecture <span class=\"meta-nav\">&rarr;<\/span><\/a><\/p>\n","protected":false},"author":1,"featured_media":492,"parent":0,"menu_order":26,"comment_status":"open","ping_status":"closed","template":"","meta":{"footnotes":""},"class_list":["post-68","page","type-page","status-publish","has-post-thumbnail","hentry"],"_links":{"self":[{"href":"https:\/\/leblanc.pl\/paradox\/wp-json\/wp\/v2\/pages\/68","targetHints":{"allow":["GET"]}}],"collection":[{"href":"https:\/\/leblanc.pl\/paradox\/wp-json\/wp\/v2\/pages"}],"about":[{"href":"https:\/\/leblanc.pl\/paradox\/wp-json\/wp\/v2\/types\/page"}],"author":[{"embeddable":true,"href":"https:\/\/leblanc.pl\/paradox\/wp-json\/wp\/v2\/users\/1"}],"replies":[{"embeddable":true,"href":"https:\/\/leblanc.pl\/paradox\/wp-json\/wp\/v2\/comments?post=68"}],"version-history":[{"count":26,"href":"https:\/\/leblanc.pl\/paradox\/wp-json\/wp\/v2\/pages\/68\/revisions"}],"predecessor-version":[{"id":1840,"href":"https:\/\/leblanc.pl\/paradox\/wp-json\/wp\/v2\/pages\/68\/revisions\/1840"}],"wp:featuredmedia":[{"embeddable":true,"href":"https:\/\/leblanc.pl\/paradox\/wp-json\/wp\/v2\/media\/492"}],"wp:attachment":[{"href":"https:\/\/leblanc.pl\/paradox\/wp-json\/wp\/v2\/media?parent=68"}],"curies":[{"name":"wp","href":"https:\/\/api.w.org\/{rel}","templated":true}]}}