{"id":66,"date":"2025-01-24T16:10:26","date_gmt":"2025-01-24T15:10:26","guid":{"rendered":"https:\/\/leblanc.pl\/paradox\/?page_id=66"},"modified":"2025-04-27T19:35:44","modified_gmt":"2025-04-27T17:35:44","slug":"jour-23-de-kilmore-quay-a-padstow","status":"publish","type":"page","link":"https:\/\/leblanc.pl\/paradox\/jour-23-de-kilmore-quay-a-padstow\/","title":{"rendered":"Jour 23, de Kilmore Quay \u00e0 Padstow"},"content":{"rendered":"<h2><strong>Vendredi 13 septembre<\/strong><\/h2>\n<p><span style=\"font-size: 14pt;\">Lors de mon voyage avec <em><strong>China Blue<\/strong><\/em>, j\u2019avais gard\u00e9 un bon souvenir de la ville tr\u00e8s touristique de <em><strong>Padstow<\/strong> <\/em>(<a href=\"https:\/\/leblanc.pl\/china_blue\/index.php\/the-whole-story\/chapter-8-the-bristol-channel\/\" target=\"_blank\" rel=\"noopener\">https:\/\/leblanc.pl\/china_blue\/index.php\/the-whole-story\/chapter-8-the-bristol-channel\/<\/a> ) et je tenais \u00e0 y amener mes amis.<\/span><\/p>\n<p>&nbsp;<\/p>\n<div id=\"attachment_1275\" style=\"width: 179px\" class=\"wp-caption alignright\"><a href=\"https:\/\/leblanc.pl\/paradox\/wp-content\/uploads\/2025\/03\/Moteur-expose.jpg\"><img loading=\"lazy\" decoding=\"async\" aria-describedby=\"caption-attachment-1275\" class=\"image-a-droite wp-image-1275 size-medium\" title=\"Nous allons pomper les fonds...\" src=\"https:\/\/leblanc.pl\/paradox\/wp-content\/uploads\/2025\/03\/Moteur-expose-169x300.jpg\" alt=\"Nous allons pomper les fonds...\" width=\"169\" height=\"300\" srcset=\"https:\/\/leblanc.pl\/paradox\/wp-content\/uploads\/2025\/03\/Moteur-expose-169x300.jpg 169w, https:\/\/leblanc.pl\/paradox\/wp-content\/uploads\/2025\/03\/Moteur-expose.jpg 394w\" sizes=\"auto, (max-width: 169px) 100vw, 169px\" \/><\/a><p id=\"caption-attachment-1275\" class=\"wp-caption-text\"><\/span> <span style=\"font-size: 14pt;\">Nous allons pomper les fonds&#8230;<\/span><\/p><\/div>\n<p>&nbsp;<\/p>\n<p><span style=\"font-size: 14pt;\">Le d\u00e9part initialement pr\u00e9vu \u00e0 9h, est retard\u00e9 car la fuite de notre r\u00e9servoir b\u00e2bord perdure. Nous passons une heure \u00e0 pomper le gasoil accumul\u00e9 dans les fonds.<\/span><\/p>\n<p>&nbsp;<\/p>\n<p>&nbsp;<\/p>\n<p><span style=\"font-size: 14pt;\">Compatissant, le responsable de la capitainerie de <em><strong>Kilmore Quay<\/strong> <\/em>nous accorde un tarif r\u00e9duit, en compensation du manque d\u2019\u00e9lectricit\u00e9 et de sanitaires la veille.<\/span><\/p>\n<p>&nbsp;<\/p>\n<div id=\"attachment_1274\" style=\"width: 310px\" class=\"wp-caption alignleft\"><a href=\"https:\/\/leblanc.pl\/paradox\/wp-content\/uploads\/2025\/03\/Monsieur-Mousse-tiens-bon-la-barre-.jpg\"><img loading=\"lazy\" decoding=\"async\" aria-describedby=\"caption-attachment-1274\" class=\"image-a-gauche wp-image-1274 size-medium\" title=\"Monsieur Mousse, tiens bon la barre !\" src=\"https:\/\/leblanc.pl\/paradox\/wp-content\/uploads\/2025\/03\/Monsieur-Mousse-tiens-bon-la-barre--300x169.jpg\" alt=\"Monsieur Mousse, tiens bon la barre !\" width=\"300\" height=\"169\" srcset=\"https:\/\/leblanc.pl\/paradox\/wp-content\/uploads\/2025\/03\/Monsieur-Mousse-tiens-bon-la-barre--300x169.jpg 300w, https:\/\/leblanc.pl\/paradox\/wp-content\/uploads\/2025\/03\/Monsieur-Mousse-tiens-bon-la-barre--768x432.jpg 768w, https:\/\/leblanc.pl\/paradox\/wp-content\/uploads\/2025\/03\/Monsieur-Mousse-tiens-bon-la-barre-.jpg 800w\" sizes=\"auto, (max-width: 300px) 100vw, 300px\" \/><\/a><p id=\"caption-attachment-1274\" class=\"wp-caption-text\"><\/span> <span style=\"font-size: 14pt;\">Monsieur Mousse, tiens bon la barre !<\/span><\/p><\/div>\n<p>&nbsp;<\/p>\n<p><span style=\"font-size: 14pt;\">Nous allons parcourir une distance de 120 milles, il y aura bien s\u00fbr une navigation de nuit.<\/span><\/p>\n<p>&nbsp;<\/p>\n<p>&nbsp;<\/p>\n<p><span style=\"font-size: 14pt;\">Nous quittons l\u2019Irlande sous le soleil, et un bon sud-ouest nous assure l\u2019honorable vitesse de 7 n\u0153uds.<\/span><\/p>\n<div id=\"attachment_1277\" style=\"width: 310px\" class=\"wp-caption alignright\"><a href=\"https:\/\/leblanc.pl\/paradox\/wp-content\/uploads\/2025\/03\/Nave-mer-dIrlande.jpg\"><img loading=\"lazy\" decoding=\"async\" aria-describedby=\"caption-attachment-1277\" class=\"image-a-droite wp-image-1277 size-medium\" title=\"Nous retraversons la mer d'Irlande\" src=\"https:\/\/leblanc.pl\/paradox\/wp-content\/uploads\/2025\/03\/Nave-mer-dIrlande-300x151.jpg\" alt=\"Nous retraversons la mer d'Irlande\" width=\"300\" height=\"151\" srcset=\"https:\/\/leblanc.pl\/paradox\/wp-content\/uploads\/2025\/03\/Nave-mer-dIrlande-300x151.jpg 300w, https:\/\/leblanc.pl\/paradox\/wp-content\/uploads\/2025\/03\/Nave-mer-dIrlande-768x387.jpg 768w, https:\/\/leblanc.pl\/paradox\/wp-content\/uploads\/2025\/03\/Nave-mer-dIrlande.jpg 890w\" sizes=\"auto, (max-width: 300px) 100vw, 300px\" \/><\/a><p id=\"caption-attachment-1277\" class=\"wp-caption-text\"><\/span> <span style=\"font-size: 14pt;\">Nous retraversons la mer d&rsquo;Irlande<\/span><\/p><\/div>\n<p>&nbsp;<\/p>\n<p>&nbsp;<\/p>\n<p><span style=\"font-size: 14pt;\">Ces conditions id\u00e9ales durent toute la journ\u00e9e.<\/span><\/p>\n<p>&nbsp;<\/p>\n<p>&nbsp;<\/p>\n<p><span style=\"font-size: 14pt;\">Le cr\u00e9puscule charge le ciel de quelques nuages mena\u00e7ants.<\/span><\/p>\n<p>&nbsp;<\/p>\n<div id=\"attachment_1278\" style=\"width: 210px\" class=\"wp-caption alignleft\"><a href=\"https:\/\/leblanc.pl\/paradox\/wp-content\/uploads\/2025\/03\/Voile-sur-ciel-noir.jpg\"><img loading=\"lazy\" decoding=\"async\" aria-describedby=\"caption-attachment-1278\" class=\"image-a-gauche wp-image-1278 size-medium\" title=\"Le ciel devient mena\u00e7ant\" src=\"https:\/\/leblanc.pl\/paradox\/wp-content\/uploads\/2025\/03\/Voile-sur-ciel-noir-200x300.jpg\" alt=\"Le ciel devient mena\u00e7ant\" width=\"200\" height=\"300\" srcset=\"https:\/\/leblanc.pl\/paradox\/wp-content\/uploads\/2025\/03\/Voile-sur-ciel-noir-200x300.jpg 200w, https:\/\/leblanc.pl\/paradox\/wp-content\/uploads\/2025\/03\/Voile-sur-ciel-noir.jpg 532w\" sizes=\"auto, (max-width: 200px) 100vw, 200px\" \/><\/a><p id=\"caption-attachment-1278\" class=\"wp-caption-text\"><\/span> <span style=\"font-size: 14pt;\">Le ciel devient mena\u00e7ant<\/span><\/p><\/div>\n<p>&nbsp;<\/p>\n<p><span style=\"font-size: 14pt;\">Mais cette m\u00e9t\u00e9o aboie plus fort qu&rsquo;elle ne mord, et nos conditions de navigation restent sereines tout au long de la nuit.<\/span><\/p>\n<p>&nbsp;<\/p>\n<p><span style=\"font-size: 14pt;\">La travers\u00e9e se d\u00e9roule sans histoire, la nuit est magnifique.<\/span><\/p>\n<p>&nbsp;<\/p>\n<p><span style=\"font-size: 14pt;\">Nous ne pouvions esp\u00e9rer mieux.<\/span><\/p>\n<p>&nbsp;<\/p>\n<p><span style=\"font-size: 14pt;\">La mer d\u2019Irlande est travers\u00e9e en 23 heures.<\/span><\/p>\n<p>&nbsp;<\/p>\n<div id=\"attachment_1288\" style=\"width: 310px\" class=\"wp-caption alignright\"><a href=\"https:\/\/leblanc.pl\/paradox\/wp-content\/uploads\/2025\/03\/Devant-Padstow-1.jpg\"><img loading=\"lazy\" decoding=\"async\" aria-describedby=\"caption-attachment-1288\" class=\"image-a-droite wp-image-1288 size-medium\" title=\"Dans le chenal de Padstow\" src=\"https:\/\/leblanc.pl\/paradox\/wp-content\/uploads\/2025\/03\/Devant-Padstow-1-300x169.jpg\" alt=\"Dans le chenal de Padstow\" width=\"300\" height=\"169\" srcset=\"https:\/\/leblanc.pl\/paradox\/wp-content\/uploads\/2025\/03\/Devant-Padstow-1-300x169.jpg 300w, https:\/\/leblanc.pl\/paradox\/wp-content\/uploads\/2025\/03\/Devant-Padstow-1-768x432.jpg 768w, https:\/\/leblanc.pl\/paradox\/wp-content\/uploads\/2025\/03\/Devant-Padstow-1.jpg 850w\" sizes=\"auto, (max-width: 300px) 100vw, 300px\" \/><\/a><p id=\"caption-attachment-1288\" class=\"wp-caption-text\"><\/span> <span style=\"font-size: 14pt;\">Dans le chenal de Padstow<\/span><\/p><\/div>\n<p>&nbsp;<\/p>\n<p>&nbsp;<\/p>\n<p><span style=\"font-size: 14pt;\">Un g\u00e9n\u00e9reux soleil accueille notre arriv\u00e9e dans le chenal de Padstow.<\/span><\/p>\n<p>&nbsp;<\/p>\n<p>&nbsp;<\/p>\n<p>&nbsp;<\/p>\n<p>&nbsp;<\/p>\n<p>&nbsp;<\/p>\n<p>&nbsp;<\/p>\n<p>&nbsp;<\/p>\n<p style=\"text-align: right;\"><span style=\"font-size: 14pt;\"><a href=\"https:\/\/leblanc.pl\/paradox\/jour-24-padstow\/\"><em>(\u00e0 suivre)<\/em><\/a><\/span><\/p>\n","protected":false},"excerpt":{"rendered":"<p>Vendredi 13 septembre Lors de mon voyage avec China Blue, j\u2019avais gard\u00e9 un bon souvenir de la ville tr\u00e8s touristique de Padstow (https:\/\/leblanc.pl\/china_blue\/index.php\/the-whole-story\/chapter-8-the-bristol-channel\/ ) et je tenais \u00e0 y amener mes amis. &nbsp; &nbsp; Le d\u00e9part initialement pr\u00e9vu \u00e0 9h, &hellip; <a href=\"https:\/\/leblanc.pl\/paradox\/jour-23-de-kilmore-quay-a-padstow\/\">Continuer la lecture <span class=\"meta-nav\">&rarr;<\/span><\/a><\/p>\n","protected":false},"author":1,"featured_media":495,"parent":0,"menu_order":25,"comment_status":"open","ping_status":"closed","template":"","meta":{"footnotes":""},"class_list":["post-66","page","type-page","status-publish","has-post-thumbnail","hentry"],"_links":{"self":[{"href":"https:\/\/leblanc.pl\/paradox\/wp-json\/wp\/v2\/pages\/66","targetHints":{"allow":["GET"]}}],"collection":[{"href":"https:\/\/leblanc.pl\/paradox\/wp-json\/wp\/v2\/pages"}],"about":[{"href":"https:\/\/leblanc.pl\/paradox\/wp-json\/wp\/v2\/types\/page"}],"author":[{"embeddable":true,"href":"https:\/\/leblanc.pl\/paradox\/wp-json\/wp\/v2\/users\/1"}],"replies":[{"embeddable":true,"href":"https:\/\/leblanc.pl\/paradox\/wp-json\/wp\/v2\/comments?post=66"}],"version-history":[{"count":22,"href":"https:\/\/leblanc.pl\/paradox\/wp-json\/wp\/v2\/pages\/66\/revisions"}],"predecessor-version":[{"id":1839,"href":"https:\/\/leblanc.pl\/paradox\/wp-json\/wp\/v2\/pages\/66\/revisions\/1839"}],"wp:featuredmedia":[{"embeddable":true,"href":"https:\/\/leblanc.pl\/paradox\/wp-json\/wp\/v2\/media\/495"}],"wp:attachment":[{"href":"https:\/\/leblanc.pl\/paradox\/wp-json\/wp\/v2\/media?parent=66"}],"curies":[{"name":"wp","href":"https:\/\/api.w.org\/{rel}","templated":true}]}}