{"id":64,"date":"2025-01-24T16:09:38","date_gmt":"2025-01-24T15:09:38","guid":{"rendered":"https:\/\/leblanc.pl\/paradox\/?page_id=64"},"modified":"2025-04-27T19:33:29","modified_gmt":"2025-04-27T17:33:29","slug":"jour-22-de-malahide-a-kilmore-quay","status":"publish","type":"page","link":"https:\/\/leblanc.pl\/paradox\/jour-22-de-malahide-a-kilmore-quay\/","title":{"rendered":"Jour 22, de Malahide \u00e0 Kilmore Quay"},"content":{"rendered":"<h2><strong>Jeudi 12 septembre<\/strong><\/h2>\n<div id=\"attachment_1262\" style=\"width: 310px\" class=\"wp-caption alignleft\"><a href=\"https:\/\/leblanc.pl\/paradox\/wp-content\/uploads\/2025\/03\/La-lampe-torche-est-bien-utile-la-nuit-.jpg\"><img loading=\"lazy\" decoding=\"async\" aria-describedby=\"caption-attachment-1262\" class=\"image-a-gauche wp-image-1262 size-medium\" title=\"La lampe torche est indispensable \u00e0 5h du matin !\" src=\"https:\/\/leblanc.pl\/paradox\/wp-content\/uploads\/2025\/03\/La-lampe-torche-est-bien-utile-la-nuit--300x169.jpg\" alt=\"La lampe torche est indispensable \u00e0 5h du matin !\" width=\"300\" height=\"169\" srcset=\"https:\/\/leblanc.pl\/paradox\/wp-content\/uploads\/2025\/03\/La-lampe-torche-est-bien-utile-la-nuit--300x169.jpg 300w, https:\/\/leblanc.pl\/paradox\/wp-content\/uploads\/2025\/03\/La-lampe-torche-est-bien-utile-la-nuit--768x432.jpg 768w, https:\/\/leblanc.pl\/paradox\/wp-content\/uploads\/2025\/03\/La-lampe-torche-est-bien-utile-la-nuit-.jpg 800w\" sizes=\"auto, (max-width: 300px) 100vw, 300px\" \/><\/a><p id=\"caption-attachment-1262\" class=\"wp-caption-text\"><span style=\"font-size: 14pt;\">La lampe torche est indispensable \u00e0 5h du matin !<\/span><\/p><\/div>\n<p>&nbsp;<\/p>\n<p><span style=\"font-size: 14pt;\">Nous avons d\u00e9cid\u00e9 de ne pas faire d\u2019escale \u00e0 Arklow.<\/span><\/p>\n<p>&nbsp;<\/p>\n<p><span style=\"font-size: 14pt;\">91 milles nautiques nous s\u00e9parent de Kilmore Quay, et c\u2019est \u00e0 5 heures du matin que nous larguons les amarres.<\/span><\/p>\n<p>&nbsp;<\/p>\n<p>&nbsp;<\/p>\n<div id=\"attachment_1263\" style=\"width: 310px\" class=\"wp-caption alignright\"><a href=\"https:\/\/leblanc.pl\/paradox\/wp-content\/uploads\/2025\/03\/Vent-arriere-au-lever-du-jour.jpg\"><img loading=\"lazy\" decoding=\"async\" aria-describedby=\"caption-attachment-1263\" class=\"image-a-droite wp-image-1263 size-medium\" title=\"Vent arri\u00e8re au lever du jour\" src=\"https:\/\/leblanc.pl\/paradox\/wp-content\/uploads\/2025\/03\/Vent-arriere-au-lever-du-jour-300x169.jpg\" alt=\"Vent arri\u00e8re au lever du jour\" width=\"300\" height=\"169\" srcset=\"https:\/\/leblanc.pl\/paradox\/wp-content\/uploads\/2025\/03\/Vent-arriere-au-lever-du-jour-300x169.jpg 300w, https:\/\/leblanc.pl\/paradox\/wp-content\/uploads\/2025\/03\/Vent-arriere-au-lever-du-jour-768x432.jpg 768w, https:\/\/leblanc.pl\/paradox\/wp-content\/uploads\/2025\/03\/Vent-arriere-au-lever-du-jour.jpg 800w\" sizes=\"auto, (max-width: 300px) 100vw, 300px\" \/><\/a><p id=\"caption-attachment-1263\" class=\"wp-caption-text\"><span style=\"font-size: 14pt;\">Vent arri\u00e8re au lever du jour<\/span><\/p><\/div>\n<p>&nbsp;<\/p>\n<p>&nbsp;<\/p>\n<p>&nbsp;<\/p>\n<p>&nbsp;<\/p>\n<p><span style=\"font-size: 14pt;\">Un bon nord-est gonfle nos voiles et nous naviguons parfois jusqu\u2019 \u00e0 9 n\u0153uds.<\/span><\/p>\n<p>&nbsp;<\/p>\n<div id=\"attachment_1264\" style=\"width: 310px\" class=\"wp-caption alignleft\"><a href=\"https:\/\/leblanc.pl\/paradox\/wp-content\/uploads\/2025\/03\/Le-ciel-du-couchant-se-couvre.jpg\"><img loading=\"lazy\" decoding=\"async\" aria-describedby=\"caption-attachment-1264\" class=\"image-a-gauche wp-image-1264 size-medium\" title=\"Le ciel du couchant se couvre\" src=\"https:\/\/leblanc.pl\/paradox\/wp-content\/uploads\/2025\/03\/Le-ciel-du-couchant-se-couvre-300x169.jpg\" alt=\"Le ciel du couchant se couvre\" width=\"300\" height=\"169\" srcset=\"https:\/\/leblanc.pl\/paradox\/wp-content\/uploads\/2025\/03\/Le-ciel-du-couchant-se-couvre-300x169.jpg 300w, https:\/\/leblanc.pl\/paradox\/wp-content\/uploads\/2025\/03\/Le-ciel-du-couchant-se-couvre-768x432.jpg 768w, https:\/\/leblanc.pl\/paradox\/wp-content\/uploads\/2025\/03\/Le-ciel-du-couchant-se-couvre.jpg 950w\" sizes=\"auto, (max-width: 300px) 100vw, 300px\" \/><\/a><p id=\"caption-attachment-1264\" class=\"wp-caption-text\"><span style=\"font-size: 14pt;\">Le ciel du couchant se couvre<\/span><\/p><\/div>\n<p>&nbsp;<\/p>\n<p><span style=\"font-size: 14pt;\">Mais apr\u00e8s une dizaine d\u2019heures, d\u2019\u00e9normes nuages noircissent le ciel et le vent nous abandonne.<\/span><\/p>\n<p>&nbsp;<\/p>\n<p><span style=\"font-size: 14pt;\">C\u2019est au moteur que nous couvrirons les 30 derniers milles et \u00e0 20 heures\u00a0nous nous amarrons \u00e0 <em><strong>Kilmore Quay<\/strong><\/em>.<\/span><\/p>\n<p>&nbsp;<\/p>\n<p>&nbsp;<\/p>\n<p>&nbsp;<\/p>\n<p><span style=\"font-size: 14pt;\">L\u2019heure tardive nous prive de capitainerie, donc de sanitaires et d\u2019\u00e9lectricit\u00e9.<\/span><\/p>\n<p>&nbsp;<\/p>\n<div id=\"attachment_1265\" style=\"width: 310px\" class=\"wp-caption alignright\"><a href=\"https:\/\/leblanc.pl\/paradox\/wp-content\/uploads\/2025\/03\/Repas-a-bord-ce-soir-.jpg\"><img loading=\"lazy\" decoding=\"async\" aria-describedby=\"caption-attachment-1265\" class=\"image-a-droite wp-image-1265 size-medium\" title=\"Repas \u00e0 bord ce soir !\" src=\"https:\/\/leblanc.pl\/paradox\/wp-content\/uploads\/2025\/03\/Repas-a-bord-ce-soir--300x176.jpg\" alt=\"Repas \u00e0 bord ce soir !\" width=\"300\" height=\"176\" srcset=\"https:\/\/leblanc.pl\/paradox\/wp-content\/uploads\/2025\/03\/Repas-a-bord-ce-soir--300x176.jpg 300w, https:\/\/leblanc.pl\/paradox\/wp-content\/uploads\/2025\/03\/Repas-a-bord-ce-soir-.jpg 726w\" sizes=\"auto, (max-width: 300px) 100vw, 300px\" \/><\/a><p id=\"caption-attachment-1265\" class=\"wp-caption-text\"><span style=\"font-size: 14pt;\">Repas \u00e0 bord ce soir !<\/span><\/p><\/div>\n<p><span style=\"font-size: 14pt;\">Heureux mais fatigu\u00e9s, nous faisons une croix sur le pub, mais le <em>take-away<\/em> pr\u00e8s du port nous fournit nos derniers <em>fish &amp; chips<\/em> irlandais, que nous consommons \u00e0 bord.<\/span><\/p>\n<p>&nbsp;<\/p>\n<p><span style=\"font-size: 14pt;\">Apr\u00e8s le repas, Brexit oblige, nous r\u00e9alisons nos formalit\u00e9s de douane sur internet\u00a0: car le lendemain, nous partons pour le <em><strong>Pays de Galles<\/strong><\/em>\u00a0!<\/span><\/p>\n<p>&nbsp;<\/p>\n<p>&nbsp;<\/p>\n<p>&nbsp;<\/p>\n<p>&nbsp;<\/p>\n<p style=\"text-align: right;\"><span style=\"font-size: 14pt;\"><a href=\"https:\/\/leblanc.pl\/paradox\/jour-23-de-kilmore-quay-a-padstow\/\"><em>(\u00e0 suivre)<\/em><\/a><\/span><\/p>\n","protected":false},"excerpt":{"rendered":"<p>Jeudi 12 septembre &nbsp; Nous avons d\u00e9cid\u00e9 de ne pas faire d\u2019escale \u00e0 Arklow. &nbsp; 91 milles nautiques nous s\u00e9parent de Kilmore Quay, et c\u2019est \u00e0 5 heures du matin que nous larguons les amarres. &nbsp; &nbsp; &nbsp; &nbsp; &nbsp; &hellip; <a href=\"https:\/\/leblanc.pl\/paradox\/jour-22-de-malahide-a-kilmore-quay\/\">Continuer la lecture <span class=\"meta-nav\">&rarr;<\/span><\/a><\/p>\n","protected":false},"author":1,"featured_media":490,"parent":0,"menu_order":24,"comment_status":"open","ping_status":"closed","template":"","meta":{"footnotes":""},"class_list":["post-64","page","type-page","status-publish","has-post-thumbnail","hentry"],"_links":{"self":[{"href":"https:\/\/leblanc.pl\/paradox\/wp-json\/wp\/v2\/pages\/64","targetHints":{"allow":["GET"]}}],"collection":[{"href":"https:\/\/leblanc.pl\/paradox\/wp-json\/wp\/v2\/pages"}],"about":[{"href":"https:\/\/leblanc.pl\/paradox\/wp-json\/wp\/v2\/types\/page"}],"author":[{"embeddable":true,"href":"https:\/\/leblanc.pl\/paradox\/wp-json\/wp\/v2\/users\/1"}],"replies":[{"embeddable":true,"href":"https:\/\/leblanc.pl\/paradox\/wp-json\/wp\/v2\/comments?post=64"}],"version-history":[{"count":20,"href":"https:\/\/leblanc.pl\/paradox\/wp-json\/wp\/v2\/pages\/64\/revisions"}],"predecessor-version":[{"id":1838,"href":"https:\/\/leblanc.pl\/paradox\/wp-json\/wp\/v2\/pages\/64\/revisions\/1838"}],"wp:featuredmedia":[{"embeddable":true,"href":"https:\/\/leblanc.pl\/paradox\/wp-json\/wp\/v2\/media\/490"}],"wp:attachment":[{"href":"https:\/\/leblanc.pl\/paradox\/wp-json\/wp\/v2\/media?parent=64"}],"curies":[{"name":"wp","href":"https:\/\/api.w.org\/{rel}","templated":true}]}}