{"id":62,"date":"2025-01-24T16:08:33","date_gmt":"2025-01-24T15:08:33","guid":{"rendered":"https:\/\/leblanc.pl\/paradox\/?page_id=62"},"modified":"2025-04-27T19:30:46","modified_gmt":"2025-04-27T17:30:46","slug":"jour-21-dublin","status":"publish","type":"page","link":"https:\/\/leblanc.pl\/paradox\/jour-21-dublin\/","title":{"rendered":"Jour 21, Mus\u00e9e National d\u2019Arch\u00e9ologie, r\u00e9ception chez Dorothy et Joe"},"content":{"rendered":"<h2><strong>Mercredi 11 septembre<\/strong><\/h2>\n<p><span style=\"font-size: 14pt;\">Aujourd\u2019hui est le dernier jour avant notre d\u00e9part final.<\/span><\/p>\n<p><span style=\"font-size: 14pt;\">Nous tenons \u00e0 en profiter au maximum.<\/span><\/p>\n<p><span style=\"font-size: 14pt;\">Nous devons tout d\u2019abord, en bons gentlemen, remercier nos h\u00f4tes, et plus particuli\u00e8rement nos h\u00f4tesses Yvonne et Dorothy.<\/span><\/p>\n<p><span style=\"font-size: 14pt;\">Une fleuriste de Malahide est mandat\u00e9e pour confectionner et livrer deux jolis bouquets.<\/span><\/p>\n<p>&nbsp;<\/p>\n<div id=\"attachment_1230\" style=\"width: 310px\" class=\"wp-caption alignleft\"><a href=\"https:\/\/leblanc.pl\/paradox\/wp-content\/uploads\/2025\/03\/Luniversite-du-Trinity-College.jpg\"><img loading=\"lazy\" decoding=\"async\" aria-describedby=\"caption-attachment-1230\" class=\"image-a-gauche wp-image-1230 size-medium\" title=\"L'universit\u00e9 du Trinity College\" src=\"https:\/\/leblanc.pl\/paradox\/wp-content\/uploads\/2025\/03\/Luniversite-du-Trinity-College-300x169.jpg\" alt=\"L'universit\u00e9 du Trinity College\" width=\"300\" height=\"169\" srcset=\"https:\/\/leblanc.pl\/paradox\/wp-content\/uploads\/2025\/03\/Luniversite-du-Trinity-College-300x169.jpg 300w, https:\/\/leblanc.pl\/paradox\/wp-content\/uploads\/2025\/03\/Luniversite-du-Trinity-College-768x432.jpg 768w, https:\/\/leblanc.pl\/paradox\/wp-content\/uploads\/2025\/03\/Luniversite-du-Trinity-College.jpg 850w\" sizes=\"auto, (max-width: 300px) 100vw, 300px\" \/><\/a><p id=\"caption-attachment-1230\" class=\"wp-caption-text\"><\/span> <span style=\"font-size: 14pt;\">L&rsquo;universit\u00e9 du Trinity College<\/span><\/p><\/div>\n<p>&nbsp;<\/p>\n<p><span style=\"font-size: 14pt;\">L\u2019\u00e9quipage au complet prend ensuite le train pour Dublin.<\/span><\/p>\n<p><span style=\"font-size: 14pt;\">Nous traversons les parcs de l&rsquo;universit\u00e9 du Trinity College.<\/span><\/p>\n<p>&nbsp;<\/p>\n<p><span style=\"font-size: 14pt;\">Eric nous emm\u00e8ne visiter le\u00a0<em><strong>Mus\u00e9e National d\u2019Arch\u00e9ologie<\/strong><\/em>.<\/span><\/p>\n<div id=\"attachment_1231\" style=\"width: 310px\" class=\"wp-caption alignright\"><a href=\"https:\/\/leblanc.pl\/paradox\/wp-content\/uploads\/2025\/03\/Dublin-le-musee-dArcheologie.jpg\"><img loading=\"lazy\" decoding=\"async\" aria-describedby=\"caption-attachment-1231\" class=\"image-a-droite wp-image-1231 size-medium\" title=\"Dublin - le mus\u00e9e d'Arch\u00e9ologie\" src=\"https:\/\/leblanc.pl\/paradox\/wp-content\/uploads\/2025\/03\/Dublin-le-musee-dArcheologie-300x192.jpg\" alt=\"Dublin - le mus\u00e9e d'Arch\u00e9ologie\" width=\"300\" height=\"192\" srcset=\"https:\/\/leblanc.pl\/paradox\/wp-content\/uploads\/2025\/03\/Dublin-le-musee-dArcheologie-300x192.jpg 300w, https:\/\/leblanc.pl\/paradox\/wp-content\/uploads\/2025\/03\/Dublin-le-musee-dArcheologie-768x491.jpg 768w, https:\/\/leblanc.pl\/paradox\/wp-content\/uploads\/2025\/03\/Dublin-le-musee-dArcheologie.jpg 800w\" sizes=\"auto, (max-width: 300px) 100vw, 300px\" \/><\/a><p id=\"caption-attachment-1231\" class=\"wp-caption-text\"><\/span> <span style=\"font-size: 14pt;\">Dublin &#8211; le mus\u00e9e d&rsquo;Arch\u00e9ologie<\/span><\/p><\/div>\n<p>&nbsp;<\/p>\n<p><span style=\"font-size: 14pt;\">Nous passons une matin\u00e9e tr\u00e8s instructive bien que trop courte dans ce superbe \u00e9difice.<\/span><\/p>\n<p>&nbsp;<\/p>\n<p><span style=\"font-size: 14pt;\">Il est 15 heures lorsque nous sortons du mus\u00e9e. La journ\u00e9e est belle, et nous avons faim.<\/span><\/p>\n<p>&nbsp;<\/p>\n<div id=\"attachment_1232\" style=\"width: 310px\" class=\"wp-caption alignleft\"><a href=\"https:\/\/leblanc.pl\/paradox\/wp-content\/uploads\/2025\/03\/Au-Doheny-and-Nesbitt.jpg\"><img loading=\"lazy\" decoding=\"async\" aria-describedby=\"caption-attachment-1232\" class=\"image-a-gauche wp-image-1232 size-medium\" title=\"Au Doheny and Nesbitt\" src=\"https:\/\/leblanc.pl\/paradox\/wp-content\/uploads\/2025\/03\/Au-Doheny-and-Nesbitt-300x225.jpg\" alt=\"Au Doheny and Nesbitt\" width=\"300\" height=\"225\" srcset=\"https:\/\/leblanc.pl\/paradox\/wp-content\/uploads\/2025\/03\/Au-Doheny-and-Nesbitt-300x225.jpg 300w, https:\/\/leblanc.pl\/paradox\/wp-content\/uploads\/2025\/03\/Au-Doheny-and-Nesbitt-768x576.jpg 768w, https:\/\/leblanc.pl\/paradox\/wp-content\/uploads\/2025\/03\/Au-Doheny-and-Nesbitt.jpg 800w\" sizes=\"auto, (max-width: 300px) 100vw, 300px\" \/><\/a><p id=\"caption-attachment-1232\" class=\"wp-caption-text\"><\/span> <span style=\"font-size: 14pt;\">Au Doheny and Nesbitt<\/span><\/p><\/div>\n<p>&nbsp;<\/p>\n<p>&nbsp;<\/p>\n<p><span style=\"font-size: 14pt;\">Nous cherchons un pub, le choix est multiple et nous nous d\u00e9cidons pour le \u00ab\u00a0<strong><em>Doheny and Nesbitt<\/em><\/strong> \u00bb, magnifique pub victorien dans <em>Baggot Street<\/em>.<\/span><\/p>\n<p>&nbsp;<\/p>\n<p><span style=\"font-size: 14pt;\">Nous entendons battre le c\u0153ur de l\u2019Irlande\u00a0!<\/span><\/p>\n<p>&nbsp;<\/p>\n<p>&nbsp;<\/p>\n<div id=\"attachment_1234\" style=\"width: 310px\" class=\"wp-caption alignright\"><a href=\"https:\/\/leblanc.pl\/paradox\/wp-content\/uploads\/2025\/03\/Famine-le-memorial-sur-la-rive-de-la-Liffey.jpg\"><img loading=\"lazy\" decoding=\"async\" aria-describedby=\"caption-attachment-1234\" class=\"image-a-droite wp-image-1234 size-medium\" title=\"&quot;Famine&quot;, le m\u00e9morial sur la rive de la Liffey\" src=\"https:\/\/leblanc.pl\/paradox\/wp-content\/uploads\/2025\/03\/Famine-le-memorial-sur-la-rive-de-la-Liffey-300x169.jpg\" alt=\"&quot;Famine&quot;, le m\u00e9morial sur la rive de la Liffey\" width=\"300\" height=\"169\" srcset=\"https:\/\/leblanc.pl\/paradox\/wp-content\/uploads\/2025\/03\/Famine-le-memorial-sur-la-rive-de-la-Liffey-300x169.jpg 300w, https:\/\/leblanc.pl\/paradox\/wp-content\/uploads\/2025\/03\/Famine-le-memorial-sur-la-rive-de-la-Liffey-768x432.jpg 768w, https:\/\/leblanc.pl\/paradox\/wp-content\/uploads\/2025\/03\/Famine-le-memorial-sur-la-rive-de-la-Liffey.jpg 800w\" sizes=\"auto, (max-width: 300px) 100vw, 300px\" \/><\/a><p id=\"caption-attachment-1234\" class=\"wp-caption-text\"><\/span> <span style=\"font-size: 14pt;\">\u00ab\u00a0Famine\u00a0\u00bb, le m\u00e9morial sur la rive de la Liffey<\/span><\/p><\/div>\n<p>&nbsp;<\/p>\n<p>&nbsp;<\/p>\n<p><span style=\"font-size: 14pt;\">Comment ne pas mentionner, sur la rive droite de la rivi\u00e8re Liffey, l&rsquo;\u00e9mouvant groupe de statues qui comm\u00e9more la terrible famine qui frappa l&rsquo;Irlande en 1845, et l&rsquo;exode qui s&rsquo;en suivit.<\/span><\/p>\n<p>&nbsp;<\/p>\n<p>&nbsp;<\/p>\n<p><span style=\"font-size: 14pt;\">Plus tard, la promenade au gr\u00e9 des rues de Dublin nous r\u00e9serve quelques surprises plus l\u00e9g\u00e8res.<\/span><\/p>\n<p>&nbsp;<\/p>\n<div id=\"attachment_1235\" style=\"width: 310px\" class=\"wp-caption alignleft\"><a href=\"https:\/\/leblanc.pl\/paradox\/wp-content\/uploads\/2025\/03\/Christian-et-Oscar.jpg\"><img loading=\"lazy\" decoding=\"async\" aria-describedby=\"caption-attachment-1235\" class=\"image-a-gauche wp-image-1235 size-medium\" title=\"Christian et Oscar\" src=\"https:\/\/leblanc.pl\/paradox\/wp-content\/uploads\/2025\/03\/Christian-et-Oscar-300x202.jpg\" alt=\"Christian et Oscar\" width=\"300\" height=\"202\" srcset=\"https:\/\/leblanc.pl\/paradox\/wp-content\/uploads\/2025\/03\/Christian-et-Oscar-300x202.jpg 300w, https:\/\/leblanc.pl\/paradox\/wp-content\/uploads\/2025\/03\/Christian-et-Oscar-768x516.jpg 768w, https:\/\/leblanc.pl\/paradox\/wp-content\/uploads\/2025\/03\/Christian-et-Oscar.jpg 800w\" sizes=\"auto, (max-width: 300px) 100vw, 300px\" \/><\/a><p id=\"caption-attachment-1235\" class=\"wp-caption-text\"><\/span> <span style=\"font-size: 14pt;\">Christian et Oscar<\/span><\/p><\/div>\n<p>&nbsp;<\/p>\n<p>&nbsp;<\/p>\n<p><span style=\"font-size: 14pt;\">Kiki pose entre un f\u00fbt de Guinness et son pote Oscar Wilde.<\/span><\/p>\n<p>&nbsp;<\/p>\n<p><span style=\"font-size: 14pt;\">Ne croirait-on pas un v\u00e9ritable Irlandais ?!<\/span><\/p>\n<p>&nbsp;<\/p>\n<p>&nbsp;<\/p>\n<div id=\"attachment_1236\" style=\"width: 212px\" class=\"wp-caption alignright\"><a href=\"https:\/\/leblanc.pl\/paradox\/wp-content\/uploads\/2025\/03\/Une-drole-denseigne.jpg\"><img loading=\"lazy\" decoding=\"async\" aria-describedby=\"caption-attachment-1236\" class=\"image-a-droite wp-image-1236 size-medium\" title=\"Une enseigne qui m'interpelle !\" src=\"https:\/\/leblanc.pl\/paradox\/wp-content\/uploads\/2025\/03\/Une-drole-denseigne-202x300.jpg\" alt=\"Une enseigne qui m'interpelle !\" width=\"202\" height=\"300\" srcset=\"https:\/\/leblanc.pl\/paradox\/wp-content\/uploads\/2025\/03\/Une-drole-denseigne-202x300.jpg 202w, https:\/\/leblanc.pl\/paradox\/wp-content\/uploads\/2025\/03\/Une-drole-denseigne.jpg 471w\" sizes=\"auto, (max-width: 202px) 100vw, 202px\" \/><\/a><p id=\"caption-attachment-1236\" class=\"wp-caption-text\"><\/span> <span style=\"font-size: 14pt;\">Une enseigne qui m&rsquo;interpelle !<\/span><\/p><\/div>\n<p>&nbsp;<\/p>\n<p><span style=\"font-size: 14pt;\">Dans une ruelle, l&rsquo;enseigne d&rsquo;une boutique frappe mon regard :<\/span><\/p>\n<p>&nbsp;<\/p>\n<p><span style=\"font-size: 14pt;\">Quel malicieux clin d&rsquo;oeil, allusion fortuite \u00e0 mon pr\u00e9c\u00e9dent passage dans ce pays avec <em><strong>China Blue<\/strong><\/em>, ma premi\u00e8re go\u00e9lette \u00e0 gr\u00e9ement de jonque que j&rsquo;avais ramen\u00e9e de Glasgow, et qui fut deux ans plus tard remplac\u00e9e par <em>Paradox<\/em>.<\/span><\/p>\n<p>&nbsp;<\/p>\n<p>&nbsp;<\/p>\n<div id=\"attachment_1239\" style=\"width: 235px\" class=\"wp-caption alignleft\"><a href=\"https:\/\/leblanc.pl\/paradox\/wp-content\/uploads\/2025\/03\/Un-T-shirt-de-circonstance-.jpg\"><img loading=\"lazy\" decoding=\"async\" aria-describedby=\"caption-attachment-1239\" class=\"image-a-gauche wp-image-1239 size-medium\" title=\"Un T-shirt de circonstance !\" src=\"https:\/\/leblanc.pl\/paradox\/wp-content\/uploads\/2025\/03\/Un-T-shirt-de-circonstance--225x300.jpg\" alt=\"Un T-shirt de circonstance !\" width=\"225\" height=\"300\" srcset=\"https:\/\/leblanc.pl\/paradox\/wp-content\/uploads\/2025\/03\/Un-T-shirt-de-circonstance--225x300.jpg 225w, https:\/\/leblanc.pl\/paradox\/wp-content\/uploads\/2025\/03\/Un-T-shirt-de-circonstance-.jpg 563w\" sizes=\"auto, (max-width: 225px) 100vw, 225px\" \/><\/a><p id=\"caption-attachment-1239\" class=\"wp-caption-text\"><\/span> <span style=\"font-size: 14pt;\">Un T-shirt de circonstance !<\/span><\/p><\/div>\n<p>&nbsp;<\/p>\n<p><span style=\"font-size: 14pt;\"><em><strong>Paradox<\/strong><\/em>, que Bruno et Christian d\u00e9couvrent plus tard sur un T-shirt, qu&rsquo;ils s&#8217;empressent \u00e9videmment de m&rsquo;offrir !<\/span><\/p>\n<p>&nbsp;<\/p>\n<p><span style=\"font-size: 14pt;\">Sans nuire \u00e0 l\u2019ambiance irlandaise, le ciel se couvre et la pluie d\u00e9cide d&rsquo;accompagner notre voyage de retour au bateau.<\/span><\/p>\n<p>&nbsp;<\/p>\n<div id=\"attachment_1240\" style=\"width: 310px\" class=\"wp-caption alignright\"><a href=\"https:\/\/leblanc.pl\/paradox\/wp-content\/uploads\/2025\/03\/Derniere-soioree-a-Malahide-merci-Dorothy-et-Joe-.jpg\"><img loading=\"lazy\" decoding=\"async\" aria-describedby=\"caption-attachment-1240\" class=\"image-a-droite wp-image-1240 size-medium\" title=\"Derni\u00e8re soir\u00e9e \u00e0 Malahide, merci Dorothy et Joe !\" src=\"https:\/\/leblanc.pl\/paradox\/wp-content\/uploads\/2025\/03\/Derniere-soioree-a-Malahide-merci-Dorothy-et-Joe--300x169.jpg\" alt=\"Derni\u00e8re soir\u00e9e \u00e0 Malahide, merci Dorothy et Joe !\" width=\"300\" height=\"169\" srcset=\"https:\/\/leblanc.pl\/paradox\/wp-content\/uploads\/2025\/03\/Derniere-soioree-a-Malahide-merci-Dorothy-et-Joe--300x169.jpg 300w, https:\/\/leblanc.pl\/paradox\/wp-content\/uploads\/2025\/03\/Derniere-soioree-a-Malahide-merci-Dorothy-et-Joe--768x432.jpg 768w, https:\/\/leblanc.pl\/paradox\/wp-content\/uploads\/2025\/03\/Derniere-soioree-a-Malahide-merci-Dorothy-et-Joe-.jpg 800w\" sizes=\"auto, (max-width: 300px) 100vw, 300px\" \/><\/a><p id=\"caption-attachment-1240\" class=\"wp-caption-text\"><\/span> <span style=\"font-size: 14pt;\">Derni\u00e8re soir\u00e9e \u00e0 Malahide, merci Dorothy et Joe !<\/span><\/p><\/div>\n<p><span style=\"font-size: 14pt;\">Cette ultime journ\u00e9e aura son point d\u2019orgue avec l\u2019invitation \u00e0 un dernier repas chez Joe et Dorothy, o\u00f9 se retrouve tout l\u2019\u00e9quipage, ainsi qu\u2019Alan, Kevin et Yvonne.<\/span><\/p>\n<p>&nbsp;<\/p>\n<p>&nbsp;<\/p>\n<p><span style=\"font-size: 14pt;\">Cette tr\u00e8s sympathique soir\u00e9e marque le point final de notre s\u00e9jour en Irlande.<\/span><\/p>\n<p>&nbsp;<\/p>\n<p>&nbsp;<\/p>\n<p style=\"text-align: right;\"><span style=\"font-size: 14pt;\"><a href=\"https:\/\/leblanc.pl\/paradox\/jour-22-de-malahide-a-kilmore-quay\/\"><em>(\u00e0 suivre)<\/em><\/a><\/span><\/p>\n","protected":false},"excerpt":{"rendered":"<p>Mercredi 11 septembre Aujourd\u2019hui est le dernier jour avant notre d\u00e9part final. Nous tenons \u00e0 en profiter au maximum. Nous devons tout d\u2019abord, en bons gentlemen, remercier nos h\u00f4tes, et plus particuli\u00e8rement nos h\u00f4tesses Yvonne et Dorothy. Une fleuriste de &hellip; <a href=\"https:\/\/leblanc.pl\/paradox\/jour-21-dublin\/\">Continuer la lecture <span class=\"meta-nav\">&rarr;<\/span><\/a><\/p>\n","protected":false},"author":1,"featured_media":487,"parent":0,"menu_order":23,"comment_status":"closed","ping_status":"closed","template":"","meta":{"footnotes":""},"class_list":["post-62","page","type-page","status-publish","has-post-thumbnail","hentry"],"_links":{"self":[{"href":"https:\/\/leblanc.pl\/paradox\/wp-json\/wp\/v2\/pages\/62","targetHints":{"allow":["GET"]}}],"collection":[{"href":"https:\/\/leblanc.pl\/paradox\/wp-json\/wp\/v2\/pages"}],"about":[{"href":"https:\/\/leblanc.pl\/paradox\/wp-json\/wp\/v2\/types\/page"}],"author":[{"embeddable":true,"href":"https:\/\/leblanc.pl\/paradox\/wp-json\/wp\/v2\/users\/1"}],"replies":[{"embeddable":true,"href":"https:\/\/leblanc.pl\/paradox\/wp-json\/wp\/v2\/comments?post=62"}],"version-history":[{"count":38,"href":"https:\/\/leblanc.pl\/paradox\/wp-json\/wp\/v2\/pages\/62\/revisions"}],"predecessor-version":[{"id":1833,"href":"https:\/\/leblanc.pl\/paradox\/wp-json\/wp\/v2\/pages\/62\/revisions\/1833"}],"wp:featuredmedia":[{"embeddable":true,"href":"https:\/\/leblanc.pl\/paradox\/wp-json\/wp\/v2\/media\/487"}],"wp:attachment":[{"href":"https:\/\/leblanc.pl\/paradox\/wp-json\/wp\/v2\/media?parent=62"}],"curies":[{"name":"wp","href":"https:\/\/api.w.org\/{rel}","templated":true}]}}