{"id":60,"date":"2025-01-24T16:07:01","date_gmt":"2025-01-24T15:07:01","guid":{"rendered":"https:\/\/leblanc.pl\/paradox\/?page_id=60"},"modified":"2025-04-27T19:28:49","modified_gmt":"2025-04-27T17:28:49","slug":"jour-20-dublin","status":"publish","type":"page","link":"https:\/\/leblanc.pl\/paradox\/jour-20-dublin\/","title":{"rendered":"Jour 20, des touristes \u00e0 Dublin"},"content":{"rendered":"<h2><strong>Mardi 10 septembre<\/strong><\/h2>\n<p><span style=\"font-size: 14pt;\">Aujourd&rsquo;hui, c\u2019est au tour de V\u00e9ronique de nous quitter. \u00a0\ud83d\ude41\u00a0<\/span><\/p>\n<p><span style=\"font-size: 14pt;\">Alors que Bruno l\u2019accompagne \u00e0 l\u2019a\u00e9roport, le reste de l\u2019\u00e9quipage va faire les courses pour compl\u00e9ter l\u2019avitaillement.<\/span><\/p>\n<p>&nbsp;<\/p>\n<p><span style=\"font-size: 14pt;\">La m\u00e9t\u00e9o est toujours cl\u00e9mente, nous partons avec Kevin pour visiter Dublin.<\/span><\/p>\n<div id=\"attachment_1200\" style=\"width: 310px\" class=\"wp-caption alignright\"><a href=\"https:\/\/leblanc.pl\/paradox\/wp-content\/uploads\/2025\/03\/On-embarque-avec-les-touristes-.jpg\"><img loading=\"lazy\" decoding=\"async\" aria-describedby=\"caption-attachment-1200\" class=\"image-a-droite wp-image-1200 size-medium\" title=\"On embarque avec les touristes !\" src=\"https:\/\/leblanc.pl\/paradox\/wp-content\/uploads\/2025\/03\/On-embarque-avec-les-touristes--300x169.jpg\" alt=\"On embarque avec les touristes !\" width=\"300\" height=\"169\" srcset=\"https:\/\/leblanc.pl\/paradox\/wp-content\/uploads\/2025\/03\/On-embarque-avec-les-touristes--300x169.jpg 300w, https:\/\/leblanc.pl\/paradox\/wp-content\/uploads\/2025\/03\/On-embarque-avec-les-touristes--768x432.jpg 768w, https:\/\/leblanc.pl\/paradox\/wp-content\/uploads\/2025\/03\/On-embarque-avec-les-touristes-.jpg 800w\" sizes=\"auto, (max-width: 300px) 100vw, 300px\" \/><\/a><p id=\"caption-attachment-1200\" class=\"wp-caption-text\"><\/span> <span style=\"font-size: 14pt;\">On embarque avec les touristes !<\/span><\/p><\/div>\n<p>&nbsp;<\/p>\n<p><span style=\"font-size: 14pt;\">Nous avons r\u00e9serv\u00e9 une promenade sur la rivi\u00e8re et les canaux de la ville.<\/span><\/p>\n<p>&nbsp;<\/p>\n<p><span style=\"font-size: 14pt;\">De valeureux navigateurs, nous voici rel\u00e9gu\u00e9s au modeste rang de touristes, alors que le bateau rouge plat \u00e0 toit panoramique glisse sur la rivi\u00e8re o\u00f9 nous avons si fi\u00e8rement parad\u00e9 trois jours plus t\u00f4t.<\/span><\/p>\n<p>&nbsp;<\/p>\n<div id=\"attachment_1201\" style=\"width: 310px\" class=\"wp-caption alignleft\"><a href=\"https:\/\/leblanc.pl\/paradox\/wp-content\/uploads\/2025\/03\/Sean-OCasey-footbridge_2.jpg\"><img loading=\"lazy\" decoding=\"async\" aria-describedby=\"caption-attachment-1201\" class=\"image-a-gauche wp-image-1201 size-medium\" title=\"Le Se\u00e1n O\u2019Casey footbridge\" src=\"https:\/\/leblanc.pl\/paradox\/wp-content\/uploads\/2025\/03\/Sean-OCasey-footbridge_2-300x209.jpg\" alt=\"Le Se\u00e1n O\u2019Casey footbridge\" width=\"300\" height=\"209\" srcset=\"https:\/\/leblanc.pl\/paradox\/wp-content\/uploads\/2025\/03\/Sean-OCasey-footbridge_2-300x209.jpg 300w, https:\/\/leblanc.pl\/paradox\/wp-content\/uploads\/2025\/03\/Sean-OCasey-footbridge_2-768x535.jpg 768w, https:\/\/leblanc.pl\/paradox\/wp-content\/uploads\/2025\/03\/Sean-OCasey-footbridge_2.jpg 887w\" sizes=\"auto, (max-width: 300px) 100vw, 300px\" \/><\/a><p id=\"caption-attachment-1201\" class=\"wp-caption-text\"><\/span> <span style=\"font-size: 14pt;\">Le Se\u00e1n O\u2019Casey footbridge<\/span><\/p><\/div>\n<p>&nbsp;<\/p>\n<p>&nbsp;<\/p>\n<p><span style=\"font-size: 14pt;\">Kevin plaisante : \u00ab <em>Imaginez, si tous les ponts \u00e9taient ouverts et que nous puissions naviguer dans Dublin avec nos bateaux\u2026 !<\/em>\u00bb.<\/span><\/p>\n<p>&nbsp;<\/p>\n<p><span style=\"font-size: 14pt;\">Cette fois-ci, le joli <strong><em>Se\u00e1n O\u2019Casey footbridge<\/em><\/strong> (passerelle pour pi\u00e9tons et v\u00e9los) n&rsquo;aura pas besoin de s&rsquo;ouvrir pour laisser passer le petit bateau extra-plat.<\/span><\/p>\n<p>&nbsp;<\/p>\n<div id=\"attachment_1202\" style=\"width: 410px\" class=\"wp-caption alignright\"><a href=\"https:\/\/leblanc.pl\/paradox\/wp-content\/uploads\/2025\/03\/Melanges-architecturaux-sur-les-rives-de-la-Liffey.jpg\"><img loading=\"lazy\" decoding=\"async\" aria-describedby=\"caption-attachment-1202\" class=\"image-a-droite wp-image-1202\" title=\"M\u00e9langes architecturaux sur les rives de la Liffey\" src=\"https:\/\/leblanc.pl\/paradox\/wp-content\/uploads\/2025\/03\/Melanges-architecturaux-sur-les-rives-de-la-Liffey-300x169.jpg\" alt=\"M\u00e9langes architecturaux sur les rives de la Liffey\" width=\"400\" height=\"225\" srcset=\"https:\/\/leblanc.pl\/paradox\/wp-content\/uploads\/2025\/03\/Melanges-architecturaux-sur-les-rives-de-la-Liffey-300x169.jpg 300w, https:\/\/leblanc.pl\/paradox\/wp-content\/uploads\/2025\/03\/Melanges-architecturaux-sur-les-rives-de-la-Liffey-768x432.jpg 768w, https:\/\/leblanc.pl\/paradox\/wp-content\/uploads\/2025\/03\/Melanges-architecturaux-sur-les-rives-de-la-Liffey.jpg 850w\" sizes=\"auto, (max-width: 400px) 100vw, 400px\" \/><\/a><p id=\"caption-attachment-1202\" class=\"wp-caption-text\"><\/span> <span style=\"font-size: 14pt;\">Les \u00e9poques se m\u00e9langent sur les rives de la Liffey<\/span><\/p><\/div>\n<p>&nbsp;<\/p>\n<p>&nbsp;<\/p>\n<p><span style=\"font-size: 14pt;\">Apr\u00e8s cette instructive mini-croisi\u00e8re, nous nous promenons en ville.<\/span><\/p>\n<p>&nbsp;<\/p>\n<p>&nbsp;<\/p>\n<p><span style=\"font-size: 14pt;\">Nous admirons quelques architectures remarquables,\u00a0 avant de rejoindre la gare et rentrer \u00e0 Malahide.<\/span><\/p>\n<p>&nbsp;<\/p>\n<p>&nbsp;<\/p>\n<p>&nbsp;<\/p>\n<p>&nbsp;<\/p>\n<p>&nbsp;<\/p>\n<p>&nbsp;<\/p>\n<p style=\"text-align: right;\"><span style=\"font-size: 14pt;\"><a href=\"https:\/\/leblanc.pl\/paradox\/jour-21-dublin\/\"><em>(\u00e0 suivre)<\/em><\/a><\/span><\/p>\n","protected":false},"excerpt":{"rendered":"<p>Mardi 10 septembre Aujourd&rsquo;hui, c\u2019est au tour de V\u00e9ronique de nous quitter. \u00a0\ud83d\ude41\u00a0 Alors que Bruno l\u2019accompagne \u00e0 l\u2019a\u00e9roport, le reste de l\u2019\u00e9quipage va faire les courses pour compl\u00e9ter l\u2019avitaillement. &nbsp; La m\u00e9t\u00e9o est toujours cl\u00e9mente, nous partons avec Kevin &hellip; <a href=\"https:\/\/leblanc.pl\/paradox\/jour-20-dublin\/\">Continuer la lecture <span class=\"meta-nav\">&rarr;<\/span><\/a><\/p>\n","protected":false},"author":1,"featured_media":479,"parent":0,"menu_order":22,"comment_status":"open","ping_status":"closed","template":"","meta":{"footnotes":""},"class_list":["post-60","page","type-page","status-publish","has-post-thumbnail","hentry"],"_links":{"self":[{"href":"https:\/\/leblanc.pl\/paradox\/wp-json\/wp\/v2\/pages\/60","targetHints":{"allow":["GET"]}}],"collection":[{"href":"https:\/\/leblanc.pl\/paradox\/wp-json\/wp\/v2\/pages"}],"about":[{"href":"https:\/\/leblanc.pl\/paradox\/wp-json\/wp\/v2\/types\/page"}],"author":[{"embeddable":true,"href":"https:\/\/leblanc.pl\/paradox\/wp-json\/wp\/v2\/users\/1"}],"replies":[{"embeddable":true,"href":"https:\/\/leblanc.pl\/paradox\/wp-json\/wp\/v2\/comments?post=60"}],"version-history":[{"count":33,"href":"https:\/\/leblanc.pl\/paradox\/wp-json\/wp\/v2\/pages\/60\/revisions"}],"predecessor-version":[{"id":1832,"href":"https:\/\/leblanc.pl\/paradox\/wp-json\/wp\/v2\/pages\/60\/revisions\/1832"}],"wp:featuredmedia":[{"embeddable":true,"href":"https:\/\/leblanc.pl\/paradox\/wp-json\/wp\/v2\/media\/479"}],"wp:attachment":[{"href":"https:\/\/leblanc.pl\/paradox\/wp-json\/wp\/v2\/media?parent=60"}],"curies":[{"name":"wp","href":"https:\/\/api.w.org\/{rel}","templated":true}]}}