{"id":588,"date":"2025-02-08T00:00:26","date_gmt":"2025-02-07T23:00:26","guid":{"rendered":"https:\/\/leblanc.pl\/paradox\/?page_id=588"},"modified":"2025-04-29T20:11:58","modified_gmt":"2025-04-29T18:11:58","slug":"plan-du-site","status":"publish","type":"page","link":"https:\/\/leblanc.pl\/paradox\/plan-du-site\/","title":{"rendered":"Plan du site"},"content":{"rendered":"<div class=\"wsp-container\"><h2 class=\"wsp-pages-title\">Pages<\/h2>\n<ul class=\"wsp-pages-list\">\n<li class=\"page_item page-item-2064\"><a href=\"https:\/\/leblanc.pl\/paradox\/a-la-barre\/\">A la barre<\/a><\/li>\n<li class=\"page_item page-item-2083\"><a href=\"https:\/\/leblanc.pl\/paradox\/black-white\/\">Black &#038; White<\/a><\/li>\n<li class=\"page_item page-item-2068\"><a href=\"https:\/\/leblanc.pl\/paradox\/dans-le-cockpit\/\">Dans le cockpit<\/a><\/li>\n<li class=\"page_item page-item-2071\"><a href=\"https:\/\/leblanc.pl\/paradox\/de-beaux-endroits\/\">De beaux endroits<\/a><\/li>\n<li class=\"page_item page-item-2074\"><a href=\"https:\/\/leblanc.pl\/paradox\/et-de-belles-rencontres\/\">Et de belles rencontres<\/a><\/li>\n<li class=\"page_item page-item-2077\"><a href=\"https:\/\/leblanc.pl\/paradox\/et-si-on-mangeait\/\">Et si on mangeait ?<\/a><\/li>\n<li class=\"page_item page-item-2080\"><a href=\"https:\/\/leblanc.pl\/paradox\/marrantes\/\">Marrantes\u00a0 \u00a0<\/a><\/li>\n<li class=\"page_item page-item-588\"><a href=\"https:\/\/leblanc.pl\/paradox\/plan-du-site\/\">Plan du site<\/a><\/li>\n<li class=\"page_item page-item-109\"><a href=\"https:\/\/leblanc.pl\/paradox\/\">Pourquoi ce blog ?<\/a><\/li>\n<li class=\"page_item page-item-2\"><a href=\"https:\/\/leblanc.pl\/paradox\/02-paradox\/\">Paradox, le bateau<\/a><\/li>\n<li class=\"page_item page-item-16\"><a href=\"https:\/\/leblanc.pl\/paradox\/03-lidee-du-voyage\/\">L\u2019id\u00e9e du voyage<\/a><\/li>\n<li class=\"page_item page-item-18\"><a href=\"https:\/\/leblanc.pl\/paradox\/04-les-preparatifs\/\">Les pr\u00e9paratifs<\/a><\/li>\n<li class=\"page_item page-item-20\"><a href=\"https:\/\/leblanc.pl\/paradox\/jour-1-de-soubise-a-bourgenay\/\">Jour 1, de Soubise \u00e0 Bourgenay<\/a><\/li>\n<li class=\"page_item page-item-22\"><a href=\"https:\/\/leblanc.pl\/paradox\/jour-2-de-bourgenay-a-lherbaudiere\/\">Jour 2, de Bourgenay \u00e0 l\u2019Herbaudi\u00e8re<\/a><\/li>\n<li class=\"page_item page-item-25\"><a href=\"https:\/\/leblanc.pl\/paradox\/jour-3-relache-a-lherbaudiere\/\">Jour 3, rel\u00e2che \u00e0 l\u2019Herbaudi\u00e8re, Halcyon II<\/a><\/li>\n<li class=\"page_item page-item-27\"><a href=\"https:\/\/leblanc.pl\/paradox\/jours-4-et-5-de-lherbaudiere-a-camaret-via-le-crouesty\/\">Jours 4 et 5, de l\u2019Herbaudi\u00e8re \u00e0 Camaret (via Le Crouesty) &#8211; Soucis au m\u00e2t de misaine &#8230;<\/a><\/li>\n<li class=\"page_item page-item-29\"><a href=\"https:\/\/leblanc.pl\/paradox\/jour-6-de-camaret-a-laber-wrach-pourquoi-laber-ildut\/\">Jour 6, de Camaret \u00e0 l\u2019Aber Wrac\u2019h (pourquoi l\u2019Aber Ildut ?!)<\/a><\/li>\n<li class=\"page_item page-item-31\"><a href=\"https:\/\/leblanc.pl\/paradox\/jours-7-et-8-de-laber-wrach-a-newlyn-la-traversee-de-la-manche\/\">Jours 7 et 8, de l\u2019Aber Wrac\u2019h \u00e0 Newlyn &#8211; la travers\u00e9e de la Manche<\/a><\/li>\n<li class=\"page_item page-item-33\"><a href=\"https:\/\/leblanc.pl\/paradox\/jours-9-et-10-de-newlyn-a-kilmore-quay-la-traversee-de-la-mer-dirlande\/\">Jours 9 et 10, de Newlyn \u00e0 Kilmore Quay \u2013 la travers\u00e9e de la Mer d\u2019Irlande<\/a><\/li>\n<li class=\"page_item page-item-35\"><a href=\"https:\/\/leblanc.pl\/paradox\/jour-11-de-kilmore-quay-a-arklow\/\">Jour 11, de Kilmore Quay \u00e0 Arklow<\/a><\/li>\n<li class=\"page_item page-item-37\"><a href=\"https:\/\/leblanc.pl\/paradox\/jour-12-darklow-a-malahide\/\">Jour 12, d\u2019Arklow \u00e0 Malahide<\/a><\/li>\n<li class=\"page_item page-item-43\"><a href=\"https:\/\/leblanc.pl\/paradox\/jour-12-soiree-a-malahide\/\">Jour 12, premi\u00e8re soir\u00e9e \u00e0 Malahide<\/a><\/li>\n<li class=\"page_item page-item-46\"><a href=\"https:\/\/leblanc.pl\/paradox\/jour-13-malahide\/\">Jour 13, en compagnie d&rsquo; Alan Mulholland et Wave Rover<\/a><\/li>\n<li class=\"page_item page-item-48\"><a href=\"https:\/\/leblanc.pl\/paradox\/jour-14-malahide\/\">Jour 14, Ardgillan Castle, Malahide Yacht Club<\/a><\/li>\n<li class=\"page_item page-item-50\"><a href=\"https:\/\/leblanc.pl\/paradox\/jour-15-malahide\/\">Jour 15, du ch\u00e2teau de Malahide au mus\u00e9e Maritime National<\/a><\/li>\n<li class=\"page_item page-item-52\"><a href=\"https:\/\/leblanc.pl\/paradox\/jour-16-malahide\/\">Jour 16, arriv\u00e9e des nouveaux membres d&rsquo;\u00e9quipage &#8230;<\/a><\/li>\n<li class=\"page_item page-item-54\"><a href=\"https:\/\/leblanc.pl\/paradox\/jour-17-dublin\/\">Jour 17, parade sur la rivi\u00e8re Liffey \u00e0 Dublin<\/a><\/li>\n<li class=\"page_item page-item-56\"><a href=\"https:\/\/leblanc.pl\/paradox\/jour-18-dublin\/\">Jour 18, retour \u00e0 Malahide, l&rsquo;accueil irlandais &#8230;<\/a><\/li>\n<li class=\"page_item page-item-58\"><a href=\"https:\/\/leblanc.pl\/paradox\/jour-19-malahide\/\">Jour 19, travaux sur Yvonne, tourisme \u00e0 Howth<\/a><\/li>\n<li class=\"page_item page-item-60\"><a href=\"https:\/\/leblanc.pl\/paradox\/jour-20-dublin\/\">Jour 20, des touristes \u00e0 Dublin<\/a><\/li>\n<li class=\"page_item page-item-62\"><a href=\"https:\/\/leblanc.pl\/paradox\/jour-21-dublin\/\">Jour 21, Mus\u00e9e National d\u2019Arch\u00e9ologie, r\u00e9ception chez Dorothy et Joe<\/a><\/li>\n<li class=\"page_item page-item-64\"><a href=\"https:\/\/leblanc.pl\/paradox\/jour-22-de-malahide-a-kilmore-quay\/\">Jour 22, de Malahide \u00e0 Kilmore Quay<\/a><\/li>\n<li class=\"page_item page-item-66\"><a href=\"https:\/\/leblanc.pl\/paradox\/jour-23-de-kilmore-quay-a-padstow\/\">Jour 23, de Kilmore Quay \u00e0 Padstow<\/a><\/li>\n<li class=\"page_item page-item-68\"><a href=\"https:\/\/leblanc.pl\/paradox\/jour-24-padstow\/\">Jour 24, Padstow, Pays de Galles<\/a><\/li>\n<li class=\"page_item page-item-70\"><a href=\"https:\/\/leblanc.pl\/paradox\/jour-25-padstow-newquay-et-le-knickerbockerglory\/\">Jour 25, Newquay et le Knickerbockerglory<\/a><\/li>\n<li class=\"page_item page-item-72\"><a href=\"https:\/\/leblanc.pl\/paradox\/jour-26-de-padstow-a-newlyn\/\">Jour 26, de Padstow \u00e0 Newlyn<\/a><\/li>\n<li class=\"page_item page-item-74\"><a href=\"https:\/\/leblanc.pl\/paradox\/jour-27-promenade-a-penzance-et-depart-pour-laber-wrach\/\">Jour 27, promenade \u00e0 Penzance et d\u00e9part pour l\u2019Aber Wrac\u2019h<\/a><\/li>\n<li class=\"page_item page-item-76\"><a href=\"https:\/\/leblanc.pl\/paradox\/jour-28-arrivee-a-laber-wrach\/\">Jour 28, de retour \u00e0 l\u2019Aber Wrac\u2019h<\/a><\/li>\n<li class=\"page_item page-item-78\"><a href=\"https:\/\/leblanc.pl\/paradox\/jour-29-de-laber-wrach-a-camaret\/\">Jour 29, de l\u2019Aber Wrac\u2019h \u00e0 Camaret<\/a><\/li>\n<li class=\"page_item page-item-80\"><a href=\"https:\/\/leblanc.pl\/paradox\/jour-30-de-camaret-a-loctudy\/\">Jour 30, de Camaret \u00e0 Loctudy<\/a><\/li>\n<li class=\"page_item page-item-82\"><a href=\"https:\/\/leblanc.pl\/paradox\/jour-31-de-loctudy-a-port-louis\/\">Jour 31, de Loctudy \u00e0 Port Louis<\/a><\/li>\n<li class=\"page_item page-item-84\"><a href=\"https:\/\/leblanc.pl\/paradox\/jour-32-de-port-louis-a-lherbaudiere\/\">Jour 32, de Port Louis \u00e0 l\u2019Herbaudi\u00e8re<\/a><\/li>\n<li class=\"page_item page-item-86\"><a href=\"https:\/\/leblanc.pl\/paradox\/jour-33-lherbaudiere\/\">Jour 33, rel\u00e2che \u00e0 l\u2019Herbaudi\u00e8re, rencontre d&rsquo;un marin en d\u00e9tresse &#8230;<\/a><\/li>\n<li class=\"page_item page-item-88\"><a href=\"https:\/\/leblanc.pl\/paradox\/jour-34-de-lherbaudiere-a-bourgenay\/\">Jour 34, de l\u2019Herbaudi\u00e8re \u00e0 Bourgenay<\/a><\/li>\n<li class=\"page_item page-item-91\"><a href=\"https:\/\/leblanc.pl\/paradox\/jour-35-bourgenay\/\">Jour 35, Bourgenay, temp\u00eate A\u00eftor, un \u00e9quipier nous quitte &#8230;<\/a><\/li>\n<li class=\"page_item page-item-93\"><a href=\"https:\/\/leblanc.pl\/paradox\/jour-36-bourgenay-encore\/\">Jour 36, Bourgenay (encore)<\/a><\/li>\n<li class=\"page_item page-item-95\"><a href=\"https:\/\/leblanc.pl\/paradox\/jour-37-bourgenay-toujours\/\">Jour 37, Bourgenay (toujours)<\/a><\/li>\n<li class=\"page_item page-item-97\"><a href=\"https:\/\/leblanc.pl\/paradox\/jour-38-de-bourgenay-a-soubise\/\">Jour 38, de Bourgenay \u00e0 Soubise, derni\u00e8re navigation !<\/a><\/li>\n<li class=\"page_item page-item-99\"><a href=\"https:\/\/leblanc.pl\/paradox\/jour-39-de-soubise-a-la-maison\/\">Jour 39, de Soubise \u00e0 &#8230; la maison. Fin d&rsquo;une aventure&#8230;<\/a><\/li>\n<li class=\"page_item page-item-569\"><a href=\"https:\/\/leblanc.pl\/paradox\/lequipage-les-amis-les-rencontres\/\">Les gens !<\/a><\/li>\n<li class=\"page_item page-item-571\"><a href=\"https:\/\/leblanc.pl\/paradox\/les-menus-a-bord\/\">Les menus \u00e0 bord<\/a><\/li>\n<li class=\"page_item page-item-594\"><a href=\"https:\/\/leblanc.pl\/paradox\/galeres\/\">Les gal\u00e8res<\/a><\/li>\n<li class=\"page_item page-item-573\"><a href=\"https:\/\/leblanc.pl\/paradox\/verbatim\/\">Verbatim (par Christian)<\/a><\/li>\n<li class=\"page_item page-item-609\"><a href=\"https:\/\/leblanc.pl\/paradox\/picture_gallery\/\">Plein de photos&#8230;<\/a><\/li>\n<li class=\"page_item page-item-611\"><a href=\"https:\/\/leblanc.pl\/paradox\/video_gallery\/\">Et des vid\u00e9os !<\/a><\/li>\n<li class=\"page_item page-item-410\"><a href=\"https:\/\/leblanc.pl\/paradox\/china_blue\/\">China Blue<\/a><\/li>\n<li class=\"page_item page-item-447\"><a href=\"https:\/\/leblanc.pl\/paradox\/contact\/\">Contact<\/a><\/li>\n<\/ul>\n<\/div>\n","protected":false},"excerpt":{"rendered":"","protected":false},"author":1,"featured_media":215,"parent":0,"menu_order":0,"comment_status":"closed","ping_status":"closed","template":"","meta":{"footnotes":""},"class_list":["post-588","page","type-page","status-publish","has-post-thumbnail","hentry"],"_links":{"self":[{"href":"https:\/\/leblanc.pl\/paradox\/wp-json\/wp\/v2\/pages\/588","targetHints":{"allow":["GET"]}}],"collection":[{"href":"https:\/\/leblanc.pl\/paradox\/wp-json\/wp\/v2\/pages"}],"about":[{"href":"https:\/\/leblanc.pl\/paradox\/wp-json\/wp\/v2\/types\/page"}],"author":[{"embeddable":true,"href":"https:\/\/leblanc.pl\/paradox\/wp-json\/wp\/v2\/users\/1"}],"replies":[{"embeddable":true,"href":"https:\/\/leblanc.pl\/paradox\/wp-json\/wp\/v2\/comments?post=588"}],"version-history":[{"count":1,"href":"https:\/\/leblanc.pl\/paradox\/wp-json\/wp\/v2\/pages\/588\/revisions"}],"predecessor-version":[{"id":589,"href":"https:\/\/leblanc.pl\/paradox\/wp-json\/wp\/v2\/pages\/588\/revisions\/589"}],"wp:featuredmedia":[{"embeddable":true,"href":"https:\/\/leblanc.pl\/paradox\/wp-json\/wp\/v2\/media\/215"}],"wp:attachment":[{"href":"https:\/\/leblanc.pl\/paradox\/wp-json\/wp\/v2\/media?parent=588"}],"curies":[{"name":"wp","href":"https:\/\/api.w.org\/{rel}","templated":true}]}}