{"id":58,"date":"2025-01-24T16:06:02","date_gmt":"2025-01-24T15:06:02","guid":{"rendered":"https:\/\/leblanc.pl\/paradox\/?page_id=58"},"modified":"2025-04-27T19:27:02","modified_gmt":"2025-04-27T17:27:02","slug":"jour-19-malahide","status":"publish","type":"page","link":"https:\/\/leblanc.pl\/paradox\/jour-19-malahide\/","title":{"rendered":"Jour 19, travaux sur Yvonne, tourisme \u00e0 Howth"},"content":{"rendered":"<h2><strong>Lundi 9 septembre<\/strong><\/h2>\n<p><span style=\"font-size: 14pt;\">Aujourd\u2019hui Gina prend son vol de retour pour la France, travail oblige.<\/span><span style=\"font-size: 18.6667px;\">\u00a0\ud83d\ude41\u00a0<\/span><\/p>\n<p><span style=\"font-size: 14pt;\">Apr\u00e8s avoir remerci\u00e9 et embrass\u00e9 Yvonne, Kevin nous conduit \u00e0 l\u2019a\u00e9roport. Un dernier geste d\u2019adieu devant les contr\u00f4les de s\u00e9curit\u00e9\u2026\u00a0<\/span><\/p>\n<p>&nbsp;<\/p>\n<div id=\"attachment_1184\" style=\"width: 310px\" class=\"wp-caption alignleft\"><a href=\"https:\/\/leblanc.pl\/paradox\/wp-content\/uploads\/2025\/03\/Travaux-sur-Yvonne.jpg\"><img loading=\"lazy\" decoding=\"async\" aria-describedby=\"caption-attachment-1184\" class=\"image-a-gauche wp-image-1184 size-medium\" title=\"Travaux sur Yvonne\" src=\"https:\/\/leblanc.pl\/paradox\/wp-content\/uploads\/2025\/03\/Travaux-sur-Yvonne-300x225.jpg\" alt=\"Travaux sur Yvonne\" width=\"300\" height=\"225\" srcset=\"https:\/\/leblanc.pl\/paradox\/wp-content\/uploads\/2025\/03\/Travaux-sur-Yvonne-300x225.jpg 300w, https:\/\/leblanc.pl\/paradox\/wp-content\/uploads\/2025\/03\/Travaux-sur-Yvonne-768x576.jpg 768w, https:\/\/leblanc.pl\/paradox\/wp-content\/uploads\/2025\/03\/Travaux-sur-Yvonne.jpg 800w\" sizes=\"auto, (max-width: 300px) 100vw, 300px\" \/><\/a><p id=\"caption-attachment-1184\" class=\"wp-caption-text\"><\/span> <span style=\"font-size: 14pt;\">Travaux sur Yvonne<\/span><\/p><\/div>\n<p><span style=\"font-size: 14pt;\">De retour \u00e0 la marina de Malahide, je retrouve Eric.<\/span><\/p>\n<p><span style=\"font-size: 14pt;\">Kevin a re\u00e7u une voile neuve taill\u00e9e sur mesure, et nous avons pr\u00e9vu de l\u2019aider \u00e0 l\u2019installer sur son bateau.<\/span><\/p>\n<p>&nbsp;<\/p>\n<div id=\"attachment_1185\" style=\"width: 310px\" class=\"wp-caption alignright\"><a href=\"https:\/\/leblanc.pl\/paradox\/wp-content\/uploads\/2025\/03\/La-nouvelle-voile-ne-va-pas-.jpg\"><img loading=\"lazy\" decoding=\"async\" aria-describedby=\"caption-attachment-1185\" class=\"image-a-droite wp-image-1185 size-medium\" title=\"La nouvelle voile ne va pas !\" src=\"https:\/\/leblanc.pl\/paradox\/wp-content\/uploads\/2025\/03\/La-nouvelle-voile-ne-va-pas--300x225.jpg\" alt=\"La nouvelle voile ne va pas !\" width=\"300\" height=\"225\" srcset=\"https:\/\/leblanc.pl\/paradox\/wp-content\/uploads\/2025\/03\/La-nouvelle-voile-ne-va-pas--300x225.jpg 300w, https:\/\/leblanc.pl\/paradox\/wp-content\/uploads\/2025\/03\/La-nouvelle-voile-ne-va-pas--768x576.jpg 768w, https:\/\/leblanc.pl\/paradox\/wp-content\/uploads\/2025\/03\/La-nouvelle-voile-ne-va-pas-.jpg 800w\" sizes=\"auto, (max-width: 300px) 100vw, 300px\" \/><\/a><p id=\"caption-attachment-1185\" class=\"wp-caption-text\"><\/span> <span style=\"font-size: 14pt;\">La nouvelle voile ne va pas !<\/span><\/p><\/div>\n<p><span style=\"font-size: 14pt;\">Cela nous occupe une partie de l\u2019apr\u00e8s-midi, mais nous finissons par r\u00e9installer l\u2019ancienne voile, la nouvelle pr\u00e9sentant un d\u00e9faut de conception au niveau de la vergue.<\/span><\/p>\n<p>&nbsp;<\/p>\n<p>&nbsp;<\/p>\n<p>&nbsp;<\/p>\n<p><span style=\"font-size: 14pt;\">De leur c\u00f4t\u00e9, Christian, Bruno et V\u00e9ronique passent la journ\u00e9e \u00e0 <strong><em>Howth<\/em><\/strong>, et font un peu de tourisme.<\/span><\/p>\n<div id=\"attachment_1187\" style=\"width: 310px\" class=\"wp-caption alignleft\"><a href=\"https:\/\/leblanc.pl\/paradox\/wp-content\/uploads\/2025\/03\/Howth.jpg\"><img loading=\"lazy\" decoding=\"async\" aria-describedby=\"caption-attachment-1187\" class=\"image-a-gauche wp-image-1187 size-medium\" title=\"Howth - Binn \u00c9adair (\u00c9adar\u2019s peak)\" src=\"https:\/\/leblanc.pl\/paradox\/wp-content\/uploads\/2025\/03\/Howth-300x160.jpg\" alt=\"Howth - Binn \u00c9adair (\u00c9adar\u2019s peak)\" width=\"300\" height=\"160\" srcset=\"https:\/\/leblanc.pl\/paradox\/wp-content\/uploads\/2025\/03\/Howth-300x160.jpg 300w, https:\/\/leblanc.pl\/paradox\/wp-content\/uploads\/2025\/03\/Howth-768x410.jpg 768w, https:\/\/leblanc.pl\/paradox\/wp-content\/uploads\/2025\/03\/Howth.jpg 900w\" sizes=\"auto, (max-width: 300px) 100vw, 300px\" \/><\/a><p id=\"caption-attachment-1187\" class=\"wp-caption-text\"><\/span> <span style=\"font-size: 14pt;\">Howth &#8211; Binn \u00c9adair (\u00c9adar\u2019s peak)<\/span><\/p><\/div>\n<p>&nbsp;<\/p>\n<p>&nbsp;<\/p>\n<p><span style=\"font-size: 14pt;\">Est-il n\u00e9cessaire de pr\u00e9ciser que la soir\u00e9e s\u2019ach\u00e8ve au pub\u00a0?<\/span><\/p>\n<p>&nbsp;<\/p>\n<div id=\"attachment_1186\" style=\"width: 310px\" class=\"wp-caption alignright\"><a href=\"https:\/\/leblanc.pl\/paradox\/wp-content\/uploads\/2025\/03\/Dorothy-et-Alan.jpg\"><img loading=\"lazy\" decoding=\"async\" aria-describedby=\"caption-attachment-1186\" class=\"image-a-droite wp-image-1186 size-medium\" title=\"Dorothy et Alan\" src=\"https:\/\/leblanc.pl\/paradox\/wp-content\/uploads\/2025\/03\/Dorothy-et-Alan-300x175.jpg\" alt=\"Dorothy et Alan\" width=\"300\" height=\"175\" srcset=\"https:\/\/leblanc.pl\/paradox\/wp-content\/uploads\/2025\/03\/Dorothy-et-Alan-300x175.jpg 300w, https:\/\/leblanc.pl\/paradox\/wp-content\/uploads\/2025\/03\/Dorothy-et-Alan-768x449.jpg 768w, https:\/\/leblanc.pl\/paradox\/wp-content\/uploads\/2025\/03\/Dorothy-et-Alan.jpg 770w\" sizes=\"auto, (max-width: 300px) 100vw, 300px\" \/><\/a><p id=\"caption-attachment-1186\" class=\"wp-caption-text\"><\/span> <span style=\"font-size: 14pt;\">Dorothy et Alan<\/span><\/p><\/div>\n<p>&nbsp;<\/p>\n<p><span style=\"font-size: 14pt;\">Dorothy et Alan nous y rejoignent, et nous y prenons notre repas du soir.<\/span><\/p>\n<p>&nbsp;<\/p>\n<p>&nbsp;<\/p>\n<p>&nbsp;<\/p>\n<p>&nbsp;<\/p>\n<p>&nbsp;<\/p>\n<p style=\"text-align: right;\"><span style=\"font-size: 14pt;\"><a href=\"https:\/\/leblanc.pl\/paradox\/jour-20-dublin\/\"><em>(\u00e0 suivre)<\/em><\/a><\/span><\/p>\n","protected":false},"excerpt":{"rendered":"<p>Lundi 9 septembre Aujourd\u2019hui Gina prend son vol de retour pour la France, travail oblige.\u00a0\ud83d\ude41\u00a0 Apr\u00e8s avoir remerci\u00e9 et embrass\u00e9 Yvonne, Kevin nous conduit \u00e0 l\u2019a\u00e9roport. Un dernier geste d\u2019adieu devant les contr\u00f4les de s\u00e9curit\u00e9\u2026\u00a0 &nbsp; De retour \u00e0 la &hellip; <a href=\"https:\/\/leblanc.pl\/paradox\/jour-19-malahide\/\">Continuer la lecture <span class=\"meta-nav\">&rarr;<\/span><\/a><\/p>\n","protected":false},"author":1,"featured_media":476,"parent":0,"menu_order":21,"comment_status":"open","ping_status":"closed","template":"","meta":{"footnotes":""},"class_list":["post-58","page","type-page","status-publish","has-post-thumbnail","hentry"],"_links":{"self":[{"href":"https:\/\/leblanc.pl\/paradox\/wp-json\/wp\/v2\/pages\/58","targetHints":{"allow":["GET"]}}],"collection":[{"href":"https:\/\/leblanc.pl\/paradox\/wp-json\/wp\/v2\/pages"}],"about":[{"href":"https:\/\/leblanc.pl\/paradox\/wp-json\/wp\/v2\/types\/page"}],"author":[{"embeddable":true,"href":"https:\/\/leblanc.pl\/paradox\/wp-json\/wp\/v2\/users\/1"}],"replies":[{"embeddable":true,"href":"https:\/\/leblanc.pl\/paradox\/wp-json\/wp\/v2\/comments?post=58"}],"version-history":[{"count":16,"href":"https:\/\/leblanc.pl\/paradox\/wp-json\/wp\/v2\/pages\/58\/revisions"}],"predecessor-version":[{"id":1831,"href":"https:\/\/leblanc.pl\/paradox\/wp-json\/wp\/v2\/pages\/58\/revisions\/1831"}],"wp:featuredmedia":[{"embeddable":true,"href":"https:\/\/leblanc.pl\/paradox\/wp-json\/wp\/v2\/media\/476"}],"wp:attachment":[{"href":"https:\/\/leblanc.pl\/paradox\/wp-json\/wp\/v2\/media?parent=58"}],"curies":[{"name":"wp","href":"https:\/\/api.w.org\/{rel}","templated":true}]}}