{"id":573,"date":"2025-02-07T18:55:12","date_gmt":"2025-02-07T17:55:12","guid":{"rendered":"https:\/\/leblanc.pl\/paradox\/?page_id=573"},"modified":"2025-04-29T09:08:14","modified_gmt":"2025-04-29T07:08:14","slug":"verbatim","status":"publish","type":"page","link":"https:\/\/leblanc.pl\/paradox\/verbatim\/","title":{"rendered":"Verbatim (par Christian)"},"content":{"rendered":"<h2><span style=\"text-decoration: underline; font-family: 'comic sans ms', sans-serif;\"><span style=\"color: #008000; font-size: 14pt;\"><em><strong><a id=\"dynamic\"><\/a><span style=\"font-size: 18pt;\">EN DYNAMIQUE<\/span>\u00a0<\/strong><\/em><\/span><\/span><\/h2>\n<p>&nbsp;<\/p>\n<p><span style=\"font-size: 14pt;\">De longue date, Patrick avait pr\u00e9par\u00e9 ce voyage au long cours nous embarquant de France vers l\u2019Irlande, de Soubise \u00e0 Malahide.<\/span><\/p>\n<p><span style=\"font-size: 14pt;\">Ainsi, un tableau Excel en pr\u00e9sentait, jour par jour, les diff\u00e9rentes \u00e9tapes, coefficients et horaires de mar\u00e9e, distance \u00e0 parcourir, heures de d\u00e9part et d\u2019arriv\u00e9e, vitesse pr\u00e9visible, m\u00e9t\u00e9o\u2026<\/span><\/p>\n<p><span style=\"font-size: 14pt;\">Ce planning adress\u00e9 \u00e0 chacun d\u2019entre nous sera pr\u00e9sent\u00e9 et comment\u00e9 par son r\u00e9dacteur lors d\u2019une visio de prise de contact entre nous quatre.<\/span><\/p>\n<p><span style=\"font-size: 14pt;\">Si Eric \u00e9tait connu de Patrick, ce n\u2019\u00e9tait pas le cas de Bruno ni de Christian qui allaient d\u00e9couvrir notre futur quartier ma\u00eetre, un navigateur exp\u00e9riment\u00e9 et respect\u00e9 dans le milieu.<\/span><\/p>\n<p><span style=\"font-size: 14pt;\">Son bon sens marin a vite recadr\u00e9 les limites et les ambitions de cette minutieuse planification \u00e9labor\u00e9e par notre capitaine.<\/span><\/p>\n<p><span style=\"font-size: 14pt;\">\u00ab\u00a0En mer, rien n\u2019est pr\u00e9visible, et il faut agir en <em>mode dynamique, <\/em>c\u2019est \u00e0 dire en s\u2019adaptant en permanence aux conditions r\u00e9elles de navigation et aux diff\u00e9rentes situations donn\u00e9es\u00a0\u00bb CQFD.<\/span><\/p>\n<p><span style=\"font-size: 14pt;\"><em>\u00abEn dynamique\u00a0\u00bb,<\/em> posture raisonnable et pragmatique, sera adopt\u00e9e \u00e0 l\u2019unanimit\u00e9 par l\u2019\u00e9quipage comme une r\u00e8gle de vie valable en mer comme sur terre.<\/span><\/p>\n<p><span style=\"font-size: 14pt;\">Cette attitude sera ensuite largement mise \u00e0 toutes les sauces, commentant ou justifiant de multiples situations o\u00f9 les choses ne se passaient pas comme pr\u00e9vu, ou n&rsquo;\u00e9taient pas pr\u00e9vues du tout\u2026<\/span><\/p>\n<p><span style=\"font-size: 14pt;\">Ce terme et ce mode de fonctionnement seront export\u00e9s en Irlande et adoub\u00e9s par nos amis de Malahide\u00a0!<\/span><\/p>\n<p>&nbsp;<\/p>\n<hr \/>\n<h2><span style=\"text-decoration: underline; font-family: 'comic sans ms', sans-serif;\"><span style=\"color: #008000; font-size: 14pt;\"><em><strong><a id=\"why\"><\/a><span style=\"font-size: 18pt;\">POURQUOI L\u2019ABER-ILDUT\u00a0<\/span><\/strong><span style=\"font-size: 18pt;\">?<\/span><\/em><\/span><\/span><\/h2>\n<p>&nbsp;<\/p>\n<p><span style=\"font-size: 14pt;\">L\u2019une des escales pressenties et propos\u00e9e par notre capitaine pour le voyage \u00ab\u00a0aller\u00a0\u00bb \u00e9tait l\u2019Aber Ildut, Finist\u00e8re.<\/span><\/p>\n<p><span style=\"font-size: 14pt;\">Si Bruno ou Christian n\u2019avaient aucune raison de s\u2019opposer \u00e0 l\u2019enchainement des \u00e9tapes d\u00e9crites dans le programme \u00e9labor\u00e9, voil\u00e0 qu\u2019Eric, \u00e0 br\u00fble-pourpoint, demande \u00e0 Patrick : mais pourquoi \u00ab L\u2019Aber\u00a0 Ildut ? \u00bb<\/span><\/p>\n<p><span style=\"font-size: 14pt;\">Bonne question.<\/span><\/p>\n<p><span style=\"font-size: 14pt;\">Aux yeux de Patrick, pas de raison sp\u00e9cifique ou particuli\u00e8re pour justifier ce choix finalement arbitraire.<\/span><\/p>\n<p><span style=\"font-size: 14pt;\">Aussi, nous conviendrons qu\u2019une d\u00e9cision, avant d\u2019\u00eatre suivie d\u2019une action, devra r\u00e9pondre positivement \u00e0 la question du genre : <em>Pourquoi l\u2019Aber Ildut\u00a0<\/em>?<\/span><\/p>\n<p><span style=\"font-size: 14pt;\">Plus simplement, et sans cons\u00e9quence aucune, le mot \u00ab\u00a0pourquoi\u00a0\u00bb sera par la suite rarement prononc\u00e9 sans que l&rsquo;un d&rsquo;entre nous ne lui fasse \u00e9cho par \u00ab\u00a0<em>Et pourquoi l&rsquo;Aber Ildut<\/em>\u00a0\u00bb !<\/span><\/p>\n<p>&nbsp;<\/p>\n<hr \/>\n<h2><span style=\"text-decoration: underline; font-family: 'comic sans ms', sans-serif;\"><span style=\"font-size: 14pt; color: #008000;\"><em><strong><a id=\"boat\"><\/a><span style=\"font-size: 18pt;\">C\u2019EST MON BATEAU\u00a0!<\/span><\/strong><\/em><\/span><\/span><\/h2>\n<p>&nbsp;<\/p>\n<p><span style=\"font-size: 14pt;\">Un voilier de type go\u00e9lette au gr\u00e9ement de jonque est plut\u00f4t singulier dans le monde des voileux, surtout en France.<\/span><\/p>\n<p><span style=\"font-size: 14pt;\">L\u2019effet de surprise, voire d\u2019admiration se produit quand Paradox of Plym affiche ses belles voiles bleues\u2026<\/span><\/p>\n<p><span style=\"font-size: 14pt;\">Les bateaux qui le croisent jettent alors des regards\u00a0\u00a0de curiosit\u00e9, d\u2019admiration, et qui sait, de jalousie ; on prend des photos et des vid\u00e9os\u2026<\/span><\/p>\n<p><span style=\"font-size: 14pt;\">Et notre capitaine, gratifi\u00e9 par cet int\u00e9r\u00eat port\u00e9 \u00e0 son navire,de s&rsquo;\u00e9crier fi\u00e8rement comme un gamin excit\u00e9 \u00e0 chaque occasion : \u00ab\u00a0<em>c\u2019est mon bateau !\u00a0\u00bb<\/em><\/span><\/p>\n<p>&nbsp;<\/p>\n<hr \/>\n<h2><span style=\"text-decoration: underline; font-family: 'comic sans ms', sans-serif;\"><span style=\"font-size: 14pt; color: #008000;\"><em><strong><a id=\"if\"><\/a><span style=\"font-size: 18pt;\">SI Y&rsquo;EN A \u2026, SINON TANT PIS !<\/span><\/strong><\/em><\/span><\/span><\/h2>\n<p>&nbsp;<\/p>\n<p><span style=\"font-size: 14pt;\">L\u2019expression, <em>\u00ab Si y&rsquo;en a\u2026 sinon tant pis \u00bb <\/em>est d\u2019origine <em>Labrugui\u00e8roise\u00a0<\/em>: un client peu fortun\u00e9 de l\u2019agence Caisse d\u2019Epargne de Labrugui\u00e8re, dans laquelle Christian travaillait au d\u00e9but de sa brillante et longue carri\u00e8re, avait l\u2019habitude de demander quelques billets de 100 Francs <em>\u00ab Si y&rsquo;en a\u2026 sinon tant pis \u00bb,<\/em> ne sachant pas si son compte \u00e9tait suffisamment approvisionn\u00e9 et \u00e9tant pr\u00eat \u00e0 faire contre mauvaise fortune, bon c\u0153ur.<\/span><\/p>\n<p><span style=\"font-size: 14pt;\">En mer, il arrive que l\u2019avitaillement connaisse quelques d\u00e9fauts, qu\u2019un outil ou un bout manque. C\u2019est alors que cette expression r\u00e9siliente par excellence se fait entendre et l\u2019on sait s\u2019adapter, \u00ab en dynamique ! <em>\u00bb<\/em><\/span><\/p>\n<p>&nbsp;<\/p>\n<hr \/>\n<h2><span style=\"text-decoration: underline; font-family: 'comic sans ms', sans-serif;\"><span style=\"font-size: 14pt; color: #008000;\"><em><strong><a id=\"delon\"><\/a><span style=\"font-size: 18pt;\">ALAIN DELON EST MORT<\/span><\/strong><\/em><\/span><\/span><\/h2>\n<p><strong>\u00a0<\/strong><\/p>\n<p><span style=\"font-size: 14pt;\">Quelques jours avant notre d\u00e9part de Soubise, la France enti\u00e8re apprenait le d\u00e9c\u00e8s d\u2019Alain Delon, c\u00e9l\u00e8bre acteur \u00e0 valeur patrimoniale.<\/span><\/p>\n<p><span style=\"font-size: 14pt;\">Les m\u00e9dias, tous supports confondus, avaient largement communiqu\u00e9 sur cet \u00e9v\u00e9nement national comme il se doit dans cette circonstance\u2026<\/span><\/p>\n<p><span style=\"font-size: 14pt;\">En mer, on ne lit pas les journaux, on ne regarde pas la t\u00e9l\u00e9, on n&rsquo;\u00e9coute pas la radio,\u00a0 mais \u00e0 la faveur de la captation d\u2019un r\u00e9seau 3, 4 ou 5G si l\u2019on se trouve pr\u00e8s de la c\u00f4te,\u00a0 l\u2019on peut consulter (subir) les nouvelles du monde via internet\u2026<\/span><\/p>\n<p><span style=\"font-size: 14pt;\">Pendant des semaines, les informations continuaient de faire \u00e9tat des circonstances et des cons\u00e9quences de la perte de ce monstre sacr\u00e9\u2026<\/span><\/p>\n<p><span style=\"font-size: 14pt;\">Pour nous moquer de cette inflation de nouvelles manquant de fra\u00eecheur,\u00a0 nous nous plaisions \u00e0 l\u2019annonce quasi quotidienne faite par Christian \u00e0 l\u2019\u00e9quipage :<\/span><\/p>\n<p><span style=\"font-size: 14pt;\">\u00ab\u00a0Vous savez quoi ?\u00a0 <em>Alain Delon est mort\u00a0<\/em>!\u00a0\u00bb<\/span><\/p>\n<p>&nbsp;<\/p>\n<hr \/>\n<p>&nbsp;<\/p>\n","protected":false},"excerpt":{"rendered":"<p>EN DYNAMIQUE\u00a0 &nbsp; De longue date, Patrick avait pr\u00e9par\u00e9 ce voyage au long cours nous embarquant de France vers l\u2019Irlande, de Soubise \u00e0 Malahide. Ainsi, un tableau Excel en pr\u00e9sentait, jour par jour, les diff\u00e9rentes \u00e9tapes, coefficients et horaires de &hellip; <a href=\"https:\/\/leblanc.pl\/paradox\/verbatim\/\">Continuer la lecture <span class=\"meta-nav\">&rarr;<\/span><\/a><\/p>\n","protected":false},"author":1,"featured_media":591,"parent":0,"menu_order":45,"comment_status":"open","ping_status":"closed","template":"","meta":{"footnotes":""},"class_list":["post-573","page","type-page","status-publish","has-post-thumbnail","hentry"],"_links":{"self":[{"href":"https:\/\/leblanc.pl\/paradox\/wp-json\/wp\/v2\/pages\/573","targetHints":{"allow":["GET"]}}],"collection":[{"href":"https:\/\/leblanc.pl\/paradox\/wp-json\/wp\/v2\/pages"}],"about":[{"href":"https:\/\/leblanc.pl\/paradox\/wp-json\/wp\/v2\/types\/page"}],"author":[{"embeddable":true,"href":"https:\/\/leblanc.pl\/paradox\/wp-json\/wp\/v2\/users\/1"}],"replies":[{"embeddable":true,"href":"https:\/\/leblanc.pl\/paradox\/wp-json\/wp\/v2\/comments?post=573"}],"version-history":[{"count":15,"href":"https:\/\/leblanc.pl\/paradox\/wp-json\/wp\/v2\/pages\/573\/revisions"}],"predecessor-version":[{"id":1874,"href":"https:\/\/leblanc.pl\/paradox\/wp-json\/wp\/v2\/pages\/573\/revisions\/1874"}],"wp:featuredmedia":[{"embeddable":true,"href":"https:\/\/leblanc.pl\/paradox\/wp-json\/wp\/v2\/media\/591"}],"wp:attachment":[{"href":"https:\/\/leblanc.pl\/paradox\/wp-json\/wp\/v2\/media?parent=573"}],"curies":[{"name":"wp","href":"https:\/\/api.w.org\/{rel}","templated":true}]}}