{"id":56,"date":"2025-01-24T16:05:00","date_gmt":"2025-01-24T15:05:00","guid":{"rendered":"https:\/\/leblanc.pl\/paradox\/?page_id=56"},"modified":"2025-04-27T19:22:38","modified_gmt":"2025-04-27T17:22:38","slug":"jour-18-dublin","status":"publish","type":"page","link":"https:\/\/leblanc.pl\/paradox\/jour-18-dublin\/","title":{"rendered":"Jour 18, retour \u00e0 Malahide, l&rsquo;accueil irlandais &#8230;"},"content":{"rendered":"<h2><strong>Dimanche 8 septembre<\/strong><\/h2>\n<p><span style=\"font-size: 14pt;\">Aujourd\u2019hui, tous les bateaux quittent la rivi\u00e8re Liffey et la ville de Dublin, d\u00e8s l\u2019ouverture du <em>Thomas Clarke bridge.<\/em><\/span><\/p>\n<div id=\"attachment_1171\" style=\"width: 310px\" class=\"wp-caption alignright\"><a href=\"https:\/\/leblanc.pl\/paradox\/wp-content\/uploads\/2025\/03\/C-nest-quun-au-revoir-.jpg\"><img loading=\"lazy\" decoding=\"async\" aria-describedby=\"caption-attachment-1171\" class=\"image-a-droite wp-image-1171 size-medium\" title=\"Ce n'est qu'un au-revoir !\" src=\"https:\/\/leblanc.pl\/paradox\/wp-content\/uploads\/2025\/03\/C-nest-quun-au-revoir--300x169.jpg\" alt=\"Ce n'est qu'un au-revoir !\" width=\"300\" height=\"169\" srcset=\"https:\/\/leblanc.pl\/paradox\/wp-content\/uploads\/2025\/03\/C-nest-quun-au-revoir--300x169.jpg 300w, https:\/\/leblanc.pl\/paradox\/wp-content\/uploads\/2025\/03\/C-nest-quun-au-revoir--768x432.jpg 768w, https:\/\/leblanc.pl\/paradox\/wp-content\/uploads\/2025\/03\/C-nest-quun-au-revoir-.jpg 800w\" sizes=\"auto, (max-width: 300px) 100vw, 300px\" \/><\/a><p id=\"caption-attachment-1171\" class=\"wp-caption-text\"><\/span> <span style=\"font-size: 14pt;\">Ce n&rsquo;est qu&rsquo;un au-revoir !<\/span><\/p><\/div>\n<p><span style=\"font-size: 14pt;\">Sur nos trois jonques, les \u00e9quipages se r\u00e9partissent.<\/span><\/p>\n<p><span style=\"font-size: 14pt;\">Le trajet du retour \u00e0 Malahide est diff\u00e9rent selon les bateaux.<\/span><\/p>\n<p>&nbsp;<\/p>\n<p><span style=\"font-size: 14pt;\">Sur Paradox, nous prenons le large pour profiter du vent, le bateau marche bien, la navigation est agr\u00e9able. Nous sommes heureux d\u2019avoir les filles \u00e0 bord\u00a0!<\/span><\/p>\n<p>&nbsp;<\/p>\n<p>&nbsp;<\/p>\n<div id=\"attachment_1172\" style=\"width: 310px\" class=\"wp-caption alignleft\"><a href=\"https:\/\/leblanc.pl\/paradox\/wp-content\/uploads\/2025\/03\/Tiny-spot-on-the-horizon.jpg\"><img loading=\"lazy\" decoding=\"async\" aria-describedby=\"caption-attachment-1172\" class=\"image-a-gauche wp-image-1172 size-medium\" title=\"Bient\u00f4t un point sur l'horizon\" src=\"https:\/\/leblanc.pl\/paradox\/wp-content\/uploads\/2025\/03\/Tiny-spot-on-the-horizon-300x200.jpg\" alt=\"Bient\u00f4t un point sur l'horizon\" width=\"300\" height=\"200\" srcset=\"https:\/\/leblanc.pl\/paradox\/wp-content\/uploads\/2025\/03\/Tiny-spot-on-the-horizon-300x200.jpg 300w, https:\/\/leblanc.pl\/paradox\/wp-content\/uploads\/2025\/03\/Tiny-spot-on-the-horizon-768x511.jpg 768w, https:\/\/leblanc.pl\/paradox\/wp-content\/uploads\/2025\/03\/Tiny-spot-on-the-horizon.jpg 799w\" sizes=\"auto, (max-width: 300px) 100vw, 300px\" \/><\/a><p id=\"caption-attachment-1172\" class=\"wp-caption-text\"><\/span> <span style=\"font-size: 14pt;\">Bient\u00f4t un point sur l&rsquo;horizon<\/span><\/p><\/div>\n<p>&nbsp;<\/p>\n<p>&nbsp;<\/p>\n<p><span style=\"font-size: 14pt;\">Les voiles de Wave Rover et d\u2019Yvonne deviennent de tout petits points sur le paysage de la c\u00f4te irlandaise.<\/span><\/p>\n<p>&nbsp;<\/p>\n<p><span style=\"font-size: 14pt;\">Finalement, nous arrivons tous \u00e0 Malahide dans un mouchoir de poche.<\/span><\/p>\n<p>&nbsp;<\/p>\n<p><span style=\"font-size: 14pt;\">Une fois au port, Kevin nous invite tous \u00e0 prendre \u00ab le th\u00e9 \u00bb chez lui.<\/span><\/p>\n<p>&nbsp;<\/p>\n<p><span style=\"font-size: 14pt;\"><em>Le Th\u00e9 ?<\/em> Nous, fran\u00e7ais, imaginons des tasses de porcelaine et des petits biscuits.<\/span><\/p>\n<p>&nbsp;<\/p>\n<div id=\"attachment_1173\" style=\"width: 310px\" class=\"wp-caption alignright\"><a href=\"https:\/\/leblanc.pl\/paradox\/wp-content\/uploads\/2025\/03\/Le-the-chez-Yvonn-et-Kevin.jpg\"><img loading=\"lazy\" decoding=\"async\" aria-describedby=\"caption-attachment-1173\" class=\"image-a-droite wp-image-1173 size-medium\" title=\"Le &quot;th\u00e9&quot; chez Yvonne et Kevin...\" src=\"https:\/\/leblanc.pl\/paradox\/wp-content\/uploads\/2025\/03\/Le-the-chez-Yvonn-et-Kevin-300x183.jpg\" alt=\"Le &quot;th\u00e9&quot; chez Yvonne et Kevin...\" width=\"300\" height=\"183\" srcset=\"https:\/\/leblanc.pl\/paradox\/wp-content\/uploads\/2025\/03\/Le-the-chez-Yvonn-et-Kevin-300x183.jpg 300w, https:\/\/leblanc.pl\/paradox\/wp-content\/uploads\/2025\/03\/Le-the-chez-Yvonn-et-Kevin.jpg 731w\" sizes=\"auto, (max-width: 300px) 100vw, 300px\" \/><\/a><p id=\"caption-attachment-1173\" class=\"wp-caption-text\"><\/span> <span style=\"font-size: 14pt;\">Le \u00ab\u00a0th\u00e9\u00a0\u00bb chez Yvonne et Kevin&#8230;<\/span><\/p><\/div>\n<p>&nbsp;<\/p>\n<p><span style=\"font-size: 14pt;\">Mais lorsqu\u2019Yvonne nous accueille dans leur salon, nous d\u00e9couvrons une riche s\u00e9lection de bi\u00e8res, whiskies et autres boissons, ainsi qu\u2019une magnifique table pr\u00e9par\u00e9e comme pour un banquet.<\/span><\/p>\n<p>&nbsp;<\/p>\n<p><span style=\"font-size: 14pt;\">Le repas qui s\u2019ensuit, savamment compos\u00e9, est bien s\u00fbr d\u00e9licieux et \u00e0 la hauteur de la belle d\u00e9coration.<\/span><\/p>\n<p>&nbsp;<\/p>\n<div id=\"attachment_1174\" style=\"width: 235px\" class=\"wp-caption alignleft\"><a href=\"https:\/\/leblanc.pl\/paradox\/wp-content\/uploads\/2025\/03\/12-ans-dage.jpg\"><img loading=\"lazy\" decoding=\"async\" aria-describedby=\"caption-attachment-1174\" class=\"image-a-gauche wp-image-1174 size-medium\" title=\"un &quot;th\u00e9&quot; 12 ans d'\u00e2ge !\" src=\"https:\/\/leblanc.pl\/paradox\/wp-content\/uploads\/2025\/03\/12-ans-dage-225x300.jpg\" alt=\"un &quot;th\u00e9&quot; 12 ans d'\u00e2ge !\" width=\"225\" height=\"300\" srcset=\"https:\/\/leblanc.pl\/paradox\/wp-content\/uploads\/2025\/03\/12-ans-dage-225x300.jpg 225w, https:\/\/leblanc.pl\/paradox\/wp-content\/uploads\/2025\/03\/12-ans-dage.jpg 450w\" sizes=\"auto, (max-width: 225px) 100vw, 225px\" \/><\/a><p id=\"caption-attachment-1174\" class=\"wp-caption-text\"><\/span> <span style=\"font-size: 14pt;\">un \u00ab\u00a0th\u00e9\u00a0\u00bb 12 ans d&rsquo;\u00e2ge !<\/span><\/p><\/div>\n<p>&nbsp;<\/p>\n<p>&nbsp;<\/p>\n<p><span style=\"font-size: 14pt;\">Encore une fois, nous sommes subjugu\u00e9s par la gentillesse et le grand c\u0153ur de nos amis irlandais.<\/span><\/p>\n<p>&nbsp;<\/p>\n<p>&nbsp;<\/p>\n<p>&nbsp;<\/p>\n<p style=\"text-align: right;\"><span style=\"font-size: 14pt;\"><a href=\"https:\/\/leblanc.pl\/paradox\/jour-19-malahide\/\"><em>(\u00e0 suivre)<\/em><\/a><\/span><\/p>\n","protected":false},"excerpt":{"rendered":"<p>Dimanche 8 septembre Aujourd\u2019hui, tous les bateaux quittent la rivi\u00e8re Liffey et la ville de Dublin, d\u00e8s l\u2019ouverture du Thomas Clarke bridge. Sur nos trois jonques, les \u00e9quipages se r\u00e9partissent. Le trajet du retour \u00e0 Malahide est diff\u00e9rent selon les &hellip; <a href=\"https:\/\/leblanc.pl\/paradox\/jour-18-dublin\/\">Continuer la lecture <span class=\"meta-nav\">&rarr;<\/span><\/a><\/p>\n","protected":false},"author":1,"featured_media":474,"parent":0,"menu_order":20,"comment_status":"open","ping_status":"closed","template":"","meta":{"footnotes":""},"class_list":["post-56","page","type-page","status-publish","has-post-thumbnail","hentry"],"_links":{"self":[{"href":"https:\/\/leblanc.pl\/paradox\/wp-json\/wp\/v2\/pages\/56","targetHints":{"allow":["GET"]}}],"collection":[{"href":"https:\/\/leblanc.pl\/paradox\/wp-json\/wp\/v2\/pages"}],"about":[{"href":"https:\/\/leblanc.pl\/paradox\/wp-json\/wp\/v2\/types\/page"}],"author":[{"embeddable":true,"href":"https:\/\/leblanc.pl\/paradox\/wp-json\/wp\/v2\/users\/1"}],"replies":[{"embeddable":true,"href":"https:\/\/leblanc.pl\/paradox\/wp-json\/wp\/v2\/comments?post=56"}],"version-history":[{"count":19,"href":"https:\/\/leblanc.pl\/paradox\/wp-json\/wp\/v2\/pages\/56\/revisions"}],"predecessor-version":[{"id":1830,"href":"https:\/\/leblanc.pl\/paradox\/wp-json\/wp\/v2\/pages\/56\/revisions\/1830"}],"wp:featuredmedia":[{"embeddable":true,"href":"https:\/\/leblanc.pl\/paradox\/wp-json\/wp\/v2\/media\/474"}],"wp:attachment":[{"href":"https:\/\/leblanc.pl\/paradox\/wp-json\/wp\/v2\/media?parent=56"}],"curies":[{"name":"wp","href":"https:\/\/api.w.org\/{rel}","templated":true}]}}