{"id":54,"date":"2025-01-24T16:04:15","date_gmt":"2025-01-24T15:04:15","guid":{"rendered":"https:\/\/leblanc.pl\/paradox\/?page_id=54"},"modified":"2025-04-27T19:20:57","modified_gmt":"2025-04-27T17:20:57","slug":"jour-17-dublin","status":"publish","type":"page","link":"https:\/\/leblanc.pl\/paradox\/jour-17-dublin\/","title":{"rendered":"Jour 17, parade sur la rivi\u00e8re Liffey \u00e0 Dublin"},"content":{"rendered":"<h2><strong>Samedi 7 septembre<\/strong><\/h2>\n<p><span style=\"font-size: 14pt;\">Il est deux heures du matin sur\u00a0<strong><em>Yvonne<\/em><\/strong>, le bateau de Kevin, o\u00f9 Eric, impatient, n&rsquo;arrive plus \u00e0 dormir.<\/span><\/p>\n<p>&nbsp;<\/p>\n<div id=\"attachment_1140\" style=\"width: 310px\" class=\"wp-caption alignleft\"><a href=\"https:\/\/leblanc.pl\/paradox\/wp-content\/uploads\/2025\/03\/Yvonne-sous-la-lune.jpg\"><img loading=\"lazy\" decoding=\"async\" aria-describedby=\"caption-attachment-1140\" class=\"image-a-gauche wp-image-1140 size-medium\" title=\"Serait-ce Yvonne, sous la lune ?\" src=\"https:\/\/leblanc.pl\/paradox\/wp-content\/uploads\/2025\/03\/Yvonne-sous-la-lune-300x182.jpg\" alt=\"Serait-ce Yvonne, sous la lune ?\" width=\"300\" height=\"182\" srcset=\"https:\/\/leblanc.pl\/paradox\/wp-content\/uploads\/2025\/03\/Yvonne-sous-la-lune-300x182.jpg 300w, https:\/\/leblanc.pl\/paradox\/wp-content\/uploads\/2025\/03\/Yvonne-sous-la-lune.jpg 700w\" sizes=\"auto, (max-width: 300px) 100vw, 300px\" \/><\/a><p id=\"caption-attachment-1140\" class=\"wp-caption-text\"><\/span> <span style=\"font-size: 14pt;\">Serait-ce Yvonne, sous la lune ?<\/span><\/p><\/div>\n<p><span style=\"font-size: 14pt;\">Alors, n\u2019y tenant plus, il d\u00e9cide de larguer les amarres pour une navigation nocturne jusqu\u2019\u00e0 Dublin.<\/span><\/p>\n<p>&nbsp;<\/p>\n<p><span style=\"font-size: 14pt;\">Il navigue entre deux et trois n\u0153uds, mais cela ne remet pas en cause son plaisir d\u2019\u00eatre seul en mer, et il arrive quelques longues heures plus tard \u00e0 Poolbeg.<\/span><\/p>\n<p>&nbsp;<\/p>\n<p><span style=\"font-size: 14pt;\">Les autres, qui n\u2019ont eu droit qu&rsquo;au luxe de dormir dans de vrais lits, arrivent en taxi.<\/span><\/p>\n<p>&nbsp;<\/p>\n<p><span style=\"font-size: 14pt;\">La parade commencera \u00e0 quatorze heures, moment o\u00f9 le premier des trois ponts doit s\u2019ouvrir. Depuis onze heures, tous les bateaux sont d\u00e9j\u00e0 lib\u00e9r\u00e9s de leurs amarres, et nous faisons des ronds dans l\u2019eau au milieu de toute la flotte.<\/span><\/p>\n<div id=\"attachment_1144\" style=\"width: 310px\" class=\"wp-caption alignright\"><a href=\"https:\/\/leblanc.pl\/paradox\/wp-content\/uploads\/2025\/03\/En-paradant-sur-la-Lifffey.jpg\"><img loading=\"lazy\" decoding=\"async\" aria-describedby=\"caption-attachment-1144\" class=\"image-a-droite wp-image-1144 size-medium\" title=\"En paradant sur la Lifffey\" src=\"https:\/\/leblanc.pl\/paradox\/wp-content\/uploads\/2025\/03\/En-paradant-sur-la-Lifffey-300x169.jpg\" alt=\"En paradant sur la Lifffey\" width=\"300\" height=\"169\" srcset=\"https:\/\/leblanc.pl\/paradox\/wp-content\/uploads\/2025\/03\/En-paradant-sur-la-Lifffey-300x169.jpg 300w, https:\/\/leblanc.pl\/paradox\/wp-content\/uploads\/2025\/03\/En-paradant-sur-la-Lifffey-768x432.jpg 768w, https:\/\/leblanc.pl\/paradox\/wp-content\/uploads\/2025\/03\/En-paradant-sur-la-Lifffey.jpg 800w\" sizes=\"auto, (max-width: 300px) 100vw, 300px\" \/><\/a><p id=\"caption-attachment-1144\" class=\"wp-caption-text\"><\/span> <span style=\"font-size: 14pt;\">En paradant sur la Lifffey<\/span><\/p><\/div>\n<p>&nbsp;<\/p>\n<p><span style=\"font-size: 14pt;\">Les bateaux de toute tailles et de toute natures arborent tout leurs pavillons, Paradox a aussi sorti sa garde-robe et nous avons d\u00e9cor\u00e9 ses fili\u00e8res avec des lanternes chinoises color\u00e9es.<\/span><\/p>\n<p>&nbsp;<\/p>\n<p>&nbsp;<\/p>\n<div id=\"attachment_1145\" style=\"width: 310px\" class=\"wp-caption alignleft\"><a href=\"https:\/\/leblanc.pl\/paradox\/wp-content\/uploads\/2025\/03\/Le-bateau-Yvonne-sur-la-Liffey.jpg\"><img loading=\"lazy\" decoding=\"async\" aria-describedby=\"caption-attachment-1145\" class=\"image-a-gauche wp-image-1145 size-medium\" title=\"Le bateau Yvonne sur la Liffey\" src=\"https:\/\/leblanc.pl\/paradox\/wp-content\/uploads\/2025\/03\/Le-bateau-Yvonne-sur-la-Liffey-300x200.jpg\" alt=\"Le bateau Yvonne sur la Liffey\" width=\"300\" height=\"200\" srcset=\"https:\/\/leblanc.pl\/paradox\/wp-content\/uploads\/2025\/03\/Le-bateau-Yvonne-sur-la-Liffey-300x200.jpg 300w, https:\/\/leblanc.pl\/paradox\/wp-content\/uploads\/2025\/03\/Le-bateau-Yvonne-sur-la-Liffey-768x512.jpg 768w, https:\/\/leblanc.pl\/paradox\/wp-content\/uploads\/2025\/03\/Le-bateau-Yvonne-sur-la-Liffey.jpg 800w\" sizes=\"auto, (max-width: 300px) 100vw, 300px\" \/><\/a><p id=\"caption-attachment-1145\" class=\"wp-caption-text\"><\/span> <span style=\"font-size: 14pt;\">Le bateau Yvonne sur la Liffey<\/span><\/p><\/div>\n<p>&nbsp;<\/p>\n<p><span style=\"font-size: 14pt;\">La flottille, compos\u00e9e d\u2019une soixantaine de bateaux, et la relative \u00e9troitesse de la rivi\u00e8re Liffey sollicitent toute notre attention pour \u00e9viter les abordages. Mais le temps est chaud et ensoleill\u00e9, et le spectacle est magnifique.<\/span><\/p>\n<p>&nbsp;<\/p>\n<p><span style=\"font-size: 14pt;\">Les ponts s\u2019ouvrent les uns apr\u00e8s les autres\u00a0: le <strong><em>Thomas Clarke bridge<\/em><\/strong>, puis le <strong><em>Samuel Becket bridge<\/em><\/strong>, et enfin le <strong><em>Se\u00e1n O\u2019Casey footbridge<\/em><\/strong>, avec sa gracieuse forme de harpe.<\/span><\/p>\n<div id=\"attachment_1146\" style=\"width: 310px\" class=\"wp-caption alignright\"><a href=\"https:\/\/leblanc.pl\/paradox\/wp-content\/uploads\/2025\/03\/3-jonques-a-couple-pour-la-nuit.jpg\"><img loading=\"lazy\" decoding=\"async\" aria-describedby=\"caption-attachment-1146\" class=\"image-a-droite wp-image-1146 size-medium\" title=\"3 jonques \u00e0 couple pour la nuit\" src=\"https:\/\/leblanc.pl\/paradox\/wp-content\/uploads\/2025\/03\/3-jonques-a-couple-pour-la-nuit-300x169.jpg\" alt=\"3 jonques \u00e0 couple pour la nuit\" width=\"300\" height=\"169\" srcset=\"https:\/\/leblanc.pl\/paradox\/wp-content\/uploads\/2025\/03\/3-jonques-a-couple-pour-la-nuit-300x169.jpg 300w, https:\/\/leblanc.pl\/paradox\/wp-content\/uploads\/2025\/03\/3-jonques-a-couple-pour-la-nuit-768x432.jpg 768w, https:\/\/leblanc.pl\/paradox\/wp-content\/uploads\/2025\/03\/3-jonques-a-couple-pour-la-nuit.jpg 800w\" sizes=\"auto, (max-width: 300px) 100vw, 300px\" \/><\/a><p id=\"caption-attachment-1146\" class=\"wp-caption-text\"><\/span> <span style=\"font-size: 14pt;\">3 jonques \u00e0 couple pour la nuit<\/span><\/p><\/div>\n<p><span style=\"font-size: 14pt;\">Nous faisons des aller-retours le long de la rivi\u00e8re, dont les quais sont noirs de monde, puis chaque bateau est tour \u00e0 tour appel\u00e9 par les organisateurs pour venir s\u2019amarrer le long du ponton nord.<\/span><\/p>\n<p>&nbsp;<\/p>\n<p><span style=\"font-size: 14pt;\">A seize heures, tous les \u00e9quipages se retrouvent \u00e0 bord du majestueux <strong><em>Leader<\/em><\/strong>.<\/span><\/p>\n<div id=\"attachment_1150\" style=\"width: 310px\" class=\"wp-caption alignleft\"><a href=\"https:\/\/leblanc.pl\/paradox\/wp-content\/uploads\/2025\/03\/Vero-sur-le-Leader.jpg\"><img loading=\"lazy\" decoding=\"async\" aria-describedby=\"caption-attachment-1150\" class=\"image-a-gauche wp-image-1150 size-medium\" title=\"V\u00e9ro sur le Leader\" src=\"https:\/\/leblanc.pl\/paradox\/wp-content\/uploads\/2025\/03\/Vero-sur-le-Leader-300x169.jpg\" alt=\"V\u00e9ro sur le Leader\" width=\"300\" height=\"169\" srcset=\"https:\/\/leblanc.pl\/paradox\/wp-content\/uploads\/2025\/03\/Vero-sur-le-Leader-300x169.jpg 300w, https:\/\/leblanc.pl\/paradox\/wp-content\/uploads\/2025\/03\/Vero-sur-le-Leader-768x432.jpg 768w, https:\/\/leblanc.pl\/paradox\/wp-content\/uploads\/2025\/03\/Vero-sur-le-Leader.jpg 800w\" sizes=\"auto, (max-width: 300px) 100vw, 300px\" \/><\/a><p id=\"caption-attachment-1150\" class=\"wp-caption-text\"><\/span> <span style=\"font-size: 14pt;\">V\u00e9ro sur le Leader<\/span><\/p><\/div>\n<p>&nbsp;<\/p>\n<p><span style=\"font-size: 14pt;\">La <em>Cruising Association of Ireland y<\/em> a organis\u00e9 une r\u00e9ception tr\u00e8s conviviale, avec brunch et boissons, au son de musiques irlandaises interpr\u00e9t\u00e9es par un groupe de musiciens local.<\/span><\/p>\n<p>&nbsp;<\/p>\n<div id=\"attachment_1147\" style=\"width: 310px\" class=\"wp-caption alignright\"><a href=\"https:\/\/leblanc.pl\/paradox\/wp-content\/uploads\/2025\/03\/Musique-a-bord-du-Leader.jpg\"><img loading=\"lazy\" decoding=\"async\" aria-describedby=\"caption-attachment-1147\" class=\"image-a-droite wp-image-1147 size-medium\" title=\"Musique \u00e0 bord du Leader\" src=\"https:\/\/leblanc.pl\/paradox\/wp-content\/uploads\/2025\/03\/Musique-a-bord-du-Leader-300x169.jpg\" alt=\"Musique \u00e0 bord du Leader\" width=\"300\" height=\"169\" srcset=\"https:\/\/leblanc.pl\/paradox\/wp-content\/uploads\/2025\/03\/Musique-a-bord-du-Leader-300x169.jpg 300w, https:\/\/leblanc.pl\/paradox\/wp-content\/uploads\/2025\/03\/Musique-a-bord-du-Leader-768x432.jpg 768w, https:\/\/leblanc.pl\/paradox\/wp-content\/uploads\/2025\/03\/Musique-a-bord-du-Leader.jpg 800w\" sizes=\"auto, (max-width: 300px) 100vw, 300px\" \/><\/a><p id=\"caption-attachment-1147\" class=\"wp-caption-text\"><\/span> <span style=\"font-size: 14pt;\">Musique \u00e0 bord du Leader<\/span><\/p><\/div>\n<p><span style=\"font-size: 14pt;\">C\u2019est un super moment, occasion de rencontres et d\u2019\u00e9changes.<\/span><\/p>\n<p>&nbsp;<\/p>\n<p><span style=\"font-size: 14pt;\">La soir\u00e9e se poursuit dans la bonne ambiance avec un repas du soir au <strong><em>Clayton Hotel<\/em><\/strong>, qui accueille pour l\u2019occasion la bonne centaine de participants de la parade.<\/span><\/p>\n<p>&nbsp;<\/p>\n<p>&nbsp;<\/p>\n<div id=\"attachment_1148\" style=\"width: 179px\" class=\"wp-caption alignleft\"><a href=\"https:\/\/leblanc.pl\/paradox\/wp-content\/uploads\/2025\/03\/Le-pavillon-de-la-JRA-offert-a-la-Cruising-Association-of-Ireland.jpg\"><img loading=\"lazy\" decoding=\"async\" aria-describedby=\"caption-attachment-1148\" class=\"image-a-gauche wp-image-1148 size-medium\" title=\"Le pavillon de la JRA est offert \u00e0 la Cruising Association of Ireland\" src=\"https:\/\/leblanc.pl\/paradox\/wp-content\/uploads\/2025\/03\/Le-pavillon-de-la-JRA-offert-a-la-Cruising-Association-of-Ireland-169x300.jpg\" alt=\"Le pavillon de la JRA est offert \u00e0 la Cruising Association of Ireland\" width=\"169\" height=\"300\" srcset=\"https:\/\/leblanc.pl\/paradox\/wp-content\/uploads\/2025\/03\/Le-pavillon-de-la-JRA-offert-a-la-Cruising-Association-of-Ireland-169x300.jpg 169w, https:\/\/leblanc.pl\/paradox\/wp-content\/uploads\/2025\/03\/Le-pavillon-de-la-JRA-offert-a-la-Cruising-Association-of-Ireland.jpg 450w\" sizes=\"auto, (max-width: 169px) 100vw, 169px\" \/><\/a><p id=\"caption-attachment-1148\" class=\"wp-caption-text\"><\/span> <span style=\"font-size: 14pt;\">Le pavillon de la JRA est offert \u00e0 la Cruising Association of Ireland<\/span><\/p><\/div>\n<p>&nbsp;<\/p>\n<p><span style=\"font-size: 14pt;\">Au nom de la <strong><em>Junk Rig Association<\/em><\/strong> (L\u2019association des gr\u00e9ements de jonques), je suis charg\u00e9 de d\u00e9dicacer officiellement un pavillon aux couleurs de l\u2019association, que je remets au pr\u00e9sident de la CAI, en remerciement pour leur g\u00e9n\u00e9reux accueil.<\/span><\/p>\n<p>&nbsp;<\/p>\n<p><span style=\"font-size: 14pt;\">Une tradition informelle, lors des rencontres de la <em><strong>JRA<\/strong> <\/em>(les \u00ab\u00a0<em>junkets<\/em>\u00a0\u00bb), est de remettre une bouteille de rhum \u00e0 l\u2019un des participants, g\u00e9n\u00e9ralement celui qui a effectu\u00e9 pour l\u2019occasion la plus longue navigation. Sachant que nous arriverions quand-m\u00eame du sud de la France, j\u2019avais pris les devants et choisi une excellente bouteille que je pensais l\u00e9gitimement <em>me<\/em> d\u00e9cerner.<\/span><\/p>\n<p>&nbsp;<\/p>\n<p><span style=\"font-size: 14pt;\">C\u2019\u00e9tait sans compter sur la pr\u00e9sence d\u2019Alan, qui avait \u00ab juste \u00bb travers\u00e9 l\u2019Atlantique Nord sur son petit voilier <strong><em>Wave Rover II<\/em><\/strong>. Faisant contre mauvaise fortune bon c\u0153ur, je lui offre donc ce troph\u00e9e, sous les applaudissements de l\u2019assistance.<\/span><\/p>\n<p>&nbsp;<\/p>\n<p><span style=\"font-size: 14pt;\">Apr\u00e8s le repas, une sc\u00e8ne ouverte est install\u00e9e pour accueillir les \u00e9ventuels artistes improvis\u00e9s.<\/span><\/p>\n<p><span style=\"font-size: 14pt;\">Dorothy et moi avions tr\u00e8s sommairement r\u00e9p\u00e9t\u00e9 2 chansons populaires r\u00e9\u00e9crites pour l\u2019occasion par Kevin. Dorothy, experte violoniste, et moi-m\u00eame, approximatif guitariste et chanteur d\u00e9complex\u00e9, interpr\u00e9tons d\u2019abord \u00ab\u00a0<em>The Wave Rover<\/em>\u00a0\u00bb, en hommage au bateau d\u2019Alan, libre adaptation du traditionnel irlandais \u00ab\u00a0<em>The wild Rover<\/em>\u00a0\u00bb, dont Kevin est le coupable.<\/span><\/p>\n<p>&nbsp;<\/p>\n<p><span style=\"font-size: 14pt;\">Le morceau suivant est une autre adaptation, celle du c\u00e9l\u00e8bre \u00ab\u00a0<em>Ghost Riders in the Sky<\/em>\u00a0\u00bb de Johny Cash, qui, revisit\u00e9e par Kevin, est devenu \u00ab\u00a0<em>Junk Riders in the Sky<\/em>\u00a0\u00bb.<\/span><\/p>\n<p>&nbsp;<\/p>\n<div id=\"attachment_1160\" style=\"width: 310px\" class=\"wp-caption alignleft\"><a href=\"https:\/\/leblanc.pl\/paradox\/wp-content\/uploads\/2025\/03\/Musique-Irlando-Francaise-.jpg\"><img loading=\"lazy\" decoding=\"async\" aria-describedby=\"caption-attachment-1160\" class=\"image-a-gauche wp-image-1160 size-medium\" title=\"Musique Irlando-Fran\u00e7aise !\" src=\"https:\/\/leblanc.pl\/paradox\/wp-content\/uploads\/2025\/03\/Musique-Irlando-Francaise--300x191.jpg\" alt=\"Musique Irlando-Fran\u00e7aise !\" width=\"300\" height=\"191\" srcset=\"https:\/\/leblanc.pl\/paradox\/wp-content\/uploads\/2025\/03\/Musique-Irlando-Francaise--300x191.jpg 300w, https:\/\/leblanc.pl\/paradox\/wp-content\/uploads\/2025\/03\/Musique-Irlando-Francaise--768x489.jpg 768w, https:\/\/leblanc.pl\/paradox\/wp-content\/uploads\/2025\/03\/Musique-Irlando-Francaise-.jpg 800w\" sizes=\"auto, (max-width: 300px) 100vw, 300px\" \/><\/a><p id=\"caption-attachment-1160\" class=\"wp-caption-text\"><\/span> <span style=\"font-size: 14pt;\">Musique Irlando-Fran\u00e7aise !<\/span><\/p><\/div>\n<p>&nbsp;<\/p>\n<p><span style=\"font-size: 14pt;\">Gina s\u2019essaye m\u00eame \u00e0 interpr\u00e9ter \u00ab\u00a0<em>L\u2019Hymne \u00e0 l\u2019Amour<\/em> \u00bb d\u2019Edith Piaf, accompagn\u00e9e par Dorothy et moi. Le tout de mani\u00e8re tr\u00e8s improvis\u00e9e et imparfaite, mais le public bon enfant et indulgent n\u2019est pas avare d\u2019applaudissements !<\/span><\/p>\n<p>&nbsp;<\/p>\n<p><span style=\"font-size: 14pt;\">Nous passerons une confortable nuit chez nos magnifiques h\u00f4tes. Bruno, V\u00e9ronique et Christian chez Joe et Dorothy, Gina et moi chez Kevin et Yvonne.<\/span><\/p>\n<p>&nbsp;<\/p>\n<p><span style=\"font-size: 14pt;\">Et Eric\u00a0? Il reste sur Paradox, seul ma\u00eetre \u00e0 bord\u00a0!<\/span><\/p>\n<p>&nbsp;<\/p>\n<p>&nbsp;<\/p>\n<p><span style=\"font-size: 14pt;\">Un article relatant cette belle journ\u00e9e est disponible, en anglais, sur le site de la <em>CAI<\/em>\u00a0: <a href=\"https:\/\/cruising.ie\/three-bridges-rally-2024-report\/\" target=\"_blank\" rel=\"noopener\">https:\/\/cruising.ie\/three-bridges-rally-2024-report\/<\/a> .<\/span><\/p>\n<p style=\"text-align: right;\"><span style=\"font-size: 14pt;\"><a href=\"https:\/\/leblanc.pl\/paradox\/jour-18-dublin\/\"><em>(\u00e0 suivre)<\/em><\/a><\/span><\/p>\n","protected":false},"excerpt":{"rendered":"<p>Samedi 7 septembre Il est deux heures du matin sur\u00a0Yvonne, le bateau de Kevin, o\u00f9 Eric, impatient, n&rsquo;arrive plus \u00e0 dormir. &nbsp; Alors, n\u2019y tenant plus, il d\u00e9cide de larguer les amarres pour une navigation nocturne jusqu\u2019\u00e0 Dublin. &nbsp; Il &hellip; <a href=\"https:\/\/leblanc.pl\/paradox\/jour-17-dublin\/\">Continuer la lecture <span class=\"meta-nav\">&rarr;<\/span><\/a><\/p>\n","protected":false},"author":1,"featured_media":471,"parent":0,"menu_order":19,"comment_status":"open","ping_status":"closed","template":"","meta":{"footnotes":""},"class_list":["post-54","page","type-page","status-publish","has-post-thumbnail","hentry"],"_links":{"self":[{"href":"https:\/\/leblanc.pl\/paradox\/wp-json\/wp\/v2\/pages\/54","targetHints":{"allow":["GET"]}}],"collection":[{"href":"https:\/\/leblanc.pl\/paradox\/wp-json\/wp\/v2\/pages"}],"about":[{"href":"https:\/\/leblanc.pl\/paradox\/wp-json\/wp\/v2\/types\/page"}],"author":[{"embeddable":true,"href":"https:\/\/leblanc.pl\/paradox\/wp-json\/wp\/v2\/users\/1"}],"replies":[{"embeddable":true,"href":"https:\/\/leblanc.pl\/paradox\/wp-json\/wp\/v2\/comments?post=54"}],"version-history":[{"count":32,"href":"https:\/\/leblanc.pl\/paradox\/wp-json\/wp\/v2\/pages\/54\/revisions"}],"predecessor-version":[{"id":1829,"href":"https:\/\/leblanc.pl\/paradox\/wp-json\/wp\/v2\/pages\/54\/revisions\/1829"}],"wp:featuredmedia":[{"embeddable":true,"href":"https:\/\/leblanc.pl\/paradox\/wp-json\/wp\/v2\/media\/471"}],"wp:attachment":[{"href":"https:\/\/leblanc.pl\/paradox\/wp-json\/wp\/v2\/media?parent=54"}],"curies":[{"name":"wp","href":"https:\/\/api.w.org\/{rel}","templated":true}]}}