{"id":52,"date":"2025-01-24T16:03:09","date_gmt":"2025-01-24T15:03:09","guid":{"rendered":"https:\/\/leblanc.pl\/paradox\/?page_id=52"},"modified":"2025-04-27T19:18:39","modified_gmt":"2025-04-27T17:18:39","slug":"jour-16-malahide","status":"publish","type":"page","link":"https:\/\/leblanc.pl\/paradox\/jour-16-malahide\/","title":{"rendered":"Jour 16, arriv\u00e9e des nouveaux membres d&rsquo;\u00e9quipage &#8230;"},"content":{"rendered":"<h2><strong>Vendredi 6 septembre<\/strong><\/h2>\n<p><span style=\"font-size: 14pt;\">Aujourd\u2019hui Paradox doit rejoindre Dublin, pour \u00eatre amarr\u00e9 ce soir au ponton de <em><strong>Poolbeg<\/strong><\/em>.<\/span><\/p>\n<p><span style=\"font-size: 14pt;\">Ni Bruno ni moi-m\u00eame ne sont du voyage, car chacun doit aller accueillir son \u00e9pouse respective \u00e0 l\u2019a\u00e9roport.<\/span><\/p>\n<p>&nbsp;<\/p>\n<p><span style=\"font-size: 14pt;\">Mais Dorothy se propose de compl\u00e9ter l\u2019\u00e9quipage.<\/span><\/p>\n<p>&nbsp;<\/p>\n<div id=\"attachment_1110\" style=\"width: 310px\" class=\"wp-caption alignright\"><a href=\"https:\/\/leblanc.pl\/paradox\/wp-content\/uploads\/2025\/03\/Dorothy-a-la-barre-de-Paradox.jpg\"><img loading=\"lazy\" decoding=\"async\" aria-describedby=\"caption-attachment-1110\" class=\"image-a-droite wp-image-1110 size-medium\" title=\"Dorothy \u00e0 la barre de Paradox\" src=\"https:\/\/leblanc.pl\/paradox\/wp-content\/uploads\/2025\/03\/Dorothy-a-la-barre-de-Paradox-300x200.jpg\" alt=\"Dorothy \u00e0 la barre de Paradox\" width=\"300\" height=\"200\" srcset=\"https:\/\/leblanc.pl\/paradox\/wp-content\/uploads\/2025\/03\/Dorothy-a-la-barre-de-Paradox-300x200.jpg 300w, https:\/\/leblanc.pl\/paradox\/wp-content\/uploads\/2025\/03\/Dorothy-a-la-barre-de-Paradox-768x512.jpg 768w, https:\/\/leblanc.pl\/paradox\/wp-content\/uploads\/2025\/03\/Dorothy-a-la-barre-de-Paradox.jpg 800w\" sizes=\"auto, (max-width: 300px) 100vw, 300px\" \/><\/a><p id=\"caption-attachment-1110\" class=\"wp-caption-text\"><\/span> <span style=\"font-size: 14pt;\">Dorothy \u00e0 la barre de Paradox<\/span><\/p><\/div>\n<p><span style=\"font-size: 14pt;\">Ainsi, le quartier-ma\u00eetre Eric devient Capitaine, le marin Dorothy prend le grade de quartier-ma\u00eetre, et le mousse Christian est promu matelot\u00a0!<\/span><\/p>\n<p>&nbsp;<\/p>\n<p><span style=\"font-size: 14pt;\">Afin de profiter du courant portant, le d\u00e9part est fix\u00e9 \u00e0 14 heures. En raison de rafales \u00e0 plus de 20 n\u0153uds, Paradox quitte le chenal de Malahide sous voile de misaine seule, r\u00e9duite \u00e0 deux panneaux.<\/span><\/p>\n<p>&nbsp;<\/p>\n<p><span style=\"font-size: 14pt;\">N\u00e9gligeant une route directe, pour cette \u00e9tape d\u2019une quinzaine de milles, l\u2019\u00e9quipage se fait plaisir et profite du vent pour battre des records de vitesse. Paradox d\u00e9passe les 10 n\u0153uds, et le propri\u00e9taire n\u2019est m\u00eame pas \u00e0 bord\u00a0!<\/span><\/p>\n<p>&nbsp;<\/p>\n<div id=\"attachment_1111\" style=\"width: 310px\" class=\"wp-caption alignleft\"><a href=\"https:\/\/leblanc.pl\/paradox\/wp-content\/uploads\/2025\/03\/Deux-nouveaux-membres-dequipage-Vero-et-Gina.jpg\"><img loading=\"lazy\" decoding=\"async\" aria-describedby=\"caption-attachment-1111\" class=\"image-a-gauche wp-image-1111 size-medium\" title=\"Deux nouveaux membres d'\u00e9quipage : V\u00e9ro et Gina\" src=\"https:\/\/leblanc.pl\/paradox\/wp-content\/uploads\/2025\/03\/Deux-nouveaux-membres-dequipage-Vero-et-Gina-300x173.jpg\" alt=\"Deux nouveaux membres d'\u00e9quipage : V\u00e9ro et Gina\" width=\"300\" height=\"173\" srcset=\"https:\/\/leblanc.pl\/paradox\/wp-content\/uploads\/2025\/03\/Deux-nouveaux-membres-dequipage-Vero-et-Gina-300x173.jpg 300w, https:\/\/leblanc.pl\/paradox\/wp-content\/uploads\/2025\/03\/Deux-nouveaux-membres-dequipage-Vero-et-Gina-768x442.jpg 768w, https:\/\/leblanc.pl\/paradox\/wp-content\/uploads\/2025\/03\/Deux-nouveaux-membres-dequipage-Vero-et-Gina.jpg 800w\" sizes=\"auto, (max-width: 300px) 100vw, 300px\" \/><\/a><p id=\"caption-attachment-1111\" class=\"wp-caption-text\"><\/span> <span style=\"font-size: 14pt;\">Deux nouveaux membres d&rsquo;\u00e9quipage : V\u00e9ro et Gina<\/span><\/p><\/div>\n<p>&nbsp;<\/p>\n<p><span style=\"font-size: 14pt;\">Bruno, V\u00e9ronique, Gina et moi-m\u00eame arrivons au bon moment pour prendre les amarres de Paradox.<\/span><\/p>\n<p>&nbsp;<\/p>\n<p><span style=\"font-size: 14pt;\">Wave Rover, avec \u00e0 son bord Alan et Kevin, arrivent peu de temps apr\u00e8s.<\/span><\/p>\n<p>&nbsp;<\/p>\n<div id=\"attachment_1112\" style=\"width: 310px\" class=\"wp-caption alignright\"><a href=\"https:\/\/leblanc.pl\/paradox\/wp-content\/uploads\/2025\/03\/Alan-Kevin-et-Wave-Rover-II.jpg\"><img loading=\"lazy\" decoding=\"async\" aria-describedby=\"caption-attachment-1112\" class=\"image-a-droite wp-image-1112 size-medium\" title=\"Alan, Kevin et Wave Rover II\" src=\"https:\/\/leblanc.pl\/paradox\/wp-content\/uploads\/2025\/03\/Alan-Kevin-et-Wave-Rover-II-300x169.jpg\" alt=\"Alan, Kevin et Wave Rover II\" width=\"300\" height=\"169\" srcset=\"https:\/\/leblanc.pl\/paradox\/wp-content\/uploads\/2025\/03\/Alan-Kevin-et-Wave-Rover-II-300x169.jpg 300w, https:\/\/leblanc.pl\/paradox\/wp-content\/uploads\/2025\/03\/Alan-Kevin-et-Wave-Rover-II-768x432.jpg 768w, https:\/\/leblanc.pl\/paradox\/wp-content\/uploads\/2025\/03\/Alan-Kevin-et-Wave-Rover-II.jpg 800w\" sizes=\"auto, (max-width: 300px) 100vw, 300px\" \/><\/a><p id=\"caption-attachment-1112\" class=\"wp-caption-text\"><\/span> <span style=\"font-size: 14pt;\">Alan, Kevin et Wave Rover II<\/span><\/p><\/div>\n<p><span style=\"font-size: 14pt;\">La marina de Poolbeg se remplit rapidement des bateaux qui vont participer \u00e0 la parade du lendemain. La <strong><em>CAI<\/em><\/strong> (<strong><em>Cruising Association of Ireland)<\/em><\/strong>, organisatrice de l\u2019\u00e9v\u00e8nement, assurera la gratuit\u00e9 des amarrages tout au long du weekend.<\/span><\/p>\n<p>&nbsp;<\/p>\n<p><span style=\"font-size: 14pt;\">La question du repas du soir est r\u00e9gl\u00e9e <em>en dynamique<\/em>\u00a0!<\/span><\/p>\n<p>&nbsp;<\/p>\n<div id=\"attachment_1113\" style=\"width: 310px\" class=\"wp-caption alignleft\"><a href=\"https:\/\/leblanc.pl\/paradox\/wp-content\/uploads\/2025\/03\/Lequipe-Cuisine-.jpg\"><img loading=\"lazy\" decoding=\"async\" aria-describedby=\"caption-attachment-1113\" class=\"image-a-gauche wp-image-1113 size-medium\" title=\"Une redoutable \u00e9quipe Cuisine !\" src=\"https:\/\/leblanc.pl\/paradox\/wp-content\/uploads\/2025\/03\/Lequipe-Cuisine--300x225.jpg\" alt=\"Une redoutable \u00e9quipe Cuisine !\" width=\"300\" height=\"225\" srcset=\"https:\/\/leblanc.pl\/paradox\/wp-content\/uploads\/2025\/03\/Lequipe-Cuisine--300x225.jpg 300w, https:\/\/leblanc.pl\/paradox\/wp-content\/uploads\/2025\/03\/Lequipe-Cuisine--768x576.jpg 768w, https:\/\/leblanc.pl\/paradox\/wp-content\/uploads\/2025\/03\/Lequipe-Cuisine-.jpg 800w\" sizes=\"auto, (max-width: 300px) 100vw, 300px\" \/><\/a><p id=\"caption-attachment-1113\" class=\"wp-caption-text\"><\/span> <span style=\"font-size: 14pt;\">Une redoutable \u00e9quipe Cuisine !<\/span><\/p><\/div>\n<p>&nbsp;<\/p>\n<p><span style=\"font-size: 14pt;\">Les \u00e9quipages respectifs de Wave Rover et Paradox, ainsi que les nouvelles arrivantes, s\u2019installent dans notre cockpit, pendant que Bruno et Christian nous pr\u00e9parent l\u2019ap\u00e9ro et un repas improvis\u00e9 avec les moyens du bord.<\/span><\/p>\n<p>&nbsp;<\/p>\n<p>&nbsp;<\/p>\n<div id=\"attachment_1123\" style=\"width: 310px\" class=\"wp-caption alignright\"><a href=\"https:\/\/leblanc.pl\/paradox\/wp-content\/uploads\/2025\/03\/Heureuse-reunion-sur-Paradox-.jpg\"><img loading=\"lazy\" decoding=\"async\" aria-describedby=\"caption-attachment-1123\" class=\"image-a-droite wp-image-1123 size-medium\" title=\"Heureuse r\u00e9union sur Paradox !\" src=\"https:\/\/leblanc.pl\/paradox\/wp-content\/uploads\/2025\/03\/Heureuse-reunion-sur-Paradox--300x169.jpg\" alt=\"Heureuse r\u00e9union sur Paradox !\" width=\"300\" height=\"169\" srcset=\"https:\/\/leblanc.pl\/paradox\/wp-content\/uploads\/2025\/03\/Heureuse-reunion-sur-Paradox--300x169.jpg 300w, https:\/\/leblanc.pl\/paradox\/wp-content\/uploads\/2025\/03\/Heureuse-reunion-sur-Paradox--768x432.jpg 768w, https:\/\/leblanc.pl\/paradox\/wp-content\/uploads\/2025\/03\/Heureuse-reunion-sur-Paradox-.jpg 800w\" sizes=\"auto, (max-width: 300px) 100vw, 300px\" \/><\/a><p id=\"caption-attachment-1123\" class=\"wp-caption-text\"><\/span> <span style=\"font-size: 14pt;\">Heureuse r\u00e9union sur Paradox !<\/span><\/p><\/div>\n<p><span style=\"font-size: 14pt;\">La m\u00e9t\u00e9o estivale,\u00a0 la joie des retrouvailles et la bonne ambiance s\u2019additionnent , et nous passons une agr\u00e9able soir\u00e9e.<\/span><\/p>\n<p>&nbsp;<\/p>\n<p>&nbsp;<\/p>\n<p>&nbsp;<\/p>\n<p>&nbsp;<\/p>\n<p><span style=\"font-size: 14pt;\">A l\u2019exception d\u2019Alan, qui va dormir sur son bateau, tout le monde rejoint ensuite Malahide en taxi.<\/span><\/p>\n<p>&nbsp;<\/p>\n<p>&nbsp;<\/p>\n<div id=\"attachment_1120\" style=\"width: 310px\" class=\"wp-caption alignleft\"><a href=\"https:\/\/leblanc.pl\/paradox\/wp-content\/uploads\/2025\/03\/Nos-hotes-Yvonne-et-Kevin-Cardiff.jpg\"><img loading=\"lazy\" decoding=\"async\" aria-describedby=\"caption-attachment-1120\" class=\"image-a-gauche wp-image-1120 size-medium\" title=\"Nos h\u00f4tes, Yvonne et Kevin Cardiff\" src=\"https:\/\/leblanc.pl\/paradox\/wp-content\/uploads\/2025\/03\/Nos-hotes-Yvonne-et-Kevin-Cardiff-300x200.jpg\" alt=\"Nos h\u00f4tes, Yvonne et Kevin Cardiff\" width=\"300\" height=\"200\" srcset=\"https:\/\/leblanc.pl\/paradox\/wp-content\/uploads\/2025\/03\/Nos-hotes-Yvonne-et-Kevin-Cardiff-300x200.jpg 300w, https:\/\/leblanc.pl\/paradox\/wp-content\/uploads\/2025\/03\/Nos-hotes-Yvonne-et-Kevin-Cardiff-768x512.jpg 768w, https:\/\/leblanc.pl\/paradox\/wp-content\/uploads\/2025\/03\/Nos-hotes-Yvonne-et-Kevin-Cardiff.jpg 800w\" sizes=\"auto, (max-width: 300px) 100vw, 300px\" \/><\/a><p id=\"caption-attachment-1120\" class=\"wp-caption-text\"><\/span> <span style=\"font-size: 14pt;\">Nos h\u00f4tes, Yvonne et Kevin Cardiff<\/span><\/p><\/div>\n<p><span style=\"font-size: 14pt;\">Bruno, V\u00e9ronique et Christian sont h\u00e9berg\u00e9s chez Dorothy et Joe, Gina et moi sommes chaleureusement accueillis par <em><strong>Yvonne<\/strong><\/em>, l\u2019\u00e9pouse de Kevin.<\/span><\/p>\n<p>&nbsp;<\/p>\n<p>&nbsp;<\/p>\n<p><span style=\"font-size: 14pt;\">Quant \u00e0 Eric, il doit passer la nuit sur le voilier de Kevin, qu\u2019il va convoyer en solitaire jusqu\u2019\u00e0 Dublin le lendemain, pour son plus grand bonheur.<\/span><\/p>\n<p>&nbsp;<\/p>\n<p>&nbsp;<\/p>\n<p>&nbsp;<\/p>\n<p>&nbsp;<\/p>\n<p style=\"text-align: right;\"><span style=\"font-size: 14pt;\"><a href=\"https:\/\/leblanc.pl\/paradox\/jour-17-dublin\/\"><em>(\u00e0 suivre)<\/em><\/a><\/span><\/p>\n","protected":false},"excerpt":{"rendered":"<p>Vendredi 6 septembre Aujourd\u2019hui Paradox doit rejoindre Dublin, pour \u00eatre amarr\u00e9 ce soir au ponton de Poolbeg. Ni Bruno ni moi-m\u00eame ne sont du voyage, car chacun doit aller accueillir son \u00e9pouse respective \u00e0 l\u2019a\u00e9roport. &nbsp; Mais Dorothy se propose &hellip; <a href=\"https:\/\/leblanc.pl\/paradox\/jour-16-malahide\/\">Continuer la lecture <span class=\"meta-nav\">&rarr;<\/span><\/a><\/p>\n","protected":false},"author":1,"featured_media":470,"parent":0,"menu_order":18,"comment_status":"open","ping_status":"closed","template":"","meta":{"footnotes":""},"class_list":["post-52","page","type-page","status-publish","has-post-thumbnail","hentry"],"_links":{"self":[{"href":"https:\/\/leblanc.pl\/paradox\/wp-json\/wp\/v2\/pages\/52","targetHints":{"allow":["GET"]}}],"collection":[{"href":"https:\/\/leblanc.pl\/paradox\/wp-json\/wp\/v2\/pages"}],"about":[{"href":"https:\/\/leblanc.pl\/paradox\/wp-json\/wp\/v2\/types\/page"}],"author":[{"embeddable":true,"href":"https:\/\/leblanc.pl\/paradox\/wp-json\/wp\/v2\/users\/1"}],"replies":[{"embeddable":true,"href":"https:\/\/leblanc.pl\/paradox\/wp-json\/wp\/v2\/comments?post=52"}],"version-history":[{"count":27,"href":"https:\/\/leblanc.pl\/paradox\/wp-json\/wp\/v2\/pages\/52\/revisions"}],"predecessor-version":[{"id":1828,"href":"https:\/\/leblanc.pl\/paradox\/wp-json\/wp\/v2\/pages\/52\/revisions\/1828"}],"wp:featuredmedia":[{"embeddable":true,"href":"https:\/\/leblanc.pl\/paradox\/wp-json\/wp\/v2\/media\/470"}],"wp:attachment":[{"href":"https:\/\/leblanc.pl\/paradox\/wp-json\/wp\/v2\/media?parent=52"}],"curies":[{"name":"wp","href":"https:\/\/api.w.org\/{rel}","templated":true}]}}