{"id":50,"date":"2025-01-24T16:02:17","date_gmt":"2025-01-24T15:02:17","guid":{"rendered":"https:\/\/leblanc.pl\/paradox\/?page_id=50"},"modified":"2025-04-27T19:17:21","modified_gmt":"2025-04-27T17:17:21","slug":"jour-15-malahide","status":"publish","type":"page","link":"https:\/\/leblanc.pl\/paradox\/jour-15-malahide\/","title":{"rendered":"Jour 15, du ch\u00e2teau de Malahide au mus\u00e9e Maritime National"},"content":{"rendered":"<h2><strong>Jeudi 5 septembre<\/strong><\/h2>\n<div id=\"attachment_1092\" style=\"width: 310px\" class=\"wp-caption alignright\"><a href=\"https:\/\/leblanc.pl\/paradox\/wp-content\/uploads\/2025\/03\/Eric-au-Malahide-Castle.jpg\"><img loading=\"lazy\" decoding=\"async\" aria-describedby=\"caption-attachment-1092\" class=\"image-a-droite wp-image-1092 size-medium\" title=\"Eric au Malahide Castle\" src=\"https:\/\/leblanc.pl\/paradox\/wp-content\/uploads\/2025\/03\/Eric-au-Malahide-Castle-300x162.jpg\" alt=\"Eric au Malahide Castle\" width=\"300\" height=\"162\" srcset=\"https:\/\/leblanc.pl\/paradox\/wp-content\/uploads\/2025\/03\/Eric-au-Malahide-Castle-300x162.jpg 300w, https:\/\/leblanc.pl\/paradox\/wp-content\/uploads\/2025\/03\/Eric-au-Malahide-Castle-768x415.jpg 768w, https:\/\/leblanc.pl\/paradox\/wp-content\/uploads\/2025\/03\/Eric-au-Malahide-Castle.jpg 787w\" sizes=\"auto, (max-width: 300px) 100vw, 300px\" \/><\/a><p id=\"caption-attachment-1092\" class=\"wp-caption-text\">Eric au Malahide Castle<\/p><\/div>\n<p><span style=\"font-size: 14pt;\">Le vent s\u2019est lev\u00e9, mais les bateaux sont bien amarr\u00e9s et le soleil est toujours l\u00e0. En fin de matin\u00e9e, Kevin, toujours soucieux de ne pas nous laisser nous ennuyer, nous conduit au <strong><em>Ch\u00e2teau de Malahide<\/em><\/strong> , b\u00e2timent du XII<sup>\u00e8me<\/sup> si\u00e8cle, dont aujourd&rsquo;hui\u00a0une grande partie du rez-de-chauss\u00e9e est consacr\u00e9e au salon et au restaurant, et une autre \u00e0 une grande boutique de souvenirs.<\/span><\/p>\n<p>&nbsp;<\/p>\n<div id=\"attachment_1093\" style=\"width: 310px\" class=\"wp-caption alignleft\"><a href=\"https:\/\/leblanc.pl\/paradox\/wp-content\/uploads\/2025\/03\/Dans-le-train-avec-Joe.jpg\"><img loading=\"lazy\" decoding=\"async\" aria-describedby=\"caption-attachment-1093\" class=\"image-a-gauche wp-image-1093 size-medium\" title=\"Dans le train avec Joe\" src=\"https:\/\/leblanc.pl\/paradox\/wp-content\/uploads\/2025\/03\/Dans-le-train-avec-Joe-300x181.jpg\" alt=\"Dans le train avec Joe\" width=\"300\" height=\"181\" srcset=\"https:\/\/leblanc.pl\/paradox\/wp-content\/uploads\/2025\/03\/Dans-le-train-avec-Joe-300x181.jpg 300w, https:\/\/leblanc.pl\/paradox\/wp-content\/uploads\/2025\/03\/Dans-le-train-avec-Joe-768x464.jpg 768w, https:\/\/leblanc.pl\/paradox\/wp-content\/uploads\/2025\/03\/Dans-le-train-avec-Joe.jpg 800w\" sizes=\"auto, (max-width: 300px) 100vw, 300px\" \/><\/a><p id=\"caption-attachment-1093\" class=\"wp-caption-text\"><\/span> <span style=\"font-size: 14pt;\">Dans le train avec Joe<\/span><\/p><\/div>\n<p><span style=\"font-size: 14pt;\">Apr\u00e8s y avoir pris notre d\u00e9jeuner, nous partons \u00e0 pied pour rejoindre Joe Conaghan \u00e0 la gare de Malahide.<\/span><\/p>\n<p>&nbsp;<\/p>\n<p><span style=\"font-size: 14pt;\">Joe, passionn\u00e9, commente sans rel\u00e2che les paysages que nous traversons en train.<\/span><\/p>\n<p><span style=\"font-size: 14pt;\">Il nous entra\u00eene avec entrain dans les sous-sols du <strong><em>Mus\u00e9e Maritime National d\u2019Irlande<\/em><\/strong>, dont il est le pr\u00e9sident.<\/span><\/p>\n<div id=\"attachment_1094\" style=\"width: 310px\" class=\"wp-caption alignright\"><a href=\"https:\/\/leblanc.pl\/paradox\/wp-content\/uploads\/2025\/03\/Joe-notre-passionnant-guide-.jpg\"><img loading=\"lazy\" decoding=\"async\" aria-describedby=\"caption-attachment-1094\" class=\"image-a-droite wp-image-1094 size-medium\" title=\"Joe, notre passionnant guide !\" src=\"https:\/\/leblanc.pl\/paradox\/wp-content\/uploads\/2025\/03\/Joe-notre-passionnant-guide--300x169.jpg\" alt=\"Joe, notre passionnant guide !\" width=\"300\" height=\"169\" srcset=\"https:\/\/leblanc.pl\/paradox\/wp-content\/uploads\/2025\/03\/Joe-notre-passionnant-guide--300x169.jpg 300w, https:\/\/leblanc.pl\/paradox\/wp-content\/uploads\/2025\/03\/Joe-notre-passionnant-guide--768x432.jpg 768w, https:\/\/leblanc.pl\/paradox\/wp-content\/uploads\/2025\/03\/Joe-notre-passionnant-guide-.jpg 800w\" sizes=\"auto, (max-width: 300px) 100vw, 300px\" \/><\/a><p id=\"caption-attachment-1094\" class=\"wp-caption-text\"><\/span> <span style=\"font-size: 14pt;\">Joe, notre passionnant guide !<\/span><\/p><\/div>\n<p>&nbsp;<\/p>\n<p><span style=\"font-size: 14pt;\">Il nous fait d\u00e9couvrir de rares ouvrages litt\u00e9raires, nous explique l\u2019histoire du b\u00e2timent qui est une ancienne \u00e9glise de marins.<\/span><\/p>\n<div id=\"attachment_1095\" style=\"width: 310px\" class=\"wp-caption alignleft\"><a href=\"https:\/\/leblanc.pl\/paradox\/wp-content\/uploads\/2025\/03\/Dans-le-Musee-National-de-la-Marine.jpg\"><img loading=\"lazy\" decoding=\"async\" aria-describedby=\"caption-attachment-1095\" class=\"image-a-gauche wp-image-1095 size-medium\" title=\"Dans le Mus\u00e9e National de la Marine\" src=\"https:\/\/leblanc.pl\/paradox\/wp-content\/uploads\/2025\/03\/Dans-le-Musee-National-de-la-Marine-300x225.jpg\" alt=\"Dans le Mus\u00e9e National de la Marine\" width=\"300\" height=\"225\" srcset=\"https:\/\/leblanc.pl\/paradox\/wp-content\/uploads\/2025\/03\/Dans-le-Musee-National-de-la-Marine-300x225.jpg 300w, https:\/\/leblanc.pl\/paradox\/wp-content\/uploads\/2025\/03\/Dans-le-Musee-National-de-la-Marine-768x576.jpg 768w, https:\/\/leblanc.pl\/paradox\/wp-content\/uploads\/2025\/03\/Dans-le-Musee-National-de-la-Marine.jpg 800w\" sizes=\"auto, (max-width: 300px) 100vw, 300px\" \/><\/a><p id=\"caption-attachment-1095\" class=\"wp-caption-text\"><\/span> <span style=\"font-size: 14pt;\">Dans le Mus\u00e9e National de la Marine<\/span><\/p><\/div>\n<p>&nbsp;<\/p>\n<p><span style=\"font-size: 14pt;\">Nous admirons les nombreux \u00e9l\u00e9ments du mus\u00e9e, et passons une apr\u00e8s-midi riche en d\u00e9couvertes de l\u2019histoire de la marine.<\/span><\/p>\n<p>&nbsp;<\/p>\n<p><span style=\"font-size: 14pt;\">Apr\u00e8s le retour en train, nous consommons quelques bi\u00e8res au pub, et commandons des <em>take-away<\/em> asiatiques, qui font notre repas du soir sur le bateau.<\/span><\/p>\n<p>&nbsp;<\/p>\n<p>&nbsp;<\/p>\n<p><span style=\"font-size: 14pt;\">Rendez-vous est fix\u00e9 pour le lendemain matin, pour un dernier briefing sur la suite des \u00e9v\u00e8nements, car la diff\u00e9rence des langues joue parfois quelques tours \u00e0 nos esprits fran\u00e7ais\u00a0!<\/span><\/p>\n<p>&nbsp;<\/p>\n<h3 style=\"text-align: center;\"><span style=\"font-size: 14pt;\"><em>N&rsquo;h\u00e9sitez pas \u00e0 afficher cette vid\u00e9o en plein \u00e9cran&#8230;<\/em><\/span><\/h3>\n<p style=\"text-align: center;\"><span style=\"color: #ff0000; font-size: 14pt;\"> <em>et activez les sous-titres!<\/em><br \/>\n<iframe loading=\"lazy\" title=\"YouTube video player\" src=\"https:\/\/www.youtube.com\/embed\/bfHG2V9H20Q?rel=0\" width=\"560\" height=\"315\" frameborder=\"0\" allowfullscreen=\"allowfullscreen\"><\/iframe><br \/>\n<\/span><\/p>\n<p>&nbsp;<\/p>\n<p>&nbsp;<\/p>\n<p style=\"text-align: right;\"><span style=\"font-size: 14pt;\"><a href=\"https:\/\/leblanc.pl\/paradox\/jour-16-malahide\/\"><em>(\u00e0 suivre)<\/em><\/a><\/span><\/p>\n","protected":false},"excerpt":{"rendered":"<p>Jeudi 5 septembre Le vent s\u2019est lev\u00e9, mais les bateaux sont bien amarr\u00e9s et le soleil est toujours l\u00e0. En fin de matin\u00e9e, Kevin, toujours soucieux de ne pas nous laisser nous ennuyer, nous conduit au Ch\u00e2teau de Malahide , &hellip; <a href=\"https:\/\/leblanc.pl\/paradox\/jour-15-malahide\/\">Continuer la lecture <span class=\"meta-nav\">&rarr;<\/span><\/a><\/p>\n","protected":false},"author":1,"featured_media":468,"parent":0,"menu_order":17,"comment_status":"open","ping_status":"closed","template":"","meta":{"footnotes":""},"class_list":["post-50","page","type-page","status-publish","has-post-thumbnail","hentry"],"_links":{"self":[{"href":"https:\/\/leblanc.pl\/paradox\/wp-json\/wp\/v2\/pages\/50","targetHints":{"allow":["GET"]}}],"collection":[{"href":"https:\/\/leblanc.pl\/paradox\/wp-json\/wp\/v2\/pages"}],"about":[{"href":"https:\/\/leblanc.pl\/paradox\/wp-json\/wp\/v2\/types\/page"}],"author":[{"embeddable":true,"href":"https:\/\/leblanc.pl\/paradox\/wp-json\/wp\/v2\/users\/1"}],"replies":[{"embeddable":true,"href":"https:\/\/leblanc.pl\/paradox\/wp-json\/wp\/v2\/comments?post=50"}],"version-history":[{"count":22,"href":"https:\/\/leblanc.pl\/paradox\/wp-json\/wp\/v2\/pages\/50\/revisions"}],"predecessor-version":[{"id":1827,"href":"https:\/\/leblanc.pl\/paradox\/wp-json\/wp\/v2\/pages\/50\/revisions\/1827"}],"wp:featuredmedia":[{"embeddable":true,"href":"https:\/\/leblanc.pl\/paradox\/wp-json\/wp\/v2\/media\/468"}],"wp:attachment":[{"href":"https:\/\/leblanc.pl\/paradox\/wp-json\/wp\/v2\/media?parent=50"}],"curies":[{"name":"wp","href":"https:\/\/api.w.org\/{rel}","templated":true}]}}