{"id":48,"date":"2025-01-24T16:01:29","date_gmt":"2025-01-24T15:01:29","guid":{"rendered":"https:\/\/leblanc.pl\/paradox\/?page_id=48"},"modified":"2025-04-27T19:16:19","modified_gmt":"2025-04-27T17:16:19","slug":"jour-14-malahide","status":"publish","type":"page","link":"https:\/\/leblanc.pl\/paradox\/jour-14-malahide\/","title":{"rendered":"Jour 14, Ardgillan Castle, Malahide Yacht Club"},"content":{"rendered":"<h2><strong>Mercredi 4 septembre<\/strong><\/h2>\n<p><span style=\"font-size: 14pt;\">Il fait un temps magnifique ce matin.\u00a0 Nous nous rendons en ville pour faire quelques courses, et d\u00e9poser notre linge sale dans la blanchisserie du port.<\/span><br \/>\n<span style=\"font-size: 14pt;\">Nous d\u00e9jeunons \u00e0 bord de Paradox, apr\u00e8s quoi Kevin nous rejoint et nous planifions, \u00ab\u00a0en dynamique\u00a0\u00bb, le d\u00e9roulement des jours \u00e0 venir.<\/span><\/p>\n<p>&nbsp;<\/p>\n<div id=\"attachment_1071\" style=\"width: 310px\" class=\"wp-caption alignleft\"><a href=\"https:\/\/leblanc.pl\/paradox\/wp-content\/uploads\/2025\/03\/Ardgillan-Castle.jpg\"><img loading=\"lazy\" decoding=\"async\" aria-describedby=\"caption-attachment-1071\" class=\"image-a-gauche wp-image-1071 size-medium\" title=\"Ardgillan Castle\" src=\"https:\/\/leblanc.pl\/paradox\/wp-content\/uploads\/2025\/03\/Ardgillan-Castle-300x169.jpg\" alt=\"Ardgillan Castle\" width=\"300\" height=\"169\" srcset=\"https:\/\/leblanc.pl\/paradox\/wp-content\/uploads\/2025\/03\/Ardgillan-Castle-300x169.jpg 300w, https:\/\/leblanc.pl\/paradox\/wp-content\/uploads\/2025\/03\/Ardgillan-Castle-768x432.jpg 768w, https:\/\/leblanc.pl\/paradox\/wp-content\/uploads\/2025\/03\/Ardgillan-Castle.jpg 800w\" sizes=\"auto, (max-width: 300px) 100vw, 300px\" \/><\/a><p id=\"caption-attachment-1071\" class=\"wp-caption-text\"><\/span> <span style=\"font-size: 14pt;\">Ardgillan Castle<\/span><\/p><\/div>\n<p>&nbsp;<\/p>\n<p><span style=\"font-size: 14pt;\">Kevin nous conduit ensuite pour nous faire visiter le superbe site du ch\u00e2teau d\u2019<strong><em>Ardgillan<\/em><\/strong>. Nous y d\u00e9couvrons un remarquable jardin victorien, des serres magnifiques, des pelouses impeccablement entretenues avec une belle ouverture sur la mer.<\/span><\/p>\n<p>&nbsp;<\/p>\n<div id=\"attachment_1073\" style=\"width: 310px\" class=\"wp-caption alignright\"><a href=\"https:\/\/leblanc.pl\/paradox\/wp-content\/uploads\/2025\/03\/La-magnifique-serre-du-chateau-dArdgillan.jpg\"><img loading=\"lazy\" decoding=\"async\" aria-describedby=\"caption-attachment-1073\" class=\"image-a-droite wp-image-1073 size-medium\" title=\"La magnifique serre du ch\u00e2teau d'Ardgillan\" src=\"https:\/\/leblanc.pl\/paradox\/wp-content\/uploads\/2025\/03\/La-magnifique-serre-du-chateau-dArdgillan-300x169.jpg\" alt=\"La magnifique serre du ch\u00e2teau d'Ardgillan\" width=\"300\" height=\"169\" srcset=\"https:\/\/leblanc.pl\/paradox\/wp-content\/uploads\/2025\/03\/La-magnifique-serre-du-chateau-dArdgillan-300x169.jpg 300w, https:\/\/leblanc.pl\/paradox\/wp-content\/uploads\/2025\/03\/La-magnifique-serre-du-chateau-dArdgillan-768x432.jpg 768w, https:\/\/leblanc.pl\/paradox\/wp-content\/uploads\/2025\/03\/La-magnifique-serre-du-chateau-dArdgillan.jpg 800w\" sizes=\"auto, (max-width: 300px) 100vw, 300px\" \/><\/a><p id=\"caption-attachment-1073\" class=\"wp-caption-text\"><\/span> <span style=\"font-size: 14pt;\">La magnifique serre du ch\u00e2teau d&rsquo;Ardgillan<\/span><\/p><\/div>\n<p>&nbsp;<\/p>\n<p><span style=\"font-size: 14pt;\">Nous profitons d&rsquo;une rapide visite du ch\u00e2teau, avec une guide passionn\u00e9e s\u2019exprimant dans un anglais impeccable (traduire : un anglais que <em>nous<\/em> comprenons !).<\/span><\/p>\n<p>&nbsp;<\/p>\n<p>&nbsp;<\/p>\n<div id=\"attachment_1076\" style=\"width: 310px\" class=\"wp-caption alignleft\"><a href=\"https:\/\/leblanc.pl\/paradox\/wp-content\/uploads\/2025\/03\/soiree-au-Malahide-Yacht-Club.jpg\"><img loading=\"lazy\" decoding=\"async\" aria-describedby=\"caption-attachment-1076\" class=\"image-a-gauche wp-image-1076 size-medium\" title=\"soir\u00e9e au Malahide Yacht Club\" src=\"https:\/\/leblanc.pl\/paradox\/wp-content\/uploads\/2025\/03\/soiree-au-Malahide-Yacht-Club-300x169.jpg\" alt=\"soir\u00e9e au Malahide Yacht Club\" width=\"300\" height=\"169\" srcset=\"https:\/\/leblanc.pl\/paradox\/wp-content\/uploads\/2025\/03\/soiree-au-Malahide-Yacht-Club-300x169.jpg 300w, https:\/\/leblanc.pl\/paradox\/wp-content\/uploads\/2025\/03\/soiree-au-Malahide-Yacht-Club-768x432.jpg 768w, https:\/\/leblanc.pl\/paradox\/wp-content\/uploads\/2025\/03\/soiree-au-Malahide-Yacht-Club.jpg 800w\" sizes=\"auto, (max-width: 300px) 100vw, 300px\" \/><\/a><p id=\"caption-attachment-1076\" class=\"wp-caption-text\"><\/span> <span style=\"font-size: 14pt;\">soir\u00e9e au Malahide Yacht Club<\/span><\/p><\/div>\n<p>&nbsp;<\/p>\n<p><span style=\"font-size: 14pt;\">La soir\u00e9e se poursuit au <strong><em>Malahide Yacht Club<\/em><\/strong>, dans une ambiance chaleureuse, avec des musiciens locaux et o\u00f9 nous faisons de nombreux amis.<\/span><\/p>\n<p>&nbsp;<\/p>\n<p>&nbsp;<\/p>\n<p><span style=\"font-size: 14pt;\">Parmi eux, nous faisons la connaissance de <strong><em>Dorothy<\/em><\/strong> et <strong><em>Joe<\/em><\/strong> <strong><em>Conaghan<\/em><\/strong>, le couple qui va h\u00e9berger Christian, Bruno et son \u00e9pouse V\u00e9ronique pendant notre s\u00e9jour.<\/span><\/p>\n<p>&nbsp;<\/p>\n<div id=\"attachment_1074\" style=\"width: 310px\" class=\"wp-caption alignright\"><a href=\"https:\/\/leblanc.pl\/paradox\/wp-content\/uploads\/2025\/03\/Dorothy-et-Joe.jpg\"><img loading=\"lazy\" decoding=\"async\" aria-describedby=\"caption-attachment-1074\" class=\"image-a-droite wp-image-1074 size-medium\" title=\"Dorothy et Joe Conaghan\" src=\"https:\/\/leblanc.pl\/paradox\/wp-content\/uploads\/2025\/03\/Dorothy-et-Joe-300x169.jpg\" alt=\"Dorothy et Joe Conaghan\" width=\"300\" height=\"169\" srcset=\"https:\/\/leblanc.pl\/paradox\/wp-content\/uploads\/2025\/03\/Dorothy-et-Joe-300x169.jpg 300w, https:\/\/leblanc.pl\/paradox\/wp-content\/uploads\/2025\/03\/Dorothy-et-Joe-768x432.jpg 768w, https:\/\/leblanc.pl\/paradox\/wp-content\/uploads\/2025\/03\/Dorothy-et-Joe.jpg 800w\" sizes=\"auto, (max-width: 300px) 100vw, 300px\" \/><\/a><p id=\"caption-attachment-1074\" class=\"wp-caption-text\"><\/span> <span style=\"font-size: 14pt;\">Dorothy et Joe Conaghan<\/span><\/p><\/div>\n<p>&nbsp;<\/p>\n<div id=\"attachment_1087\" style=\"width: 310px\" class=\"wp-caption alignleft\"><a href=\"https:\/\/leblanc.pl\/paradox\/wp-content\/uploads\/2025\/03\/Un-peu-de-miusique-avec-Dorothy-.jpg\"><img loading=\"lazy\" decoding=\"async\" aria-describedby=\"caption-attachment-1087\" class=\"image-a-gauche wp-image-1087 size-medium\" title=\"Un peu de musique avec Dorothy !\" src=\"https:\/\/leblanc.pl\/paradox\/wp-content\/uploads\/2025\/03\/Un-peu-de-miusique-avec-Dorothy--300x200.jpg\" alt=\"Un peu de musique avec Dorothy !\" width=\"300\" height=\"200\" srcset=\"https:\/\/leblanc.pl\/paradox\/wp-content\/uploads\/2025\/03\/Un-peu-de-miusique-avec-Dorothy--300x200.jpg 300w, https:\/\/leblanc.pl\/paradox\/wp-content\/uploads\/2025\/03\/Un-peu-de-miusique-avec-Dorothy--768x511.jpg 768w, https:\/\/leblanc.pl\/paradox\/wp-content\/uploads\/2025\/03\/Un-peu-de-miusique-avec-Dorothy-.jpg 800w\" sizes=\"auto, (max-width: 300px) 100vw, 300px\" \/><\/a><p id=\"caption-attachment-1087\" class=\"wp-caption-text\"><\/span> <span style=\"font-size: 14pt;\">Un peu de musique avec Dorothy !<\/span><\/p><\/div>\n<p>&nbsp;<\/p>\n<p><span style=\"font-size: 14pt;\">Dorothy navigue souvent avec Kevin.<\/span><\/p>\n<p>&nbsp;<\/p>\n<p><span style=\"font-size: 14pt;\">Elle est musicienne et son violon est souvent avec elle.<\/span><\/p>\n<p>&nbsp;<\/p>\n<p>&nbsp;<\/p>\n<p>&nbsp;<\/p>\n<p><span style=\"font-size: 14pt;\">Joe, lui, trouve sa passion dans l\u2019histoire de la marine, et passe le plus clair de son temps en recherches au <em><strong>Mus\u00e9e National de La Marine<\/strong><\/em> \u00e0 Dun Laoghaire, o\u00f9 il a quasiment sa deuxi\u00e8me r\u00e9sidence.<\/span><\/p>\n<p>&nbsp;<\/p>\n<p><span style=\"font-size: 14pt;\">Le soir-m\u00eame, il nous invite \u00e0 l\u2019y accompagner le lendemain.<\/span><\/p>\n<p>&nbsp;<\/p>\n<p>&nbsp;<\/p>\n<p style=\"text-align: right;\"><span style=\"font-size: 14pt;\"><a href=\"https:\/\/leblanc.pl\/paradox\/jour-15-malahide\/\"><em>(\u00e0 suivre)<\/em><\/a><\/span><\/p>\n","protected":false},"excerpt":{"rendered":"<p>Mercredi 4 septembre Il fait un temps magnifique ce matin.\u00a0 Nous nous rendons en ville pour faire quelques courses, et d\u00e9poser notre linge sale dans la blanchisserie du port. Nous d\u00e9jeunons \u00e0 bord de Paradox, apr\u00e8s quoi Kevin nous rejoint &hellip; <a href=\"https:\/\/leblanc.pl\/paradox\/jour-14-malahide\/\">Continuer la lecture <span class=\"meta-nav\">&rarr;<\/span><\/a><\/p>\n","protected":false},"author":1,"featured_media":467,"parent":0,"menu_order":16,"comment_status":"open","ping_status":"closed","template":"","meta":{"footnotes":""},"class_list":["post-48","page","type-page","status-publish","has-post-thumbnail","hentry"],"_links":{"self":[{"href":"https:\/\/leblanc.pl\/paradox\/wp-json\/wp\/v2\/pages\/48","targetHints":{"allow":["GET"]}}],"collection":[{"href":"https:\/\/leblanc.pl\/paradox\/wp-json\/wp\/v2\/pages"}],"about":[{"href":"https:\/\/leblanc.pl\/paradox\/wp-json\/wp\/v2\/types\/page"}],"author":[{"embeddable":true,"href":"https:\/\/leblanc.pl\/paradox\/wp-json\/wp\/v2\/users\/1"}],"replies":[{"embeddable":true,"href":"https:\/\/leblanc.pl\/paradox\/wp-json\/wp\/v2\/comments?post=48"}],"version-history":[{"count":27,"href":"https:\/\/leblanc.pl\/paradox\/wp-json\/wp\/v2\/pages\/48\/revisions"}],"predecessor-version":[{"id":1826,"href":"https:\/\/leblanc.pl\/paradox\/wp-json\/wp\/v2\/pages\/48\/revisions\/1826"}],"wp:featuredmedia":[{"embeddable":true,"href":"https:\/\/leblanc.pl\/paradox\/wp-json\/wp\/v2\/media\/467"}],"wp:attachment":[{"href":"https:\/\/leblanc.pl\/paradox\/wp-json\/wp\/v2\/media?parent=48"}],"curies":[{"name":"wp","href":"https:\/\/api.w.org\/{rel}","templated":true}]}}