{"id":46,"date":"2025-01-24T16:00:41","date_gmt":"2025-01-24T15:00:41","guid":{"rendered":"https:\/\/leblanc.pl\/paradox\/?page_id=46"},"modified":"2025-04-27T19:12:33","modified_gmt":"2025-04-27T17:12:33","slug":"jour-13-malahide","status":"publish","type":"page","link":"https:\/\/leblanc.pl\/paradox\/jour-13-malahide\/","title":{"rendered":"Jour 13, en compagnie d&rsquo; Alan Mulholland et Wave Rover"},"content":{"rendered":"<h2><strong>Mardi 3 septembre<\/strong><\/h2>\n<p><span style=\"font-size: 14pt;\">La matin\u00e9e est consacr\u00e9e \u00e0 faire quelques ronds dans l\u2019eau, pour r\u00e9aliser quelques images et vid\u00e9os de nos bateaux en navigation.<\/span><\/p>\n<p><span style=\"font-size: 14pt;\">La brise est l\u00e9g\u00e8re mais Paradox, sous toutes ses voiles, fend tranquillement les eaux calmes de la baie de Malahide.<\/span><\/p>\n<p>&nbsp;<\/p>\n<div id=\"attachment_1064\" style=\"width: 310px\" class=\"wp-caption alignright\"><a href=\"https:\/\/leblanc.pl\/paradox\/wp-content\/uploads\/2025\/03\/Heureuse-negociation-.jpg\"><img loading=\"lazy\" decoding=\"async\" aria-describedby=\"caption-attachment-1064\" class=\"image-a-droite wp-image-1064 size-medium\" title=\"Une heureuse n\u00e9gociation !\" src=\"https:\/\/leblanc.pl\/paradox\/wp-content\/uploads\/2025\/03\/Heureuse-negociation--300x200.jpg\" alt=\"Une heureuse n\u00e9gociation !\" width=\"300\" height=\"200\" srcset=\"https:\/\/leblanc.pl\/paradox\/wp-content\/uploads\/2025\/03\/Heureuse-negociation--300x200.jpg 300w, https:\/\/leblanc.pl\/paradox\/wp-content\/uploads\/2025\/03\/Heureuse-negociation--768x512.jpg 768w, https:\/\/leblanc.pl\/paradox\/wp-content\/uploads\/2025\/03\/Heureuse-negociation-.jpg 800w\" sizes=\"auto, (max-width: 300px) 100vw, 300px\" \/><\/a><p id=\"caption-attachment-1064\" class=\"wp-caption-text\"><\/span> <span style=\"font-size: 14pt;\">Une heureuse n\u00e9gociation !<\/span><\/p><\/div>\n<p><span style=\"font-size: 14pt;\">A bord de Wave Rover, Alan explique \u00e0 Kevin le fonctionnement de son bateau, et nous apprendrons rapidement que Kevin doit devenir le nouveau propri\u00e9taire de Wave Rover II.<\/span><\/p>\n<p>&nbsp;<\/p>\n<div id=\"attachment_1060\" style=\"width: 310px\" class=\"wp-caption alignleft\"><a href=\"https:\/\/leblanc.pl\/paradox\/wp-content\/uploads\/2025\/03\/Wave-Rover-2.jpg\"><img loading=\"lazy\" decoding=\"async\" aria-describedby=\"caption-attachment-1060\" class=\"image-a-gauche wp-image-1060 size-medium\" title=\"Wave Rover II\" src=\"https:\/\/leblanc.pl\/paradox\/wp-content\/uploads\/2025\/03\/Wave-Rover-2-300x169.jpg\" alt=\"Wave Rover II\" width=\"300\" height=\"169\" srcset=\"https:\/\/leblanc.pl\/paradox\/wp-content\/uploads\/2025\/03\/Wave-Rover-2-300x169.jpg 300w, https:\/\/leblanc.pl\/paradox\/wp-content\/uploads\/2025\/03\/Wave-Rover-2-768x432.jpg 768w, https:\/\/leblanc.pl\/paradox\/wp-content\/uploads\/2025\/03\/Wave-Rover-2.jpg 800w\" sizes=\"auto, (max-width: 300px) 100vw, 300px\" \/><\/a><p id=\"caption-attachment-1060\" class=\"wp-caption-text\"><\/span> <span style=\"font-size: 14pt;\">Wave Rover II<\/span><\/p><\/div>\n<p><span style=\"font-size: 14pt;\">B\u00e9n\u00e9ficiant d\u2019une meilleure vitesse, notre barreur du moment, Eric Andlauer, passant outre la promesse faite la veille \u00e0 Alan, s\u2019amuse \u00e9hont\u00e9ment \u00e0 effectuer des cercles autour de Wave Rover.<\/span><\/p>\n<p>&nbsp;<\/p>\n<p>&nbsp;<\/p>\n<p><span style=\"font-size: 14pt;\">Pour la qualit\u00e9 des images, \u00e0 chaque passage nous nous rapprochons un peu plus de ce dernier.<\/span><\/p>\n<p><span style=\"font-size: 14pt;\">Et ce qui devait arriver arrive : la grand-voile de Paradox vient caresser de mani\u00e8re tr\u00e8s intime la voile de Wave Rover. Heureusement, l\u2019absence de haubans sur nos fabuleux gr\u00e9ements limite les d\u00e9g\u00e2ts qui se soldent par quelques \u00e9clats de rire et plaisanteries \u00e0 propos de proc\u00e8s et d&rsquo;avocats.<\/span><\/p>\n<p>&nbsp;<\/p>\n<div id=\"attachment_1059\" style=\"width: 310px\" class=\"wp-caption alignright\"><a href=\"https:\/\/leblanc.pl\/paradox\/wp-content\/uploads\/2025\/03\/Inside-Wave-Rover-II.jpg\"><img loading=\"lazy\" decoding=\"async\" aria-describedby=\"caption-attachment-1059\" class=\"image-a-droite wp-image-1059 size-medium\" title=\"Avec Alan dans Wave Rover II\" src=\"https:\/\/leblanc.pl\/paradox\/wp-content\/uploads\/2025\/03\/Inside-Wave-Rover-II-300x169.jpg\" alt=\"Avec Alan dans Wave Rover II\" width=\"300\" height=\"169\" srcset=\"https:\/\/leblanc.pl\/paradox\/wp-content\/uploads\/2025\/03\/Inside-Wave-Rover-II-300x169.jpg 300w, https:\/\/leblanc.pl\/paradox\/wp-content\/uploads\/2025\/03\/Inside-Wave-Rover-II-768x432.jpg 768w, https:\/\/leblanc.pl\/paradox\/wp-content\/uploads\/2025\/03\/Inside-Wave-Rover-II.jpg 800w\" sizes=\"auto, (max-width: 300px) 100vw, 300px\" \/><\/a><p id=\"caption-attachment-1059\" class=\"wp-caption-text\"><\/span> <span style=\"font-size: 14pt;\">Avec Alan dans Wave Rover II<\/span><\/p><\/div>\n<p>&nbsp;<\/p>\n<p><span style=\"font-size: 14pt;\">Rentr\u00e9s au port, Alan nous invite sur son bateau pour une visite guid\u00e9e, et r\u00e9pondre \u00e0 nos nombreuses questions.<\/span><\/p>\n<p>&nbsp;<\/p>\n<div id=\"attachment_1058\" style=\"width: 310px\" class=\"wp-caption alignleft\"><a href=\"https:\/\/leblanc.pl\/paradox\/wp-content\/uploads\/2025\/03\/Grand-Hotel-Malahide.jpg\"><img loading=\"lazy\" decoding=\"async\" aria-describedby=\"caption-attachment-1058\" class=\"image-a-gauche wp-image-1058 size-medium\" title=\"Grand Hotel Malahide\" src=\"https:\/\/leblanc.pl\/paradox\/wp-content\/uploads\/2025\/03\/Grand-Hotel-Malahide-300x172.jpg\" alt=\"Grand Hotel Malahide\" width=\"300\" height=\"172\" srcset=\"https:\/\/leblanc.pl\/paradox\/wp-content\/uploads\/2025\/03\/Grand-Hotel-Malahide-300x172.jpg 300w, https:\/\/leblanc.pl\/paradox\/wp-content\/uploads\/2025\/03\/Grand-Hotel-Malahide.jpg 700w\" sizes=\"auto, (max-width: 300px) 100vw, 300px\" \/><\/a><p id=\"caption-attachment-1058\" class=\"wp-caption-text\"><\/span> <span style=\"font-size: 14pt;\">Grand Hotel Malahide<\/span><\/p><\/div>\n<p>&nbsp;<\/p>\n<p><span style=\"font-size: 14pt;\">Kevin nous emm\u00e8ne ensuite d\u00e9jeuner au <strong><em>Grand Hotel Malahide<\/em><\/strong>, un magnifique et luxueux \u00e9tablissement o\u00f9 nous pouvons toutefois appr\u00e9cier le d\u00e9sormais traditionnel repas de Fish &amp; Chips, accompagn\u00e9 de bi\u00e8res et Guinness.<\/span><\/p>\n<div id=\"attachment_1057\" style=\"width: 235px\" class=\"wp-caption alignright\"><a href=\"https:\/\/leblanc.pl\/paradox\/wp-content\/uploads\/2025\/03\/Fish-Chips-in-Malahide.jpg\"><img loading=\"lazy\" decoding=\"async\" aria-describedby=\"caption-attachment-1057\" class=\"image-a-droite wp-image-1057 size-medium\" title=\"Fish &amp; Chips in Malahide\" src=\"https:\/\/leblanc.pl\/paradox\/wp-content\/uploads\/2025\/03\/Fish-Chips-in-Malahide-225x300.jpg\" alt=\"Fish &amp; Chips in Malahide\" width=\"225\" height=\"300\" srcset=\"https:\/\/leblanc.pl\/paradox\/wp-content\/uploads\/2025\/03\/Fish-Chips-in-Malahide-225x300.jpg 225w, https:\/\/leblanc.pl\/paradox\/wp-content\/uploads\/2025\/03\/Fish-Chips-in-Malahide.jpg 600w\" sizes=\"auto, (max-width: 225px) 100vw, 225px\" \/><\/a><p id=\"caption-attachment-1057\" class=\"wp-caption-text\"><\/span> <span style=\"font-size: 14pt;\">Fish &amp; Chips in Malahide<\/span><\/p><\/div>\n<p>&nbsp;<\/p>\n<p>&nbsp;<\/p>\n<p><span style=\"font-size: 14pt;\">Dans l\u2019apr\u00e8s-midi, Kevin, tr\u00e8s attentionn\u00e9 et se mettant en quatre pour rendre notre s\u00e9jour des plus agr\u00e9ables, nous fait un peu visiter la r\u00e9gion en voiture et nous finissons chez un shipchandler o\u00f9 Eric s\u2019offre une nouvelle veste de quart et bien s\u00fbr, quelques longueurs de bouts pour assouvir ses besoins de matelotage.<\/span><\/p>\n<div id=\"attachment_1197\" style=\"width: 197px\" class=\"wp-caption alignleft\"><a href=\"https:\/\/leblanc.pl\/paradox\/wp-content\/uploads\/2025\/03\/Eric-de-bout-en-bout.jpg\"><img loading=\"lazy\" decoding=\"async\" aria-describedby=\"caption-attachment-1197\" class=\"image-a-gauche wp-image-1197 size-medium\" title=\"Eric, de &quot;bout en bout&quot;\" src=\"https:\/\/leblanc.pl\/paradox\/wp-content\/uploads\/2025\/03\/Eric-de-bout-en-bout-187x300.jpg\" alt=\"Eric, de &quot;bout en bout&quot;\" width=\"187\" height=\"300\" srcset=\"https:\/\/leblanc.pl\/paradox\/wp-content\/uploads\/2025\/03\/Eric-de-bout-en-bout-187x300.jpg 187w, https:\/\/leblanc.pl\/paradox\/wp-content\/uploads\/2025\/03\/Eric-de-bout-en-bout.jpg 450w\" sizes=\"auto, (max-width: 187px) 100vw, 187px\" \/><\/a><p id=\"caption-attachment-1197\" class=\"wp-caption-text\"><\/span> <span style=\"font-size: 14pt;\">Eric, de \u00ab\u00a0bout en bout\u00a0\u00bb<\/span><\/p><\/div>\n<p>&nbsp;<\/p>\n<p><span style=\"font-size: 14pt;\">La soir\u00e9e s\u2019ach\u00e8ve, comme il se doit, au pub, o\u00f9 nous participons sans grand succ\u00e8s \u00e0 un quizz. Le quizz est une v\u00e9ritable institution culturelle dans les pubs d\u2019outre-Manche.<\/span><\/p>\n<p>&nbsp;<\/p>\n<p><span style=\"font-size: 14pt;\">Chaque table re\u00e7oit une feuille pour y noter les r\u00e9ponses \u00e0 une s\u00e9rie de questions de culture g\u00e9n\u00e9rale locale, sportive, historique ou artistique qu\u2019un animateur pose au public, et \u00e0 l\u2019issue de laquelle une table est d\u00e9sign\u00e9e vainqueur.<\/span><\/p>\n<p><span style=\"font-size: 14pt;\">Il n\u2019y a g\u00e9n\u00e9ralement aucun prix, sauf la joie d\u2019avoir particip\u00e9.<\/span><\/p>\n<p>&nbsp;<\/p>\n<p>&nbsp;<\/p>\n<p style=\"text-align: right;\"><span style=\"font-size: 14pt;\"><a href=\"https:\/\/leblanc.pl\/paradox\/jour-14-malahide\/\"><em>(\u00e0 suivre)<\/em><\/a><\/span><\/p>\n","protected":false},"excerpt":{"rendered":"<p>Mardi 3 septembre La matin\u00e9e est consacr\u00e9e \u00e0 faire quelques ronds dans l\u2019eau, pour r\u00e9aliser quelques images et vid\u00e9os de nos bateaux en navigation. La brise est l\u00e9g\u00e8re mais Paradox, sous toutes ses voiles, fend tranquillement les eaux calmes de &hellip; <a href=\"https:\/\/leblanc.pl\/paradox\/jour-13-malahide\/\">Continuer la lecture <span class=\"meta-nav\">&rarr;<\/span><\/a><\/p>\n","protected":false},"author":1,"featured_media":464,"parent":0,"menu_order":15,"comment_status":"open","ping_status":"closed","template":"","meta":{"footnotes":""},"class_list":["post-46","page","type-page","status-publish","has-post-thumbnail","hentry"],"_links":{"self":[{"href":"https:\/\/leblanc.pl\/paradox\/wp-json\/wp\/v2\/pages\/46","targetHints":{"allow":["GET"]}}],"collection":[{"href":"https:\/\/leblanc.pl\/paradox\/wp-json\/wp\/v2\/pages"}],"about":[{"href":"https:\/\/leblanc.pl\/paradox\/wp-json\/wp\/v2\/types\/page"}],"author":[{"embeddable":true,"href":"https:\/\/leblanc.pl\/paradox\/wp-json\/wp\/v2\/users\/1"}],"replies":[{"embeddable":true,"href":"https:\/\/leblanc.pl\/paradox\/wp-json\/wp\/v2\/comments?post=46"}],"version-history":[{"count":24,"href":"https:\/\/leblanc.pl\/paradox\/wp-json\/wp\/v2\/pages\/46\/revisions"}],"predecessor-version":[{"id":1825,"href":"https:\/\/leblanc.pl\/paradox\/wp-json\/wp\/v2\/pages\/46\/revisions\/1825"}],"wp:featuredmedia":[{"embeddable":true,"href":"https:\/\/leblanc.pl\/paradox\/wp-json\/wp\/v2\/media\/464"}],"wp:attachment":[{"href":"https:\/\/leblanc.pl\/paradox\/wp-json\/wp\/v2\/media?parent=46"}],"curies":[{"name":"wp","href":"https:\/\/api.w.org\/{rel}","templated":true}]}}