{"id":410,"date":"2025-01-30T11:50:00","date_gmt":"2025-01-30T10:50:00","guid":{"rendered":"https:\/\/leblanc.pl\/paradox\/?page_id=410"},"modified":"2025-07-16T09:03:17","modified_gmt":"2025-07-16T07:03:17","slug":"china_blue","status":"publish","type":"page","link":"https:\/\/leblanc.pl\/paradox\/china_blue\/","title":{"rendered":"China Blue"},"content":{"rendered":"<p><em><strong>China Blue<\/strong><\/em> fut ma premi\u00e8re go\u00e9lette gr\u00e9\u00e9e en jonque.<\/p>\n<p>Relation conflictuelle, amour difficile, mais amour quand-m\u00eame, et puis, quel bateau &#8230;<\/p>\n<p>Son histoire avec moi est <em><strong><a href=\"https:\/\/leblanc.pl\/china_blue\/\" target=\"_blank\" rel=\"noopener\">ici<\/a><\/strong><\/em>.<br \/>\n<em>S\u00e9quence nostalgie &#8230;<\/em><\/p>\n<table style=\"border-collapse: collapse; width: 100%;\">\n<tbody>\n<tr>\n<td style=\"width: 177px;\">\n<p><div id=\"attachment_411\" style=\"width: 179px\" class=\"wp-caption alignnone\"><a href=\"https:\/\/leblanc.pl\/paradox\/wp-content\/uploads\/2025\/01\/AGM_sailing_solos_01.jpg\"><img loading=\"lazy\" decoding=\"async\" aria-describedby=\"caption-attachment-411\" class=\"wp-image-411 size-medium\" src=\"https:\/\/leblanc.pl\/paradox\/wp-content\/uploads\/2025\/01\/AGM_sailing_solos_01-169x300.jpg\" alt=\"China Blue\" width=\"169\" height=\"300\" srcset=\"https:\/\/leblanc.pl\/paradox\/wp-content\/uploads\/2025\/01\/AGM_sailing_solos_01-169x300.jpg 169w, https:\/\/leblanc.pl\/paradox\/wp-content\/uploads\/2025\/01\/AGM_sailing_solos_01-576x1024.jpg 576w, https:\/\/leblanc.pl\/paradox\/wp-content\/uploads\/2025\/01\/AGM_sailing_solos_01-768x1365.jpg 768w, https:\/\/leblanc.pl\/paradox\/wp-content\/uploads\/2025\/01\/AGM_sailing_solos_01-864x1536.jpg 864w, https:\/\/leblanc.pl\/paradox\/wp-content\/uploads\/2025\/01\/AGM_sailing_solos_01.jpg 995w\" sizes=\"auto, (max-width: 169px) 100vw, 169px\" \/><\/a><p id=\"caption-attachment-411\" class=\"wp-caption-text\">China Blue<\/p><\/div><\/td>\n<td style=\"width: 308px; vertical-align: middle;\">\n<p><div id=\"attachment_412\" style=\"width: 310px\" class=\"wp-caption alignnone\"><a href=\"https:\/\/leblanc.pl\/paradox\/wp-content\/uploads\/2025\/01\/AGM_sailing_solos_08.jpg\"><img loading=\"lazy\" decoding=\"async\" aria-describedby=\"caption-attachment-412\" class=\"wp-image-412 size-medium\" src=\"https:\/\/leblanc.pl\/paradox\/wp-content\/uploads\/2025\/01\/AGM_sailing_solos_08-300x169.jpg\" alt=\"China Blue\" width=\"300\" height=\"169\" srcset=\"https:\/\/leblanc.pl\/paradox\/wp-content\/uploads\/2025\/01\/AGM_sailing_solos_08-300x169.jpg 300w, https:\/\/leblanc.pl\/paradox\/wp-content\/uploads\/2025\/01\/AGM_sailing_solos_08-1024x576.jpg 1024w, https:\/\/leblanc.pl\/paradox\/wp-content\/uploads\/2025\/01\/AGM_sailing_solos_08-768x432.jpg 768w, https:\/\/leblanc.pl\/paradox\/wp-content\/uploads\/2025\/01\/AGM_sailing_solos_08-1536x864.jpg 1536w, https:\/\/leblanc.pl\/paradox\/wp-content\/uploads\/2025\/01\/AGM_sailing_solos_08.jpg 1853w\" sizes=\"auto, (max-width: 300px) 100vw, 300px\" \/><\/a><p id=\"caption-attachment-412\" class=\"wp-caption-text\">China Blue<\/p><\/div><\/td>\n<td style=\"width: 212px;\">\n<div id=\"attachment_455\" style=\"width: 214px\" class=\"wp-caption alignnone\"><a href=\"https:\/\/leblanc.pl\/paradox\/wp-content\/uploads\/2025\/01\/china_blue_painting-1.jpg\"><img loading=\"lazy\" decoding=\"async\" aria-describedby=\"caption-attachment-455\" class=\"wp-image-455 size-medium\" src=\"https:\/\/leblanc.pl\/paradox\/wp-content\/uploads\/2025\/01\/china_blue_painting-1-204x300.jpg\" alt=\"China Blue, peinture\" width=\"204\" height=\"300\" srcset=\"https:\/\/leblanc.pl\/paradox\/wp-content\/uploads\/2025\/01\/china_blue_painting-1-204x300.jpg 204w, https:\/\/leblanc.pl\/paradox\/wp-content\/uploads\/2025\/01\/china_blue_painting-1.jpg 679w\" sizes=\"auto, (max-width: 204px) 100vw, 204px\" \/><\/a><p id=\"caption-attachment-455\" class=\"wp-caption-text\">China Blue, peinture<\/p><\/div>\n<div class=\"mceTemp\"><\/div>\n<\/td>\n<\/tr>\n<\/tbody>\n<\/table>\n","protected":false},"excerpt":{"rendered":"<p>China Blue fut ma premi\u00e8re go\u00e9lette gr\u00e9\u00e9e en jonque. Relation conflictuelle, amour difficile, mais amour quand-m\u00eame, et puis, quel bateau &#8230; Son histoire avec moi est ici. S\u00e9quence nostalgie &#8230;<\/p>\n","protected":false},"author":1,"featured_media":657,"parent":0,"menu_order":48,"comment_status":"open","ping_status":"closed","template":"","meta":{"footnotes":""},"class_list":["post-410","page","type-page","status-publish","has-post-thumbnail","hentry"],"_links":{"self":[{"href":"https:\/\/leblanc.pl\/paradox\/wp-json\/wp\/v2\/pages\/410","targetHints":{"allow":["GET"]}}],"collection":[{"href":"https:\/\/leblanc.pl\/paradox\/wp-json\/wp\/v2\/pages"}],"about":[{"href":"https:\/\/leblanc.pl\/paradox\/wp-json\/wp\/v2\/types\/page"}],"author":[{"embeddable":true,"href":"https:\/\/leblanc.pl\/paradox\/wp-json\/wp\/v2\/users\/1"}],"replies":[{"embeddable":true,"href":"https:\/\/leblanc.pl\/paradox\/wp-json\/wp\/v2\/comments?post=410"}],"version-history":[{"count":11,"href":"https:\/\/leblanc.pl\/paradox\/wp-json\/wp\/v2\/pages\/410\/revisions"}],"predecessor-version":[{"id":416,"href":"https:\/\/leblanc.pl\/paradox\/wp-json\/wp\/v2\/pages\/410\/revisions\/416"}],"wp:featuredmedia":[{"embeddable":true,"href":"https:\/\/leblanc.pl\/paradox\/wp-json\/wp\/v2\/media\/657"}],"wp:attachment":[{"href":"https:\/\/leblanc.pl\/paradox\/wp-json\/wp\/v2\/media?parent=410"}],"curies":[{"name":"wp","href":"https:\/\/api.w.org\/{rel}","templated":true}]}}