{"id":35,"date":"2025-01-24T15:56:00","date_gmt":"2025-01-24T14:56:00","guid":{"rendered":"https:\/\/leblanc.pl\/paradox\/?page_id=35"},"modified":"2025-04-27T19:05:45","modified_gmt":"2025-04-27T17:05:45","slug":"jour-11-de-kilmore-quay-a-arklow","status":"publish","type":"page","link":"https:\/\/leblanc.pl\/paradox\/jour-11-de-kilmore-quay-a-arklow\/","title":{"rendered":"Jour 11, de Kilmore Quay \u00e0 Arklow"},"content":{"rendered":"<p><audio src=\"https:\/\/leblanc.pl\/paradox\/wp-content\/uploads\/2025\/03\/dear-Irish-Boy-2.mp3\" preload=\"auto\" autoplay=\"autoplay\"><span data-mce-type=\"bookmark\" style=\"display: inline-block; width: 0px; overflow: hidden; line-height: 0;\" class=\"mce_SELRES_start\">\ufeff<\/span><\/audio><\/p>\n<h2><strong>Dimanche 1<sup>er<\/sup> septembre<\/strong><\/h2>\n<div id=\"attachment_950\" style=\"width: 235px\" class=\"wp-caption alignright\"><a href=\"https:\/\/leblanc.pl\/paradox\/wp-content\/uploads\/2025\/03\/Le-Pigeon.jpg\"><img loading=\"lazy\" decoding=\"async\" aria-describedby=\"caption-attachment-950\" class=\"image-a-droite wp-image-950 size-medium\" title=\"Pigeon voyageur clandestin...\" src=\"https:\/\/leblanc.pl\/paradox\/wp-content\/uploads\/2025\/03\/Le-Pigeon-225x300.jpg\" alt=\"Pigeon voyageur clandestin...\" width=\"225\" height=\"300\" srcset=\"https:\/\/leblanc.pl\/paradox\/wp-content\/uploads\/2025\/03\/Le-Pigeon-225x300.jpg 225w, https:\/\/leblanc.pl\/paradox\/wp-content\/uploads\/2025\/03\/Le-Pigeon.jpg 600w\" sizes=\"auto, (max-width: 225px) 100vw, 225px\" \/><\/a><p id=\"caption-attachment-950\" class=\"wp-caption-text\">Pigeon voyageur clandestin&#8230;<\/p><\/div>\n<p><span style=\"font-size: 14pt;\">Une cinquantaine de milles nous s\u00e9pare <strong><em>d\u2019Arklow<\/em><\/strong>, notre deuxi\u00e8me escale irlandaise.<\/span><\/p>\n<p><span style=\"font-size: 14pt;\">Nous partons \u00e0 9h00, pour arriver \u00e0 destination apr\u00e8s 9h30 de moteur, sous un ciel couvert.<\/span><\/p>\n<p>&nbsp;<\/p>\n<p><span style=\"font-size: 14pt;\">Comme nous le fait remarquer avec amusement le responsable de la capitainerie de Kilmore, nous ferons une route \u00e0 contre-courant. Le vent \u00e9tant absent, nous usons du moteur sans retenue, ce qui nous arrange car nous devons consommer le gasoil restant dans le r\u00e9servoir fuyard.<\/span><\/p>\n<p>&nbsp;<\/p>\n<p><span style=\"font-size: 14pt;\">Cette \u00e9tape monotone est toutefois agr\u00e9ment\u00e9e par l\u2019arriv\u00e9e d\u2019un nouveau passager, un pigeon voyageur qui d\u00e9cide de profiter du voyage, gratuitement et sans effort. Il s\u2019installe docilement \u00e0 bord, reste indiff\u00e9rent aux miettes et graines que nous lui proposons, mais appr\u00e9cie la gamelle d\u2019eau douce que nous mettons \u00e0 sa disposition.<\/span><\/p>\n<p>&nbsp;<\/p>\n<p>&nbsp;<\/p>\n<div id=\"attachment_951\" style=\"width: 310px\" class=\"wp-caption alignleft\"><a href=\"https:\/\/leblanc.pl\/paradox\/wp-content\/uploads\/2025\/03\/Lecon-depissure.jpg\"><img loading=\"lazy\" decoding=\"async\" aria-describedby=\"caption-attachment-951\" class=\"image-a-gauche wp-image-951 size-medium\" title=\"Le\u00e7on de matelotage\" src=\"https:\/\/leblanc.pl\/paradox\/wp-content\/uploads\/2025\/03\/Lecon-depissure-300x169.jpg\" alt=\"Le\u00e7on de matelotage\" width=\"300\" height=\"169\" srcset=\"https:\/\/leblanc.pl\/paradox\/wp-content\/uploads\/2025\/03\/Lecon-depissure-300x169.jpg 300w, https:\/\/leblanc.pl\/paradox\/wp-content\/uploads\/2025\/03\/Lecon-depissure-768x432.jpg 768w, https:\/\/leblanc.pl\/paradox\/wp-content\/uploads\/2025\/03\/Lecon-depissure.jpg 800w\" sizes=\"auto, (max-width: 300px) 100vw, 300px\" \/><\/a><p id=\"caption-attachment-951\" class=\"wp-caption-text\"><span style=\"font-size: 14pt;\">Le\u00e7on de matelotage<\/span><\/p><\/div>\n<p>&nbsp;<\/p>\n<p><span style=\"font-size: 14pt;\">Le temps maussade et la navigation au moteur, sont propices \u00e0 une le\u00e7on de matelotage.<\/span><\/p>\n<p>&nbsp;<\/p>\n<p><span style=\"font-size: 14pt;\">Eric en profite pour refaire une \u00e9pissure r\u00e8glementaire \u00e0 la place de ma r\u00e9paration approximative. Le professeur est \u00e0 l&rsquo;\u0153uvre, les assistants ob\u00e9issent\u2026<\/span><\/p>\n<p>&nbsp;<\/p>\n<p>&nbsp;<\/p>\n<div id=\"attachment_1450\" style=\"width: 310px\" class=\"wp-caption alignright\"><a href=\"https:\/\/leblanc.pl\/paradox\/wp-content\/uploads\/2025\/03\/Meme-le-pigeon-est-attentif.jpg\"><img loading=\"lazy\" decoding=\"async\" aria-describedby=\"caption-attachment-1450\" class=\"image-a-droite wp-image-1450 size-medium\" title=\"M\u00eame le pigeon est attentif\" src=\"https:\/\/leblanc.pl\/paradox\/wp-content\/uploads\/2025\/03\/Meme-le-pigeon-est-attentif-300x200.jpg\" alt=\"M\u00eame le pigeon est attentif\" width=\"300\" height=\"200\" srcset=\"https:\/\/leblanc.pl\/paradox\/wp-content\/uploads\/2025\/03\/Meme-le-pigeon-est-attentif-300x200.jpg 300w, https:\/\/leblanc.pl\/paradox\/wp-content\/uploads\/2025\/03\/Meme-le-pigeon-est-attentif-768x512.jpg 768w, https:\/\/leblanc.pl\/paradox\/wp-content\/uploads\/2025\/03\/Meme-le-pigeon-est-attentif.jpg 800w\" sizes=\"auto, (max-width: 300px) 100vw, 300px\" \/><\/a><p id=\"caption-attachment-1450\" class=\"wp-caption-text\"><span style=\"font-size: 14pt;\">M\u00eame le pigeon est attentif<\/span><\/p><\/div>\n<p>&nbsp;<\/p>\n<p><span style=\"font-size: 14pt;\">Eric s&rsquo;est r\u00e9v\u00e9l\u00e9 un fervent sp\u00e9cialiste du matelotage. Plusieurs fois au long du voyage, il froncera les sourcils et se lancera dans la \u00ab\u00a0remise aux normes\u00a0\u00bb de quelques drisses trop courtes ou aux \u00e9pissures anarchiques.<\/span><\/p>\n<p>&nbsp;<\/p>\n<div id=\"attachment_949\" style=\"width: 310px\" class=\"wp-caption alignleft\"><a href=\"https:\/\/leblanc.pl\/paradox\/wp-content\/uploads\/2025\/03\/Il-faut-masser-lepissure-.jpg\"><img loading=\"lazy\" decoding=\"async\" aria-describedby=\"caption-attachment-949\" class=\"image-a-gauche wp-image-949 size-medium\" title=\"Il faut bien &quot;masser&quot; les \u00e9pissures !\" src=\"https:\/\/leblanc.pl\/paradox\/wp-content\/uploads\/2025\/03\/Il-faut-masser-lepissure--300x169.jpg\" alt=\"Il faut bien &quot;masser&quot; les \u00e9pissures !\" width=\"300\" height=\"169\" srcset=\"https:\/\/leblanc.pl\/paradox\/wp-content\/uploads\/2025\/03\/Il-faut-masser-lepissure--300x169.jpg 300w, https:\/\/leblanc.pl\/paradox\/wp-content\/uploads\/2025\/03\/Il-faut-masser-lepissure--768x432.jpg 768w, https:\/\/leblanc.pl\/paradox\/wp-content\/uploads\/2025\/03\/Il-faut-masser-lepissure-.jpg 800w\" sizes=\"auto, (max-width: 300px) 100vw, 300px\" \/><\/a><p id=\"caption-attachment-949\" class=\"wp-caption-text\"><span style=\"font-size: 14pt;\">Il faut bien \u00ab\u00a0masser\u00a0\u00bb les \u00e9pissures !<\/span><\/p><\/div>\n<p>&nbsp;<\/p>\n<p>&nbsp;<\/p>\n<p>&nbsp;<\/p>\n<p><span style=\"font-size: 14pt;\">Et tr\u00e8s vite, il sera affubl\u00e9 du surnom de \u00ab\u00a0<em><strong>Monsieur Bout<\/strong><\/em>\u00ab\u00a0, pour sa passion manifeste de la chose <em>cordesque<\/em> !<\/span><\/p>\n<p>&nbsp;<\/p>\n<p>&nbsp;<\/p>\n<p>&nbsp;<\/p>\n<p>&nbsp;<\/p>\n<p><span style=\"font-size: 14pt;\">Quant \u00e0 notre passager surprise\u2026<\/span><\/p>\n<p><span style=\"font-size: 14pt;\">D\u2019o\u00f9 vient-il, o\u00f9 va-t-il, ce volatile, et le transportons-nous seulement dans la bonne direction ?<\/span><\/p>\n<p><span style=\"font-size: 14pt;\">Il est bagu\u00e9 aux deux pattes, mais nous ne pouvons pas l\u2019approcher d\u2019assez pr\u00e8s pour en relever les informations.<\/span><\/p>\n<p>&nbsp;<\/p>\n<p><span style=\"font-size: 14pt;\">Il passera la nuit \u00e0 Arklow, sur le bateau, mais s\u2019envolera au matin pour d\u2019autres voyages.<\/span><\/p>\n<p><span style=\"font-size: 14pt;\">Ou peut-\u00eatre, lass\u00e9 de sa vie de nomade, a-t-il d\u00e9cid\u00e9 de s\u2019\u00e9tablir dans les environs pour fonder une famille. Nous ne le saurons jamais non plus.<\/span><\/p>\n<p>&nbsp;<\/p>\n<div id=\"attachment_952\" style=\"width: 310px\" class=\"wp-caption alignright\"><a href=\"https:\/\/leblanc.pl\/paradox\/wp-content\/uploads\/2025\/03\/Arklow.jpg\"><img loading=\"lazy\" decoding=\"async\" aria-describedby=\"caption-attachment-952\" class=\"image-a-droite wp-image-952 size-medium\" title=\"Paradox \u00e0 Arklow\" src=\"https:\/\/leblanc.pl\/paradox\/wp-content\/uploads\/2025\/03\/Arklow-300x169.jpg\" alt=\"Paradox \u00e0 Arklow\" width=\"300\" height=\"169\" srcset=\"https:\/\/leblanc.pl\/paradox\/wp-content\/uploads\/2025\/03\/Arklow-300x169.jpg 300w, https:\/\/leblanc.pl\/paradox\/wp-content\/uploads\/2025\/03\/Arklow-768x432.jpg 768w, https:\/\/leblanc.pl\/paradox\/wp-content\/uploads\/2025\/03\/Arklow.jpg 900w\" sizes=\"auto, (max-width: 300px) 100vw, 300px\" \/><\/a><p id=\"caption-attachment-952\" class=\"wp-caption-text\"><span style=\"font-size: 14pt;\">Paradox \u00e0 Arklow<\/span><\/p><\/div>\n<p><span style=\"font-size: 14pt;\">Arklow est une escale int\u00e9ressante et agr\u00e9able sur la rivi\u00e8re <strong><em>Avoca<\/em><\/strong>, pr\u00e8s du centre-ville, avec un long ponton visiteurs abrit\u00e9 sous les arbres, comme en t\u00e9moignent au matin les feuilles \u00e9parpill\u00e9es sur le pont du bateau.<\/span><\/p>\n<p>&nbsp;<\/p>\n<p><span style=\"font-size: 14pt;\">A 18h30, le responsable de la marina, un certain <strong><em>Niall<\/em><\/strong>, personnage aussi pittoresque que serviable, n\u2019est plus l\u00e0 pour nous accueillir mais nous indique gentiment par texto l\u2019emplacement des sanitaires et, tout aussi important, celui des pubs.<\/span><\/p>\n<p>&nbsp;<\/p>\n<p><span style=\"font-size: 14pt;\">Nous prenons notre <em>Fish and Chips<\/em> quotidien dans l\u2019un d\u2019entre eux de l\u2019autre c\u00f4t\u00e9 de la rivi\u00e8re, accompagn\u00e9 des Guinness de circonstance (sauf pour moi, toujours aussi r\u00e9fractaire \u00e0 ce liquide goudronneux-savonneux (cf. <a href=\"https:\/\/leblanc.pl\/china_blue\/index.php\/the-whole-story\/chapter-3-the-rocky-road-to-dublin\/\" target=\"_blank\" rel=\"noopener\">https:\/\/leblanc.pl\/china_blue\/index.php\/the-whole-story\/chapter-3-the-rocky-road-to-dublin\/<\/a>).<\/span><\/p>\n<p>&nbsp;<\/p>\n<div id=\"attachment_958\" style=\"width: 310px\" class=\"wp-caption alignleft\"><a href=\"https:\/\/leblanc.pl\/paradox\/wp-content\/uploads\/2025\/03\/Pub-a-Arklow.jpg\"><img loading=\"lazy\" decoding=\"async\" aria-describedby=\"caption-attachment-958\" class=\"image-a-gauche wp-image-958 size-medium\" title=\"Nos premiers Irish Coffees au pub \u00e0 Arklow\" src=\"https:\/\/leblanc.pl\/paradox\/wp-content\/uploads\/2025\/03\/Pub-a-Arklow-300x215.jpg\" alt=\"Nos premiers Irish Coffees au pub \u00e0 Arklow\" width=\"300\" height=\"215\" srcset=\"https:\/\/leblanc.pl\/paradox\/wp-content\/uploads\/2025\/03\/Pub-a-Arklow-300x215.jpg 300w, https:\/\/leblanc.pl\/paradox\/wp-content\/uploads\/2025\/03\/Pub-a-Arklow-768x549.jpg 768w, https:\/\/leblanc.pl\/paradox\/wp-content\/uploads\/2025\/03\/Pub-a-Arklow.jpg 800w\" sizes=\"auto, (max-width: 300px) 100vw, 300px\" \/><\/a><p id=\"caption-attachment-958\" class=\"wp-caption-text\"><span style=\"font-size: 14pt;\">Nos premiers Irish Coffees au pub \u00e0 Arklow<\/span><\/p><\/div>\n<p>&nbsp;<\/p>\n<p><span style=\"font-size: 14pt;\">Un irlandais ayant largement honor\u00e9 la boisson locale, s\u2019ent\u00eate m\u00eame \u00e0 nous livrer sa propre interpr\u00e9tation de notre hymne national.<\/span><\/p>\n<p>&nbsp;<\/p>\n<p><span style=\"font-size: 14pt;\">Nous terminons la soir\u00e9e en nous promenant en ville, et commen\u00e7ons \u00e0 nous impr\u00e9gner de cette atmosph\u00e8re irlandaise que nous allons tellement appr\u00e9cier.<\/span><\/p>\n<p>&nbsp;<\/p>\n<p>&nbsp;<\/p>\n<div id=\"attachment_953\" style=\"width: 179px\" class=\"wp-caption alignright\"><a href=\"https:\/\/leblanc.pl\/paradox\/wp-content\/uploads\/2025\/03\/On-est-en-pays-gaelique-.jpg\"><img loading=\"lazy\" decoding=\"async\" aria-describedby=\"caption-attachment-953\" class=\"image-a-droite wp-image-953 size-medium\" title=\"Nous sommes bien en pays ga\u00eblique !\" src=\"https:\/\/leblanc.pl\/paradox\/wp-content\/uploads\/2025\/03\/On-est-en-pays-gaelique--169x300.jpg\" alt=\"Nous sommes bien en pays ga\u00eblique !\" width=\"169\" height=\"300\" srcset=\"https:\/\/leblanc.pl\/paradox\/wp-content\/uploads\/2025\/03\/On-est-en-pays-gaelique--169x300.jpg 169w, https:\/\/leblanc.pl\/paradox\/wp-content\/uploads\/2025\/03\/On-est-en-pays-gaelique-.jpg 450w\" sizes=\"auto, (max-width: 169px) 100vw, 169px\" \/><\/a><p id=\"caption-attachment-953\" class=\"wp-caption-text\"><span style=\"font-size: 14pt;\">Nous sommes bien en pays ga\u00eblique !<\/span><\/p><\/div>\n<p>&nbsp;<\/p>\n<p>&nbsp;<\/p>\n<p><span style=\"font-size: 14pt;\">Le probl\u00e8me de la fuite de gasoil est d\u00e9crit dans la rubrique \u00ab\u00a0<a href=\"https:\/\/leblanc.pl\/paradox\/galeres\/\" rel=\"noopener\"><em>Les gal\u00e8res<\/em>\u00a0<\/a>\u00bb, mais pour faire court, nous avons besoin d\u2019acheter des jerricans suppl\u00e9mentaires pour vider le r\u00e9servoir qui fuit.<\/span><\/p>\n<p>&nbsp;<\/p>\n<p><span style=\"font-size: 14pt;\"><em>Niall<\/em>, dont nous faisons connaissance le lendemain matin, se met \u00e0 mon service et n\u2019h\u00e9site pas \u00e0 me faire visiter tous les magasins de bricolage de la ville, \u00e0 bord de sa Porsche Cayenne dont il ne m\u00e9nage pas les chevaux.<\/span><\/p>\n<p>&nbsp;<\/p>\n<p><span style=\"font-size: 14pt;\">Un grand merci \u00e0 ce personnage !<\/span><\/p>\n<p>&nbsp;<\/p>\n<p>&nbsp;<\/p>\n<p>&nbsp;<\/p>\n<p>&nbsp;<\/p>\n<p>&nbsp;<\/p>\n<p style=\"text-align: right;\"><span style=\"font-size: 14pt;\"><a href=\"https:\/\/leblanc.pl\/paradox\/jour-12-darklow-a-malahide\/\"><em>(\u00e0 suivre)<\/em><\/a><\/span><\/p>\n","protected":false},"excerpt":{"rendered":"<p>\ufeff Dimanche 1er septembre Une cinquantaine de milles nous s\u00e9pare d\u2019Arklow, notre deuxi\u00e8me escale irlandaise. Nous partons \u00e0 9h00, pour arriver \u00e0 destination apr\u00e8s 9h30 de moteur, sous un ciel couvert. &nbsp; Comme nous le fait remarquer avec amusement le &hellip; <a href=\"https:\/\/leblanc.pl\/paradox\/jour-11-de-kilmore-quay-a-arklow\/\">Continuer la lecture <span class=\"meta-nav\">&rarr;<\/span><\/a><\/p>\n","protected":false},"author":1,"featured_media":432,"parent":0,"menu_order":12,"comment_status":"open","ping_status":"closed","template":"","meta":{"footnotes":""},"class_list":["post-35","page","type-page","status-publish","has-post-thumbnail","hentry"],"_links":{"self":[{"href":"https:\/\/leblanc.pl\/paradox\/wp-json\/wp\/v2\/pages\/35","targetHints":{"allow":["GET"]}}],"collection":[{"href":"https:\/\/leblanc.pl\/paradox\/wp-json\/wp\/v2\/pages"}],"about":[{"href":"https:\/\/leblanc.pl\/paradox\/wp-json\/wp\/v2\/types\/page"}],"author":[{"embeddable":true,"href":"https:\/\/leblanc.pl\/paradox\/wp-json\/wp\/v2\/users\/1"}],"replies":[{"embeddable":true,"href":"https:\/\/leblanc.pl\/paradox\/wp-json\/wp\/v2\/comments?post=35"}],"version-history":[{"count":78,"href":"https:\/\/leblanc.pl\/paradox\/wp-json\/wp\/v2\/pages\/35\/revisions"}],"predecessor-version":[{"id":1822,"href":"https:\/\/leblanc.pl\/paradox\/wp-json\/wp\/v2\/pages\/35\/revisions\/1822"}],"wp:featuredmedia":[{"embeddable":true,"href":"https:\/\/leblanc.pl\/paradox\/wp-json\/wp\/v2\/media\/432"}],"wp:attachment":[{"href":"https:\/\/leblanc.pl\/paradox\/wp-json\/wp\/v2\/media?parent=35"}],"curies":[{"name":"wp","href":"https:\/\/api.w.org\/{rel}","templated":true}]}}