{"id":33,"date":"2025-01-24T15:54:45","date_gmt":"2025-01-24T14:54:45","guid":{"rendered":"https:\/\/leblanc.pl\/paradox\/?page_id=33"},"modified":"2025-04-27T19:01:59","modified_gmt":"2025-04-27T17:01:59","slug":"jours-9-et-10-de-newlyn-a-kilmore-quay-la-traversee-de-la-mer-dirlande","status":"publish","type":"page","link":"https:\/\/leblanc.pl\/paradox\/jours-9-et-10-de-newlyn-a-kilmore-quay-la-traversee-de-la-mer-dirlande\/","title":{"rendered":"Jours 9 et 10, de Newlyn \u00e0 Kilmore Quay \u2013 la travers\u00e9e de la Mer d\u2019Irlande"},"content":{"rendered":"<p><audio src=\"https:\/\/leblanc.pl\/paradox\/wp-content\/uploads\/2025\/03\/she-moved-through-the-fair-1.mp3\" preload=\"auto\" autoplay=\"autoplay\"><\/audio><\/p>\n<h2><strong>Vendredi 30 et samedi 31 ao\u00fbt<\/strong><\/h2>\n<p><span style=\"font-size: 14pt;\">Nous passons une bonne nuit de repos dans le charmant port de <em><strong>Newlyn<\/strong><\/em>, partag\u00e9 entre les p\u00eacheurs professionnels et une poign\u00e9e de plaisanciers.<\/span><\/p>\n<div id=\"attachment_909\" style=\"width: 310px\" class=\"wp-caption alignleft\"><a href=\"https:\/\/leblanc.pl\/paradox\/wp-content\/uploads\/2025\/02\/Newlyn-by-night.jpg\"><img loading=\"lazy\" decoding=\"async\" aria-describedby=\"caption-attachment-909\" class=\"image-a-gauche wp-image-909 size-medium\" title=\"Newlyn harbour by night\" src=\"https:\/\/leblanc.pl\/paradox\/wp-content\/uploads\/2025\/02\/Newlyn-by-night-300x169.jpg\" alt=\"Newlyn harbour by night\" width=\"300\" height=\"169\" srcset=\"https:\/\/leblanc.pl\/paradox\/wp-content\/uploads\/2025\/02\/Newlyn-by-night-300x169.jpg 300w, https:\/\/leblanc.pl\/paradox\/wp-content\/uploads\/2025\/02\/Newlyn-by-night-768x432.jpg 768w, https:\/\/leblanc.pl\/paradox\/wp-content\/uploads\/2025\/02\/Newlyn-by-night.jpg 1000w\" sizes=\"auto, (max-width: 300px) 100vw, 300px\" \/><\/a><p id=\"caption-attachment-909\" class=\"wp-caption-text\"><\/span> <span style=\"font-size: 14pt;\">Newlyn harbour by night<\/span><\/p><\/div>\n<p>&nbsp;<\/p>\n<p><span style=\"font-size: 14pt;\">Bruno et Christian ayant profit\u00e9 du d\u00e9but de la matin\u00e9e pour compl\u00e9ter notre avitaillement, ils craquent sur des \u00ab <em>cornish pasties<\/em>\u00a0\u00bb qui feront notre d\u00e9jeuner. Ils reviennent enthousiasm\u00e9s par le charme des petites rues de ce vieux port.<\/span><\/p>\n<p><span style=\"font-size: 14pt;\">Notre d\u00e9part \u00e9tant fix\u00e9 \u00e0 11h00, nous prenons le temps qu\u2019il reste pour nous balader ensemble au hasard des ruelles, des maisons aux volets color\u00e9s et aux abords fleuris. Il fait tr\u00e8s beau.<\/span><\/p>\n<div id=\"attachment_910\" style=\"width: 310px\" class=\"wp-caption alignright\"><a href=\"https:\/\/leblanc.pl\/paradox\/wp-content\/uploads\/2025\/02\/Petite-rue-de-Newlyn.jpg\"><img loading=\"lazy\" decoding=\"async\" aria-describedby=\"caption-attachment-910\" class=\"image-a-droite wp-image-910 size-medium\" title=\"Petite rue de Newlyn\" src=\"https:\/\/leblanc.pl\/paradox\/wp-content\/uploads\/2025\/02\/Petite-rue-de-Newlyn-300x221.jpg\" alt=\"Petite rue de Newlyn\" width=\"300\" height=\"221\" srcset=\"https:\/\/leblanc.pl\/paradox\/wp-content\/uploads\/2025\/02\/Petite-rue-de-Newlyn-300x221.jpg 300w, https:\/\/leblanc.pl\/paradox\/wp-content\/uploads\/2025\/02\/Petite-rue-de-Newlyn-768x565.jpg 768w, https:\/\/leblanc.pl\/paradox\/wp-content\/uploads\/2025\/02\/Petite-rue-de-Newlyn.jpg 800w\" sizes=\"auto, (max-width: 300px) 100vw, 300px\" \/><\/a><p id=\"caption-attachment-910\" class=\"wp-caption-text\"><\/span> <span style=\"font-size: 14pt;\">Petite rue de Newlyn<\/span><\/p><\/div>\n<p>&nbsp;<\/p>\n<p>&nbsp;<\/p>\n<p><span style=\"font-size: 14pt;\">C\u2019est un moment agr\u00e9able, et nous nous souviendrons de <em>Newlyn<\/em> comme d\u2019une petite ville pittoresque et attachante.<\/span><\/p>\n<p>&nbsp;<\/p>\n<p><span style=\"font-size: 14pt;\">Mon plan de passage pr\u00e9voyait la prochaine escale \u00e0 <strong><em>Milford Haven<\/em><\/strong>, \u00e0 115 milles nautiques sur la c\u00f4te galloise.<\/span><\/p>\n<p><span style=\"font-size: 14pt;\">Mais les plans sont faits pour \u00eatre bouscul\u00e9s, tributaires de la m\u00e9t\u00e9o, des contraintes de temps et de l\u2019humeur du capitaine \u2013 pardon, <em>de l\u2019\u00e9quipage<\/em>\u00a0!<\/span><\/p>\n<p><span style=\"font-size: 14pt;\">Nous avions depuis le d\u00e9but adopt\u00e9 une devise, encore due \u00e0 Eric, qui allait s\u2019appliquer tout au long du voyage\u00a0: on d\u00e9ciderait de tout \u00ab\u00a0<em>en dynamique<\/em> \u00bb ! Plut\u00f4t qu&rsquo;admettre que les \u00e9v\u00e8nements ne respectent aucun plan \u2026<\/span><\/p>\n<p>&nbsp;<\/p>\n<p><span style=\"font-size: 14pt;\">Ainsi, \u00ab\u00a0<em>en dynamique\u00a0\u00bb<\/em>, nous d\u00e9cidons de prendre de l\u2019avance sur notre planning et de faire route directement sur <em><strong>l\u2019Irlande<\/strong><\/em>, objectif <strong><em>Kilmore Quay<\/em><\/strong>. Une \u00e9tape de 150 milles, avec navigation nocturne.<\/span><\/p>\n<p><span style=\"font-size: 14pt;\">Nous prenons encore une fois la mer sous le soleil, et pour notre plus grand bonheur le vent nous est favorable. La mer est houleuse et la navigation sportive, mais le bateau file \u00e0 7 n\u0153uds et tout va bien.<\/span><\/p>\n<div id=\"attachment_911\" style=\"width: 610px\" class=\"wp-caption aligncenter\"><a href=\"https:\/\/leblanc.pl\/paradox\/wp-content\/uploads\/2025\/02\/Lands-End.jpg\"><img loading=\"lazy\" decoding=\"async\" aria-describedby=\"caption-attachment-911\" class=\"image_rien wp-image-911\" title=\"Land's End\" src=\"https:\/\/leblanc.pl\/paradox\/wp-content\/uploads\/2025\/02\/Lands-End-300x81.jpg\" alt=\"Land's End\" width=\"600\" height=\"163\" srcset=\"https:\/\/leblanc.pl\/paradox\/wp-content\/uploads\/2025\/02\/Lands-End-300x81.jpg 300w, https:\/\/leblanc.pl\/paradox\/wp-content\/uploads\/2025\/02\/Lands-End-1024x277.jpg 1024w, https:\/\/leblanc.pl\/paradox\/wp-content\/uploads\/2025\/02\/Lands-End-768x208.jpg 768w, https:\/\/leblanc.pl\/paradox\/wp-content\/uploads\/2025\/02\/Lands-End.jpg 1200w\" sizes=\"auto, (max-width: 600px) 100vw, 600px\" \/><\/a><p id=\"caption-attachment-911\" class=\"wp-caption-text\"><\/span> <span style=\"font-size: 14pt;\">Land&rsquo;s End<\/span><\/p><\/div>\n<p><span style=\"font-size: 14pt;\">La travers\u00e9e vers l\u2019Irlande, de jour comme de nuit, se passe sans encombre.<\/span><\/p>\n<div id=\"attachment_923\" style=\"width: 310px\" class=\"wp-caption alignright\"><a href=\"https:\/\/leblanc.pl\/paradox\/wp-content\/uploads\/2025\/02\/sieste.jpg\"><img loading=\"lazy\" decoding=\"async\" aria-describedby=\"caption-attachment-923\" class=\"image-a-droite wp-image-923 size-medium\" title=\"Petite sieste \u2026\" src=\"https:\/\/leblanc.pl\/paradox\/wp-content\/uploads\/2025\/02\/sieste-300x200.jpg\" alt=\"Petite sieste \u2026\" width=\"300\" height=\"200\" srcset=\"https:\/\/leblanc.pl\/paradox\/wp-content\/uploads\/2025\/02\/sieste-300x200.jpg 300w, https:\/\/leblanc.pl\/paradox\/wp-content\/uploads\/2025\/02\/sieste-768x512.jpg 768w, https:\/\/leblanc.pl\/paradox\/wp-content\/uploads\/2025\/02\/sieste.jpg 800w\" sizes=\"auto, (max-width: 300px) 100vw, 300px\" \/><\/a><p id=\"caption-attachment-923\" class=\"wp-caption-text\"><\/span> <span style=\"font-size: 14pt;\">Petite sieste \u2026<\/span><\/p><\/div>\n<p>&nbsp;<\/p>\n<p><span style=\"font-size: 14pt;\">D\u00e8s la premi\u00e8re navigation nocturne, nous avions adopt\u00e9 des quarts de 3h30, avec toujours 2 personnes dans le cockpit.<\/span><\/p>\n<p>&nbsp;<\/p>\n<p><span style=\"font-size: 14pt;\">Et bien s\u00fbr, la nuit termin\u00e9e, tout l\u2019\u00e9quipage \u00e9tant r\u00e9veill\u00e9, il est toujours encore temps de s\u2019\u00e9clipser pour le luxe d\u2019une petite sieste, ce dont personne ne se prive !<\/span><\/p>\n<p>&nbsp;<\/p>\n<div id=\"attachment_912\" style=\"width: 310px\" class=\"wp-caption alignleft\"><a href=\"https:\/\/leblanc.pl\/paradox\/wp-content\/uploads\/2025\/02\/Fuite-de-gasoil.jpg\"><img loading=\"lazy\" decoding=\"async\" aria-describedby=\"caption-attachment-912\" class=\"image-a-gauche wp-image-912 size-medium\" title=\"Fuite de gasoil, on pompe ...\" src=\"https:\/\/leblanc.pl\/paradox\/wp-content\/uploads\/2025\/02\/Fuite-de-gasoil-300x169.jpg\" alt=\"Fuite de gasoil, on pompe ...\" width=\"300\" height=\"169\" srcset=\"https:\/\/leblanc.pl\/paradox\/wp-content\/uploads\/2025\/02\/Fuite-de-gasoil-300x169.jpg 300w, https:\/\/leblanc.pl\/paradox\/wp-content\/uploads\/2025\/02\/Fuite-de-gasoil-768x432.jpg 768w, https:\/\/leblanc.pl\/paradox\/wp-content\/uploads\/2025\/02\/Fuite-de-gasoil.jpg 800w\" sizes=\"auto, (max-width: 300px) 100vw, 300px\" \/><\/a><p id=\"caption-attachment-912\" class=\"wp-caption-text\"><\/span> <span style=\"font-size: 14pt;\">Fuite de gasoil, on pompe &#8230;<\/span><\/p><\/div>\n<p><span style=\"font-size: 14pt;\">Une odeur persistante de gasoil nous interpelle, nous trouvons une piscine de gasoil sous le moteur.<\/span><br \/>\n<span style=\"font-size: 14pt;\">Nous supposons une fuite au r\u00e9servoir b\u00e2bord.<\/span><\/p>\n<p><span style=\"font-size: 14pt;\">Les s\u00e9ances de pompage reprennent, pour vider les fonds et le r\u00e9servoir dans des jerricans, mais nous devrons vivre avec l\u2019odeur du carburant.<\/span><\/p>\n<p>&nbsp;<\/p>\n<p>&nbsp;<\/p>\n<p><span style=\"font-size: 14pt;\">L\u2019arriv\u00e9e \u00e0 <em><strong>Kilmore Quay<\/strong><\/em>, vers 16h30 le lendemain, se r\u00e9v\u00e8le elle aussi \u00ab\u00a0<em>dynamique\u00a0\u00bb<\/em>\u00a0! Tout d\u2019abord, sans avoir pu contacter la capitainerie, nous confondons l\u2019entr\u00e9e du port avec l\u2019acc\u00e8s \u00e0 la plage, derri\u00e8re la digue. Heureusement, nous nous rendons compte de notre erreur, \u00e9vitant de semer la panique parmi les baigneurs de cette fin d\u2019apr\u00e8s-midi.<\/span><\/p>\n<p><span style=\"font-size: 14pt;\">Alors que nous corrigeons notre entr\u00e9e dans le port et que l\u2019\u00e9quipage s\u2019affaire \u00e0 la mise en place des amarres, pour une raison connue de lui seul, un pare-battage d\u00e9cide de quitter le navire. La proximit\u00e9 des rochers et le manque d\u2019espace nous persuadent tr\u00e8s vite que toute man\u0153uvre de r\u00e9cup\u00e9ration serait source d\u2019ennuis plus graves, le fuyard s\u2019\u00e9vadant d\u00e9j\u00e0 vers les enrochements tout proches.<\/span><\/p>\n<p><span style=\"font-size: 14pt;\">C\u2019est sans compter sur la bonne volont\u00e9 d\u2019un promeneur, qui n\u2019h\u00e9site pas \u00e0 s\u2019aventurer dans les cailloux pour capturer l\u2019engin en goguette, et venir triomphalement nous le ramener alors que nous sommes en train d\u2019amarrer le bateau\u00a0!<\/span><\/p>\n<p><span style=\"font-size: 14pt;\">Cher passant inconnu, nous sommes coupables de ne pas t\u2019avoir invit\u00e9 \u00e0 boire une bi\u00e8re \u00e0 bord. Peut-\u00eatre \u00e9tions nous trop occup\u00e9s \u00e0 \u00e9tablir nos amarres ? Malheureusement, nos remerciements resteront des paroles en l\u2019air \u2026<\/span><\/p>\n<p>&nbsp;<\/p>\n<div id=\"attachment_913\" style=\"width: 310px\" class=\"wp-caption alignright\"><a href=\"https:\/\/leblanc.pl\/paradox\/wp-content\/uploads\/2025\/02\/Graham-Cathal-au-Kehoes-Pub.jpg\"><img loading=\"lazy\" decoding=\"async\" aria-describedby=\"caption-attachment-913\" class=\"image-a-droite wp-image-913 size-medium\" title=\"Graham Cathal au Kehoes Pub\" src=\"https:\/\/leblanc.pl\/paradox\/wp-content\/uploads\/2025\/02\/Graham-Cathal-au-Kehoes-Pub-300x169.jpg\" alt=\"Graham Cathal au Kehoes Pub\" width=\"300\" height=\"169\" srcset=\"https:\/\/leblanc.pl\/paradox\/wp-content\/uploads\/2025\/02\/Graham-Cathal-au-Kehoes-Pub-300x169.jpg 300w, https:\/\/leblanc.pl\/paradox\/wp-content\/uploads\/2025\/02\/Graham-Cathal-au-Kehoes-Pub-768x432.jpg 768w, https:\/\/leblanc.pl\/paradox\/wp-content\/uploads\/2025\/02\/Graham-Cathal-au-Kehoes-Pub.jpg 800w\" sizes=\"auto, (max-width: 300px) 100vw, 300px\" \/><\/a><p id=\"caption-attachment-913\" class=\"wp-caption-text\"><\/span> <span style=\"font-size: 14pt;\">Graham Cathal au Kehoes Pub<\/span><\/p><\/div>\n<p><span style=\"font-size: 14pt;\">Apr\u00e8s une nouvelle s\u00e9ance de pompage de gasoil, nous voici au <strong><em>Kehoes Pub<\/em><\/strong>. La cuisine est ferm\u00e9e, mais la serveuse nous recommande un <em>takeaway<\/em> local et nous encourage m\u00eame \u00e0 d\u00e9guster nos <em>fish and chips <\/em>dans le pub.<\/span><\/p>\n<p><span style=\"font-size: 14pt;\">Une bonne ambiance r\u00e8gne dans cet endroit, avec la pr\u00e9sence de <strong><em>Graham Cathal<\/em><\/strong>, un excellent artiste local, guitariste et chanteur traditionnel (<a href=\"https:\/\/www.youtube.com\/watch?v=7tggiVeI6bg\" target=\"_blank\" rel=\"noopener\">https:\/\/www.youtube.com\/watch?v=7tggiVeI6bg<\/a> ).<\/span><\/p>\n<p><span style=\"font-size: 14pt;\">Quelques pintes de bi\u00e8res et de <em>Guinness<\/em> plus tard, nous rentrons au bateau vers 23h00.<\/span><\/p>\n<p>&nbsp;<\/p>\n<p style=\"text-align: right;\"><span style=\"font-size: 14pt;\">(<a href=\"https:\/\/leblanc.pl\/paradox\/jour-11-de-kilmore-quay-a-arklow\/\"><em>\u00e0 suivre<\/em><\/a>)<\/span><\/p>\n","protected":false},"excerpt":{"rendered":"<p>Vendredi 30 et samedi 31 ao\u00fbt Nous passons une bonne nuit de repos dans le charmant port de Newlyn, partag\u00e9 entre les p\u00eacheurs professionnels et une poign\u00e9e de plaisanciers. &nbsp; Bruno et Christian ayant profit\u00e9 du d\u00e9but de la matin\u00e9e &hellip; <a href=\"https:\/\/leblanc.pl\/paradox\/jours-9-et-10-de-newlyn-a-kilmore-quay-la-traversee-de-la-mer-dirlande\/\">Continuer la lecture <span class=\"meta-nav\">&rarr;<\/span><\/a><\/p>\n","protected":false},"author":1,"featured_media":431,"parent":0,"menu_order":11,"comment_status":"open","ping_status":"closed","template":"","meta":{"footnotes":""},"class_list":["post-33","page","type-page","status-publish","has-post-thumbnail","hentry"],"_links":{"self":[{"href":"https:\/\/leblanc.pl\/paradox\/wp-json\/wp\/v2\/pages\/33","targetHints":{"allow":["GET"]}}],"collection":[{"href":"https:\/\/leblanc.pl\/paradox\/wp-json\/wp\/v2\/pages"}],"about":[{"href":"https:\/\/leblanc.pl\/paradox\/wp-json\/wp\/v2\/types\/page"}],"author":[{"embeddable":true,"href":"https:\/\/leblanc.pl\/paradox\/wp-json\/wp\/v2\/users\/1"}],"replies":[{"embeddable":true,"href":"https:\/\/leblanc.pl\/paradox\/wp-json\/wp\/v2\/comments?post=33"}],"version-history":[{"count":37,"href":"https:\/\/leblanc.pl\/paradox\/wp-json\/wp\/v2\/pages\/33\/revisions"}],"predecessor-version":[{"id":394,"href":"https:\/\/leblanc.pl\/paradox\/wp-json\/wp\/v2\/pages\/33\/revisions\/394"}],"wp:featuredmedia":[{"embeddable":true,"href":"https:\/\/leblanc.pl\/paradox\/wp-json\/wp\/v2\/media\/431"}],"wp:attachment":[{"href":"https:\/\/leblanc.pl\/paradox\/wp-json\/wp\/v2\/media?parent=33"}],"curies":[{"name":"wp","href":"https:\/\/api.w.org\/{rel}","templated":true}]}}