{"id":31,"date":"2025-01-24T15:53:15","date_gmt":"2025-01-24T14:53:15","guid":{"rendered":"https:\/\/leblanc.pl\/paradox\/?page_id=31"},"modified":"2025-04-27T18:58:27","modified_gmt":"2025-04-27T16:58:27","slug":"jours-7-et-8-de-laber-wrach-a-newlyn-la-traversee-de-la-manche","status":"publish","type":"page","link":"https:\/\/leblanc.pl\/paradox\/jours-7-et-8-de-laber-wrach-a-newlyn-la-traversee-de-la-manche\/","title":{"rendered":"Jours 7 et 8, de l\u2019Aber Wrac\u2019h \u00e0 Newlyn &#8211; la travers\u00e9e de la Manche"},"content":{"rendered":"<p><audio src=\"https:\/\/leblanc.pl\/paradox\/wp-content\/uploads\/2025\/03\/laglan-love.mp3\" preload=\"auto\" autoplay=\"autoplay\"><span data-mce-type=\"bookmark\" style=\"display: inline-block; width: 0px; overflow: hidden; line-height: 0;\" class=\"mce_SELRES_start\">\ufeff<\/span><\/audio><\/p>\n<h2><strong>Mercredi 28 et jeudi 29 ao\u00fbt<\/strong><\/h2>\n<p><span style=\"font-size: 14pt;\">La travers\u00e9e de la <strong><em>Manche <\/em><\/strong>entre <em><strong>l\u2019Aber Wrac\u2019h<\/strong><\/em> et <strong><em>Newlyn<\/em><\/strong> est d\u2019une centaine de milles.<\/span><\/p>\n<p><span style=\"font-size: 14pt;\">Ce doit \u00eatre notre deuxi\u00e8me navigation de nuit.<\/span><\/p>\n<p><span style=\"font-size: 14pt;\">Apr\u00e8s un lever tardif et un petit d\u00e9jeuner <em>en terrasse<\/em>, c\u2019est-\u00e0-dire dans le cockpit, nous larguons les amarres \u00e0 12h00.<\/span><\/p>\n<p>&nbsp;<\/p>\n<div id=\"attachment_1217\" style=\"width: 310px\" class=\"wp-caption alignleft\"><a href=\"https:\/\/leblanc.pl\/paradox\/wp-content\/uploads\/2025\/03\/Cap-Nord-Nord-Ouest.-Vers-lIrlande-.jpg\"><img loading=\"lazy\" decoding=\"async\" aria-describedby=\"caption-attachment-1217\" class=\"image-a-gauche wp-image-1217 size-medium\" title=\"Cap Nord-Nord-Ouest... Direction l'Angleterre !\" src=\"https:\/\/leblanc.pl\/paradox\/wp-content\/uploads\/2025\/03\/Cap-Nord-Nord-Ouest.-Vers-lIrlande--300x169.jpg\" alt=\"Cap Nord-Nord-Ouest... Direction l'Angleterre !\" width=\"300\" height=\"169\" srcset=\"https:\/\/leblanc.pl\/paradox\/wp-content\/uploads\/2025\/03\/Cap-Nord-Nord-Ouest.-Vers-lIrlande--300x169.jpg 300w, https:\/\/leblanc.pl\/paradox\/wp-content\/uploads\/2025\/03\/Cap-Nord-Nord-Ouest.-Vers-lIrlande--768x432.jpg 768w, https:\/\/leblanc.pl\/paradox\/wp-content\/uploads\/2025\/03\/Cap-Nord-Nord-Ouest.-Vers-lIrlande-.jpg 800w\" sizes=\"auto, (max-width: 300px) 100vw, 300px\" \/><\/a><p id=\"caption-attachment-1217\" class=\"wp-caption-text\"><span style=\"font-size: 14pt;\">Cap Nord-Nord-Ouest&#8230; Direction l&rsquo;Angleterre !<\/span><\/p><\/div>\n<div id=\"attachment_897\" style=\"width: 179px\" class=\"wp-caption alignright\"><a href=\"https:\/\/leblanc.pl\/paradox\/wp-content\/uploads\/2025\/02\/045_sous_voiles_vers_Newlyn.jpg\"><img loading=\"lazy\" decoding=\"async\" aria-describedby=\"caption-attachment-897\" class=\"image-a-droite wp-image-897 size-medium\" title=\"Sous voiles vers Newlyn\" src=\"https:\/\/leblanc.pl\/paradox\/wp-content\/uploads\/2025\/02\/045_sous_voiles_vers_Newlyn-169x300.jpg\" alt=\"Sous voiles vers Newlyn\" width=\"169\" height=\"300\" srcset=\"https:\/\/leblanc.pl\/paradox\/wp-content\/uploads\/2025\/02\/045_sous_voiles_vers_Newlyn-169x300.jpg 169w, https:\/\/leblanc.pl\/paradox\/wp-content\/uploads\/2025\/02\/045_sous_voiles_vers_Newlyn.jpg 450w\" sizes=\"auto, (max-width: 169px) 100vw, 169px\" \/><\/a><p id=\"caption-attachment-897\" class=\"wp-caption-text\"><span style=\"font-size: 14pt;\">Sous voiles vers Newlyn<\/span><\/p><\/div>\n<p>&nbsp;<\/p>\n<p><span style=\"font-size: 14pt;\">Bonne surprise, d\u00e8s la sortie du chenal, le vent nous offre son soutien.<\/span><\/p>\n<p>&nbsp;<\/p>\n<p><span style=\"font-size: 14pt;\">Une vitesse un peu inf\u00e9rieure \u00e0 la navigation au moteur, quelques milles suppl\u00e9mentaires pour profiter du vent, ne sont rien compar\u00e9s au plaisir d\u2019\u00eatre sous voiles, <\/span><span style=\"font-size: 14pt;\">au bruit de la coque filant sur les vagues, <\/span><\/p>\n<p><span style=\"font-size: 14pt;\">au temps magnifique et au ciel \u00e9toil\u00e9 qui nous rendent heureux d\u2019\u00eatre sur l\u2019eau.<\/span><\/p>\n<p>&nbsp;<\/p>\n<p>&nbsp;<\/p>\n<p><span style=\"font-size: 14pt;\">Quelques dauphins apparaissent au cours de la nuit, et nous accompagnent pendant les quarts.<\/span><\/p>\n<p>&nbsp;<\/p>\n<p><span style=\"font-size: 14pt;\">Nous voyons pour la premi\u00e8re fois la phosphorescence du plancton dans notre sillage, qui donne l\u2019impression que nous avons mis un \u00e9clairage sous la poupe du bateau.<\/span><\/p>\n<p>&nbsp;<\/p>\n<div id=\"attachment_1439\" style=\"width: 310px\" class=\"wp-caption alignright\"><a href=\"https:\/\/leblanc.pl\/paradox\/wp-content\/uploads\/2025\/03\/Trafic-dans-le-Channel.jpg\"><img loading=\"lazy\" decoding=\"async\" aria-describedby=\"caption-attachment-1439\" class=\"image-a-droite wp-image-1439 size-medium\" title=\"Trafic dans le Channel\" src=\"https:\/\/leblanc.pl\/paradox\/wp-content\/uploads\/2025\/03\/Trafic-dans-le-Channel-300x198.jpg\" alt=\"Trafic dans le Channel\" width=\"300\" height=\"198\" srcset=\"https:\/\/leblanc.pl\/paradox\/wp-content\/uploads\/2025\/03\/Trafic-dans-le-Channel-300x198.jpg 300w, https:\/\/leblanc.pl\/paradox\/wp-content\/uploads\/2025\/03\/Trafic-dans-le-Channel-768x507.jpg 768w, https:\/\/leblanc.pl\/paradox\/wp-content\/uploads\/2025\/03\/Trafic-dans-le-Channel.jpg 850w\" sizes=\"auto, (max-width: 300px) 100vw, 300px\" \/><\/a><p id=\"caption-attachment-1439\" class=\"wp-caption-text\"><span style=\"font-size: 14pt;\">Trafic dans le Channel<\/span><\/p><\/div>\n<p>&nbsp;<\/p>\n<p>&nbsp;<\/p>\n<p><span style=\"font-size: 14pt;\">La navigation de nuit n\u2019est jamais ennuyeuse. On passe pas mal de temps \u00e0 rep\u00e9rer les feux des cargos, des ferries et des chalutiers, \u00e0 \u00e9valuer leurs routes et leurs distances, c\u2019est une occupation \u00e0 plein temps\u00a0!<\/span><\/p>\n<p>&nbsp;<\/p>\n<p>&nbsp;<\/p>\n<p>&nbsp;<\/p>\n<p>&nbsp;<\/p>\n<div id=\"attachment_899\" style=\"width: 235px\" class=\"wp-caption alignleft\"><a href=\"https:\/\/leblanc.pl\/paradox\/wp-content\/uploads\/2025\/02\/054_pas_peur.jpg\"><img loading=\"lazy\" decoding=\"async\" aria-describedby=\"caption-attachment-899\" class=\"image-a-gauche wp-image-899 size-medium\" title=\"Jack n'a pas peur de Bruno\" src=\"https:\/\/leblanc.pl\/paradox\/wp-content\/uploads\/2025\/02\/054_pas_peur-225x300.jpg\" alt=\"Jack n'a pas peur de Bruno\" width=\"225\" height=\"300\" srcset=\"https:\/\/leblanc.pl\/paradox\/wp-content\/uploads\/2025\/02\/054_pas_peur-225x300.jpg 225w, https:\/\/leblanc.pl\/paradox\/wp-content\/uploads\/2025\/02\/054_pas_peur.jpg 600w\" sizes=\"auto, (max-width: 225px) 100vw, 225px\" \/><\/a><p id=\"caption-attachment-899\" class=\"wp-caption-text\"><span style=\"font-size: 14pt;\">Jack n&rsquo;a pas peur de Bruno<\/span><\/p><\/div>\n<p>&nbsp;<\/p>\n<p>&nbsp;<\/p>\n<p><span style=\"font-size: 14pt;\">Dans l\u2019apr\u00e8s-midi du lendemain, nous avons la visite d\u2019un petit oiseau perdu, que Christian baptise <em><strong>Jack<\/strong><\/em>. Nous lui redonnons quelques forces avec de l\u2019eau sucr\u00e9e, que je lui pr\u00e9sente avec une seringue provenant de ma bo\u00eete \u00e0 outils.<\/span><\/p>\n<p>&nbsp;<\/p>\n<p><span style=\"font-size: 14pt;\"><em>Jack<\/em> se montre tr\u00e8s familier, sans doute trop fatigu\u00e9 pour avoir peur de nous.<\/span><\/p>\n<p>&nbsp;<\/p>\n<p><span style=\"font-size: 14pt;\">Malheureusement, apr\u00e8s 2 tentatives de vol derri\u00e8re le bateau, il dispara\u00eet finalement.<\/span><\/p>\n<p><span style=\"font-size: 14pt;\">Je pense que la nature a fait son \u0153uvre, et que la mer a eu raison de lui.<\/span><\/p>\n<p>&nbsp;<\/p>\n<p>&nbsp;<\/p>\n<p><span style=\"font-size: 14pt;\">A l&rsquo;approche de Newlyn, nous croisons la route du <em><strong>Waverley<\/strong><\/em>, le dernier vapeur\u00a0 \u00e0 roues \u00e0 aubes au monde, datant de 1946 et restaur\u00e9 dans les ann\u00e9es 2000.<\/span><\/p>\n<p>&nbsp;<\/p>\n<div id=\"attachment_1470\" style=\"width: 310px\" class=\"wp-caption alignright\"><a href=\"https:\/\/leblanc.pl\/paradox\/wp-content\/uploads\/2025\/03\/Le-Waverley.jpg\"><img loading=\"lazy\" decoding=\"async\" aria-describedby=\"caption-attachment-1470\" class=\"image-a-droite wp-image-1470 size-medium\" title=\"Le Waverley\" src=\"https:\/\/leblanc.pl\/paradox\/wp-content\/uploads\/2025\/03\/Le-Waverley-300x165.jpg\" alt=\"Le Waverley\" width=\"300\" height=\"165\" srcset=\"https:\/\/leblanc.pl\/paradox\/wp-content\/uploads\/2025\/03\/Le-Waverley-300x165.jpg 300w, https:\/\/leblanc.pl\/paradox\/wp-content\/uploads\/2025\/03\/Le-Waverley-768x422.jpg 768w, https:\/\/leblanc.pl\/paradox\/wp-content\/uploads\/2025\/03\/Le-Waverley.jpg 819w\" sizes=\"auto, (max-width: 300px) 100vw, 300px\" \/><\/a><p id=\"caption-attachment-1470\" class=\"wp-caption-text\"><span style=\"font-size: 14pt;\">Le Waverley<\/span><\/p><\/div>\n<p><span style=\"font-size: 14pt;\">Il op\u00e8re aujourd&rsquo;hui r\u00e9guli\u00e8rement entre Glasgow et Londres pour des croisi\u00e8res touristiques.<\/span><\/p>\n<p>&nbsp;<\/p>\n<p><span style=\"font-size: 14pt;\">Comme en t\u00e9moigne la photo, une foule de personnes \u00e9tait rassembl\u00e9e sur le pont.<\/span><\/p>\n<p><span style=\"font-size: 14pt;\">Je ne veux pas me vanter, mais beaucoup d&rsquo;appareils photo et de smartphones \u00e9taient tourn\u00e9s vers nos belles voiles bleues !<\/span><\/p>\n<p>&nbsp;<\/p>\n<p><span style=\"font-size: 14pt;\">Nous arrivons le 29 ao\u00fbt \u00e0 17h00 heure locale, soit 29 heures plus tard.<\/span><\/p>\n<p>&nbsp;<\/p>\n<div id=\"attachment_1472\" style=\"width: 200px\" class=\"wp-caption alignleft\"><a href=\"https:\/\/leblanc.pl\/paradox\/wp-content\/uploads\/2025\/03\/Entree-du-port-de-Newlyn.jpg\"><img loading=\"lazy\" decoding=\"async\" aria-describedby=\"caption-attachment-1472\" class=\"image-a-gauche wp-image-1472 size-medium\" title=\"Entr\u00e9e du port de Newlyn\" src=\"https:\/\/leblanc.pl\/paradox\/wp-content\/uploads\/2025\/03\/Entree-du-port-de-Newlyn-190x300.jpg\" alt=\"Entr\u00e9e du port de Newlyn\" width=\"190\" height=\"300\" srcset=\"https:\/\/leblanc.pl\/paradox\/wp-content\/uploads\/2025\/03\/Entree-du-port-de-Newlyn-190x300.jpg 190w, https:\/\/leblanc.pl\/paradox\/wp-content\/uploads\/2025\/03\/Entree-du-port-de-Newlyn.jpg 508w\" sizes=\"auto, (max-width: 190px) 100vw, 190px\" \/><\/a><p id=\"caption-attachment-1472\" class=\"wp-caption-text\"><span style=\"font-size: 14pt;\">Entr\u00e9e du port de Newlyn<\/span><\/p><\/div>\n<p>&nbsp;<\/p>\n<p><span style=\"font-size: 14pt;\">De <em><strong>Newlyn<\/strong><\/em>, o\u00f9 j\u2019\u00e9tais venu avec mon co\u00e9quipier <em><strong>John<\/strong> <\/em>lors du convoyage de <em><strong>China Blue<\/strong><\/em>, j\u2019avais retenu le pub o\u00f9 nous avions pass\u00e9 une soir\u00e9e, et rencontr\u00e9 le peintre <em>Ben Gunn<\/em> et son \u00e9pouse <em>Jacqueline<\/em> (cf. <a href=\"https:\/\/leblanc.pl\/china_blue\/index.php\/the-whole-story\/chapter-10-last-sail-in-england\/\" target=\"_blank\" rel=\"noopener\">https:\/\/leblanc.pl\/china_blue\/index.php\/the-whole-story\/chapter-10-last-sail-in-england\/<\/a>).<\/span><\/p>\n<p>&nbsp;<\/p>\n<p><span style=\"font-size: 14pt;\">Nostalgique par nature, je tiens \u00e0 amener mes amis \u00e0 cet endroit.<\/span><\/p>\n<p>&nbsp;<\/p>\n<p><span style=\"font-size: 14pt;\">Le soir m\u00eame, nous franchissons donc la porte du <strong><em>Red Lion<\/em><\/strong>. Tout en \u00e9tant un pub tr\u00e8s recommandable, o\u00f9 nous d\u00e9gustons notre premier et embl\u00e9matique <strong><em>fish and chips<\/em><\/strong> (le premier d\u2019une longue s\u00e9rie\u00a0!), je ne reconnais pas l\u2019endroit visit\u00e9 en septembre 2021.<\/span><\/p>\n<p>&nbsp;<\/p>\n<p><span style=\"font-size: 14pt;\">Apr\u00e8s les bi\u00e8res et le repas, j\u2019essaye d\u2019entra\u00eener mes \u00e9quipiers dans la recherche de ce pub dont j\u2019ai oubli\u00e9 le nom, mais la fatigue l\u2019emporte et nous rentrons au bateau, apr\u00e8s une journ\u00e9e exceptionnellement bien remplie.<\/span><\/p>\n<p>&nbsp;<\/p>\n<p>&nbsp;<\/p>\n<div id=\"attachment_902\" style=\"width: 401px\" class=\"wp-caption alignleft\"><a href=\"https:\/\/leblanc.pl\/paradox\/wp-content\/uploads\/2025\/02\/Premiere-pinte-en-Angleterre-.jpg\"><img loading=\"lazy\" decoding=\"async\" aria-describedby=\"caption-attachment-902\" class=\"image-a-gauche wp-image-902\" title=\"Premi\u00e8re pinte en Angleterre !\" src=\"https:\/\/leblanc.pl\/paradox\/wp-content\/uploads\/2025\/02\/Premiere-pinte-en-Angleterre--300x169.jpg\" alt=\"Premi\u00e8re pinte en Angleterre !\" width=\"391\" height=\"220\" srcset=\"https:\/\/leblanc.pl\/paradox\/wp-content\/uploads\/2025\/02\/Premiere-pinte-en-Angleterre--300x169.jpg 300w, https:\/\/leblanc.pl\/paradox\/wp-content\/uploads\/2025\/02\/Premiere-pinte-en-Angleterre--768x432.jpg 768w, https:\/\/leblanc.pl\/paradox\/wp-content\/uploads\/2025\/02\/Premiere-pinte-en-Angleterre-.jpg 800w\" sizes=\"auto, (max-width: 391px) 100vw, 391px\" \/><\/a><p id=\"caption-attachment-902\" class=\"wp-caption-text\"><span style=\"font-size: 14pt;\">Premi\u00e8re pinte en Angleterre !<\/span><\/p><\/div>\n<div id=\"attachment_900\" style=\"width: 303px\" class=\"wp-caption alignright\"><a href=\"https:\/\/leblanc.pl\/paradox\/wp-content\/uploads\/2025\/02\/Le-Red-Lion-a-Newlyn.jpg\"><img loading=\"lazy\" decoding=\"async\" aria-describedby=\"caption-attachment-900\" class=\"image-a-droite wp-image-900\" title=\"Le Red Lion \u00e0 Newlyn\" src=\"https:\/\/leblanc.pl\/paradox\/wp-content\/uploads\/2025\/02\/Le-Red-Lion-a-Newlyn-300x225.jpg\" alt=\"Le Red Lion \u00e0 Newlyn\" width=\"293\" height=\"220\" srcset=\"https:\/\/leblanc.pl\/paradox\/wp-content\/uploads\/2025\/02\/Le-Red-Lion-a-Newlyn-300x225.jpg 300w, https:\/\/leblanc.pl\/paradox\/wp-content\/uploads\/2025\/02\/Le-Red-Lion-a-Newlyn-768x576.jpg 768w, https:\/\/leblanc.pl\/paradox\/wp-content\/uploads\/2025\/02\/Le-Red-Lion-a-Newlyn.jpg 800w\" sizes=\"auto, (max-width: 293px) 100vw, 293px\" \/><\/a><p id=\"caption-attachment-900\" class=\"wp-caption-text\"><span style=\"font-size: 14pt;\">Le Red Lion \u00e0 Newlyn<\/span><\/p><\/div>\n<p>&nbsp;<\/p>\n<p>&nbsp;<\/p>\n<p>&nbsp;<\/p>\n<p>&nbsp;<\/p>\n<p>&nbsp;<\/p>\n<p>&nbsp;<\/p>\n<p>&nbsp;<\/p>\n<p>&nbsp;<\/p>\n<p>&nbsp;<\/p>\n<p>&nbsp;<\/p>\n<p>&nbsp;<\/p>\n<p>&nbsp;<\/p>\n<p style=\"text-align: center;\"><span style=\"font-size: 14pt;\">Et Bruno et Christian exhument quelques livres anglaises de leurs voyages pass\u00e9s \u2026<\/span><\/p>\n<div id=\"attachment_1054\" style=\"width: 246px\" class=\"wp-caption aligncenter\"><a href=\"https:\/\/leblanc.pl\/paradox\/wp-content\/uploads\/2025\/03\/Strange-money.jpg\"><img loading=\"lazy\" decoding=\"async\" aria-describedby=\"caption-attachment-1054\" class=\"image_rien wp-image-1054 size-medium\" title=\"Strange money\" src=\"https:\/\/leblanc.pl\/paradox\/wp-content\/uploads\/2025\/03\/Strange-money-236x300.jpg\" alt=\"Strange money\" width=\"236\" height=\"300\" srcset=\"https:\/\/leblanc.pl\/paradox\/wp-content\/uploads\/2025\/03\/Strange-money-236x300.jpg 236w, https:\/\/leblanc.pl\/paradox\/wp-content\/uploads\/2025\/03\/Strange-money.jpg 489w\" sizes=\"auto, (max-width: 236px) 100vw, 236px\" \/><\/a><p id=\"caption-attachment-1054\" class=\"wp-caption-text\"><span style=\"font-size: 14pt;\">Strange money<\/span><\/p><\/div>\n<p style=\"text-align: right;\"><span style=\"font-size: 14pt;\">(<a href=\"https:\/\/leblanc.pl\/paradox\/jours-9-et-10-de-newlyn-a-kilmore-quay-la-traversee-de-la-mer-dirlande\/\"><em>\u00e0 suivre<\/em><\/a>)<\/span><\/p>\n","protected":false},"excerpt":{"rendered":"<p>\ufeff Mercredi 28 et jeudi 29 ao\u00fbt La travers\u00e9e de la Manche entre l\u2019Aber Wrac\u2019h et Newlyn est d\u2019une centaine de milles. Ce doit \u00eatre notre deuxi\u00e8me navigation de nuit. Apr\u00e8s un lever tardif et un petit d\u00e9jeuner en terrasse, &hellip; <a href=\"https:\/\/leblanc.pl\/paradox\/jours-7-et-8-de-laber-wrach-a-newlyn-la-traversee-de-la-manche\/\">Continuer la lecture <span class=\"meta-nav\">&rarr;<\/span><\/a><\/p>\n","protected":false},"author":1,"featured_media":430,"parent":0,"menu_order":10,"comment_status":"open","ping_status":"closed","template":"","meta":{"footnotes":""},"class_list":["post-31","page","type-page","status-publish","has-post-thumbnail","hentry"],"_links":{"self":[{"href":"https:\/\/leblanc.pl\/paradox\/wp-json\/wp\/v2\/pages\/31","targetHints":{"allow":["GET"]}}],"collection":[{"href":"https:\/\/leblanc.pl\/paradox\/wp-json\/wp\/v2\/pages"}],"about":[{"href":"https:\/\/leblanc.pl\/paradox\/wp-json\/wp\/v2\/types\/page"}],"author":[{"embeddable":true,"href":"https:\/\/leblanc.pl\/paradox\/wp-json\/wp\/v2\/users\/1"}],"replies":[{"embeddable":true,"href":"https:\/\/leblanc.pl\/paradox\/wp-json\/wp\/v2\/comments?post=31"}],"version-history":[{"count":52,"href":"https:\/\/leblanc.pl\/paradox\/wp-json\/wp\/v2\/pages\/31\/revisions"}],"predecessor-version":[{"id":1817,"href":"https:\/\/leblanc.pl\/paradox\/wp-json\/wp\/v2\/pages\/31\/revisions\/1817"}],"wp:featuredmedia":[{"embeddable":true,"href":"https:\/\/leblanc.pl\/paradox\/wp-json\/wp\/v2\/media\/430"}],"wp:attachment":[{"href":"https:\/\/leblanc.pl\/paradox\/wp-json\/wp\/v2\/media?parent=31"}],"curies":[{"name":"wp","href":"https:\/\/api.w.org\/{rel}","templated":true}]}}