{"id":29,"date":"2025-01-24T15:50:39","date_gmt":"2025-01-24T14:50:39","guid":{"rendered":"https:\/\/leblanc.pl\/paradox\/?page_id=29"},"modified":"2025-04-27T18:38:03","modified_gmt":"2025-04-27T16:38:03","slug":"jour-6-de-camaret-a-laber-wrach-pourquoi-laber-ildut","status":"publish","type":"page","link":"https:\/\/leblanc.pl\/paradox\/jour-6-de-camaret-a-laber-wrach-pourquoi-laber-ildut\/","title":{"rendered":"Jour 6, de Camaret \u00e0 l\u2019Aber Wrac\u2019h (pourquoi l\u2019Aber Ildut ?!)"},"content":{"rendered":"<h2><strong>Mardi 27 ao\u00fbt<\/strong><\/h2>\n<p><span style=\"font-size: 14pt;\">Le plan initial \u00e9tait de rejoindre <strong><em>l\u2019Aber Ildut<\/em><\/strong>, comme point de d\u00e9part pour la travers\u00e9e de la <em><strong>Manche<\/strong> <\/em>le jour suivant. J\u2019avais choisi <em>l\u2019Aber Ildut<\/em> de mani\u00e8re arbitraire, principalement par curiosit\u00e9, parce que je n\u2019y \u00e9tais jamais all\u00e9.<\/span><\/p>\n<p>&nbsp;<\/p>\n<p><span style=\"font-size: 14pt;\">La r\u00e9action d\u2019\u00c9ric\u00a0: \u00ab<strong>\u00a0<em>Pourquoi l\u2019Aber Ildut\u00a0?<\/em><\/strong> \u00bb \u00e0 cette d\u00e9cision restera un sujet de plaisanterie r\u00e9current tout au long du voyage.<\/span><\/p>\n<p><span style=\"font-size: 14pt;\">A ma r\u00e9ponse \u00ab\u00a0<em>Pourquoi pas\u00a0?<\/em> \u00bb, il oppose une liste d\u2019arguments terrifiants allant de la complication de naviguer dans le chenal de ce port, au peu d\u2019int\u00e9r\u00eat utile d\u2019y faire escale, \u00e0 la p\u00e9nurie de restaurants convenables, et que sais-je encore.<\/span><\/p>\n<p><span style=\"font-size: 14pt;\">Devant tant de d\u00e9termination \u00e0 nous faire \u00e9viter ce terrible endroit, oblig\u00e9s de nous en remettre \u00e0 l\u2019exp\u00e9rience de ce grand connaisseur de la c\u00f4te bretonne, nous abdiquons et choisissons un autre \u00ab\u00a0aber\u00a0\u00bb\u00a0: <strong><em>L\u2019Aber Wrac\u2019h<\/em><\/strong>\u00a0!<\/span><\/p>\n<p>&nbsp;<\/p>\n<div id=\"attachment_788\" style=\"width: 310px\" class=\"wp-caption alignright\"><a href=\"https:\/\/leblanc.pl\/paradox\/wp-content\/uploads\/2025\/02\/Eric-et-Bruno.jpg\"><img loading=\"lazy\" decoding=\"async\" aria-describedby=\"caption-attachment-788\" class=\"image-a-droite wp-image-788 size-medium\" title=\"Eric et Bruno\" src=\"https:\/\/leblanc.pl\/paradox\/wp-content\/uploads\/2025\/02\/Eric-et-Bruno-300x210.jpg\" alt=\"Eric et Bruno\" width=\"300\" height=\"210\" srcset=\"https:\/\/leblanc.pl\/paradox\/wp-content\/uploads\/2025\/02\/Eric-et-Bruno-300x210.jpg 300w, https:\/\/leblanc.pl\/paradox\/wp-content\/uploads\/2025\/02\/Eric-et-Bruno-768x539.jpg 768w, https:\/\/leblanc.pl\/paradox\/wp-content\/uploads\/2025\/02\/Eric-et-Bruno.jpg 800w\" sizes=\"auto, (max-width: 300px) 100vw, 300px\" \/><\/a><p id=\"caption-attachment-788\" class=\"wp-caption-text\"><\/span> <span style=\"font-size: 14pt;\">Eric et Bruno<\/span><\/p><\/div>\n<p><span style=\"font-size: 14pt;\">Cette \u00e9tape de 40 milles est tranquillement effectu\u00e9e, sous le soleil, mais sans vent.<\/span><\/p>\n<p>&nbsp;<\/p>\n<p><span style=\"font-size: 14pt;\"><em>P\u00e9tole<\/em> rime avec <em>p\u00e9trole\u00a0<\/em>: le moteur d\u00e9marre une nouvelle fois, pour la dur\u00e9e de la travers\u00e9e, mais avec un bon courant en notre faveur dans le <strong><em>chenal du Four<\/em><\/strong>, nous arrivons \u00e0 <em>l\u2019Aber Wrac\u2019h<\/em> \u00e0 14h00.<\/span><\/p>\n<p>&nbsp;<\/p>\n<div id=\"attachment_789\" style=\"width: 310px\" class=\"wp-caption alignleft\"><a href=\"https:\/\/leblanc.pl\/paradox\/wp-content\/uploads\/2025\/02\/avis-de-passage.jpg\"><img loading=\"lazy\" decoding=\"async\" aria-describedby=\"caption-attachment-789\" class=\"image-a-gauche wp-image-789 size-medium\" title=\"Avis de passage\" src=\"https:\/\/leblanc.pl\/paradox\/wp-content\/uploads\/2025\/02\/avis-de-passage-300x225.jpg\" alt=\"Avis de passage\" width=\"300\" height=\"225\" srcset=\"https:\/\/leblanc.pl\/paradox\/wp-content\/uploads\/2025\/02\/avis-de-passage-300x225.jpg 300w, https:\/\/leblanc.pl\/paradox\/wp-content\/uploads\/2025\/02\/avis-de-passage-768x576.jpg 768w, https:\/\/leblanc.pl\/paradox\/wp-content\/uploads\/2025\/02\/avis-de-passage.jpg 800w\" sizes=\"auto, (max-width: 300px) 100vw, 300px\" \/><\/a><p id=\"caption-attachment-789\" class=\"wp-caption-text\"><\/span> <span style=\"font-size: 14pt;\">Avis de passage<\/span><\/p><\/div>\n<p>&nbsp;<\/p>\n<p><span style=\"font-size: 14pt;\">Dans le port, un vent chaud souffle sur nous et nous \u00e9tonne.<\/span><\/p>\n<p>&nbsp;<\/p>\n<p><span style=\"font-size: 14pt;\">Nous trouvons de justesse un petit restaurant pour calmer notre faim, et profitons de l\u2019apr\u00e8s-midi pour faire l\u2019avitaillement n\u00e9cessaire \u00e0 notre navigation vers <em><strong>l\u2019Angleterre<\/strong><\/em>, gr\u00e2ce au bus de <strong><em>Land\u00e9da<\/em><\/strong>, le village tout proche.<\/span><\/p>\n<p>&nbsp;<\/p>\n<div id=\"attachment_790\" style=\"width: 265px\" class=\"wp-caption alignright\"><a href=\"https:\/\/leblanc.pl\/paradox\/wp-content\/uploads\/2025\/02\/Nous-attendons-le-bus.jpg\"><img loading=\"lazy\" decoding=\"async\" aria-describedby=\"caption-attachment-790\" class=\"image-a-droite wp-image-790 size-medium\" title=\"Nous attendons le bus\" src=\"https:\/\/leblanc.pl\/paradox\/wp-content\/uploads\/2025\/02\/Nous-attendons-le-bus-255x300.jpg\" alt=\"Nous attendons le bus\" width=\"255\" height=\"300\" srcset=\"https:\/\/leblanc.pl\/paradox\/wp-content\/uploads\/2025\/02\/Nous-attendons-le-bus-255x300.jpg 255w, https:\/\/leblanc.pl\/paradox\/wp-content\/uploads\/2025\/02\/Nous-attendons-le-bus.jpg 600w\" sizes=\"auto, (max-width: 255px) 100vw, 255px\" \/><\/a><p id=\"caption-attachment-790\" class=\"wp-caption-text\"><\/span> <span style=\"font-size: 14pt;\">Nous attendons le bus<\/span><\/p><\/div>\n<p>&nbsp;<\/p>\n<p><span style=\"font-size: 14pt;\">Nous devons aussi effectuer en ligne les formalit\u00e9s d\u2019entr\u00e9e sur le territoire britannique, merci le Brexit\u2026<\/span><\/p>\n<p>&nbsp;<\/p>\n<p><span style=\"font-size: 14pt;\">Nous contr\u00f4lons et resserrons \u00e0 nouveau les boulons du pied du m\u00e2t de misaine.<\/span><\/p>\n<p>&nbsp;<\/p>\n<p><span style=\"font-size: 14pt;\">19h30 annonce l\u2019heure de l\u2019ap\u00e9ro, que nous exp\u00e9dions avant d\u2019aller d\u00e9guster un vrai repas breton\u00a0: galettes et moules, au restaurant<em> Le Capitaine<\/em>, o\u00f9 le personnel nous semble aussi d\u00e9licieux que le dessert (mais nous ne go\u00fbterons que le dessert) !<\/span><\/p>\n<p>&nbsp;<\/p>\n<p><span style=\"font-size: 14pt;\">Cette belle ambiance se poursuit sur le pont de Paradox o\u00f9 nous devisons jusqu\u2019\u00e0 minuit dans la contemplation des \u00e9toiles.<\/span><\/p>\n<p>&nbsp;<\/p>\n<p><span style=\"font-size: 14pt;\">Mais depuis, chaque fois que le mot \u00ab\u00a0<em>pourquoi<\/em>\u00a0\u00bb sera prononc\u00e9, il se trouvera l\u2019un d\u2019entre nous pour s\u2019exclamer\u00a0: \u00ab\u00a0<strong><em>Et pourquoi l\u2019Aber Ildut ?!<\/em><\/strong>\u00a0\u00bb.<\/span><\/p>\n<p>&nbsp;<\/p>\n<p>&nbsp;<\/p>\n<p style=\"text-align: right;\"><span style=\"font-size: 14pt;\">(<a href=\"https:\/\/leblanc.pl\/paradox\/jours-7-et-8-de-laber-wrach-a-newlyn-la-traversee-de-la-manche\/\"><em>\u00e0 suivre<\/em><\/a>)<\/span><\/p>\n","protected":false},"excerpt":{"rendered":"<p>Mardi 27 ao\u00fbt Le plan initial \u00e9tait de rejoindre l\u2019Aber Ildut, comme point de d\u00e9part pour la travers\u00e9e de la Manche le jour suivant. J\u2019avais choisi l\u2019Aber Ildut de mani\u00e8re arbitraire, principalement par curiosit\u00e9, parce que je n\u2019y \u00e9tais jamais &hellip; <a href=\"https:\/\/leblanc.pl\/paradox\/jour-6-de-camaret-a-laber-wrach-pourquoi-laber-ildut\/\">Continuer la lecture <span class=\"meta-nav\">&rarr;<\/span><\/a><\/p>\n","protected":false},"author":1,"featured_media":429,"parent":0,"menu_order":9,"comment_status":"open","ping_status":"closed","template":"","meta":{"footnotes":""},"class_list":["post-29","page","type-page","status-publish","has-post-thumbnail","hentry"],"_links":{"self":[{"href":"https:\/\/leblanc.pl\/paradox\/wp-json\/wp\/v2\/pages\/29","targetHints":{"allow":["GET"]}}],"collection":[{"href":"https:\/\/leblanc.pl\/paradox\/wp-json\/wp\/v2\/pages"}],"about":[{"href":"https:\/\/leblanc.pl\/paradox\/wp-json\/wp\/v2\/types\/page"}],"author":[{"embeddable":true,"href":"https:\/\/leblanc.pl\/paradox\/wp-json\/wp\/v2\/users\/1"}],"replies":[{"embeddable":true,"href":"https:\/\/leblanc.pl\/paradox\/wp-json\/wp\/v2\/comments?post=29"}],"version-history":[{"count":26,"href":"https:\/\/leblanc.pl\/paradox\/wp-json\/wp\/v2\/pages\/29\/revisions"}],"predecessor-version":[{"id":1814,"href":"https:\/\/leblanc.pl\/paradox\/wp-json\/wp\/v2\/pages\/29\/revisions\/1814"}],"wp:featuredmedia":[{"embeddable":true,"href":"https:\/\/leblanc.pl\/paradox\/wp-json\/wp\/v2\/media\/429"}],"wp:attachment":[{"href":"https:\/\/leblanc.pl\/paradox\/wp-json\/wp\/v2\/media?parent=29"}],"curies":[{"name":"wp","href":"https:\/\/api.w.org\/{rel}","templated":true}]}}