{"id":25,"date":"2025-01-24T15:47:42","date_gmt":"2025-01-24T14:47:42","guid":{"rendered":"https:\/\/leblanc.pl\/paradox\/?page_id=25"},"modified":"2025-04-27T18:35:48","modified_gmt":"2025-04-27T16:35:48","slug":"jour-3-relache-a-lherbaudiere","status":"publish","type":"page","link":"https:\/\/leblanc.pl\/paradox\/jour-3-relache-a-lherbaudiere\/","title":{"rendered":"Jour 3, rel\u00e2che \u00e0 l\u2019Herbaudi\u00e8re, Halcyon II"},"content":{"rendered":"<h2><strong>Samedi 24 ao\u00fbt<\/strong><\/h2>\n<p><span style=\"font-size: 14pt;\">Une m\u00e9t\u00e9o capricieuse nous incite \u00e0 passer ce samedi \u00e0 <em><strong>l\u2019Herbaudi\u00e8re<\/strong><\/em>.<\/span><\/p>\n<p>&nbsp;<\/p>\n<p><span style=\"font-size: 14pt;\">Cette journ\u00e9e est loin d\u2019\u00eatre perdue. En plus des pleins d\u2019eau, de l\u2019avitaillement et de quelques visites aux shipchandlers du port, Eric offre \u00e0 Paradox un set d\u2019aiguilles \u00e0 \u00e9pisser. Insatiable bricoleur, il en profite aussi pour coller des bandes anti-d\u00e9rapantes sur les panneaux de pont.<\/span><\/p>\n<p>&nbsp;<\/p>\n<p><span style=\"font-size: 14pt;\">Nous commen\u00e7ons aussi \u00e0 vider manuellement une quarantaine de litres d\u2019eau naus\u00e9abonde qui stagnait sous le moteur. On verra par la suite que ce sera le d\u00e9but d\u2019une longue s\u00e9rie de s\u00e9ances de pompages ult\u00e9rieurs.<\/span><\/p>\n<p>&nbsp;<\/p>\n<div id=\"attachment_894\" style=\"width: 310px\" class=\"wp-caption alignleft\"><a href=\"https:\/\/leblanc.pl\/paradox\/wp-content\/uploads\/2025\/02\/HALCYON-II-1.jpg\"><img loading=\"lazy\" decoding=\"async\" aria-describedby=\"caption-attachment-894\" class=\"image-a-gauche wp-image-894 size-medium\" title=\"Le magnifique HALCYON II\" src=\"https:\/\/leblanc.pl\/paradox\/wp-content\/uploads\/2025\/02\/HALCYON-II-1-300x194.jpg\" alt=\"Le magnifique HALCYON II\" width=\"300\" height=\"194\" srcset=\"https:\/\/leblanc.pl\/paradox\/wp-content\/uploads\/2025\/02\/HALCYON-II-1-300x194.jpg 300w, https:\/\/leblanc.pl\/paradox\/wp-content\/uploads\/2025\/02\/HALCYON-II-1-768x496.jpg 768w, https:\/\/leblanc.pl\/paradox\/wp-content\/uploads\/2025\/02\/HALCYON-II-1.jpg 800w\" sizes=\"auto, (max-width: 300px) 100vw, 300px\" \/><\/a><p id=\"caption-attachment-894\" class=\"wp-caption-text\"><span style=\"font-size: 14pt;\">Le magnifique HALCYON II<\/span><\/p><\/div>\n<p>&nbsp;<\/p>\n<p><span style=\"font-size: 14pt;\"><strong><em>Halcyon II<\/em><\/strong>, le joli bateau avec lequel nous sommes \u00e0 couple, est un <em><strong>Wanderer\u00a040<\/strong><\/em> gr\u00e9\u00e9 en <em>cutter\u00a0<\/em>, dont l\u2019int\u00e9rieur et le plan de pont ont \u00e9t\u00e9 enti\u00e8rement redessin\u00e9s par son propri\u00e9taire <strong><em>Jos de Sonneville<\/em><\/strong>, puis fabriqu\u00e9s par un chantier professionnel en Turquie.<\/span><\/p>\n<p>&nbsp;<\/p>\n<p><span style=\"font-size: 14pt;\">La magie du milieu des voileux op\u00e8re. La conversation est rapidement engag\u00e9e avec Jos et sa gentille \u00e9pouse <strong><em>Jenny<\/em><\/strong>.<\/span><\/p>\n<p>&nbsp;<\/p>\n<p><span style=\"font-size: 14pt;\">\u00c9ric fouille dans sa collection de cartes marines pour leur offrir une carte du <em>Morbihan<\/em> qui leur faisait d\u00e9faut, et nous sommes ensuite invit\u00e9s \u00e0 passer la soir\u00e9e \u00e0 bord d\u2019<em>Halcyon II<\/em>, que le couple est fier de nous faire visiter.<\/span><\/p>\n<p>&nbsp;<\/p>\n<p><span style=\"font-size: 14pt;\">Jos sort ensuite une bouteille de whisky irlandais, et la fraternit\u00e9 est d\u00e9finitivement scell\u00e9e\u00a0! Jos est hollandais, Jenny est irlandaise, or nous allons en Irlande \u2026<\/span><\/p>\n<p>&nbsp;<\/p>\n<div id=\"attachment_782\" style=\"width: 310px\" class=\"wp-caption alignleft\"><a href=\"https:\/\/leblanc.pl\/paradox\/wp-content\/uploads\/2025\/02\/Jenny-de-Sonneville.jpg\"><img loading=\"lazy\" decoding=\"async\" aria-describedby=\"caption-attachment-782\" class=\"image-rien wp-image-782 size-medium\" title=\"Jenny de Sonneville\" src=\"https:\/\/leblanc.pl\/paradox\/wp-content\/uploads\/2025\/02\/Jenny-de-Sonneville-300x198.jpg\" alt=\"Jenny de Sonneville\" width=\"300\" height=\"198\" srcset=\"https:\/\/leblanc.pl\/paradox\/wp-content\/uploads\/2025\/02\/Jenny-de-Sonneville-300x198.jpg 300w, https:\/\/leblanc.pl\/paradox\/wp-content\/uploads\/2025\/02\/Jenny-de-Sonneville-768x506.jpg 768w, https:\/\/leblanc.pl\/paradox\/wp-content\/uploads\/2025\/02\/Jenny-de-Sonneville.jpg 802w\" sizes=\"auto, (max-width: 300px) 100vw, 300px\" \/><\/a><p id=\"caption-attachment-782\" class=\"wp-caption-text\"><span style=\"font-size: 14pt;\">Jenny de Sonneville<\/span><\/p><\/div>\n<div id=\"attachment_781\" style=\"width: 370px\" class=\"wp-caption alignright\"><a href=\"https:\/\/leblanc.pl\/paradox\/wp-content\/uploads\/2025\/02\/Joss-de-Sonneville.jpg\"><img loading=\"lazy\" decoding=\"async\" aria-describedby=\"caption-attachment-781\" class=\"image-a-droite wp-image-781\" title=\"Jos de Sonneville\" src=\"https:\/\/leblanc.pl\/paradox\/wp-content\/uploads\/2025\/02\/Joss-de-Sonneville-300x150.jpg\" alt=\"Jos de Sonneville\" width=\"360\" height=\"180\" srcset=\"https:\/\/leblanc.pl\/paradox\/wp-content\/uploads\/2025\/02\/Joss-de-Sonneville-300x150.jpg 300w, https:\/\/leblanc.pl\/paradox\/wp-content\/uploads\/2025\/02\/Joss-de-Sonneville-768x384.jpg 768w, https:\/\/leblanc.pl\/paradox\/wp-content\/uploads\/2025\/02\/Joss-de-Sonneville.jpg 800w\" sizes=\"auto, (max-width: 360px) 100vw, 360px\" \/><\/a><p id=\"caption-attachment-781\" class=\"wp-caption-text\"><span style=\"font-size: 14pt;\">Jos de Sonneville<\/span><\/p><\/div>\n<p>&nbsp;<\/p>\n<p><span style=\"font-size: 14pt;\">Amis d\u2019un soir, mais qui sait ? Certaines de nos meilleures amiti\u00e9s sont ainsi n\u00e9es au hasard d&rsquo;un ponton, en France et ailleurs.<\/span><\/p>\n<p>&nbsp;<\/p>\n<p>&nbsp;<\/p>\n<p>&nbsp;<\/p>\n<p style=\"text-align: right;\"><span style=\"font-size: 14pt;\"><a href=\"https:\/\/leblanc.pl\/paradox\/jours-4-et-5-de-lherbaudiere-a-camaret-via-le-crouesty\/\"><em>(\u00e0 suivre)<\/em><\/a><\/span><\/p>\n","protected":false},"excerpt":{"rendered":"<p>Samedi 24 ao\u00fbt Une m\u00e9t\u00e9o capricieuse nous incite \u00e0 passer ce samedi \u00e0 l\u2019Herbaudi\u00e8re. &nbsp; Cette journ\u00e9e est loin d\u2019\u00eatre perdue. En plus des pleins d\u2019eau, de l\u2019avitaillement et de quelques visites aux shipchandlers du port, Eric offre \u00e0 Paradox &hellip; <a href=\"https:\/\/leblanc.pl\/paradox\/jour-3-relache-a-lherbaudiere\/\">Continuer la lecture <span class=\"meta-nav\">&rarr;<\/span><\/a><\/p>\n","protected":false},"author":1,"featured_media":426,"parent":0,"menu_order":7,"comment_status":"open","ping_status":"closed","template":"","meta":{"footnotes":""},"class_list":["post-25","page","type-page","status-publish","has-post-thumbnail","hentry"],"_links":{"self":[{"href":"https:\/\/leblanc.pl\/paradox\/wp-json\/wp\/v2\/pages\/25","targetHints":{"allow":["GET"]}}],"collection":[{"href":"https:\/\/leblanc.pl\/paradox\/wp-json\/wp\/v2\/pages"}],"about":[{"href":"https:\/\/leblanc.pl\/paradox\/wp-json\/wp\/v2\/types\/page"}],"author":[{"embeddable":true,"href":"https:\/\/leblanc.pl\/paradox\/wp-json\/wp\/v2\/users\/1"}],"replies":[{"embeddable":true,"href":"https:\/\/leblanc.pl\/paradox\/wp-json\/wp\/v2\/comments?post=25"}],"version-history":[{"count":56,"href":"https:\/\/leblanc.pl\/paradox\/wp-json\/wp\/v2\/pages\/25\/revisions"}],"predecessor-version":[{"id":1811,"href":"https:\/\/leblanc.pl\/paradox\/wp-json\/wp\/v2\/pages\/25\/revisions\/1811"}],"wp:featuredmedia":[{"embeddable":true,"href":"https:\/\/leblanc.pl\/paradox\/wp-json\/wp\/v2\/media\/426"}],"wp:attachment":[{"href":"https:\/\/leblanc.pl\/paradox\/wp-json\/wp\/v2\/media?parent=25"}],"curies":[{"name":"wp","href":"https:\/\/api.w.org\/{rel}","templated":true}]}}