{"id":22,"date":"2025-01-24T15:46:11","date_gmt":"2025-01-24T14:46:11","guid":{"rendered":"https:\/\/leblanc.pl\/paradox\/?page_id=22"},"modified":"2025-04-27T18:34:27","modified_gmt":"2025-04-27T16:34:27","slug":"jour-2-de-bourgenay-a-lherbaudiere","status":"publish","type":"page","link":"https:\/\/leblanc.pl\/paradox\/jour-2-de-bourgenay-a-lherbaudiere\/","title":{"rendered":"Jour 2, de Bourgenay \u00e0 l\u2019Herbaudi\u00e8re"},"content":{"rendered":"<h2><strong>Vendredi 23 ao\u00fbt<\/strong><\/h2>\n<div id=\"attachment_777\" style=\"width: 310px\" class=\"wp-caption alignleft\"><a href=\"https:\/\/leblanc.pl\/paradox\/wp-content\/uploads\/2025\/02\/depart-bourgenay.jpg\"><img loading=\"lazy\" decoding=\"async\" aria-describedby=\"caption-attachment-777\" class=\"image-a-gauche wp-image-777 size-medium\" title=\"D\u00e9part pour l'Herbaudi\u00e8re\" src=\"https:\/\/leblanc.pl\/paradox\/wp-content\/uploads\/2025\/02\/depart-bourgenay-300x169.jpg\" alt=\"D\u00e9part pour l'Herbaudi\u00e8re\" width=\"300\" height=\"169\" srcset=\"https:\/\/leblanc.pl\/paradox\/wp-content\/uploads\/2025\/02\/depart-bourgenay-300x169.jpg 300w, https:\/\/leblanc.pl\/paradox\/wp-content\/uploads\/2025\/02\/depart-bourgenay-768x432.jpg 768w, https:\/\/leblanc.pl\/paradox\/wp-content\/uploads\/2025\/02\/depart-bourgenay.jpg 800w\" sizes=\"auto, (max-width: 300px) 100vw, 300px\" \/><\/a><p id=\"caption-attachment-777\" class=\"wp-caption-text\">D\u00e9part pour l&rsquo;Herbaudi\u00e8re<\/p><\/div>\n<p><span style=\"font-size: 14pt;\">Notre deuxi\u00e8me jour de mer est d\u2019environ 60 milles, la destination \u00e9tant le port de <strong style=\"background-color: #ffffff;\"><em>l\u2019Herbaudi\u00e8re<\/em><\/strong>, au nord-ouest de la presqu\u2019\u00eele de <em><strong>Noirmoutier<\/strong><\/em>.<\/span><\/p>\n<p><span style=\"font-size: 14pt;\">Sous un ciel incertain et sur une mer form\u00e9e, nous quittons le port de <em><strong>Bourgenay<\/strong><\/em>. Malgr\u00e9 le calme apparent de l\u2019\u00e9quipage, Christian, notre apprenti mousse, ne peut s\u2019emp\u00eacher d\u2019\u00e9mettre quelques anxieux \u00ab <em>houla&#8230; houlala&#8230;<\/em> \u00bb alors qu\u2019il barre Paradox face \u00e0 la grosse houle qui nous accueille \u00e0 la sortie du port.<\/span><\/p>\n<p>&nbsp;<\/p>\n<div id=\"attachment_778\" style=\"width: 310px\" class=\"wp-caption alignright\"><a href=\"https:\/\/leblanc.pl\/paradox\/wp-content\/uploads\/2025\/02\/Sous-voiles-vers-lherbaudiere.jpg\"><img loading=\"lazy\" decoding=\"async\" aria-describedby=\"caption-attachment-778\" class=\"image-a-droite wp-image-778 size-medium\" title=\"Sous voiles vers l'Herbaudi\u00e8re\" src=\"https:\/\/leblanc.pl\/paradox\/wp-content\/uploads\/2025\/02\/Sous-voiles-vers-lherbaudiere-300x169.jpg\" alt=\"Sous voiles vers l'Herbaudi\u00e8re\" width=\"300\" height=\"169\" srcset=\"https:\/\/leblanc.pl\/paradox\/wp-content\/uploads\/2025\/02\/Sous-voiles-vers-lherbaudiere-300x169.jpg 300w, https:\/\/leblanc.pl\/paradox\/wp-content\/uploads\/2025\/02\/Sous-voiles-vers-lherbaudiere-768x432.jpg 768w, https:\/\/leblanc.pl\/paradox\/wp-content\/uploads\/2025\/02\/Sous-voiles-vers-lherbaudiere.jpg 800w\" sizes=\"auto, (max-width: 300px) 100vw, 300px\" \/><\/a><p id=\"caption-attachment-778\" class=\"wp-caption-text\"><\/span> <span style=\"font-size: 14pt;\">Sous voiles vers l&rsquo;Herbaudi\u00e8re<\/span><\/p><\/div>\n<p>&nbsp;<\/p>\n<p><span style=\"font-size: 14pt;\">Mais une fois sur notre cap, nous profitons rapidement d\u2019un vent favorable pour naviguer entre 6 et 8 n\u0153uds. Nous arriverons \u00e0 18h30, 9 heures apr\u00e8s un d\u00e9part matinal plut\u00f4t tardif.<\/span><\/p>\n<p>&nbsp;<\/p>\n<p><span style=\"font-size: 14pt;\">La marina de <em>l\u2019Herbaudi\u00e8re<\/em> \u00e9tant encombr\u00e9e, nous amarrons Paradox \u00e0 couple avec <strong><em>Halcyon II<\/em><\/strong>, un tr\u00e8s joli voilier battant pavillon hollandais.<\/span><\/p>\n<div id=\"attachment_813\" style=\"width: 310px\" class=\"wp-caption alignleft\"><a href=\"https:\/\/leblanc.pl\/paradox\/wp-content\/uploads\/2025\/02\/HALCYON-II.jpg\"><img loading=\"lazy\" decoding=\"async\" aria-describedby=\"caption-attachment-813\" class=\"image-a-gauche wp-image-813 size-medium\" title=\"HALCYON II\" src=\"https:\/\/leblanc.pl\/paradox\/wp-content\/uploads\/2025\/02\/HALCYON-II-300x194.jpg\" alt=\"HALCYON II\" width=\"300\" height=\"194\" srcset=\"https:\/\/leblanc.pl\/paradox\/wp-content\/uploads\/2025\/02\/HALCYON-II-300x194.jpg 300w, https:\/\/leblanc.pl\/paradox\/wp-content\/uploads\/2025\/02\/HALCYON-II-768x496.jpg 768w, https:\/\/leblanc.pl\/paradox\/wp-content\/uploads\/2025\/02\/HALCYON-II.jpg 800w\" sizes=\"auto, (max-width: 300px) 100vw, 300px\" \/><\/a><p id=\"caption-attachment-813\" class=\"wp-caption-text\"><\/span> <span style=\"font-size: 14pt;\">HALCYON II<\/span><\/p><\/div>\n<p>&nbsp;<\/p>\n<p><span style=\"font-size: 14pt;\">Il est si propre que nous avons honte de marcher sur son pont avant immacul\u00e9 pour aller en ville.<\/span><\/p>\n<p><span style=\"font-size: 14pt;\">Une partie de la soir\u00e9e est pass\u00e9e \u00e0 chercher un lieu o\u00f9 se restaurer, en vain. Une tourn\u00e9e de bi\u00e8re dont nous trouvons le prix exag\u00e9r\u00e9, finit de nous convaincre de revenir au bateau, nos ailes de poulet aux pommes de terre nous assurant une soir\u00e9e plus conviviale !<\/span><\/p>\n<p>&nbsp;<\/p>\n<p style=\"text-align: right;\"><span style=\"font-size: 14pt;\"><a href=\"https:\/\/leblanc.pl\/paradox\/jour-3-relache-a-lherbaudiere\/\"><em>(\u00e0 suivre)<\/em><\/a><\/span><\/p>\n","protected":false},"excerpt":{"rendered":"<p>Vendredi 23 ao\u00fbt Notre deuxi\u00e8me jour de mer est d\u2019environ 60 milles, la destination \u00e9tant le port de l\u2019Herbaudi\u00e8re, au nord-ouest de la presqu\u2019\u00eele de Noirmoutier. Sous un ciel incertain et sur une mer form\u00e9e, nous quittons le port de &hellip; <a href=\"https:\/\/leblanc.pl\/paradox\/jour-2-de-bourgenay-a-lherbaudiere\/\">Continuer la lecture <span class=\"meta-nav\">&rarr;<\/span><\/a><\/p>\n","protected":false},"author":1,"featured_media":422,"parent":0,"menu_order":6,"comment_status":"open","ping_status":"closed","template":"","meta":{"footnotes":""},"class_list":["post-22","page","type-page","status-publish","has-post-thumbnail","hentry"],"_links":{"self":[{"href":"https:\/\/leblanc.pl\/paradox\/wp-json\/wp\/v2\/pages\/22","targetHints":{"allow":["GET"]}}],"collection":[{"href":"https:\/\/leblanc.pl\/paradox\/wp-json\/wp\/v2\/pages"}],"about":[{"href":"https:\/\/leblanc.pl\/paradox\/wp-json\/wp\/v2\/types\/page"}],"author":[{"embeddable":true,"href":"https:\/\/leblanc.pl\/paradox\/wp-json\/wp\/v2\/users\/1"}],"replies":[{"embeddable":true,"href":"https:\/\/leblanc.pl\/paradox\/wp-json\/wp\/v2\/comments?post=22"}],"version-history":[{"count":54,"href":"https:\/\/leblanc.pl\/paradox\/wp-json\/wp\/v2\/pages\/22\/revisions"}],"predecessor-version":[{"id":1809,"href":"https:\/\/leblanc.pl\/paradox\/wp-json\/wp\/v2\/pages\/22\/revisions\/1809"}],"wp:featuredmedia":[{"embeddable":true,"href":"https:\/\/leblanc.pl\/paradox\/wp-json\/wp\/v2\/media\/422"}],"wp:attachment":[{"href":"https:\/\/leblanc.pl\/paradox\/wp-json\/wp\/v2\/media?parent=22"}],"curies":[{"name":"wp","href":"https:\/\/api.w.org\/{rel}","templated":true}]}}