{"id":2080,"date":"2025-05-24T17:31:37","date_gmt":"2025-05-24T15:31:37","guid":{"rendered":"https:\/\/leblanc.pl\/paradox\/?page_id=2080"},"modified":"2025-07-15T10:52:19","modified_gmt":"2025-07-15T08:52:19","slug":"marrantes","status":"publish","type":"page","link":"https:\/\/leblanc.pl\/paradox\/marrantes\/","title":{"rendered":"Marrantes\u00a0 \u00a0"},"content":{"rendered":"<div aria-live=\"polite\" id=\"soliloquy-container-2043\" class=\"soliloquy-container soliloquy-transition-fade  soliloquy-theme-base\" style=\"max-width:1800px;max-height:563px;\"><ul id=\"soliloquy-2043\" class=\"soliloquy-slider soliloquy-slides soliloquy-wrap soliloquy-clear\"><li aria-hidden=\"true\" class=\"soliloquy-item soliloquy-item-1 soliloquy-image-slide\" draggable=\"false\" style=\"list-style:none\"><img decoding=\"async\" id=\"soliloquy-image-2055\" class=\"soliloquy-image soliloquy-image-1\" src=\"https:\/\/leblanc.pl\/paradox\/wp-content\/uploads\/2025\/05\/Doit-y-avoir-un-truc-la-haut.jpg\" alt=\"Doit y avoir un truc l\u00e0 haut\" \/><div class=\"soliloquy-caption\"><div class=\"soliloquy-caption-inside\">Doit y avoir un truc l\u00e0 haut...<\/div><\/div><\/li><li aria-hidden=\"true\" class=\"soliloquy-item soliloquy-item-2 soliloquy-image-slide\" draggable=\"false\" style=\"list-style:none\"><img decoding=\"async\" id=\"soliloquy-image-2051\" class=\"soliloquy-image soliloquy-image-2\" src=\"https:\/\/leblanc.pl\/paradox\/wp-content\/uploads\/2025\/05\/Capitaine-dubitatf.jpg\" alt=\"Capitaine dubitatf\" \/><div class=\"soliloquy-caption\"><div class=\"soliloquy-caption-inside\">Patrick reste dubitatif<\/div><\/div><\/li><li aria-hidden=\"true\" class=\"soliloquy-item soliloquy-item-3 soliloquy-image-slide\" draggable=\"false\" style=\"list-style:none\"><img decoding=\"async\" id=\"soliloquy-image-2056\" class=\"soliloquy-image soliloquy-image-3\" src=\"https:\/\/leblanc.pl\/paradox\/wp-content\/uploads\/2025\/05\/Eric-est-plutot-pensif.jpg\" alt=\"Eric est plut\u00f4t pensif\" \/><div class=\"soliloquy-caption\"><div class=\"soliloquy-caption-inside\">Eric est plut\u00f4t pensif<\/div><\/div><\/li><li aria-hidden=\"true\" class=\"soliloquy-item soliloquy-item-4 soliloquy-image-slide\" draggable=\"false\" style=\"list-style:none\"><img decoding=\"async\" id=\"soliloquy-image-2049\" class=\"soliloquy-image soliloquy-image-4\" src=\"https:\/\/leblanc.pl\/paradox\/wp-content\/uploads\/2025\/05\/Bruno-ca-le-fait-bien-marrer.jpg\" alt=\"Bruno, \u00e7a le fait bien marrer\" \/><div class=\"soliloquy-caption\"><div class=\"soliloquy-caption-inside\">Bruno, \u00e7a le fait bien marrer !<\/div><\/div><\/li><li aria-hidden=\"true\" class=\"soliloquy-item soliloquy-item-5 soliloquy-image-slide\" draggable=\"false\" style=\"list-style:none\"><img decoding=\"async\" id=\"soliloquy-image-2054\" class=\"soliloquy-image soliloquy-image-5\" src=\"https:\/\/leblanc.pl\/paradox\/wp-content\/uploads\/2025\/05\/Christian-il-sen-fout.jpg\" alt=\"Christian, il s&rsquo;en fout\" \/><div class=\"soliloquy-caption\"><div class=\"soliloquy-caption-inside\">Christian, lui il s'en fout.<\/div><\/div><\/li><li aria-hidden=\"true\" class=\"soliloquy-item soliloquy-item-6 soliloquy-image-slide\" draggable=\"false\" style=\"list-style:none\"><img decoding=\"async\" id=\"soliloquy-image-2059\" class=\"soliloquy-image soliloquy-image-6\" src=\"https:\/\/leblanc.pl\/paradox\/wp-content\/uploads\/2025\/05\/Le-mousse-en-pleine-reflexion.jpg\" alt=\"Le mousse en pleine r\u00e9flexion\" \/><div class=\"soliloquy-caption\"><div class=\"soliloquy-caption-inside\">L\u00e0 il est en pleine r\u00e9flexion<\/div><\/div><\/li><li aria-hidden=\"true\" class=\"soliloquy-item soliloquy-item-7 soliloquy-image-slide\" draggable=\"false\" style=\"list-style:none\"><img decoding=\"async\" id=\"soliloquy-image-2047\" class=\"soliloquy-image soliloquy-image-7\" src=\"https:\/\/leblanc.pl\/paradox\/wp-content\/uploads\/2025\/05\/Trop-de-soleil-pour-dormir.jpg\" alt=\"Trop de soleil pour dormir\" \/><div class=\"soliloquy-caption\"><div class=\"soliloquy-caption-inside\">Le capitaine r\u00e9fl\u00e9chit aussi<\/div><\/div><\/li><li aria-hidden=\"true\" class=\"soliloquy-item soliloquy-item-8 soliloquy-image-slide\" draggable=\"false\" style=\"list-style:none\"><img decoding=\"async\" id=\"soliloquy-image-2058\" class=\"soliloquy-image soliloquy-image-8\" src=\"https:\/\/leblanc.pl\/paradox\/wp-content\/uploads\/2025\/05\/Je-suis-pret-quand-vous-voulez.jpg\" alt=\"Je suis pr\u00eat, quand vous voulez\" \/><div class=\"soliloquy-caption\"><div class=\"soliloquy-caption-inside\">Mais l\u00e0 il est pr\u00eat \u00e0 passer \u00e0 l'action<\/div><\/div><\/li><li aria-hidden=\"true\" class=\"soliloquy-item soliloquy-item-9 soliloquy-image-slide\" draggable=\"false\" style=\"list-style:none\"><img decoding=\"async\" id=\"soliloquy-image-2048\" class=\"soliloquy-image soliloquy-image-9\" src=\"https:\/\/leblanc.pl\/paradox\/wp-content\/uploads\/2025\/05\/Une-belle-amitie.jpg\" alt=\"Une belle amiti\u00e9\" \/><div class=\"soliloquy-caption\"><div class=\"soliloquy-caption-inside\">Une belle amiti\u00e9<\/div><\/div><\/li><li aria-hidden=\"true\" class=\"soliloquy-item soliloquy-item-10 soliloquy-image-slide\" draggable=\"false\" style=\"list-style:none\"><img decoding=\"async\" id=\"soliloquy-image-2053\" class=\"soliloquy-image soliloquy-image-10\" src=\"https:\/\/leblanc.pl\/paradox\/wp-content\/uploads\/2025\/05\/Christian-se-reve-irlandais.jpg\" alt=\"Christian se r\u00eave irlandais\" \/><div class=\"soliloquy-caption\"><div class=\"soliloquy-caption-inside\">Christian se r\u00eave irlandais...<\/div><\/div><\/li><li aria-hidden=\"true\" class=\"soliloquy-item soliloquy-item-11 soliloquy-image-slide\" draggable=\"false\" style=\"list-style:none\"><img decoding=\"async\" id=\"soliloquy-image-2044\" class=\"soliloquy-image soliloquy-image-11\" src=\"https:\/\/leblanc.pl\/paradox\/wp-content\/uploads\/2025\/05\/Peut-etre-pas-anglais.jpg\" alt=\"Peut-\u00eatre pas anglais\" \/><div class=\"soliloquy-caption\"><div class=\"soliloquy-caption-inside\">Peut-\u00eatre pas anglais.<\/div><\/div><\/li><li aria-hidden=\"true\" class=\"soliloquy-item soliloquy-item-12 soliloquy-image-slide\" draggable=\"false\" style=\"list-style:none\"><img decoding=\"async\" id=\"soliloquy-image-2052\" class=\"soliloquy-image soliloquy-image-12\" src=\"https:\/\/leblanc.pl\/paradox\/wp-content\/uploads\/2025\/05\/Chacun-son-bord.jpg\" alt=\"Chacun son bord\" \/><div class=\"soliloquy-caption\"><div class=\"soliloquy-caption-inside\">On pourrait croire qu'on se fait la gueule...<\/div><\/div><\/li><li aria-hidden=\"true\" class=\"soliloquy-item soliloquy-item-13 soliloquy-image-slide\" draggable=\"false\" style=\"list-style:none\"><img decoding=\"async\" id=\"soliloquy-image-2060\" class=\"soliloquy-image soliloquy-image-13\" src=\"https:\/\/leblanc.pl\/paradox\/wp-content\/uploads\/2025\/05\/Nous-sommes-parfois-tres-intimes.jpg\" alt=\"Nous sommes parfois tr\u00e8s intimes\" \/><div class=\"soliloquy-caption\"><div class=\"soliloquy-caption-inside\">Pourtant nous sommes parfois tr\u00e8s intimes !<\/div><\/div><\/li><li aria-hidden=\"true\" class=\"soliloquy-item soliloquy-item-14 soliloquy-image-slide\" draggable=\"false\" style=\"list-style:none\"><img decoding=\"async\" id=\"soliloquy-image-2057\" class=\"soliloquy-image soliloquy-image-14\" src=\"https:\/\/leblanc.pl\/paradox\/wp-content\/uploads\/2025\/05\/Eric-aussi-appele-Monsieur-Bout.jpg\" alt=\"Eric, aussi appel\u00e9 Monsieur Bout\" \/><div class=\"soliloquy-caption\"><div class=\"soliloquy-caption-inside\">Voici Eric, aussi appel\u00e9 <strong>Monsieur Bout<\/strong><\/div><\/div><\/li><li aria-hidden=\"true\" class=\"soliloquy-item soliloquy-item-15 soliloquy-image-slide\" draggable=\"false\" style=\"list-style:none\"><img decoding=\"async\" id=\"soliloquy-image-2062\" class=\"soliloquy-image soliloquy-image-15\" src=\"https:\/\/leblanc.pl\/paradox\/wp-content\/uploads\/2025\/05\/Ou-encore-Saint-Eric.jpg\" alt=\"Ou encore Saint Eric\" \/><div class=\"soliloquy-caption\"><div class=\"soliloquy-caption-inside\">Ou encore <em>Saint Eric<\/em><\/div><\/div><\/li><li aria-hidden=\"true\" class=\"soliloquy-item soliloquy-item-16 soliloquy-image-slide\" draggable=\"false\" style=\"list-style:none\"><img decoding=\"async\" id=\"soliloquy-image-2045\" class=\"soliloquy-image soliloquy-image-16\" src=\"https:\/\/leblanc.pl\/paradox\/wp-content\/uploads\/2025\/05\/Sans-doute-quelque-chose-a-voir.jpg\" alt=\"Sans doute quelque chose \u00e0 voir\" \/><div class=\"soliloquy-caption\"><div class=\"soliloquy-caption-inside\">Il essaye toujours de voir des choses<\/div><\/div><\/li><li aria-hidden=\"true\" class=\"soliloquy-item soliloquy-item-17 soliloquy-image-slide\" draggable=\"false\" style=\"list-style:none\"><img decoding=\"async\" id=\"soliloquy-image-2061\" class=\"soliloquy-image soliloquy-image-17\" src=\"https:\/\/leblanc.pl\/paradox\/wp-content\/uploads\/2025\/05\/On-voit-moins-bien-avec-ca.jpg\" alt=\"On voit moins bien avec \u00e7a\" \/><div class=\"soliloquy-caption\"><div class=\"soliloquy-caption-inside\">Et tous les moyens sont bons !<\/div><\/div><\/li><li aria-hidden=\"true\" class=\"soliloquy-item soliloquy-item-18 soliloquy-image-slide\" draggable=\"false\" style=\"list-style:none\"><img decoding=\"async\" id=\"soliloquy-image-2050\" class=\"soliloquy-image soliloquy-image-18\" src=\"https:\/\/leblanc.pl\/paradox\/wp-content\/uploads\/2025\/05\/Ca-cest-un-beau-T-shirt.jpg\" alt=\"Ca, c&#039;est un beau T-shirt\" \/><div class=\"soliloquy-caption\"><div class=\"soliloquy-caption-inside\">Ca, c'est un beau T-shirt !<\/div><\/div><\/li><li aria-hidden=\"true\" class=\"soliloquy-item soliloquy-item-19 soliloquy-image-slide\" draggable=\"false\" style=\"list-style:none\"><img decoding=\"async\" id=\"soliloquy-image-2046\" class=\"soliloquy-image soliloquy-image-19\" src=\"https:\/\/leblanc.pl\/paradox\/wp-content\/uploads\/2025\/05\/serait-ce-iune-derniere-priere.jpg\" alt=\"serait-ce iune derni\u00e8re pri\u00e8re\" \/><div class=\"soliloquy-caption\"><div class=\"soliloquy-caption-inside\">Et \u00e7a, une derni\u00e8re pri\u00e8re ?<\/div><\/div><\/li><\/ul><\/div><noscript><style type=\"text\/css\">#soliloquy-container-2043{opacity:1}<\/style><\/noscript>\n","protected":false},"excerpt":{"rendered":"","protected":false},"author":1,"featured_media":2081,"parent":0,"menu_order":0,"comment_status":"open","ping_status":"closed","template":"","meta":{"footnotes":""},"class_list":["post-2080","page","type-page","status-publish","has-post-thumbnail","hentry"],"_links":{"self":[{"href":"https:\/\/leblanc.pl\/paradox\/wp-json\/wp\/v2\/pages\/2080","targetHints":{"allow":["GET"]}}],"collection":[{"href":"https:\/\/leblanc.pl\/paradox\/wp-json\/wp\/v2\/pages"}],"about":[{"href":"https:\/\/leblanc.pl\/paradox\/wp-json\/wp\/v2\/types\/page"}],"author":[{"embeddable":true,"href":"https:\/\/leblanc.pl\/paradox\/wp-json\/wp\/v2\/users\/1"}],"replies":[{"embeddable":true,"href":"https:\/\/leblanc.pl\/paradox\/wp-json\/wp\/v2\/comments?post=2080"}],"version-history":[{"count":1,"href":"https:\/\/leblanc.pl\/paradox\/wp-json\/wp\/v2\/pages\/2080\/revisions"}],"predecessor-version":[{"id":2082,"href":"https:\/\/leblanc.pl\/paradox\/wp-json\/wp\/v2\/pages\/2080\/revisions\/2082"}],"wp:featuredmedia":[{"embeddable":true,"href":"https:\/\/leblanc.pl\/paradox\/wp-json\/wp\/v2\/media\/2081"}],"wp:attachment":[{"href":"https:\/\/leblanc.pl\/paradox\/wp-json\/wp\/v2\/media?parent=2080"}],"curies":[{"name":"wp","href":"https:\/\/api.w.org\/{rel}","templated":true}]}}