{"id":2077,"date":"2025-05-24T17:00:07","date_gmt":"2025-05-24T15:00:07","guid":{"rendered":"https:\/\/leblanc.pl\/paradox\/?page_id=2077"},"modified":"2025-07-15T10:52:13","modified_gmt":"2025-07-15T08:52:13","slug":"et-si-on-mangeait","status":"publish","type":"page","link":"https:\/\/leblanc.pl\/paradox\/et-si-on-mangeait\/","title":{"rendered":"Et si on mangeait ?"},"content":{"rendered":"<div aria-live=\"polite\" id=\"soliloquy-container-1896\" class=\"soliloquy-container soliloquy-transition-fade  soliloquy-theme-base\" style=\"max-width:1000px;max-height:700px;\"><ul id=\"soliloquy-1896\" class=\"soliloquy-slider soliloquy-slides soliloquy-wrap soliloquy-clear\"><li aria-hidden=\"true\" class=\"soliloquy-item soliloquy-item-1 soliloquy-image-slide\" draggable=\"false\" style=\"list-style:none\"><img decoding=\"async\" id=\"soliloquy-image-1890\" class=\"soliloquy-image soliloquy-image-1\" src=\"https:\/\/leblanc.pl\/paradox\/wp-content\/uploads\/2025\/04\/eat_is_it_fish_and_chips-1000x700_c.jpg\" alt=\"Voici un Fish and Chips.\" \/><div class=\"soliloquy-caption\"><div class=\"soliloquy-caption-inside\">Voici un Fish and Chips.<\/div><\/div><\/li><li aria-hidden=\"true\" class=\"soliloquy-item soliloquy-item-2 soliloquy-image-slide\" draggable=\"false\" style=\"list-style:none\"><img decoding=\"async\" id=\"soliloquy-image-1886\" class=\"soliloquy-image soliloquy-image-2\" src=\"https:\/\/leblanc.pl\/paradox\/wp-content\/uploads\/2025\/04\/eat_fish_and_chips_again-1000x700_c.jpg\" alt=\"Mais qu&#039;y a t&#039;il donc \u00e0 manger ?\" \/><div class=\"soliloquy-caption\"><div class=\"soliloquy-caption-inside\">Mais qu'y a t'il donc \u00e0 manger ?<\/div><\/div><\/li><li aria-hidden=\"true\" class=\"soliloquy-item soliloquy-item-3 soliloquy-image-slide\" draggable=\"false\" style=\"list-style:none\"><img decoding=\"async\" id=\"soliloquy-image-1887\" class=\"soliloquy-image soliloquy-image-3\" src=\"https:\/\/leblanc.pl\/paradox\/wp-content\/uploads\/2025\/04\/eat_fish_in_pub-1000x700_c.jpg\" alt=\"Des Fish and Chips, tiens !\" \/><div class=\"soliloquy-caption\"><div class=\"soliloquy-caption-inside\">Des Fish and Chips, tiens !<\/div><\/div><\/li><li aria-hidden=\"true\" class=\"soliloquy-item soliloquy-item-4 soliloquy-image-slide\" draggable=\"false\" style=\"list-style:none\"><img decoding=\"async\" id=\"soliloquy-image-1891\" class=\"soliloquy-image soliloquy-image-4\" src=\"https:\/\/leblanc.pl\/paradox\/wp-content\/uploads\/2025\/04\/eat_more_fish_and_chips_pub-1000x700_c.jpg\" alt=\"Ou alors...  des Fish and Chips ?\" \/><div class=\"soliloquy-caption\"><div class=\"soliloquy-caption-inside\">Ou alors...  des Fish and Chips ?<\/div><\/div><\/li><li aria-hidden=\"true\" class=\"soliloquy-item soliloquy-item-5 soliloquy-image-slide\" draggable=\"false\" style=\"list-style:none\"><img decoding=\"async\" id=\"soliloquy-image-1885\" class=\"soliloquy-image soliloquy-image-5\" src=\"https:\/\/leblanc.pl\/paradox\/wp-content\/uploads\/2025\/04\/eat_even_on_board-1000x700_c.jpg\" alt=\"On a m\u00eame des Fish and Chips \u00e0  bord !\" \/><div class=\"soliloquy-caption\"><div class=\"soliloquy-caption-inside\">Et on a m\u00eame des Fish and Chips \u00e0 bord !<\/div><\/div><\/li><li aria-hidden=\"true\" class=\"soliloquy-item soliloquy-item-6 soliloquy-image-slide\" draggable=\"false\" style=\"list-style:none\"><img decoding=\"async\" id=\"soliloquy-image-1876\" class=\"soliloquy-image soliloquy-image-6\" src=\"https:\/\/leblanc.pl\/paradox\/wp-content\/uploads\/2025\/04\/eat_about_to_eat-1000x700_c.jpg\" alt=\"Peut-\u00eatre qu&#039;on va manger autre chose ?\" \/><div class=\"soliloquy-caption\"><div class=\"soliloquy-caption-inside\">Peut-\u00eatre qu'on va manger autre chose ?<\/div><\/div><\/li><li aria-hidden=\"true\" class=\"soliloquy-item soliloquy-item-7 soliloquy-image-slide\" draggable=\"false\" style=\"list-style:none\"><img decoding=\"async\" id=\"soliloquy-image-1880\" class=\"soliloquy-image soliloquy-image-7\" src=\"https:\/\/leblanc.pl\/paradox\/wp-content\/uploads\/2025\/04\/eat_chez_Yvonne-1000x700_c.jpg\" alt=\"Comme un bon repas chez Yvonne et Kevin ?\" \/><div class=\"soliloquy-caption\"><div class=\"soliloquy-caption-inside\">Comme un bon repas chez Yvonne et Kevin ?<\/div><\/div><\/li><li aria-hidden=\"true\" class=\"soliloquy-item soliloquy-item-8 soliloquy-image-slide\" draggable=\"false\" style=\"list-style:none\"><img decoding=\"async\" id=\"soliloquy-image-1878\" class=\"soliloquy-image soliloquy-image-8\" src=\"https:\/\/leblanc.pl\/paradox\/wp-content\/uploads\/2025\/04\/eat_chez_Dorothy-1000x700_c.jpg\" alt=\"Ou bien un bon repas chez Dorothy et Joe\u2026\" \/><div class=\"soliloquy-caption\"><div class=\"soliloquy-caption-inside\">Ou bien un bon repas chez Dorothy et Joe\u2026<\/div><\/div><\/li><li aria-hidden=\"true\" class=\"soliloquy-item soliloquy-item-9 soliloquy-image-slide\" draggable=\"false\" style=\"list-style:none\"><img decoding=\"async\" id=\"soliloquy-image-1894\" class=\"soliloquy-image soliloquy-image-9\" src=\"https:\/\/leblanc.pl\/paradox\/wp-content\/uploads\/2025\/04\/eat_sandwiches-1000x700_c.jpg\" alt=\"Ou peut-\u00eatre sandwiches ?\" \/><div class=\"soliloquy-caption\"><div class=\"soliloquy-caption-inside\">Ou peut-\u00eatre des sandwiches ?<\/div><\/div><\/li><li aria-hidden=\"true\" class=\"soliloquy-item soliloquy-item-10 soliloquy-image-slide\" draggable=\"false\" style=\"list-style:none\"><img decoding=\"async\" id=\"soliloquy-image-1889\" class=\"soliloquy-image soliloquy-image-10\" src=\"https:\/\/leblanc.pl\/paradox\/wp-content\/uploads\/2025\/04\/eat_irish_cofee-1000x700_c.jpg\" alt=\"Mais on boit aussi, des Irish Coffee par exemple.\" \/><div class=\"soliloquy-caption\"><div class=\"soliloquy-caption-inside\">Mais on boit aussi, des Irish Coffee par exemple.<\/div><\/div><\/li><li aria-hidden=\"true\" class=\"soliloquy-item soliloquy-item-11 soliloquy-image-slide\" draggable=\"false\" style=\"list-style:none\"><img decoding=\"async\" id=\"soliloquy-image-1884\" class=\"soliloquy-image soliloquy-image-11\" src=\"https:\/\/leblanc.pl\/paradox\/wp-content\/uploads\/2025\/04\/eat_drink_also-1000x700_c.jpg\" alt=\"Et on fait bien s\u00fbr l&#039;ap\u00e9ro \u00e0 bord !\" \/><div class=\"soliloquy-caption\"><div class=\"soliloquy-caption-inside\">Et on fait bien s\u00fbr l'ap\u00e9ro \u00e0 bord !<\/div><\/div><\/li><li aria-hidden=\"true\" class=\"soliloquy-item soliloquy-item-12 soliloquy-image-slide\" draggable=\"false\" style=\"list-style:none\"><img decoding=\"async\" id=\"soliloquy-image-1879\" class=\"soliloquy-image soliloquy-image-12\" src=\"https:\/\/leblanc.pl\/paradox\/wp-content\/uploads\/2025\/04\/eat_chez_meme-1000x700_c.jpg\" alt=\"A La Rochelle, on va &quot;Chez M\u00e9m\u00e9&quot;.\" \/><div class=\"soliloquy-caption\"><div class=\"soliloquy-caption-inside\">A La Rochelle, on va \"Chez M\u00e9m\u00e9\".<\/div><\/div><\/li><li aria-hidden=\"true\" class=\"soliloquy-item soliloquy-item-13 soliloquy-image-slide\" draggable=\"false\" style=\"list-style:none\"><img decoding=\"async\" id=\"soliloquy-image-1877\" class=\"soliloquy-image soliloquy-image-13\" src=\"https:\/\/leblanc.pl\/paradox\/wp-content\/uploads\/2025\/04\/eat_bretagne-1000x700_c.jpg\" alt=\"Mais en Bretagne, on mange des cr\u00eapes !\" \/><div class=\"soliloquy-caption\"><div class=\"soliloquy-caption-inside\">Mais en Bretagne, on mange des cr\u00eapes !<\/div><\/div><\/li><li aria-hidden=\"true\" class=\"soliloquy-item soliloquy-item-14 soliloquy-image-slide\" draggable=\"false\" style=\"list-style:none\"><img decoding=\"async\" id=\"soliloquy-image-1892\" class=\"soliloquy-image soliloquy-image-14\" src=\"https:\/\/leblanc.pl\/paradox\/wp-content\/uploads\/2025\/04\/eat_ouverture_huitres-1000x700_c.jpg\" alt=\"Et l\u00e0, c&#039;est autre chose qui se pr\u00e9pare...\" \/><div class=\"soliloquy-caption\"><div class=\"soliloquy-caption-inside\">Et l\u00e0, c'est autre chose qui se pr\u00e9pare...<\/div><\/div><\/li><li aria-hidden=\"true\" class=\"soliloquy-item soliloquy-item-15 soliloquy-image-slide\" draggable=\"false\" style=\"list-style:none\"><img decoding=\"async\" id=\"soliloquy-image-1893\" class=\"soliloquy-image soliloquy-image-15\" src=\"https:\/\/leblanc.pl\/paradox\/wp-content\/uploads\/2025\/04\/eat_oysters-1000x700_c.jpg\" alt=\"Et voil\u00e0 le travail !\" \/><div class=\"soliloquy-caption\"><div class=\"soliloquy-caption-inside\">Et voil\u00e0 le travail !<\/div><\/div><\/li><li aria-hidden=\"true\" class=\"soliloquy-item soliloquy-item-16 soliloquy-image-slide\" draggable=\"false\" style=\"list-style:none\"><img decoding=\"async\" id=\"soliloquy-image-1881\" class=\"soliloquy-image soliloquy-image-16\" src=\"https:\/\/leblanc.pl\/paradox\/wp-content\/uploads\/2025\/04\/eat_delice_d_Eric-1000x700_c.jpg\" alt=\"Bon, \u00e7a ce sont les favorites d&#039;Eric.\" \/><div class=\"soliloquy-caption\"><div class=\"soliloquy-caption-inside\">Bon, \u00e7a ce sont les favorites d'Eric...<\/div><\/div><\/li><li aria-hidden=\"true\" class=\"soliloquy-item soliloquy-item-17 soliloquy-image-slide\" draggable=\"false\" style=\"list-style:none\"><img decoding=\"async\" id=\"soliloquy-image-1882\" class=\"soliloquy-image soliloquy-image-17\" src=\"https:\/\/leblanc.pl\/paradox\/wp-content\/uploads\/2025\/04\/eat_delice_de_Kiki-1000x700_c.jpg\" alt=\"Et \u00e7a, le g\u00e2teau pr\u00e9f\u00e9r\u00e9 de Kiki !\" \/><div class=\"soliloquy-caption\"><div class=\"soliloquy-caption-inside\">Et \u00e7a, le g\u00e2teau pr\u00e9f\u00e9r\u00e9 de Kiki !<\/div><\/div><\/li><li aria-hidden=\"true\" class=\"soliloquy-item soliloquy-item-18 soliloquy-image-slide\" draggable=\"false\" style=\"list-style:none\"><img decoding=\"async\" id=\"soliloquy-image-1895\" class=\"soliloquy-image soliloquy-image-18\" src=\"https:\/\/leblanc.pl\/paradox\/wp-content\/uploads\/2025\/04\/eat_serieux-1000x700_c.jpg\" alt=\"Repas en navigation, \u00e7a ne plaisante pas.\" \/><div class=\"soliloquy-caption\"><div class=\"soliloquy-caption-inside\">Repas en navigation, \u00e7a ne plaisante pas.<\/div><\/div><\/li><li aria-hidden=\"true\" class=\"soliloquy-item soliloquy-item-19 soliloquy-image-slide\" draggable=\"false\" style=\"list-style:none\"><img decoding=\"async\" id=\"soliloquy-image-1888\" class=\"soliloquy-image soliloquy-image-19\" src=\"https:\/\/leblanc.pl\/paradox\/wp-content\/uploads\/2025\/04\/eat_gouter-1000x700_c.jpg\" alt=\"Le biscuit du go\u00fbter non plus !\" \/><div class=\"soliloquy-caption\"><div class=\"soliloquy-caption-inside\">Le biscuit du go\u00fbter non plus !<\/div><\/div><\/li><li aria-hidden=\"true\" class=\"soliloquy-item soliloquy-item-20 soliloquy-image-slide\" draggable=\"false\" style=\"list-style:none\"><img decoding=\"async\" id=\"soliloquy-image-1883\" class=\"soliloquy-image soliloquy-image-20\" src=\"https:\/\/leblanc.pl\/paradox\/wp-content\/uploads\/2025\/04\/eat_delicieux-1000x700_c.jpg\" alt=\"... m\u00eame si on mange dans des gamelles pour chien !\" \/><div class=\"soliloquy-caption\"><div class=\"soliloquy-caption-inside\">... m\u00eame si on mange dans des gamelles pour chien !<\/div><\/div><\/li><li aria-hidden=\"true\" class=\"soliloquy-item soliloquy-item-21 soliloquy-image-slide\" draggable=\"false\" style=\"list-style:none\"><img decoding=\"async\" id=\"soliloquy-image-1945\" class=\"soliloquy-image soliloquy-image-21\" src=\"https:\/\/leblanc.pl\/paradox\/wp-content\/uploads\/2025\/05\/Et-la-on-est-pas-bien-la-1000x700_c.jpg\" alt=\"Et l\u00e0, on est pas bien, l\u00e0\" \/><div class=\"soliloquy-caption\"><div class=\"soliloquy-caption-inside\">Et l\u00e0, on est pas bien, l\u00e0 ?<\/div><\/div><\/li><\/ul><\/div><noscript><style type=\"text\/css\">#soliloquy-container-1896{opacity:1}<\/style><\/noscript>\n","protected":false},"excerpt":{"rendered":"","protected":false},"author":1,"featured_media":2078,"parent":0,"menu_order":0,"comment_status":"open","ping_status":"closed","template":"","meta":{"footnotes":""},"class_list":["post-2077","page","type-page","status-publish","has-post-thumbnail","hentry"],"_links":{"self":[{"href":"https:\/\/leblanc.pl\/paradox\/wp-json\/wp\/v2\/pages\/2077","targetHints":{"allow":["GET"]}}],"collection":[{"href":"https:\/\/leblanc.pl\/paradox\/wp-json\/wp\/v2\/pages"}],"about":[{"href":"https:\/\/leblanc.pl\/paradox\/wp-json\/wp\/v2\/types\/page"}],"author":[{"embeddable":true,"href":"https:\/\/leblanc.pl\/paradox\/wp-json\/wp\/v2\/users\/1"}],"replies":[{"embeddable":true,"href":"https:\/\/leblanc.pl\/paradox\/wp-json\/wp\/v2\/comments?post=2077"}],"version-history":[{"count":1,"href":"https:\/\/leblanc.pl\/paradox\/wp-json\/wp\/v2\/pages\/2077\/revisions"}],"predecessor-version":[{"id":2079,"href":"https:\/\/leblanc.pl\/paradox\/wp-json\/wp\/v2\/pages\/2077\/revisions\/2079"}],"wp:featuredmedia":[{"embeddable":true,"href":"https:\/\/leblanc.pl\/paradox\/wp-json\/wp\/v2\/media\/2078"}],"wp:attachment":[{"href":"https:\/\/leblanc.pl\/paradox\/wp-json\/wp\/v2\/media?parent=2077"}],"curies":[{"name":"wp","href":"https:\/\/api.w.org\/{rel}","templated":true}]}}