{"id":2074,"date":"2025-05-24T16:48:47","date_gmt":"2025-05-24T14:48:47","guid":{"rendered":"https:\/\/leblanc.pl\/paradox\/?page_id=2074"},"modified":"2025-07-15T10:52:08","modified_gmt":"2025-07-15T08:52:08","slug":"et-de-belles-rencontres","status":"publish","type":"page","link":"https:\/\/leblanc.pl\/paradox\/et-de-belles-rencontres\/","title":{"rendered":"Et de belles rencontres"},"content":{"rendered":"<div aria-live=\"polite\" id=\"soliloquy-container-2024\" class=\"soliloquy-container soliloquy-transition-fade  soliloquy-theme-base\" style=\"max-width:1200px;max-height:563px;\"><ul id=\"soliloquy-2024\" class=\"soliloquy-slider soliloquy-slides soliloquy-wrap soliloquy-clear\"><li aria-hidden=\"true\" class=\"soliloquy-item soliloquy-item-1 soliloquy-image-slide\" draggable=\"false\" style=\"list-style:none\"><img decoding=\"async\" id=\"soliloquy-image-2025\" class=\"soliloquy-image soliloquy-image-1\" src=\"https:\/\/leblanc.pl\/paradox\/wp-content\/uploads\/2025\/05\/A-Newlyn-cette-gentille-dame-a-propose-de-nous-photographier.jpg\" alt=\"c\" \/><div class=\"soliloquy-caption\"><div class=\"soliloquy-caption-inside\">A Newlyn, cette gentille dame a propos\u00e9 de nous photographier<\/div><\/div><\/li><li aria-hidden=\"true\" class=\"soliloquy-item soliloquy-item-2 soliloquy-image-slide\" draggable=\"false\" style=\"list-style:none\"><img decoding=\"async\" id=\"soliloquy-image-2026\" class=\"soliloquy-image soliloquy-image-2\" src=\"https:\/\/leblanc.pl\/paradox\/wp-content\/uploads\/2025\/05\/De-sympathiques-bresiliens-lors-dune-ereception-a-bord-du-Leader.jpg\" alt=\"De sympathiques br\u00e9siliens, lors d&rsquo;une er\u00e9ception \u00e0 bord du Leader\" \/><div class=\"soliloquy-caption\"><div class=\"soliloquy-caption-inside\">De sympathiques br\u00e9siliens, lors d'une r\u00e9ception \u00e0 bord du Leader<\/div><\/div><\/li><li aria-hidden=\"true\" class=\"soliloquy-item soliloquy-item-3 soliloquy-image-slide\" draggable=\"false\" style=\"list-style:none\"><img decoding=\"async\" id=\"soliloquy-image-2027\" class=\"soliloquy-image soliloquy-image-3\" src=\"https:\/\/leblanc.pl\/paradox\/wp-content\/uploads\/2025\/05\/Des-musiciens-locaux-a-bord-du-Leader.jpg\" alt=\"Des musiciens locaux, \u00e0 bord du Leader\" \/><div class=\"soliloquy-caption\"><div class=\"soliloquy-caption-inside\">Des musiciens locaux, \u00e0 bord du Leader<\/div><\/div><\/li><li aria-hidden=\"true\" class=\"soliloquy-item soliloquy-item-4 soliloquy-image-slide\" draggable=\"false\" style=\"list-style:none\"><img decoding=\"async\" id=\"soliloquy-image-2028\" class=\"soliloquy-image soliloquy-image-4\" src=\"https:\/\/leblanc.pl\/paradox\/wp-content\/uploads\/2025\/05\/deux-irlandais-amuses.jpg\" alt=\"deux irlandais amus\u00e9s\" \/><div class=\"soliloquy-caption\"><div class=\"soliloquy-caption-inside\">Deux irlandais amus\u00e9s...<\/div><\/div><\/li><li aria-hidden=\"true\" class=\"soliloquy-item soliloquy-item-5 soliloquy-image-slide\" draggable=\"false\" style=\"list-style:none\"><img decoding=\"async\" id=\"soliloquy-image-2031\" class=\"soliloquy-image soliloquy-image-5\" src=\"https:\/\/leblanc.pl\/paradox\/wp-content\/uploads\/2025\/05\/et-quelques-personnages-amiusants-.jpg\" alt=\"et quelques personnages amusants !\" \/><div class=\"soliloquy-caption\"><div class=\"soliloquy-caption-inside\">... et un anglais amusant<\/div><\/div><\/li><li aria-hidden=\"true\" class=\"soliloquy-item soliloquy-item-6 soliloquy-image-slide\" draggable=\"false\" style=\"list-style:none\"><img decoding=\"async\" id=\"soliloquy-image-2032\" class=\"soliloquy-image soliloquy-image-6\" src=\"https:\/\/leblanc.pl\/paradox\/wp-content\/uploads\/2025\/05\/Jenny-de-Sonneville-irlandaise-mariee-a-un-hollandais.jpg\" alt=\"Jenny de Sonneville, irlandaise mari\u00e9e \u00e0 un hollandais\" \/><div class=\"soliloquy-caption\"><div class=\"soliloquy-caption-inside\">Jenny de Sonneville, charmante irlandaise mari\u00e9e \u00e0 un hollandais<\/div><\/div><\/li><li aria-hidden=\"true\" class=\"soliloquy-item soliloquy-item-7 soliloquy-image-slide\" draggable=\"false\" style=\"list-style:none\"><img decoding=\"async\" id=\"soliloquy-image-2033\" class=\"soliloquy-image soliloquy-image-7\" src=\"https:\/\/leblanc.pl\/paradox\/wp-content\/uploads\/2025\/05\/Joss-de-Sonneville-hollandais-marie-a-une-irlandaise.jpg\" alt=\"Joss de Sonneville, hollandais mari\u00e9 \u00e0 une irlandaise\" \/><div class=\"soliloquy-caption\"><div class=\"soliloquy-caption-inside\">Joss de Sonneville, charmant hollandais mari\u00e9 \u00e0 une irlandaise<\/div><\/div><\/li><li aria-hidden=\"true\" class=\"soliloquy-item soliloquy-item-8 soliloquy-image-slide\" draggable=\"false\" style=\"list-style:none\"><img decoding=\"async\" id=\"soliloquy-image-2036\" class=\"soliloquy-image soliloquy-image-8\" src=\"https:\/\/leblanc.pl\/paradox\/wp-content\/uploads\/2025\/05\/Les-membres-du-yacht-club-de-Malahide-nous-ont-bien-accueillis.jpg\" alt=\"Les membres du yacht club de Malahide nous ont bien accueillis\" \/><div class=\"soliloquy-caption\"><div class=\"soliloquy-caption-inside\">Nous avons rencontr\u00e9 les membres du yacht club de Malahide<\/div><\/div><\/li><li aria-hidden=\"true\" class=\"soliloquy-item soliloquy-item-9 soliloquy-image-slide\" draggable=\"false\" style=\"list-style:none\"><img decoding=\"async\" id=\"soliloquy-image-2038\" class=\"soliloquy-image soliloquy-image-9\" src=\"https:\/\/leblanc.pl\/paradox\/wp-content\/uploads\/2025\/05\/Notamment-Dorothy-et-Joe.jpg\" alt=\"Notamment, Dorothy et Joe\" \/><div class=\"soliloquy-caption\"><div class=\"soliloquy-caption-inside\">Notamment, Dorothy et Joe<\/div><\/div><\/li><li aria-hidden=\"true\" class=\"soliloquy-item soliloquy-item-10 soliloquy-image-slide\" draggable=\"false\" style=\"list-style:none\"><img decoding=\"async\" id=\"soliloquy-image-2030\" class=\"soliloquy-image soliloquy-image-10\" src=\"https:\/\/leblanc.pl\/paradox\/wp-content\/uploads\/2025\/05\/et-bien-sur-Yvonne-et-Kevin.jpg\" alt=\"et bien s\u00fbr, Yvonne et Kevin\" \/><div class=\"soliloquy-caption\"><div class=\"soliloquy-caption-inside\">et bien s\u00fbr, Yvonne et Kevin<\/div><\/div><\/li><li aria-hidden=\"true\" class=\"soliloquy-item soliloquy-item-11 soliloquy-image-slide\" draggable=\"false\" style=\"list-style:none\"><img decoding=\"async\" id=\"soliloquy-image-2039\" class=\"soliloquy-image soliloquy-image-11\" src=\"https:\/\/leblanc.pl\/paradox\/wp-content\/uploads\/2025\/05\/Vincent-Lundy-Commodore-de-la-Cruising-Association-of-Ireland-et-musicien.jpg\" alt=\"Vincent Lundy, Commodore de la Cruising Association of Ireland, et musicien\" \/><div class=\"soliloquy-caption\"><div class=\"soliloquy-caption-inside\">Vincent Lundy, sympathique Commodore de la <em>Cruising Association of Ireland<\/em>, et musicien<\/div><\/div><\/li><li aria-hidden=\"true\" class=\"soliloquy-item soliloquy-item-12 soliloquy-image-slide\" draggable=\"false\" style=\"list-style:none\"><img decoding=\"async\" id=\"soliloquy-image-2034\" class=\"soliloquy-image soliloquy-image-12\" src=\"https:\/\/leblanc.pl\/paradox\/wp-content\/uploads\/2025\/05\/La-rencontre-avec-Alan-Mullholland-ne-fut-pas-des-moindres-.jpg\" alt=\"La rencontre avec Alan Mullholland ne fut pas des moindres !\" \/><div class=\"soliloquy-caption\"><div class=\"soliloquy-caption-inside\">La rencontre avec <strong>Alan Mullholland<\/strong> ne fut pas des moindres !<\/div><\/div><\/li><li aria-hidden=\"true\" class=\"soliloquy-item soliloquy-item-13 soliloquy-image-slide\" draggable=\"false\" style=\"list-style:none\"><img decoding=\"async\" id=\"soliloquy-image-2035\" class=\"soliloquy-image soliloquy-image-13\" src=\"https:\/\/leblanc.pl\/paradox\/wp-content\/uploads\/2025\/05\/Le-sympathique-pianiste-dun-pub-de-Padstow.jpg\" alt=\"Le sympathique pianiste d&rsquo;un pub de Padstow\" \/><div class=\"soliloquy-caption\"><div class=\"soliloquy-caption-inside\">Le sympathique pianiste d'un pub de Padstow<\/div><\/div><\/li><li aria-hidden=\"true\" class=\"soliloquy-item soliloquy-item-14 soliloquy-image-slide\" draggable=\"false\" style=\"list-style:none\"><img decoding=\"async\" id=\"soliloquy-image-2037\" class=\"soliloquy-image soliloquy-image-14\" src=\"https:\/\/leblanc.pl\/paradox\/wp-content\/uploads\/2025\/05\/Nono-a-gauche-rencontre-a-lHerbaudiere.jpg\" alt=\"Nono, \u00e0 gauche, rencontr\u00e9 \u00e0 l&rsquo;Herbaudi\u00e8re\" \/><div class=\"soliloquy-caption\"><div class=\"soliloquy-caption-inside\">Nono, \u00e0 gauche, rencontr\u00e9 \u00e0 l'Herbaudi\u00e8re<\/div><\/div><\/li><li aria-hidden=\"true\" class=\"soliloquy-item soliloquy-item-15 soliloquy-image-slide\" draggable=\"false\" style=\"list-style:none\"><img decoding=\"async\" id=\"soliloquy-image-2029\" class=\"soliloquy-image soliloquy-image-15\" src=\"https:\/\/leblanc.pl\/paradox\/wp-content\/uploads\/2025\/05\/Didier-qui-se-remet-de-ses-mesaventures-de-la-journee.jpg\" alt=\"Didier, qui se remet de ses m\u00e9saventures de la journ\u00e9e\" \/><div class=\"soliloquy-caption\"><div class=\"soliloquy-caption-inside\">et Didier, qui se remet de ses m\u00e9saventures de la journ\u00e9e<\/div><\/div><\/li><li aria-hidden=\"true\" class=\"soliloquy-item soliloquy-item-16 soliloquy-image-slide\" draggable=\"false\" style=\"list-style:none\"><img decoding=\"async\" id=\"soliloquy-image-2042\" class=\"soliloquy-image soliloquy-image-16\" src=\"https:\/\/leblanc.pl\/paradox\/wp-content\/uploads\/2025\/05\/Nous-avons-eu-dautres-invites-comme-ce-petit-oiseau.jpg\" alt=\"Nous avons eu d&rsquo;autres invit\u00e9s, comme ce petit oiseau\" \/><div class=\"soliloquy-caption\"><div class=\"soliloquy-caption-inside\">Nous avons eu d'autres invit\u00e9s, comme ce petit oiseau...<\/div><\/div><\/li><li aria-hidden=\"true\" class=\"soliloquy-item soliloquy-item-17 soliloquy-image-slide\" draggable=\"false\" style=\"list-style:none\"><img decoding=\"async\" id=\"soliloquy-image-2041\" class=\"soliloquy-image soliloquy-image-17\" src=\"https:\/\/leblanc.pl\/paradox\/wp-content\/uploads\/2025\/05\/et-aussi-un-pigeon.jpg\" alt=\"et aussi un pigeon\" \/><div class=\"soliloquy-caption\"><div class=\"soliloquy-caption-inside\">...et aussi un pigeon<\/div><\/div><\/li><li aria-hidden=\"true\" class=\"soliloquy-item soliloquy-item-18 soliloquy-image-slide\" draggable=\"false\" style=\"list-style:none\"><img decoding=\"async\" id=\"soliloquy-image-2020\" class=\"soliloquy-image soliloquy-image-18\" src=\"https:\/\/leblanc.pl\/paradox\/wp-content\/uploads\/2025\/05\/Lequipage-au-complet.jpg\" alt=\"L&#039;\u00e9quipage au complet\" \/><div class=\"soliloquy-caption\"><div class=\"soliloquy-caption-inside\"><em>Last but not least<\/em>, l'\u00e9quipage au complet !<\/div><\/div><\/li><\/ul><\/div><noscript><style type=\"text\/css\">#soliloquy-container-2024{opacity:1}<\/style><\/noscript>\n","protected":false},"excerpt":{"rendered":"","protected":false},"author":1,"featured_media":2075,"parent":0,"menu_order":0,"comment_status":"open","ping_status":"closed","template":"","meta":{"footnotes":""},"class_list":["post-2074","page","type-page","status-publish","has-post-thumbnail","hentry"],"_links":{"self":[{"href":"https:\/\/leblanc.pl\/paradox\/wp-json\/wp\/v2\/pages\/2074","targetHints":{"allow":["GET"]}}],"collection":[{"href":"https:\/\/leblanc.pl\/paradox\/wp-json\/wp\/v2\/pages"}],"about":[{"href":"https:\/\/leblanc.pl\/paradox\/wp-json\/wp\/v2\/types\/page"}],"author":[{"embeddable":true,"href":"https:\/\/leblanc.pl\/paradox\/wp-json\/wp\/v2\/users\/1"}],"replies":[{"embeddable":true,"href":"https:\/\/leblanc.pl\/paradox\/wp-json\/wp\/v2\/comments?post=2074"}],"version-history":[{"count":1,"href":"https:\/\/leblanc.pl\/paradox\/wp-json\/wp\/v2\/pages\/2074\/revisions"}],"predecessor-version":[{"id":2076,"href":"https:\/\/leblanc.pl\/paradox\/wp-json\/wp\/v2\/pages\/2074\/revisions\/2076"}],"wp:featuredmedia":[{"embeddable":true,"href":"https:\/\/leblanc.pl\/paradox\/wp-json\/wp\/v2\/media\/2075"}],"wp:attachment":[{"href":"https:\/\/leblanc.pl\/paradox\/wp-json\/wp\/v2\/media?parent=2074"}],"curies":[{"name":"wp","href":"https:\/\/api.w.org\/{rel}","templated":true}]}}