{"id":20,"date":"2025-01-24T15:43:49","date_gmt":"2025-01-24T14:43:49","guid":{"rendered":"https:\/\/leblanc.pl\/paradox\/?page_id=20"},"modified":"2025-04-27T18:33:31","modified_gmt":"2025-04-27T16:33:31","slug":"jour-1-de-soubise-a-bourgenay","status":"publish","type":"page","link":"https:\/\/leblanc.pl\/paradox\/jour-1-de-soubise-a-bourgenay\/","title":{"rendered":"Jour 1, de Soubise \u00e0 Bourgenay"},"content":{"rendered":"<h2><strong>Jeudi 22 ao\u00fbt<\/strong><\/h2>\n<div id=\"attachment_764\" style=\"width: 310px\" class=\"wp-caption alignright\"><a style=\"font-weight: bold; background-color: #f1f1f1; font-size: 12px; text-align: center;\" href=\"https:\/\/leblanc.pl\/paradox\/wp-content\/uploads\/2025\/02\/jour1-1.jpg\"><img loading=\"lazy\" decoding=\"async\" aria-describedby=\"caption-attachment-764\" class=\"image-a-droite wp-image-764 size-medium\" title=\"Un beau d\u00e9part sur la Charente\" src=\"https:\/\/leblanc.pl\/paradox\/wp-content\/uploads\/2025\/02\/jour1-1-300x200.jpg\" alt=\"Un beau d\u00e9part sur la Charente\" width=\"300\" height=\"200\" srcset=\"https:\/\/leblanc.pl\/paradox\/wp-content\/uploads\/2025\/02\/jour1-1-300x200.jpg 300w, https:\/\/leblanc.pl\/paradox\/wp-content\/uploads\/2025\/02\/jour1-1-768x511.jpg 768w, https:\/\/leblanc.pl\/paradox\/wp-content\/uploads\/2025\/02\/jour1-1.jpg 800w\" sizes=\"auto, (max-width: 300px) 100vw, 300px\" \/><\/a><p id=\"caption-attachment-764\" class=\"wp-caption-text\">Un beau d\u00e9part sur la Charente<\/p><\/div>\n<p><span style=\"font-size: 14pt;\">Au matin du 22 ao\u00fbt, la mar\u00e9e \u00e9tant propice, le tracteur du port \u00e0 sec de <em><strong>Soubise<\/strong> <\/em>pose d\u00e9licatement Paradox sur la Charente.<br \/>\nLe temps est radieux.<\/span><\/p>\n<p>&nbsp;<\/p>\n<p><span style=\"font-size: 14pt;\">Quelques \u00e9motions au moment d\u2019engager la marche arri\u00e8re, la commande de l\u2019inverseur est compl\u00e8tement bloqu\u00e9e. Incident mineur, relat\u00e9 dans la rubrique \u00ab Gal\u00e8res \u00bb.<\/span><\/p>\n<div id=\"attachment_769\" style=\"width: 310px\" class=\"wp-caption alignleft\"><a style=\"font-weight: bold; background-color: #f1f1f1; text-align: center;\" href=\"https:\/\/leblanc.pl\/paradox\/wp-content\/uploads\/2025\/02\/jour-1-2.jpg\"><img loading=\"lazy\" decoding=\"async\" aria-describedby=\"caption-attachment-769\" class=\"image-a-gauche wp-image-769 size-medium\" title=\"En approche du pont de l'\u00eele de R\u00e9\" src=\"https:\/\/leblanc.pl\/paradox\/wp-content\/uploads\/2025\/02\/jour-1-2-300x200.jpg\" alt=\"En approche du pont de l'\u00eele de R\u00e9\" width=\"300\" height=\"200\" srcset=\"https:\/\/leblanc.pl\/paradox\/wp-content\/uploads\/2025\/02\/jour-1-2-300x200.jpg 300w, https:\/\/leblanc.pl\/paradox\/wp-content\/uploads\/2025\/02\/jour-1-2-768x511.jpg 768w, https:\/\/leblanc.pl\/paradox\/wp-content\/uploads\/2025\/02\/jour-1-2.jpg 800w\" sizes=\"auto, (max-width: 300px) 100vw, 300px\" \/><\/a><p id=\"caption-attachment-769\" class=\"wp-caption-text\"><span style=\"font-size: 14pt;\">En approche du pont de l&rsquo;\u00eele de R\u00e9<\/span><\/p><\/div>\n<p>&nbsp;<\/p>\n<p><span style=\"font-size: 14pt;\">Sous un soleil magnifique, avec un moral au beau fixe et le courant avec nous, nous mettons le cap vers l\u2019aval de la rivi\u00e8re, et une heure plus tard nous abordons l\u2019oc\u00e9an.<\/span><\/p>\n<p>&nbsp;<\/p>\n<p><span style=\"font-size: 14pt;\">Pour cette premi\u00e8re journ\u00e9e, nous allons faire une cinquantaine de milles. Cette \u00e9tape nous prend 9h30, un m\u00e9lange de navigation sous voiles et de moteur, le vent n\u2019\u00e9tant pas franchement coop\u00e9rant.<\/span><\/p>\n<p>&nbsp;<\/p>\n<p><span style=\"font-size: 14pt;\">Notre premi\u00e8re escale doit \u00eatre le port de <strong><em>Bourgenay<\/em><\/strong>, o\u00f9 je tiens \u00e0 m\u2019arr\u00eater&#8230; parce que j\u2019y ai un bon souvenir du restaurant \u00ab\u00a0<em>Le Vintage<\/em>\u00a0\u00bb, o\u00f9 je veux amener l\u2019\u00e9quipage\u00a0!<\/span><\/p>\n<p>&nbsp;<\/p>\n<p><span style=\"font-size: 14pt;\">Nous y arrivons \u00e0 19h45, toujours sous le soleil.<\/span><\/p>\n<p style=\"text-align: right;\"><span style=\"font-size: 14pt;\"><a href=\"https:\/\/leblanc.pl\/paradox\/jour-2-de-bourgenay-a-lherbaudiere\/\"><em>(\u00e0 suivre)<\/em><\/a><\/span><\/p>\n","protected":false},"excerpt":{"rendered":"<p>Jeudi 22 ao\u00fbt Au matin du 22 ao\u00fbt, la mar\u00e9e \u00e9tant propice, le tracteur du port \u00e0 sec de Soubise pose d\u00e9licatement Paradox sur la Charente. Le temps est radieux. &nbsp; Quelques \u00e9motions au moment d\u2019engager la marche arri\u00e8re, la &hellip; <a href=\"https:\/\/leblanc.pl\/paradox\/jour-1-de-soubise-a-bourgenay\/\">Continuer la lecture <span class=\"meta-nav\">&rarr;<\/span><\/a><\/p>\n","protected":false},"author":1,"featured_media":222,"parent":0,"menu_order":5,"comment_status":"open","ping_status":"closed","template":"","meta":{"footnotes":""},"class_list":["post-20","page","type-page","status-publish","has-post-thumbnail","hentry"],"_links":{"self":[{"href":"https:\/\/leblanc.pl\/paradox\/wp-json\/wp\/v2\/pages\/20","targetHints":{"allow":["GET"]}}],"collection":[{"href":"https:\/\/leblanc.pl\/paradox\/wp-json\/wp\/v2\/pages"}],"about":[{"href":"https:\/\/leblanc.pl\/paradox\/wp-json\/wp\/v2\/types\/page"}],"author":[{"embeddable":true,"href":"https:\/\/leblanc.pl\/paradox\/wp-json\/wp\/v2\/users\/1"}],"replies":[{"embeddable":true,"href":"https:\/\/leblanc.pl\/paradox\/wp-json\/wp\/v2\/comments?post=20"}],"version-history":[{"count":34,"href":"https:\/\/leblanc.pl\/paradox\/wp-json\/wp\/v2\/pages\/20\/revisions"}],"predecessor-version":[{"id":1808,"href":"https:\/\/leblanc.pl\/paradox\/wp-json\/wp\/v2\/pages\/20\/revisions\/1808"}],"wp:featuredmedia":[{"embeddable":true,"href":"https:\/\/leblanc.pl\/paradox\/wp-json\/wp\/v2\/media\/222"}],"wp:attachment":[{"href":"https:\/\/leblanc.pl\/paradox\/wp-json\/wp\/v2\/media?parent=20"}],"curies":[{"name":"wp","href":"https:\/\/api.w.org\/{rel}","templated":true}]}}