{"id":18,"date":"2025-01-24T15:42:17","date_gmt":"2025-01-24T14:42:17","guid":{"rendered":"https:\/\/leblanc.pl\/paradox\/?page_id=18"},"modified":"2025-05-23T16:37:41","modified_gmt":"2025-05-23T14:37:41","slug":"04-les-preparatifs","status":"publish","type":"page","link":"https:\/\/leblanc.pl\/paradox\/04-les-preparatifs\/","title":{"rendered":"Les pr\u00e9paratifs"},"content":{"rendered":"<p><span style=\"font-size: 14pt;\">Depuis plusieurs mois, je pr\u00e9parais et modifiais encore et encore notre plan de navigation : les \u00e9tapes, les distances, les mar\u00e9es, les courants, les plans A, B et C \u2026 <\/span><\/p>\n<p><span style=\"font-size: 14pt;\">Mais vous savez ce qu\u2019on dit des plans de navigation !<\/span><\/p>\n<p>&nbsp;<\/p>\n<p><span style=\"font-size: 14pt;\">Christian et moi arrivons \u00e0 <em><strong>Soubise<\/strong> <\/em>le 20 ao\u00fbt. Le bateau doit \u00eatre mis \u00e0 l\u2019eau le surlendemain.<\/span><\/p>\n<p>&nbsp;<\/p>\n<p><span style=\"font-size: 14pt;\">La mauvaise surprise est de constater qu\u2019une des batteries de servitude est en train de fumer. N\u00e9anmoins, nous avons de la chance que \u00e7a nous arrive avant d\u2019\u00eatre en navigation.<\/span><\/p>\n<p>&nbsp;<\/p>\n<p><span style=\"font-size: 14pt;\">Le lendemain, apr\u00e8s avoir \u00e9t\u00e9 acheter une batterie neuve, nous r\u00e9cup\u00e9rons Bruno \u00e0 l\u2019a\u00e9roport de La Rochelle. Il arrive de Lyon. \u00c9ric arrive par la route le soir m\u00eame, en provenance du Mans. L\u2019\u00e9quipage est au complet\u00a0!<\/span><\/p>\n<p>&nbsp;<\/p>\n<p><span style=\"font-size: 14pt;\">Bruno et Christian, deux fr\u00e8res pleins de volont\u00e9, se voient tout de suite confi\u00e9es les p\u00e9nibles t\u00e2ches de constituer l\u2019avitaillement, et s\u2019occuper de la cuisine \u00e0 bord.<\/span><\/p>\n<p>&nbsp;<\/p>\n<p><span style=\"font-size: 14pt;\">Il faut absolument souligner le fait qu\u2019ils ont tenu ce r\u00f4le avec assiduit\u00e9, comp\u00e9tence et g\u00e9n\u00e9rosit\u00e9, pendant toute la dur\u00e9e de notre exp\u00e9dition\u00a0!<\/span><\/p>\n<p>&nbsp;<\/p>\n<div id=\"attachment_2020\" style=\"width: 1664px\" class=\"wp-caption aligncenter\"><a href=\"https:\/\/leblanc.pl\/paradox\/wp-content\/uploads\/2025\/05\/Lequipage-au-complet.jpg\"><img loading=\"lazy\" decoding=\"async\" aria-describedby=\"caption-attachment-2020\" class=\"image_rien wp-image-2020 size-full\" src=\"https:\/\/leblanc.pl\/paradox\/wp-content\/uploads\/2025\/05\/Lequipage-au-complet.jpg\" alt=\"\" width=\"1654\" height=\"1103\" srcset=\"https:\/\/leblanc.pl\/paradox\/wp-content\/uploads\/2025\/05\/Lequipage-au-complet.jpg 1654w, https:\/\/leblanc.pl\/paradox\/wp-content\/uploads\/2025\/05\/Lequipage-au-complet-300x200.jpg 300w, https:\/\/leblanc.pl\/paradox\/wp-content\/uploads\/2025\/05\/Lequipage-au-complet-1024x683.jpg 1024w, https:\/\/leblanc.pl\/paradox\/wp-content\/uploads\/2025\/05\/Lequipage-au-complet-768x512.jpg 768w, https:\/\/leblanc.pl\/paradox\/wp-content\/uploads\/2025\/05\/Lequipage-au-complet-1536x1024.jpg 1536w\" sizes=\"auto, (max-width: 1654px) 100vw, 1654px\" \/><\/a><p id=\"caption-attachment-2020\" class=\"wp-caption-text\">L&rsquo;\u00e9quipage au complet !<\/p><\/div>\n","protected":false},"excerpt":{"rendered":"<p>Depuis plusieurs mois, je pr\u00e9parais et modifiais encore et encore notre plan de navigation : les \u00e9tapes, les distances, les mar\u00e9es, les courants, les plans A, B et C \u2026 Mais vous savez ce qu\u2019on dit des plans de navigation &hellip; <a href=\"https:\/\/leblanc.pl\/paradox\/04-les-preparatifs\/\">Continuer la lecture <span class=\"meta-nav\">&rarr;<\/span><\/a><\/p>\n","protected":false},"author":1,"featured_media":421,"parent":0,"menu_order":4,"comment_status":"open","ping_status":"closed","template":"","meta":{"footnotes":""},"class_list":["post-18","page","type-page","status-publish","has-post-thumbnail","hentry"],"_links":{"self":[{"href":"https:\/\/leblanc.pl\/paradox\/wp-json\/wp\/v2\/pages\/18","targetHints":{"allow":["GET"]}}],"collection":[{"href":"https:\/\/leblanc.pl\/paradox\/wp-json\/wp\/v2\/pages"}],"about":[{"href":"https:\/\/leblanc.pl\/paradox\/wp-json\/wp\/v2\/types\/page"}],"author":[{"embeddable":true,"href":"https:\/\/leblanc.pl\/paradox\/wp-json\/wp\/v2\/users\/1"}],"replies":[{"embeddable":true,"href":"https:\/\/leblanc.pl\/paradox\/wp-json\/wp\/v2\/comments?post=18"}],"version-history":[{"count":11,"href":"https:\/\/leblanc.pl\/paradox\/wp-json\/wp\/v2\/pages\/18\/revisions"}],"predecessor-version":[{"id":2023,"href":"https:\/\/leblanc.pl\/paradox\/wp-json\/wp\/v2\/pages\/18\/revisions\/2023"}],"wp:featuredmedia":[{"embeddable":true,"href":"https:\/\/leblanc.pl\/paradox\/wp-json\/wp\/v2\/media\/421"}],"wp:attachment":[{"href":"https:\/\/leblanc.pl\/paradox\/wp-json\/wp\/v2\/media?parent=18"}],"curies":[{"name":"wp","href":"https:\/\/api.w.org\/{rel}","templated":true}]}}