{"id":16,"date":"2025-01-24T15:41:41","date_gmt":"2025-01-24T14:41:41","guid":{"rendered":"https:\/\/leblanc.pl\/paradox\/?page_id=16"},"modified":"2025-04-28T17:48:42","modified_gmt":"2025-04-28T15:48:42","slug":"03-lidee-du-voyage","status":"publish","type":"page","link":"https:\/\/leblanc.pl\/paradox\/03-lidee-du-voyage\/","title":{"rendered":"L\u2019id\u00e9e du voyage"},"content":{"rendered":"<p><span style=\"font-size: 14pt;\">Elle sommeillait depuis l\u2019hiver 2023, lors de l\u2019annonce d\u2019un <em>junket<\/em> (rassemblement de jonques) \u00e0 <strong><em>Dublin<\/em><\/strong>, qui aurait lieu \u00e0 l\u2019occasion du \u00ab\u00a0<strong><em>Three Bridges<\/em><\/strong> <strong><em>Event<\/em><\/strong>\u00a0\u00bb. Lors de cet \u00e9v\u00e8nement, les 3 premiers ponts sur la rivi\u00e8re <strong><em>Liffey<\/em><\/strong> sont exceptionnellement ouverts, permettant aux bateaux participants de parader jusqu\u2019au centre de la ville.<\/span><\/p>\n<p>&nbsp;<\/p>\n<p><span style=\"font-size: 14pt;\"><em>Paradox<\/em> \u00e9tant \u00e0 <em><strong>Soubise<\/strong><\/em>, un port \u00e0 sec \u00e0 5 heures de route de mon domicile, il est hors de question d\u2019y aller faire des ronds dans l\u2019eau le dimanche apr\u00e8s-midi.<\/span><\/p>\n<p>&nbsp;<\/p>\n<p><span style=\"font-size: 14pt;\">Il y avait donc l\u00e0 l\u2019occasion r\u00eav\u00e9e de faire une vraie navigation, \u00e0 la mesure du bateau.<\/span><br \/>\n<span style=\"font-size: 14pt;\">En toile de fond, existait aussi la nostalgie de refaire un peu de la route qui avait \u00e9t\u00e9 la n\u00f4tre lors du convoyage de <strong><em>China Blue<\/em><\/strong>, en 2021, alors que nous la ramenions de Glasgow \u00e0 Soubise (cf. <a href=\"https:\/\/leblanc.pl\/china_blue\/\" target=\"_blank\" rel=\"noopener\">https:\/\/leblanc.pl\/china_blue\/<\/a>).<\/span><\/p>\n<p>&nbsp;<\/p>\n<p><span style=\"font-size: 14pt;\">Je venais de faire la connaissance de <strong><em>Bruno<\/em><\/strong>, fr\u00e8re de mon ami <strong><em>Christian<\/em><\/strong>. Si Bruno \u00e9tait d\u00e9j\u00e0 un navigateur exp\u00e9riment\u00e9, Christian \u00e9tait un parfait novice \u2026 avide d\u2019apprendre. D\u00e8s lors, dans ma t\u00eate, j\u2019avais d\u00e9j\u00e0 mon \u00e9quipage ! L\u2019id\u00e9e a germ\u00e9 et la d\u00e9cision fut prise au mois de f\u00e9vrier 2024 : <strong>Nous irions en Irlande\u00a0!<\/strong><\/span><\/p>\n<p>&nbsp;<\/p>\n<p><span style=\"font-size: 14pt;\">Au cours du m\u00eame mois, <strong><em>\u00c9ric Andlauer<\/em><\/strong>, bien connu dans notre association (la Junk Rig Association : <a href=\"https:\/\/www.junkrigassociation.org\" target=\"_blank\" rel=\"noopener\">https:\/\/www.junkrigassociation.org<\/a>), nous a fait l\u2019honneur de s\u2019enr\u00f4ler dans l\u2019\u00e9quipage.<\/span><br \/>\n<span style=\"font-size: 14pt;\">Navigateur largement confirm\u00e9, laur\u00e9at d\u2019une \u00e9dition du <strong><em>Jester Challenge<\/em><\/strong>, expert en littoral breton et en voiles de jonques, il fut l\u2019initiateur de mon int\u00e9r\u00eat pour ce gr\u00e9ement.<\/span><br \/>\n<span style=\"font-size: 14pt;\">Mais \u00c9ric b\u00e9n\u00e9ficie surtout aupr\u00e8s de mon \u00e9pouse <strong><em>Gina<\/em><\/strong> d\u2019une r\u00e9putation de s\u00e9rieux qui doit sans doute me faire d\u00e9faut, \u00e0 en juger par son soulagement manifeste en apprenant qu\u2019il serait le quatri\u00e8me \u00e9quipier de notre aventure\u00a0!<\/span><\/p>\n","protected":false},"excerpt":{"rendered":"<p>Elle sommeillait depuis l\u2019hiver 2023, lors de l\u2019annonce d\u2019un junket (rassemblement de jonques) \u00e0 Dublin, qui aurait lieu \u00e0 l\u2019occasion du \u00ab\u00a0Three Bridges Event\u00a0\u00bb. Lors de cet \u00e9v\u00e8nement, les 3 premiers ponts sur la rivi\u00e8re Liffey sont exceptionnellement ouverts, permettant &hellip; <a href=\"https:\/\/leblanc.pl\/paradox\/03-lidee-du-voyage\/\">Continuer la lecture <span class=\"meta-nav\">&rarr;<\/span><\/a><\/p>\n","protected":false},"author":1,"featured_media":420,"parent":0,"menu_order":3,"comment_status":"open","ping_status":"closed","template":"","meta":{"footnotes":""},"class_list":["post-16","page","type-page","status-publish","has-post-thumbnail","hentry"],"_links":{"self":[{"href":"https:\/\/leblanc.pl\/paradox\/wp-json\/wp\/v2\/pages\/16","targetHints":{"allow":["GET"]}}],"collection":[{"href":"https:\/\/leblanc.pl\/paradox\/wp-json\/wp\/v2\/pages"}],"about":[{"href":"https:\/\/leblanc.pl\/paradox\/wp-json\/wp\/v2\/types\/page"}],"author":[{"embeddable":true,"href":"https:\/\/leblanc.pl\/paradox\/wp-json\/wp\/v2\/users\/1"}],"replies":[{"embeddable":true,"href":"https:\/\/leblanc.pl\/paradox\/wp-json\/wp\/v2\/comments?post=16"}],"version-history":[{"count":7,"href":"https:\/\/leblanc.pl\/paradox\/wp-json\/wp\/v2\/pages\/16\/revisions"}],"predecessor-version":[{"id":1859,"href":"https:\/\/leblanc.pl\/paradox\/wp-json\/wp\/v2\/pages\/16\/revisions\/1859"}],"wp:featuredmedia":[{"embeddable":true,"href":"https:\/\/leblanc.pl\/paradox\/wp-json\/wp\/v2\/media\/420"}],"wp:attachment":[{"href":"https:\/\/leblanc.pl\/paradox\/wp-json\/wp\/v2\/media?parent=16"}],"curies":[{"name":"wp","href":"https:\/\/api.w.org\/{rel}","templated":true}]}}