{"id":109,"date":"2025-01-24T16:47:50","date_gmt":"2025-01-24T15:47:50","guid":{"rendered":"https:\/\/leblanc.pl\/paradox\/?page_id=109"},"modified":"2025-05-25T11:05:06","modified_gmt":"2025-05-25T09:05:06","slug":"pourquoi-ce-blog","status":"publish","type":"page","link":"https:\/\/leblanc.pl\/paradox\/","title":{"rendered":"Pourquoi ce blog ?"},"content":{"rendered":"<p><span style=\"font-size: 14pt;\">Ce blog, ce site web, a pour but de conserver et partager une belle histoire, v\u00e9cue dans l&rsquo;amiti\u00e9, la d\u00e9couverte, les rencontres, bref,\u00a0 l&rsquo;aventure \u2026 Mais avant tout, \u00ab\u00a0<strong><em>le fun<\/em><\/strong>\u00a0\u00bb !<\/span><\/p>\n<p>&nbsp;<\/p>\n<p><span style=\"font-size: 14pt;\">En \u00e9crivant ce r\u00e9cit, plusieurs mois apr\u00e8s l&rsquo;avoir v\u00e9cu, nous avons raviv\u00e9 les souvenirs, \u00e9prouv\u00e9 \u00e0 nouveau un peu de cette joie que nous avons parfois re\u00e7ue comme des enfants \u00e9merveill\u00e9s. Et bien s\u00fbr, les gal\u00e8res, qui apr\u00e8s-coup deviennent autant de bons souvenirs.<\/span><\/p>\n<p>&nbsp;<\/p>\n<p><span style=\"font-size: 14pt;\">Il y a tant de situations, d&rsquo;anecdotes, de photos et de vid\u00e9os, que nous ne voulons pas perdre dans les m\u00e9andres de nos m\u00e9moires ni celles de nos gadgets \u00e9lectroniques, et que nous tenons aussi \u00e0 vous faire d\u00e9couvrir.<\/span><\/p>\n<p>&nbsp;<\/p>\n<p><span style=\"font-size: 14pt;\">Alors, afin de pouvoir partager les histoires et les images, et revenir \u00e0 loisir sur les \u00e9tapes de notre modeste voyage, les avons-nous mises sous cette forme num\u00e9rique.<\/span><\/p>\n<p>&nbsp;<\/p>\n<p><span style=\"font-size: 14pt;\">Puissent-t-elles vous divertir, vous inspirer \u2026 Nous les avons si intens\u00e9ment v\u00e9cues !<\/span><\/p>\n<p>&nbsp;<\/p>\n<p><span style=\"font-size: 14pt;\">N&rsquo;h\u00e9sitez pas \u00e0 nous faire part de vos r\u00e9actions, en publiant un commentaire ou via notre page contact.<\/span><\/p>\n<p>&nbsp;<\/p>\n<p style=\"text-align: left;\"><span style=\"font-size: 14pt;\">Bonne lecture,<\/span><\/p>\n<p>&nbsp;<\/p>\n<p style=\"text-align: left;\"><span style=\"font-size: 14pt;\">L&rsquo;\u00e9quipage de <em><strong>Paradox<\/strong><\/em>,<\/span><\/p>\n<p>&nbsp;<\/p>\n<p style=\"text-align: left;\"><span style=\"font-size: 14pt;\"><em><strong>Christian , Bruno , Eric , Patrick\u00a0<\/strong><\/em><\/span><\/p>\n","protected":false},"excerpt":{"rendered":"<p>Ce blog, ce site web, a pour but de conserver et partager une belle histoire, v\u00e9cue dans l&rsquo;amiti\u00e9, la d\u00e9couverte, les rencontres, bref,\u00a0 l&rsquo;aventure \u2026 Mais avant tout, \u00ab\u00a0le fun\u00a0\u00bb ! &nbsp; En \u00e9crivant ce r\u00e9cit, plusieurs mois apr\u00e8s l&rsquo;avoir &hellip; <a href=\"https:\/\/leblanc.pl\/paradox\/\">Continuer la lecture <span class=\"meta-nav\">&rarr;<\/span><\/a><\/p>\n","protected":false},"author":1,"featured_media":442,"parent":0,"menu_order":1,"comment_status":"open","ping_status":"closed","template":"","meta":{"footnotes":""},"class_list":["post-109","page","type-page","status-publish","has-post-thumbnail","hentry"],"_links":{"self":[{"href":"https:\/\/leblanc.pl\/paradox\/wp-json\/wp\/v2\/pages\/109","targetHints":{"allow":["GET"]}}],"collection":[{"href":"https:\/\/leblanc.pl\/paradox\/wp-json\/wp\/v2\/pages"}],"about":[{"href":"https:\/\/leblanc.pl\/paradox\/wp-json\/wp\/v2\/types\/page"}],"author":[{"embeddable":true,"href":"https:\/\/leblanc.pl\/paradox\/wp-json\/wp\/v2\/users\/1"}],"replies":[{"embeddable":true,"href":"https:\/\/leblanc.pl\/paradox\/wp-json\/wp\/v2\/comments?post=109"}],"version-history":[{"count":20,"href":"https:\/\/leblanc.pl\/paradox\/wp-json\/wp\/v2\/pages\/109\/revisions"}],"predecessor-version":[{"id":1857,"href":"https:\/\/leblanc.pl\/paradox\/wp-json\/wp\/v2\/pages\/109\/revisions\/1857"}],"wp:featuredmedia":[{"embeddable":true,"href":"https:\/\/leblanc.pl\/paradox\/wp-json\/wp\/v2\/media\/442"}],"wp:attachment":[{"href":"https:\/\/leblanc.pl\/paradox\/wp-json\/wp\/v2\/media?parent=109"}],"curies":[{"name":"wp","href":"https:\/\/api.w.org\/{rel}","templated":true}]}}