{"id":969,"date":"2021-10-18T22:48:31","date_gmt":"2021-10-18T20:48:31","guid":{"rendered":"https:\/\/leblanc.pl\/china_blue\/?page_id=969"},"modified":"2022-05-05T00:31:08","modified_gmt":"2022-05-04T22:31:08","slug":"brittany-charente-and-end","status":"publish","type":"page","link":"https:\/\/leblanc.pl\/china_blue\/index.php\/videos\/brittany-charente-and-end\/","title":{"rendered":"Bretagne, Charente et fin"},"content":{"rendered":"<p class=\"text-align:left;\">Les deux derni\u00e8res vid\u00e9os, faites en France: Bretagne et arriv\u00e9e \u00e0 Soubise.<\/p>\n<h3 style=\"text-align: center;\">N&rsquo;h\u00e9sitez pas \u00e0 les visualiser en plein \u00e9cran!<\/h3>\n<p style=\"text-align: center;\"><span style=\"color: #ff0000;\">et activez les sous-titres!\u00a0<\/span><\/p>\n<table style=\"border-collapse: collapse; width: 100%;\">\n<tbody>\n<tr>\n<td style=\"width: 50.2198%; height: 233px;\"><iframe loading=\"lazy\" title=\"YouTube video player\" src=\"https:\/\/www.youtube.com\/embed\/jGWBXd2G5RQ?rel=0\" width=\"400\" height=\"225\" frameborder=\"0\" allowfullscreen=\"allowfullscreen\"><\/iframe><\/td>\n<td style=\"width: 50.2198%; height: 233px;\"><iframe loading=\"lazy\" title=\"YouTube video player\" src=\"https:\/\/www.youtube.com\/embed\/lxOChxD_2f0?rel=0\" width=\"400\" height=\"225\" frameborder=\"0\" allowfullscreen=\"allowfullscreen\"><span data-mce-type=\"bookmark\" style=\"display: inline-block; width: 0px; overflow: hidden; line-height: 0;\" class=\"mce_SELRES_start\">\ufeff<\/span><span data-mce-type=\"bookmark\" style=\"display: inline-block; width: 0px; overflow: hidden; line-height: 0;\" class=\"mce_SELRES_start\">\ufeff<\/span><\/iframe><\/td>\n<\/tr>\n<tr>\n<td style=\"width: 49.7802%; text-align: center;\">China Blue en Bretagne!<\/td>\n<td style=\"width: 50.2198%;\">\n<p style=\"text-align: center;\">Arriv\u00e9e \u00e0 Soubise<\/p>\n<\/td>\n<\/tr>\n<\/tbody>\n<\/table>\n","protected":false},"excerpt":{"rendered":"<p>Les deux derni\u00e8res vid\u00e9os, faites en France: Bretagne et arriv\u00e9e \u00e0 Soubise. N&rsquo;h\u00e9sitez pas \u00e0 les visualiser en plein \u00e9cran! et activez les sous-titres!\u00a0 \ufeff\ufeff China Blue en Bretagne! Arriv\u00e9e \u00e0 Soubise<\/p>\n","protected":false},"author":1,"featured_media":0,"parent":2,"menu_order":0,"comment_status":"open","ping_status":"closed","template":"","meta":[],"_links":{"self":[{"href":"https:\/\/leblanc.pl\/china_blue\/index.php\/wp-json\/wp\/v2\/pages\/969"}],"collection":[{"href":"https:\/\/leblanc.pl\/china_blue\/index.php\/wp-json\/wp\/v2\/pages"}],"about":[{"href":"https:\/\/leblanc.pl\/china_blue\/index.php\/wp-json\/wp\/v2\/types\/page"}],"author":[{"embeddable":true,"href":"https:\/\/leblanc.pl\/china_blue\/index.php\/wp-json\/wp\/v2\/users\/1"}],"replies":[{"embeddable":true,"href":"https:\/\/leblanc.pl\/china_blue\/index.php\/wp-json\/wp\/v2\/comments?post=969"}],"version-history":[{"count":13,"href":"https:\/\/leblanc.pl\/china_blue\/index.php\/wp-json\/wp\/v2\/pages\/969\/revisions"}],"predecessor-version":[{"id":1187,"href":"https:\/\/leblanc.pl\/china_blue\/index.php\/wp-json\/wp\/v2\/pages\/969\/revisions\/1187"}],"up":[{"embeddable":true,"href":"https:\/\/leblanc.pl\/china_blue\/index.php\/wp-json\/wp\/v2\/pages\/2"}],"wp:attachment":[{"href":"https:\/\/leblanc.pl\/china_blue\/index.php\/wp-json\/wp\/v2\/media?parent=969"}],"curies":[{"name":"wp","href":"https:\/\/api.w.org\/{rel}","templated":true}]}}