{"id":941,"date":"2021-10-15T00:56:25","date_gmt":"2021-10-14T22:56:25","guid":{"rendered":"https:\/\/leblanc.pl\/china_blue\/?page_id=941"},"modified":"2022-05-05T00:45:29","modified_gmt":"2022-05-04T22:45:29","slug":"scotland-ireland-wales","status":"publish","type":"page","link":"https:\/\/leblanc.pl\/china_blue\/index.php\/videos\/scotland-ireland-wales\/","title":{"rendered":"Ecosse, Irlande et Pays de Galles"},"content":{"rendered":"<p class=\"text-align:left;\">Voici quelques vid\u00e9os du voyage en Ecosse, en Irlande et en au Pays de Galles.<\/p>\n<h3 style=\"text-align: center;\">N&rsquo;h\u00e9sitez pas \u00e0 les visualiser en plein \u00e9cran!<\/h3>\n<p style=\"text-align: center;\"><em><span style=\"color: #ff0000;\">et activez les sous-titres !<\/span><\/em><\/p>\n<table style=\"border-collapse: collapse; width: 100%;\">\n<tbody>\n<tr>\n<td style=\"width: 49.7802%; text-align: center;\"><iframe loading=\"lazy\" title=\"YouTube video player\" src=\"https:\/\/www.youtube.com\/embed\/QekaewtaMJg?rel=0\" width=\"400\" height=\"225\" frameborder=\"0\" allowfullscreen=\"allowfullscreen\"><span data-mce-type=\"bookmark\" style=\"display: inline-block; width: 0px; overflow: hidden; line-height: 0;\" class=\"mce_SELRES_start\">\ufeff<\/span><\/iframe><\/td>\n<td style=\"width: 50.2198%; height: 233px;\"><iframe loading=\"lazy\" title=\"YouTube video player\" src=\"https:\/\/www.youtube.com\/embed\/ZOa1gCAqev8?rel=0\" width=\"400\" height=\"225\" frameborder=\"0\" allowfullscreen=\"allowfullscreen\"><span data-mce-type=\"bookmark\" style=\"display: inline-block; width: 0px; overflow: hidden; line-height: 0;\" class=\"mce_SELRES_start\">\ufeff<\/span><\/iframe><\/td>\n<\/tr>\n<tr>\n<td style=\"width: 49.7802%; text-align: center;\">Partis pour l&rsquo;Irlande<\/td>\n<td style=\"width: 50.2198%;\">\n<p style=\"text-align: center;\">En route pour Aberystwyth<\/p>\n<\/td>\n<\/tr>\n<tr>\n<td style=\"width: 49.7802%; text-align: center;\"><iframe loading=\"lazy\" title=\"YouTube video player\" src=\"https:\/\/www.youtube.com\/embed\/Moh_NXJ0sJo?rel=0\" width=\"400\" height=\"225\" frameborder=\"0\" allowfullscreen=\"allowfullscreen\"><\/iframe><\/td>\n<td style=\"width: 50.2198%; height: 233px;\"><iframe loading=\"lazy\" title=\"YouTube video player\" src=\"https:\/\/www.youtube.com\/embed\/O0MiGOj0858?rel=0\" width=\"400\" height=\"225\" frameborder=\"0\" allowfullscreen=\"allowfullscreen\"><\/iframe><\/td>\n<\/tr>\n<tr>\n<td style=\"width: 49.7802%; text-align: center;\">Navigation au Pays de Galles, et Pub!<\/td>\n<td style=\"width: 50.2198%;\">\n<p style=\"text-align: center;\">De Newquay \u00e0 Newlyn<\/p>\n<\/td>\n<\/tr>\n<\/tbody>\n<\/table>\n","protected":false},"excerpt":{"rendered":"<p>Voici quelques vid\u00e9os du voyage en Ecosse, en Irlande et en au Pays de Galles. N&rsquo;h\u00e9sitez pas \u00e0 les visualiser en plein \u00e9cran! et activez les sous-titres ! \ufeff \ufeff Partis pour l&rsquo;Irlande En route pour Aberystwyth Navigation au Pays &hellip; <a href=\"https:\/\/leblanc.pl\/china_blue\/index.php\/videos\/scotland-ireland-wales\/\">Continuer la lecture <span class=\"meta-nav\">&rarr;<\/span><\/a><\/p>\n","protected":false},"author":1,"featured_media":0,"parent":2,"menu_order":0,"comment_status":"open","ping_status":"open","template":"","meta":[],"_links":{"self":[{"href":"https:\/\/leblanc.pl\/china_blue\/index.php\/wp-json\/wp\/v2\/pages\/941"}],"collection":[{"href":"https:\/\/leblanc.pl\/china_blue\/index.php\/wp-json\/wp\/v2\/pages"}],"about":[{"href":"https:\/\/leblanc.pl\/china_blue\/index.php\/wp-json\/wp\/v2\/types\/page"}],"author":[{"embeddable":true,"href":"https:\/\/leblanc.pl\/china_blue\/index.php\/wp-json\/wp\/v2\/users\/1"}],"replies":[{"embeddable":true,"href":"https:\/\/leblanc.pl\/china_blue\/index.php\/wp-json\/wp\/v2\/comments?post=941"}],"version-history":[{"count":16,"href":"https:\/\/leblanc.pl\/china_blue\/index.php\/wp-json\/wp\/v2\/pages\/941\/revisions"}],"predecessor-version":[{"id":1198,"href":"https:\/\/leblanc.pl\/china_blue\/index.php\/wp-json\/wp\/v2\/pages\/941\/revisions\/1198"}],"up":[{"embeddable":true,"href":"https:\/\/leblanc.pl\/china_blue\/index.php\/wp-json\/wp\/v2\/pages\/2"}],"wp:attachment":[{"href":"https:\/\/leblanc.pl\/china_blue\/index.php\/wp-json\/wp\/v2\/media?parent=941"}],"curies":[{"name":"wp","href":"https:\/\/api.w.org\/{rel}","templated":true}]}}