{"id":835,"date":"2021-10-13T13:53:12","date_gmt":"2021-10-13T11:53:12","guid":{"rendered":"https:\/\/leblanc.pl\/china_blue\/?page_id=835"},"modified":"2022-05-04T23:06:24","modified_gmt":"2022-05-04T21:06:24","slug":"chapter-all-the-rest","status":"publish","type":"page","link":"https:\/\/leblanc.pl\/china_blue\/index.php\/the-whole-story\/chapter-all-the-rest\/","title":{"rendered":"Chapitre\u2026 tout le reste!"},"content":{"rendered":"<h2><u>De Pornic \u00e0\u2026 Saint Gilles Croix de Vie, La Rochelle, et Soubise &#8211; tout ensemble !<\/u><\/h2>\n<p>Ceci sont les 3 derni\u00e8res \u00e9tapes de notre voyage.<\/p>\n<p>Pourquoi les avoir r\u00e9unies toutes trois sur la m\u00eame page web?<\/p>\n<p>Peut-\u00eatre, parce qu&rsquo;il ne s&rsquo;est rien pass\u00e9 de sp\u00e9cial pendant ces navigations.<br \/>\nPeut-\u00eatre, parce que j&rsquo;ai \u00e9t\u00e9 trop paresseux et n&rsquo;ai pas relat\u00e9 de d\u00e9tails int\u00e9ressants sur notre carnet de bord.<br \/>\nPeut-\u00eatre, parce que la r\u00e9alisation de ce site web touche \u00e0 sa fin, que je suis fatigu\u00e9, et qu&rsquo;il me tarde de le jeter en ligne.<\/p>\n<p>Probablement, pour toutes les raisons ci-dessus!<\/p>\n<hr \/>\n<p>Les d\u00e9lais commen\u00e7aient \u00e0 \u00eatre serr\u00e9s, parce que nous avions d\u00e9cid\u00e9 d&rsquo;arriver \u00e0 notre ultime destination le vendredi, \u00e0 midi, or nous \u00e9tions mercredi.<br \/>\nPourquoi vendredi? Parce que mon \u00e9pouse <em>Gina<\/em> ne travaillait pas ce jour-l\u00e0, et pourrait venir nous accueillir, nous reconduire \u00e0 la maison, etc. Un couple de bons amis voileux de la r\u00e9gion seraient aussi l\u00e0 pour c\u00e9l\u00e9brer notre arriv\u00e9e. Et ils avaient r\u00e9serv\u00e9 le restaurant pour 13h00!<br \/>\nIl nous restait deux jours et demie.<\/p>\n<hr \/>\n<div id=\"attachment_837\" style=\"width: 310px\" class=\"wp-caption alignleft\"><a href=\"https:\/\/leblanc.pl\/china_blue\/wp-content\/uploads\/2021\/10\/depart_pornic.jpg\"><img aria-describedby=\"caption-attachment-837\" loading=\"lazy\" class=\"wp-image-837 size-medium\" title=\"En quittant Pornic\" src=\"https:\/\/leblanc.pl\/china_blue\/wp-content\/uploads\/2021\/10\/depart_pornic-300x164.jpg\" alt=\"En quittant Pornic\" width=\"300\" height=\"164\" srcset=\"https:\/\/leblanc.pl\/china_blue\/wp-content\/uploads\/2021\/10\/depart_pornic-300x164.jpg 300w, https:\/\/leblanc.pl\/china_blue\/wp-content\/uploads\/2021\/10\/depart_pornic-768x419.jpg 768w, https:\/\/leblanc.pl\/china_blue\/wp-content\/uploads\/2021\/10\/depart_pornic.jpg 1000w\" sizes=\"(max-width: 300px) 100vw, 300px\" \/><\/a><p id=\"caption-attachment-837\" class=\"wp-caption-text\">En quittant Pornic<\/p><\/div>\n<p>Nous avons quitt\u00e9 <em>Pornic<\/em> \u00e0 10h00 le mercredi, apr\u00e8s avoir fait nos adieux \u00e0\u00a0 <em>Rachida<\/em>. Il y avait assez de vent pour nous permettre de hisser les voiles, et d&rsquo;esp\u00e9rer que la situation perdure toute la journ\u00e9e.<br \/>\nBien s\u00fbr, cela n&rsquo;a pas \u00e9t\u00e9 le cas, et deux heures plus tard, nous devions nous r\u00e9signer \u00e0 d\u00e9marrer le moteur.<\/p>\n<hr \/>\n<p>Il y avait 42 milles jusqu&rsquo;\u00e0 <strong><em>Saint Gilles Croix de Vie<\/em><\/strong>, et nous nous y amarrions 8 heures plus tard.<br \/>\nLes catways \u00e9taient serr\u00e9s, perpendiculaires \u00e0 des pontons plut\u00f4t proches les uns des autres, et bourr\u00e9s de bateaux, ce qui laissait peu de place pour man\u0153uvrer. Glisser China Blue du premier coup dans son emplacement me fut une certaine source de fiert\u00e9. Je commen\u00e7ais \u00e0 devenir un expert pour la piloter dans des recoins \u00e9troits, et j&rsquo;ai m\u00eame eu droit \u00e0 un compliment du gars de la marina qui nous a aid\u00e9s \u00e0 nous amarrer. <em>(Wow!)<\/em>.<\/p>\n<p>En ressortir le lendemain fut une autre paire de manches, vu qu&rsquo;il fallait le faire en marche arri\u00e8re et que China Blue n&rsquo;est pas tr\u00e8s dou\u00e9e pour \u00e7a. Ou bien, je ne le suis pas. Le vent ne nous aidait pas, et nous aurions pu r\u00e9it\u00e9rer la situation que nous avions v\u00e9cue \u00e0\u00a0 <em>Bangor<\/em>, <em>Irlande du Nord<\/em>, si un voileux de passage ne nous avait pas donn\u00e9 un rapide et efficace coup de main. Malheureusement, cette fois-ci, nous ne l&rsquo;avons plus revu\u2026<\/p>\n<p>Et voil\u00e0 pour <em>Saint Gilles Croix de Vie<\/em>.<\/p>\n<hr \/>\n<p>Notre \u00e9tape suivante \u00e9tait<strong> <em>La Rochelle<\/em>,<\/strong> une grande marina que j&rsquo;avais d\u00e9j\u00e0 fr\u00e9quent\u00e9e plusieurs fois dans le pass\u00e9, 51 milles plus au sud.<\/p>\n<p>C&rsquo;\u00e9tait jeudi matin. J&rsquo;avais compt\u00e9 sur la pr\u00e9sence de vents dominants du nord-ouest, pour nous assurer une belle navigation au portant. Mais ils \u00e9taient mal \u00e9tablis, et nous avons d\u00fb alterner voile et moteur.<br \/>\nCe n&rsquo;est qu&rsquo;\u00e0 l&rsquo;approche du chenal d&rsquo;entr\u00e9e de <em>La Rochelle<\/em>, que nous avons r\u00e9cup\u00e9r\u00e9 un vent d\u00e9cent. Nous pouvions enfin faire honneur \u00e0 nos voiles de jonque.<br \/>\nNous avons m\u00eame tir\u00e9 quelques bords avant d&rsquo;entrer dans le chenal, juste pour le fun\u2026 Et pour annoncer \u00e0 <em>La Rochelle<\/em> \u00a0<strong><em>qu&rsquo;<\/em><em>une go\u00e9lette \u00e0 gr\u00e9ement de jonque allait arriver!<\/em><\/strong><\/p>\n<p>La vaste marina \u00ab\u00a0<em>Les Minimes\u00a0\u00bb<\/em> \u00e9tait en effervescence, dans la pr\u00e9paration du salon nautique du<em> Grand Pavois<\/em>. Ils nous ont inform\u00e9s qu&rsquo;ils ne recevaient pas de visiteurs, mais nous ont quand-m\u00eame indiqu\u00e9 quelques emplacements disponibles. En r\u00e9alit\u00e9, nous ne f\u00fbmes pas les seuls \u00e0 en avoir besoin!<\/p>\n<hr \/>\n<h3>Et puis ce fut vendredi, le 17 septembre.<br \/>\nLe tout dernier jour d&rsquo;un voyage commenc\u00e9 le 31 juillet, 49 jours plus t\u00f4t.<\/h3>\n<p>Nous m\u00eemes le cap vers le sud, pour ce qui serait notre port d&rsquo;attache final, le petit port de <strong><em>Soubise<\/em><\/strong>, un village situ\u00e9 5 milles \u00e0 l&rsquo;int\u00e9rieur de la <em>Charente<\/em>.<\/p>\n<p>Mes amis, voileux locaux, m&rsquo;avaient largement brief\u00e9 sur l&rsquo;importance de nous pr\u00e9senter \u00e0 l&rsquo;entr\u00e9e de la rivi\u00e8re au bon moment. Pour avoir assez de profondeur d&rsquo;eau et le courant avec nous, nous devions nous y engager 2 heures apr\u00e8s la mar\u00e9e basse. Nous avions une vingtaine de milles \u00e0 parcourir, et avons donc quitt\u00e9\u00a0 <em>La Rochelle<\/em> \u00e0 09h00.<\/p>\n<div id=\"attachment_832\" style=\"width: 310px\" class=\"wp-caption alignright\"><a href=\"https:\/\/leblanc.pl\/china_blue\/wp-content\/uploads\/2021\/10\/charente.jpg\"><img aria-describedby=\"caption-attachment-832\" loading=\"lazy\" class=\"wp-image-832 size-medium\" title=\"Sur la Charente\" src=\"https:\/\/leblanc.pl\/china_blue\/wp-content\/uploads\/2021\/10\/charente-300x169.jpg\" alt=\"Sur la Charente\" width=\"300\" height=\"169\" srcset=\"https:\/\/leblanc.pl\/china_blue\/wp-content\/uploads\/2021\/10\/charente-300x169.jpg 300w, https:\/\/leblanc.pl\/china_blue\/wp-content\/uploads\/2021\/10\/charente-768x432.jpg 768w, https:\/\/leblanc.pl\/china_blue\/wp-content\/uploads\/2021\/10\/charente.jpg 1000w\" sizes=\"(max-width: 300px) 100vw, 300px\" \/><\/a><p id=\"caption-attachment-832\" class=\"wp-caption-text\">Sur la Charente<\/p><\/div>\n<p>Le temps \u00e9tait beau, avec juste un petit souffle d&rsquo;air. Pas assez pour que nous coupions le moteur, mais suffisant pour justifier l&rsquo;envoi de la voile avant.<br \/>\nJe voulais que China Blue arbore ses couleurs!<\/p>\n<p>Nous avons remont\u00e9 la rivi\u00e8re au moteur et \u00e0 la voile, comme \u00e0 la parade. L&rsquo;eau \u00e9tait marron mais calme comme celle d&rsquo;un lac, et avec le moteur \u00e0 peine au ralenti, nous avancions \u00e0 7 n\u0153uds gr\u00e2ce au courant.<\/p>\n<div id=\"attachment_838\" style=\"width: 310px\" class=\"wp-caption alignleft\"><a href=\"https:\/\/leblanc.pl\/china_blue\/wp-content\/uploads\/2021\/10\/Parading-up-the-river.jpg\"><img aria-describedby=\"caption-attachment-838\" loading=\"lazy\" class=\"wp-image-838 size-medium\" title=\"Sur la rivi\u00e8re, comme \u00e0 la parade!\" src=\"https:\/\/leblanc.pl\/china_blue\/wp-content\/uploads\/2021\/10\/Parading-up-the-river-300x225.jpg\" alt=\"Sur la rivi\u00e8re, comme \u00e0 la parade!\" width=\"300\" height=\"225\" srcset=\"https:\/\/leblanc.pl\/china_blue\/wp-content\/uploads\/2021\/10\/Parading-up-the-river-300x225.jpg 300w, https:\/\/leblanc.pl\/china_blue\/wp-content\/uploads\/2021\/10\/Parading-up-the-river.jpg 605w\" sizes=\"(max-width: 300px) 100vw, 300px\" \/><\/a><p id=\"caption-attachment-838\" class=\"wp-caption-text\">Sur la rivi\u00e8re, comme \u00e0 la parade!<\/p><\/div>\n<p>&nbsp;<\/p>\n<p>Dire que nous avons eu un accueil chaleureux, ne rendrait pas justice \u00e0 la joie qui a \u00e9clat\u00e9 quand nous avons lanc\u00e9 nos amarres sur le ponton flottant.<br \/>\nLe moral \u00e9tait haut. Je volais!<\/p>\n<h3>Et puis&#8230;<\/h3>\n<p>Et puis ce fut un double rhum (m\u00e9rit\u00e9!), \u00e0 une table au bord de la rivi\u00e8re, suivi d&rsquo;un bon repas, de l&rsquo;agr\u00e9able vin qui l&rsquo;accompagnait, des rires avec les amis, du bonheur\u2026 ainsi qu&rsquo;une gentille, adorable surprise:<br \/>\nAlors que j&rsquo;avais pens\u00e9 passer la nuit \u00e0 bord de China Blue, au sec, mon \u00e9pouse bien-aim\u00e9e nous avait secr\u00e8tement r\u00e9serv\u00e9 un joli h\u00f4tel \u00e0 <em>Rochefort<\/em>, toute proche.<br \/>\n\u00c7a, c&rsquo;est ma <em>Gina<\/em>!<\/p>\n<div id=\"attachment_833\" style=\"width: 177px\" class=\"wp-caption alignright\"><a href=\"https:\/\/leblanc.pl\/china_blue\/wp-content\/uploads\/2021\/10\/soubise_4.jpg\"><img aria-describedby=\"caption-attachment-833\" loading=\"lazy\" class=\"wp-image-833 size-medium\" title=\"China Blue est h\u00e2l\u00e9e hors de la Charente\" src=\"https:\/\/leblanc.pl\/china_blue\/wp-content\/uploads\/2021\/10\/soubise_4-167x300.jpg\" alt=\"China Blue est h\u00e2l\u00e9e hors de la Charente\" width=\"167\" height=\"300\" srcset=\"https:\/\/leblanc.pl\/china_blue\/wp-content\/uploads\/2021\/10\/soubise_4-167x300.jpg 167w, https:\/\/leblanc.pl\/china_blue\/wp-content\/uploads\/2021\/10\/soubise_4.jpg 480w\" sizes=\"(max-width: 167px) 100vw, 167px\" \/><\/a><p id=\"caption-attachment-833\" class=\"wp-caption-text\">China Blue est h\u00e2l\u00e9e hors de la Charente<\/p><\/div>\n<div class=\"mceTemp\"><\/div>\n<p>A 16h00, China Blue \u00e9tait transf\u00e9r\u00e9e de la rivi\u00e8re vers son berceau \u00e0 terre. Le jour suivant, nous sommes revenus pour r\u00e9cup\u00e9rer nos affaires, lui faire un peu de nettoyage, et la pr\u00e9parer pour passer les 7 prochains mois au sec.<\/p>\n<p>Notre maison est \u00e0 presque 5 heures de route du port.<br \/>\nNous avons d\u00e9cid\u00e9 que je m&rsquo;y rendrais pour y effectuer des travaux de maintenance, des am\u00e9liorations, des modifications\u2026<br \/>\nEn fonction du temps, du moment, et du budget.<\/p>\n<div id=\"attachment_834\" style=\"width: 177px\" class=\"wp-caption alignleft\"><a href=\"https:\/\/leblanc.pl\/china_blue\/wp-content\/uploads\/2021\/10\/soubise_3.jpg\"><img aria-describedby=\"caption-attachment-834\" loading=\"lazy\" class=\"wp-image-834 size-medium\" title=\"Voil\u00e0, nous sommes arriv\u00e9s!\" src=\"https:\/\/leblanc.pl\/china_blue\/wp-content\/uploads\/2021\/10\/soubise_3-167x300.jpg\" alt=\"Voil\u00e0, nous sommes arriv\u00e9s!\" width=\"167\" height=\"300\" srcset=\"https:\/\/leblanc.pl\/china_blue\/wp-content\/uploads\/2021\/10\/soubise_3-167x300.jpg 167w, https:\/\/leblanc.pl\/china_blue\/wp-content\/uploads\/2021\/10\/soubise_3.jpg 480w\" sizes=\"(max-width: 167px) 100vw, 167px\" \/><\/a><p id=\"caption-attachment-834\" class=\"wp-caption-text\">Voil\u00e0, nous sommes arriv\u00e9s!<\/p><\/div>\n<h3>Et ensuite, nous l&rsquo;esp\u00e9rons, viendront d&rsquo;autres histoires!<\/h3>\n<div class=\"mceTemp\"><\/div>\n<h2><\/h2>\n<h2 style=\"text-align: center;\">LA FIN<\/h2>\n<h2 style=\"text-align: center;\">(<em>???<\/em>)<\/h2>\n<div class=\"mceTemp\"><\/div>\n","protected":false},"excerpt":{"rendered":"<p>De Pornic \u00e0\u2026 Saint Gilles Croix de Vie, La Rochelle, et Soubise &#8211; tout ensemble ! Ceci sont les 3 derni\u00e8res \u00e9tapes de notre voyage. Pourquoi les avoir r\u00e9unies toutes trois sur la m\u00eame page web? Peut-\u00eatre, parce qu&rsquo;il ne &hellip; <a href=\"https:\/\/leblanc.pl\/china_blue\/index.php\/the-whole-story\/chapter-all-the-rest\/\">Continuer la lecture <span class=\"meta-nav\">&rarr;<\/span><\/a><\/p>\n","protected":false},"author":1,"featured_media":0,"parent":545,"menu_order":0,"comment_status":"open","ping_status":"closed","template":"","meta":[],"_links":{"self":[{"href":"https:\/\/leblanc.pl\/china_blue\/index.php\/wp-json\/wp\/v2\/pages\/835"}],"collection":[{"href":"https:\/\/leblanc.pl\/china_blue\/index.php\/wp-json\/wp\/v2\/pages"}],"about":[{"href":"https:\/\/leblanc.pl\/china_blue\/index.php\/wp-json\/wp\/v2\/types\/page"}],"author":[{"embeddable":true,"href":"https:\/\/leblanc.pl\/china_blue\/index.php\/wp-json\/wp\/v2\/users\/1"}],"replies":[{"embeddable":true,"href":"https:\/\/leblanc.pl\/china_blue\/index.php\/wp-json\/wp\/v2\/comments?post=835"}],"version-history":[{"count":11,"href":"https:\/\/leblanc.pl\/china_blue\/index.php\/wp-json\/wp\/v2\/pages\/835\/revisions"}],"predecessor-version":[{"id":865,"href":"https:\/\/leblanc.pl\/china_blue\/index.php\/wp-json\/wp\/v2\/pages\/835\/revisions\/865"}],"up":[{"embeddable":true,"href":"https:\/\/leblanc.pl\/china_blue\/index.php\/wp-json\/wp\/v2\/pages\/545"}],"wp:attachment":[{"href":"https:\/\/leblanc.pl\/china_blue\/index.php\/wp-json\/wp\/v2\/media?parent=835"}],"curies":[{"name":"wp","href":"https:\/\/api.w.org\/{rel}","templated":true}]}}