{"id":643,"date":"2021-10-05T22:47:57","date_gmt":"2021-10-05T20:47:57","guid":{"rendered":"https:\/\/leblanc.pl\/china_blue\/?page_id=643"},"modified":"2022-05-05T16:04:20","modified_gmt":"2022-05-05T14:04:20","slug":"chapter-11-france-here-we-come","status":"publish","type":"page","link":"https:\/\/leblanc.pl\/china_blue\/index.php\/the-whole-story\/chapter-11-france-here-we-come\/","title":{"rendered":"Chapitre 11 &#8211; France, nous voil\u00e0!"},"content":{"rendered":"<h2><u>De Newlyn \u00e0 L\u2019Aber Wrac\u2019h &#8211; Au milieu des gros bateaux<\/u><\/h2>\n<p>Eh bien, nous y \u00e9tions.<\/p>\n<p>Nous avions longuement pr\u00e9par\u00e9 la travers\u00e9e de la Manche, du moins mentalement, comme le plat de r\u00e9sistance de notre aventure.<\/p>\n<p>En fait, qu&rsquo;est-ce que cela repr\u00e9sentait de si inqui\u00e9tant?<\/p>\n<p>Notre pr\u00e9occupation principale \u00e9tait l&rsquo;intense trafic maritime que nous voyions sur les sites internet de localisation AIS. Gina, qui regardait les m\u00eames sites depuis la maison, \u00e9tait aussi anxieuse.<\/p>\n<p>Voici ce \u00e0 quoi cela pouvait ressembler, la ligne bleue \u00e9tant notre route pr\u00e9vue:<\/p>\n<div id=\"attachment_647\" style=\"width: 635px\" class=\"wp-caption aligncenter\"><img aria-describedby=\"caption-attachment-647\" loading=\"lazy\" class=\"wp-image-647 size-full\" title=\"Trafic AIS dans la Manche!\" src=\"https:\/\/leblanc.pl\/china_blue\/wp-content\/uploads\/2021\/10\/AIS.gif\" alt=\"Trafic AIS dans la Manche!\" width=\"625\" height=\"335\" \/><p id=\"caption-attachment-647\" class=\"wp-caption-text\">Trafic AIS dans la Manche!<\/p><\/div>\n<p>Vu de cette mani\u00e8re, il paraissait que nous serions comme une boule dans un flipper.<br \/>\nEn fait, que l&rsquo;on zoome en avant ou en arri\u00e8re, la taille des pictos des bateaux ne change pas. En r\u00e9alit\u00e9, ils sont beaucoup plus petits et beaucoup plus espac\u00e9s que sur l&rsquo;\u00e9cran.<\/p>\n<p>Quant au reste, tout ce que nous pouvions craindre \u00e9tait le brouillard. L&rsquo;\u00e9tat de la mer ne nous inqui\u00e9tait pas, nous \u00e9tions habitu\u00e9s au mauvais temps et avions enti\u00e8rement confiance, tant en notre coque qu&rsquo;en notre moteur.<\/p>\n<p>Le brouillard du matin s&rsquo;\u00e9tait compl\u00e8tement \u00e9vapor\u00e9 quand nous avons quitt\u00e9 <em>Newlyn<\/em>, \u00e0 14h00. Nous avons inform\u00e9s les garde-c\u00f4tes de\u00a0 notre d\u00e9part et de notre destination par VHF.<\/p>\n<p>Nous avions 100 milles \u00e0 parcourir, et tenions \u00e0 arriver de jour \u00e0 l\u2019<em>Aber Wrac\u2019h<\/em>, car ce port se situe au fond d&rsquo;un loch (un <em>aber<\/em>) parsem\u00e9 de petites \u00eeles et de rochers, au milieu desquels il fallait naviguer selon une route bien d\u00e9finie.<\/p>\n<p>La mer \u00e9tait calme, la barre \u00e9tait facile \u00e0 tenir.<br \/>\nComme John pilotait et que j&rsquo;avais du temps \u00e0 perdre, j&rsquo;ai extirp\u00e9 de la soute arri\u00e8re le vieux pilote automatique, trafiqu\u00e9 et sous-dimensionn\u00e9, et bricol\u00e9 un montage de fortune pour voir ce qu&rsquo;il donnerait en action.<br \/>\nApr\u00e8s quelques r\u00e9glages, contre toute attente, le sacr\u00e9 bazar s&rsquo;est mis \u00e0 diriger le bateau!<br \/>\nJohn \u00e9tait furieux contre moi. \u00ab\u00a0<em>Ce truc nous aurait \u00e9vit\u00e9 des heures de barre, si seulement tu l&rsquo;avais sorti plus t\u00f4t!<\/em>\u00a0\u00bb .<br \/>\nCe \u00e0 quoi je lui ai r\u00e9pondu qu&rsquo;il n&rsquo;\u00e9tait pas cens\u00e9 fonctionner au d\u00e9part, qu&rsquo;il avait \u00e9t\u00e9 trafiqu\u00e9 et que toutes ses vis \u00e9taient parties, qu&rsquo;il \u00e9tait sous-dimensionn\u00e9 pour un bateau de 12 tonnes, et que je pouvais le refourguer l\u00e0 o\u00f9 je l&rsquo;avais trouv\u00e9 s&rsquo;il continuait \u00e0 r\u00e2ler.<br \/>\nBon, si je ne l&rsquo;ai pas dit, au moins, je l&rsquo;ai fortement pens\u00e9.<\/p>\n<div id=\"attachment_649\" style=\"width: 310px\" class=\"wp-caption alignleft\"><a href=\"https:\/\/leblanc.pl\/china_blue\/wp-content\/uploads\/2021\/10\/autopilot.jpg\"><img aria-describedby=\"caption-attachment-649\" loading=\"lazy\" class=\"wp-image-649 size-medium\" title=\"Montage bricol\u00e9 du pilote automatique\" src=\"https:\/\/leblanc.pl\/china_blue\/wp-content\/uploads\/2021\/10\/autopilot-300x225.jpg\" alt=\"That damn autopilot\" width=\"300\" height=\"225\" srcset=\"https:\/\/leblanc.pl\/china_blue\/wp-content\/uploads\/2021\/10\/autopilot-300x225.jpg 300w, https:\/\/leblanc.pl\/china_blue\/wp-content\/uploads\/2021\/10\/autopilot-768x576.jpg 768w, https:\/\/leblanc.pl\/china_blue\/wp-content\/uploads\/2021\/10\/autopilot.jpg 1000w\" sizes=\"(max-width: 300px) 100vw, 300px\" \/><\/a><p id=\"caption-attachment-649\" class=\"wp-caption-text\">Bricolage du pilote<\/p><\/div>\n<p>Quoi qu&rsquo;il en fut, un peu plus tard la mer a forci, et le pilote ne pouvait plus \u00e9taler. Nous avons d\u00fb l&rsquo;enlever.<br \/>\n<em>(J&rsquo;ai voulu l&rsquo;essayer \u00e0 nouveau quelques jours plus tard, mais il avait d\u00e9finitivement grill\u00e9)<\/em>.<\/p>\n<div class=\"mceTemp\"><\/div>\n<p>Le premier bateau que nous avons rencontr\u00e9 fut un gros chalutier qui tra\u00e7ait sa route en trainant ses filets. Nous \u00e9tions sur une route de collision, il \u00e9tait prioritaire, j&rsquo;ai donc fait un large d\u00e9tour derri\u00e8re lui, bien \u00e0 distance de quoi que ce fut-ce qu&rsquo;il remorqu\u00e2t.<\/p>\n<p>Nous n&rsquo;avons pas rencontr\u00e9 d&rsquo;autre bateau avant tard dans la soir\u00e9e, quand nous approch\u00e2mes des couloirs de navigation des gros navires.<\/p>\n<p>J&rsquo;ai trouv\u00e9 qu&rsquo;il \u00e9tait plus facile de rep\u00e9rer les bateaux la nuit. La mer \u00e9tait plus calme, le ciel clair et \u00e9toil\u00e9. D&rsquo;un rapide tour d&rsquo;horizon nous d\u00e9tections la moindre petite lumi\u00e8re, qui \u00e9veillait notre attention et que nous surveillions ensuite avec soin.<\/p>\n<p><span style=\"font-size: 16px;\">C&rsquo;\u00e9tait un passe-temps int\u00e9ressant, que d&rsquo;observer les feux des bateaux pour d\u00e9terminer leur cap, leur vitesse, leur taille et la distance qui nous s\u00e9parait d&rsquo;eux. S&rsquo;ils allaient passer devant nous ou derri\u00e8re nous. Voir le reflet de leurs feux sur l&rsquo;eau \u00e9tait une bonne indication de leur imm\u00e9diate proximit\u00e9. Mais nous n&rsquo;e\u00fbmes \u00e0 changer de cap que 2 fois.<\/span><\/p>\n<p>De la myriade de bateaux observ\u00e9s sur le web, nous n&rsquo;en avons vu tout au plus qu&rsquo;une douzaine. Certains nous ont crois\u00e9s devant nous, d&rsquo;autres derri\u00e8re, d&rsquo;autres suivaient des routes diff\u00e9rentes.<\/p>\n<p>Notre\u00a0<span class=\"Y2IQFc\" lang=\"fr\">\u00e9metteur-r\u00e9cepteur AIS \u00e9tait allum\u00e9<\/span>, et r\u00e9gl\u00e9 pour afficher une alarme d\u00e8s qu&rsquo;il d\u00e9tecterait un \u00e9cho dans un rayon de 2 milles. En r\u00e9alit\u00e9, chaque fois que l&rsquo;alarme s&rsquo;est d\u00e9clench\u00e9e, nous avions d\u00e9j\u00e0 rep\u00e9r\u00e9 le bateau depuis un bon moment.<\/p>\n<p>John et moi faisions des quarts de 2 heures, nous permettant de dormir un peu ou du moins de nous relaxer. Ce fut surtout le cas pour moi au matin, quand j&rsquo;ai r\u00e9alis\u00e9 que j&rsquo;avais laiss\u00e9 mon \u00e9quipier 4 heures sur le pont! Nous \u00e9tions d\u00e9j\u00e0 en vue de la c\u00f4te.<\/p>\n<p>Nous avons \u00e9t\u00e9 au moteur toute la nuit, mais avions conserv\u00e9 la voile d&rsquo;avant. Il n&rsquo;y avait pas assez de vent pour nous garder en route, mais elle nous faisait quand-m\u00eame gagner un n\u0153ud et stabilisait le bateau.<\/p>\n<p>Sans doute que nous \u00e9tions tr\u00e8s relax\u00e9s, car nous nous \u00e9tions \u00e9cart\u00e9s de 4 milles de notre route \u00e0 l&rsquo;approche de la c\u00f4te, sans doute \u00e0 cause d&rsquo;un courant que nous n&rsquo;avions pas pris en compte.<\/p>\n<p>Au cas o\u00f9 ma tablette m&rsquo;aurait l\u00e2ch\u00e9 au moment le plus important, je l&rsquo;avais laiss\u00e9e \u00e9teinte toute la nuit. Alors que nous entrions dans le loch de l\u2019<em>Aber Wrac\u2019h<\/em>, je l&rsquo;ai rallum\u00e9e pour \u00eatre bien s\u00fbr que nous suivions exactement la route que j&rsquo;avais trac\u00e9e sur sa carte.<br \/>\nJ&rsquo;admets que c&rsquo;\u00e9tait une solution facile, mais c&rsquo;\u00e9tait bien rassurant alors que nous naviguions entre \u00eeles et rochers.<\/p>\n<p>Comme nous approchions de l&rsquo;entr\u00e9e de la marina, un employ\u00e9 du port nous a abord\u00e9 sur un canot pneumatique. Voyant notre drapeau, il a essay\u00e9 de parler anglais mais mon accent du sud de la France l&rsquo;a imm\u00e9diatement mis \u00e0 l&rsquo;aise. Il nous a recommand\u00e9 de le suivre, nous a guid\u00e9 vers notre emplacement et nous a aid\u00e9 \u00e0 nous amarrer. Nous avons beaucoup appr\u00e9ci\u00e9 cet accueil tr\u00e8s professionnel.<\/p>\n<div id=\"attachment_650\" style=\"width: 601px\" class=\"wp-caption aligncenter\"><a href=\"https:\/\/leblanc.pl\/china_blue\/wp-content\/uploads\/2021\/10\/Aber-Wrach.jpg\"><img aria-describedby=\"caption-attachment-650\" loading=\"lazy\" class=\"wp-image-650 \" title=\"L'Aber Wrac'h\" src=\"https:\/\/leblanc.pl\/china_blue\/wp-content\/uploads\/2021\/10\/Aber-Wrach.jpg\" alt=\"L'Aber Wrac'h\" width=\"591\" height=\"330\" srcset=\"https:\/\/leblanc.pl\/china_blue\/wp-content\/uploads\/2021\/10\/Aber-Wrach.jpg 1000w, https:\/\/leblanc.pl\/china_blue\/wp-content\/uploads\/2021\/10\/Aber-Wrach-300x167.jpg 300w, https:\/\/leblanc.pl\/china_blue\/wp-content\/uploads\/2021\/10\/Aber-Wrach-768x429.jpg 768w\" sizes=\"(max-width: 591px) 100vw, 591px\" \/><\/a><p id=\"caption-attachment-650\" class=\"wp-caption-text\">L&rsquo;Aber Wrac&rsquo;h<\/p><\/div>\n<hr \/>\n<p>Nous avions une bonne raison de choisir l\u2019<em>Aber Wrac\u2019h<\/em> comme point d&rsquo;atterrissage en France: mon fr\u00e8re <em>Fr\u00e9d\u00e9ric<\/em>, qui vit \u00e0 2 heures de route, \u00e9tait l\u00e0 pour nous accueillir, et nous emmener passer la soir\u00e9e et la nuit chez lui, apr\u00e8s un bon repas pris en route.<\/p>\n<div id=\"attachment_661\" style=\"width: 310px\" class=\"wp-caption alignleft\"><a href=\"https:\/\/leblanc.pl\/china_blue\/wp-content\/uploads\/2021\/10\/Karim_1.jpg\"><img aria-describedby=\"caption-attachment-661\" loading=\"lazy\" class=\"wp-image-661 size-medium\" title=\"Karim, my french crewmate!\" src=\"https:\/\/leblanc.pl\/china_blue\/wp-content\/uploads\/2021\/10\/Karim_1-300x184.jpg\" alt=\"Karim, my french crewmate!\" width=\"300\" height=\"184\" srcset=\"https:\/\/leblanc.pl\/china_blue\/wp-content\/uploads\/2021\/10\/Karim_1-300x184.jpg 300w, https:\/\/leblanc.pl\/china_blue\/wp-content\/uploads\/2021\/10\/Karim_1-768x470.jpg 768w, https:\/\/leblanc.pl\/china_blue\/wp-content\/uploads\/2021\/10\/Karim_1.jpg 1000w\" sizes=\"(max-width: 300px) 100vw, 300px\" \/><\/a><p id=\"caption-attachment-661\" class=\"wp-caption-text\">Karim, my french crewmate!<\/p><\/div>\n<p>Mon neveu <em><strong>Karim<\/strong><\/em>, jeune c\u00e9libataire de 33 ans, s&rsquo;\u00e9tait port\u00e9 volontaire pour \u00eatre mon nouvel \u00e9quipier, John ayant termin\u00e9 ses fonctions. Nous l&rsquo;avons r\u00e9cup\u00e9r\u00e9 \u00e0 la gare de <em>Saint Brieuc<\/em>, et nous avons pass\u00e9 la soir\u00e9e avec l&rsquo;ancien \u00e9quipier et le nouveau r\u00e9unis.<\/p>\n<p>Comme toujours, une soir\u00e9e avec mon fr\u00e8re, que je vois au maximum 2 fois par an, promettait d&rsquo;\u00eatre\u2026 int\u00e9ressante.<br \/>\nDe plus, nous voulions honorer la pr\u00e9sence de John, qui prenait le train le lendemain matin pour son long voyage de retour \u00e0 York.<\/p>\n<p>Ce fut vraiment un bon moment, avec tr\u00e8s peu de sommeil pour certains d&rsquo;entre nous<\/p>\n<hr \/>\n<p>Karim et moi avons aussi pris le train, plus tard le lendemain, pour l\u2019<em>Aber Wrac\u2019h<\/em>.<\/p>\n<p>Avant de naviguer, je voulais passer une journ\u00e9e avec lui sur China Blue et lui expliquer ce que serait sa mission.<\/p>\n<p>Nous en avons profit\u00e9 pour prendre un bus et aller faire un peu de ravitaillement, et le soir nous avons din\u00e9 dans une petite cr\u00eaperie avec <em>Fanny<\/em>, une jolie jeune fille amie de Karim, vivant \u00e0 <em>Brest<\/em>. Elle nous avait \u00e9t\u00e9 d&rsquo;une grande aide la veille, nous conduisant de \u00a0<em>Brest<\/em> \u00e0 l\u2019<em>Aber Wrac\u2019h<\/em> alors que notre train avait pris du retard et que le dernier bus \u00e9tait parti.<\/p>\n<h3>Maintenant, la partie fran\u00e7aise de notre voyage pouvait commencer!<\/h3>\n<p class=\"tw-data-text tw-text-large XcVN5d tw-ta\" dir=\"ltr\" style=\"text-align: right;\" data-placeholder=\"Traduction\"><em><span class=\"Y2IQFc\" lang=\"fr\">(<a href=\"https:\/\/leblanc.pl\/china_blue\/index.php\/toute-lhistoire\/chapter-12-first-sailing-in-brittany\/\">\u00c0 suivre<\/a>)<\/span><\/em><\/p>\n","protected":false},"excerpt":{"rendered":"<p>De Newlyn \u00e0 L\u2019Aber Wrac\u2019h &#8211; Au milieu des gros bateaux Eh bien, nous y \u00e9tions. Nous avions longuement pr\u00e9par\u00e9 la travers\u00e9e de la Manche, du moins mentalement, comme le plat de r\u00e9sistance de notre aventure. En fait, qu&rsquo;est-ce que &hellip; <a href=\"https:\/\/leblanc.pl\/china_blue\/index.php\/the-whole-story\/chapter-11-france-here-we-come\/\">Continuer la lecture <span class=\"meta-nav\">&rarr;<\/span><\/a><\/p>\n","protected":false},"author":1,"featured_media":0,"parent":545,"menu_order":0,"comment_status":"open","ping_status":"closed","template":"","meta":[],"_links":{"self":[{"href":"https:\/\/leblanc.pl\/china_blue\/index.php\/wp-json\/wp\/v2\/pages\/643"}],"collection":[{"href":"https:\/\/leblanc.pl\/china_blue\/index.php\/wp-json\/wp\/v2\/pages"}],"about":[{"href":"https:\/\/leblanc.pl\/china_blue\/index.php\/wp-json\/wp\/v2\/types\/page"}],"author":[{"embeddable":true,"href":"https:\/\/leblanc.pl\/china_blue\/index.php\/wp-json\/wp\/v2\/users\/1"}],"replies":[{"embeddable":true,"href":"https:\/\/leblanc.pl\/china_blue\/index.php\/wp-json\/wp\/v2\/comments?post=643"}],"version-history":[{"count":11,"href":"https:\/\/leblanc.pl\/china_blue\/index.php\/wp-json\/wp\/v2\/pages\/643\/revisions"}],"predecessor-version":[{"id":1211,"href":"https:\/\/leblanc.pl\/china_blue\/index.php\/wp-json\/wp\/v2\/pages\/643\/revisions\/1211"}],"up":[{"embeddable":true,"href":"https:\/\/leblanc.pl\/china_blue\/index.php\/wp-json\/wp\/v2\/pages\/545"}],"wp:attachment":[{"href":"https:\/\/leblanc.pl\/china_blue\/index.php\/wp-json\/wp\/v2\/media?parent=643"}],"curies":[{"name":"wp","href":"https:\/\/api.w.org\/{rel}","templated":true}]}}