{"id":583,"date":"2021-10-03T22:08:06","date_gmt":"2021-10-03T20:08:06","guid":{"rendered":"https:\/\/leblanc.pl\/china_blue\/?page_id=583"},"modified":"2022-05-05T16:00:51","modified_gmt":"2022-05-05T14:00:51","slug":"chapter-9-short-afternoon-sail","status":"publish","type":"page","link":"https:\/\/leblanc.pl\/china_blue\/index.php\/the-whole-story\/chapter-9-short-afternoon-sail\/","title":{"rendered":"Chapitre 9 &#8211; Courte navigation d&rsquo;apr\u00e8s-midi"},"content":{"rendered":"<h2><u>De Padstow \u00e0 Newquay bay &#8211; Une nuit tranquille \u00e0 l&rsquo;ancre<\/u><\/h2>\n<p>Notre prochaine longue navigation devait nous amener \u00e0 Newlyn, en Cornouailles, dans la baie de Penzance.<\/p>\n<p>Mais nous devions sortir de Padstow et de son chenal ass\u00e9chant, pour nous mettre \u00e0 l&rsquo;ancre en dehors afin de pouvoir nous mettre en route\u00a0 t\u00f4t le lendemain matin.<\/p>\n<p>Nous avions d&rsquo;abord choisi un joli mouillage dans la baie de Padstow, que nous avions rep\u00e9r\u00e9 la veille. Mais a John sugg\u00e9r\u00e9 que nous cherchions un mouillage plus loin sur notre route, qui raccourcirait d&rsquo;autant notre navigation du lendemain.<\/p>\n<p>Nous avions le temps, la m\u00e9t\u00e9o \u00e9tait cl\u00e9mente, et la mar\u00e9e nous permis de quitter Padstow \u00e0 15h00.<br \/>\nNous nous rendions dans la baie de Newquay, quelques 15 milles plus bas sur la c\u00f4te. En plus de nous faire gagner 3 heures sur notre navigation du lendemain, elle offrait une c\u00f4te en pente douce qui nous assurerait un mouillage tranquille par 5 m\u00e8tres de fond \u00e0 mar\u00e9e basse.<\/p>\n<p>Ce fut une agr\u00e9able petite navigation d&rsquo;apr\u00e8s-midi. Nous avons pris notre temps, hissant les voiles bien que la petite brise n&rsquo;ait pas \u00e9t\u00e9 en notre faveur, tirant quelques bords \u00e0 vitesse r\u00e9duite.<\/p>\n<p>Nous avons fini par jeter l&rsquo;ancre vers 20h00 dans une petite anse bien abrit\u00e9e, et commenc\u00e9 \u00e0 appr\u00e9cier une soir\u00e9e paisible, ainsi que les derni\u00e8res bi\u00e8res que nous avions \u00e0 bord.<\/p>\n<p>John a sorti son nouvel \u00e9quipement de p\u00eache, et j&rsquo;ai pu une fois de plus juger de sa patience (bien que non-r\u00e9compens\u00e9e).<\/p>\n<p>Nous avions relev\u00e9 l&rsquo;azimut de quelques amers sur la c\u00f4te, et les contr\u00f4lions de temps en temps. Mais la mer \u00e9tait calme, sans aucune houle, et nous n&rsquo;avons pas boug\u00e9 jusqu&rsquo;au moment de lever l&rsquo;ancre, au petit matin.<\/p>\n<h3>Apr\u00e8s l&rsquo;\u00e9tape dans Padstow, peupl\u00e9e et anim\u00e9e, <span class=\"Y2IQFc\" lang=\"fr\">c&rsquo;\u00e9tait un sentiment \u00e9trange mais agr\u00e9able d&rsquo;attendre tranquillement la tomb\u00e9e de la nuit.<\/span><\/h3>\n<p class=\"tw-data-text tw-text-large XcVN5d tw-ta\" dir=\"ltr\" style=\"text-align: right;\" data-placeholder=\"Traduction\"><em><span class=\"Y2IQFc\" lang=\"fr\">(<a href=\"https:\/\/leblanc.pl\/china_blue\/index.php\/toute-lhistoire\/chapter-10-last-sail-in-england\/\">\u00c0 suivre<\/a>)<\/span><\/em><\/p>\n<div id=\"attachment_590\" style=\"width: 465px\" class=\"wp-caption aligncenter\"><a href=\"https:\/\/leblanc.pl\/china_blue\/wp-content\/uploads\/2021\/10\/newquay_bay1.jpg\"><img aria-describedby=\"caption-attachment-590\" loading=\"lazy\" class=\"wp-image-590\" title=\"Dans la baie de Newquay\" src=\"https:\/\/leblanc.pl\/china_blue\/wp-content\/uploads\/2021\/10\/newquay_bay1-300x164.jpg\" alt=\"Dans la baie de Newquay\" width=\"455\" height=\"249\" srcset=\"https:\/\/leblanc.pl\/china_blue\/wp-content\/uploads\/2021\/10\/newquay_bay1-300x164.jpg 300w, https:\/\/leblanc.pl\/china_blue\/wp-content\/uploads\/2021\/10\/newquay_bay1-768x420.jpg 768w, https:\/\/leblanc.pl\/china_blue\/wp-content\/uploads\/2021\/10\/newquay_bay1.jpg 990w\" sizes=\"(max-width: 455px) 100vw, 455px\" \/><\/a><p id=\"caption-attachment-590\" class=\"wp-caption-text\">Dans la baie de Newquay<\/p><\/div>\n","protected":false},"excerpt":{"rendered":"<p>De Padstow \u00e0 Newquay bay &#8211; Une nuit tranquille \u00e0 l&rsquo;ancre Notre prochaine longue navigation devait nous amener \u00e0 Newlyn, en Cornouailles, dans la baie de Penzance. Mais nous devions sortir de Padstow et de son chenal ass\u00e9chant, pour nous &hellip; <a href=\"https:\/\/leblanc.pl\/china_blue\/index.php\/the-whole-story\/chapter-9-short-afternoon-sail\/\">Continuer la lecture <span class=\"meta-nav\">&rarr;<\/span><\/a><\/p>\n","protected":false},"author":1,"featured_media":0,"parent":545,"menu_order":0,"comment_status":"open","ping_status":"closed","template":"","meta":[],"_links":{"self":[{"href":"https:\/\/leblanc.pl\/china_blue\/index.php\/wp-json\/wp\/v2\/pages\/583"}],"collection":[{"href":"https:\/\/leblanc.pl\/china_blue\/index.php\/wp-json\/wp\/v2\/pages"}],"about":[{"href":"https:\/\/leblanc.pl\/china_blue\/index.php\/wp-json\/wp\/v2\/types\/page"}],"author":[{"embeddable":true,"href":"https:\/\/leblanc.pl\/china_blue\/index.php\/wp-json\/wp\/v2\/users\/1"}],"replies":[{"embeddable":true,"href":"https:\/\/leblanc.pl\/china_blue\/index.php\/wp-json\/wp\/v2\/comments?post=583"}],"version-history":[{"count":10,"href":"https:\/\/leblanc.pl\/china_blue\/index.php\/wp-json\/wp\/v2\/pages\/583\/revisions"}],"predecessor-version":[{"id":1209,"href":"https:\/\/leblanc.pl\/china_blue\/index.php\/wp-json\/wp\/v2\/pages\/583\/revisions\/1209"}],"up":[{"embeddable":true,"href":"https:\/\/leblanc.pl\/china_blue\/index.php\/wp-json\/wp\/v2\/pages\/545"}],"wp:attachment":[{"href":"https:\/\/leblanc.pl\/china_blue\/index.php\/wp-json\/wp\/v2\/media?parent=583"}],"curies":[{"name":"wp","href":"https:\/\/api.w.org\/{rel}","templated":true}]}}