{"id":545,"date":"2021-10-03T13:08:52","date_gmt":"2021-10-03T11:08:52","guid":{"rendered":"https:\/\/leblanc.pl\/china_blue\/?page_id=545"},"modified":"2022-05-04T22:06:29","modified_gmt":"2022-05-04T20:06:29","slug":"the-whole-story","status":"publish","type":"page","link":"https:\/\/leblanc.pl\/china_blue\/index.php\/the-whole-story\/","title":{"rendered":"Toute l&rsquo;histoire?"},"content":{"rendered":"<h2>Pr\u00e9ambule&#8230;<\/h2>\n<p>Au dessous de ce menu, vous trouverez les r\u00e9cits de toutes les \u00e9tapes de notre voyage.<br \/>\nIls sont organis\u00e9s en chapitres.<\/p>\n<p>J&rsquo;ai du mal \u00e0 faire court.<br \/>\nAu fur et \u00e0 mesure de leur \u00e9criture, largement aid\u00e9e par la relecture du livre de bord, les souvenirs me revenaient en m\u00e9moire. J&rsquo;ai pris le parti de tout consigner, pour ne rien oublier.<br \/>\nPour que ce ne soit pas trop r\u00e9barbatif, j&rsquo;ai agr\u00e9ment\u00e9 de quelques photos, lorsque j&rsquo;en avais, et je vous ai \u00e9pargn\u00e9 longitudes, latitudes, pressions atmosph\u00e9riques et autre n\u00e9bulosit\u00e9s.<\/p>\n<p>Mais \u00e7a peut \u00eatre long quand-m\u00eame.<br \/>\nJe ne r\u00eave m\u00eame pas que vous lisiez tout d&rsquo;un coup, en fait je serai tr\u00e8s heureux si d\u00e9j\u00e0 vous lisiez un ou deux chapitres, m\u00eame au hasard.<\/p>\n<h3>Apr\u00e8s&#8230; Ce n&rsquo;est plus de mon ressort&#8230; !<\/h3>\n<p>&nbsp;<\/p>\n","protected":false},"excerpt":{"rendered":"<p>Pr\u00e9ambule&#8230; Au dessous de ce menu, vous trouverez les r\u00e9cits de toutes les \u00e9tapes de notre voyage. Ils sont organis\u00e9s en chapitres. J&rsquo;ai du mal \u00e0 faire court. Au fur et \u00e0 mesure de leur \u00e9criture, largement aid\u00e9e par la &hellip; <a href=\"https:\/\/leblanc.pl\/china_blue\/index.php\/the-whole-story\/\">Continuer la lecture <span class=\"meta-nav\">&rarr;<\/span><\/a><\/p>\n","protected":false},"author":1,"featured_media":0,"parent":0,"menu_order":0,"comment_status":"open","ping_status":"closed","template":"","meta":[],"_links":{"self":[{"href":"https:\/\/leblanc.pl\/china_blue\/index.php\/wp-json\/wp\/v2\/pages\/545"}],"collection":[{"href":"https:\/\/leblanc.pl\/china_blue\/index.php\/wp-json\/wp\/v2\/pages"}],"about":[{"href":"https:\/\/leblanc.pl\/china_blue\/index.php\/wp-json\/wp\/v2\/types\/page"}],"author":[{"embeddable":true,"href":"https:\/\/leblanc.pl\/china_blue\/index.php\/wp-json\/wp\/v2\/users\/1"}],"replies":[{"embeddable":true,"href":"https:\/\/leblanc.pl\/china_blue\/index.php\/wp-json\/wp\/v2\/comments?post=545"}],"version-history":[{"count":7,"href":"https:\/\/leblanc.pl\/china_blue\/index.php\/wp-json\/wp\/v2\/pages\/545\/revisions"}],"predecessor-version":[{"id":1096,"href":"https:\/\/leblanc.pl\/china_blue\/index.php\/wp-json\/wp\/v2\/pages\/545\/revisions\/1096"}],"wp:attachment":[{"href":"https:\/\/leblanc.pl\/china_blue\/index.php\/wp-json\/wp\/v2\/media?parent=545"}],"curies":[{"name":"wp","href":"https:\/\/api.w.org\/{rel}","templated":true}]}}