{"id":463,"date":"2021-09-30T20:50:07","date_gmt":"2021-09-30T18:50:07","guid":{"rendered":"https:\/\/leblanc.pl\/china_blue\/?page_id=463"},"modified":"2022-05-05T00:33:33","modified_gmt":"2022-05-04T22:33:33","slug":"video-first-leg-glasgow-to-troon","status":"publish","type":"page","link":"https:\/\/leblanc.pl\/china_blue\/index.php\/videos\/video-first-leg-glasgow-to-troon\/","title":{"rendered":"Vid\u00e9o premi\u00e8re \u00e9tape"},"content":{"rendered":"<p class=\"text-align:left;\">Deux vid\u00e9os, compilations des vid\u00e9os de notre premi\u00e8re \u00e9tape, de Glasgow \u00e0 Troon.<\/p>\n<h3 style=\"text-align: center;\">N&rsquo;h\u00e9sitez pas \u00e0 les visualiser en plein \u00e9cran!<\/h3>\n<p style=\"text-align: center;\"><span style=\"color: #ff0000;\">et activez les sous-titres !<\/span><\/p>\n<p style=\"text-align: center;\"><iframe loading=\"lazy\" title=\"YouTube video player\" src=\"https:\/\/www.youtube.com\/embed\/O50YDQYI7T4?rel=0\" width=\"560\" height=\"315\" frameborder=\"0\" allowfullscreen=\"allowfullscreen\"><\/iframe><\/p>\n<p style=\"text-align: center;\"><iframe loading=\"lazy\" title=\"YouTube video player\" src=\"https:\/\/www.youtube.com\/embed\/LgTOqEnmUnc?rel=0\" width=\"560\" height=\"315\" frameborder=\"0\" allowfullscreen=\"allowfullscreen\"><\/iframe><\/p>\n","protected":false},"excerpt":{"rendered":"<p>Deux vid\u00e9os, compilations des vid\u00e9os de notre premi\u00e8re \u00e9tape, de Glasgow \u00e0 Troon. N&rsquo;h\u00e9sitez pas \u00e0 les visualiser en plein \u00e9cran! et activez les sous-titres !<\/p>\n","protected":false},"author":1,"featured_media":0,"parent":2,"menu_order":0,"comment_status":"open","ping_status":"closed","template":"","meta":[],"_links":{"self":[{"href":"https:\/\/leblanc.pl\/china_blue\/index.php\/wp-json\/wp\/v2\/pages\/463"}],"collection":[{"href":"https:\/\/leblanc.pl\/china_blue\/index.php\/wp-json\/wp\/v2\/pages"}],"about":[{"href":"https:\/\/leblanc.pl\/china_blue\/index.php\/wp-json\/wp\/v2\/types\/page"}],"author":[{"embeddable":true,"href":"https:\/\/leblanc.pl\/china_blue\/index.php\/wp-json\/wp\/v2\/users\/1"}],"replies":[{"embeddable":true,"href":"https:\/\/leblanc.pl\/china_blue\/index.php\/wp-json\/wp\/v2\/comments?post=463"}],"version-history":[{"count":15,"href":"https:\/\/leblanc.pl\/china_blue\/index.php\/wp-json\/wp\/v2\/pages\/463\/revisions"}],"predecessor-version":[{"id":1189,"href":"https:\/\/leblanc.pl\/china_blue\/index.php\/wp-json\/wp\/v2\/pages\/463\/revisions\/1189"}],"up":[{"embeddable":true,"href":"https:\/\/leblanc.pl\/china_blue\/index.php\/wp-json\/wp\/v2\/pages\/2"}],"wp:attachment":[{"href":"https:\/\/leblanc.pl\/china_blue\/index.php\/wp-json\/wp\/v2\/media?parent=463"}],"curies":[{"name":"wp","href":"https:\/\/api.w.org\/{rel}","templated":true}]}}