{"id":423,"date":"2021-09-30T09:49:34","date_gmt":"2021-09-30T07:49:34","guid":{"rendered":"https:\/\/leblanc.pl\/china_blue\/?page_id=423"},"modified":"2022-05-05T15:50:49","modified_gmt":"2022-05-05T13:50:49","slug":"chapter-6-wales-to-wales","status":"publish","type":"page","link":"https:\/\/leblanc.pl\/china_blue\/index.php\/the-whole-story\/chapter-6-wales-to-wales\/","title":{"rendered":"Chapitre 6 &#8211; Du Pays de Galles au Pays de Galles!"},"content":{"rendered":"<h2><u>De Pwllheli \u00e0 Aberystwyth &#8211; Une travers\u00e9e tranquille<\/u><\/h2>\n<p>Nous \u00e9tions \u00e0 nouveau, mon comp\u00e8re John et m\u00e9zigues, comme au bon vieux temps (qui remontait juste \u00e0 3 semaines).<\/p>\n<p>Gina \u00e9tait en s\u00e9curit\u00e9 \u00e0 la maison, mais nous suivait sur internet gr\u00e2ce \u00e0 notre transpondeur AIS.<\/p>\n<div id=\"attachment_413\" style=\"width: 177px\" class=\"wp-caption alignleft\"><a href=\"https:\/\/leblanc.pl\/china_blue\/wp-content\/uploads\/2021\/09\/northumbria.jpg\"><img aria-describedby=\"caption-attachment-413\" loading=\"lazy\" class=\"wp-image-413 size-medium\" title=\"Hissez les couleurs du Northumbria!\" src=\"https:\/\/leblanc.pl\/china_blue\/wp-content\/uploads\/2021\/09\/northumbria-167x300.jpg\" alt=\"Hissez les couleurs du Northumbria!\" width=\"167\" height=\"300\" srcset=\"https:\/\/leblanc.pl\/china_blue\/wp-content\/uploads\/2021\/09\/northumbria-167x300.jpg 167w, https:\/\/leblanc.pl\/china_blue\/wp-content\/uploads\/2021\/09\/northumbria.jpg 482w\" sizes=\"(max-width: 167px) 100vw, 167px\" \/><\/a><p id=\"caption-attachment-413\" class=\"wp-caption-text\">Hissez les couleurs du Northumbria!<\/p><\/div>\n<p>Apr\u00e8s cette longue pause \u00e0 Pwllheli, apr\u00e8s avoir remplac\u00e9 les cordages des voiles et am\u00e9lior\u00e9 leur organisation, fait le plein de gasoil, et, surtout, apr\u00e8s que John e\u00fbt hiss\u00e9 son pavillon du<strong><em> Northumbria<\/em><\/strong> sur notre m\u00e2t avant, nous \u00e9tions fin pr\u00eats pour reprendre le voyage.<\/p>\n<p>La travers\u00e9e de Pwllheli \u00e0 Aberystwyth ne pr\u00e9sentait pas de grosses difficult\u00e9s.<\/p>\n<p>Nous ne pouvions cependant pas tracer une ligne droite sur la carte. Il fallait arrondir le St Patrick\u2019s Causeway, environ \u00e0 mi-chemin de notre route, puis les Cynfelyn Patches, \u00e0 l&rsquo;ouest de notre destination.<\/p>\n<p>Les deux \u00e9taient signal\u00e9s par des cardinales ouest, faciles \u00e0 rep\u00e9rer en mer et points de passages pratiques pour nos changements de caps.<\/p>\n<p>L&rsquo;entr\u00e9e dans le port d&rsquo;Aberystwyth devait \u00e9galement \u00eatre n\u00e9goci\u00e9e dans les 2 heures avant la pleine mer.<br \/>\nNous avons toujours estim\u00e9 notre vitesse \u00e0 5 n\u0153uds, il y avait environ 36 milles \u00e0 courir et la mar\u00e9e haute \u00e9tait \u00e0 15h00, nous avons donc d\u00e9cid\u00e9 de larguer les amarres vers 05h00 pour arriver \u00e0 peu pr\u00e8s au bon moment, avec une marge de s\u00e9curit\u00e9. En fait, nous avons d\u00fb ralentir \u00e0 la fin du trajet.<\/p>\n<div id=\"attachment_415\" style=\"width: 310px\" class=\"wp-caption alignright\"><a href=\"https:\/\/leblanc.pl\/china_blue\/wp-content\/uploads\/2021\/09\/grey-sky.jpg\"><img aria-describedby=\"caption-attachment-415\" loading=\"lazy\" class=\"wp-image-415 size-medium\" title=\"Petit matin nuageux sous voiles\" src=\"https:\/\/leblanc.pl\/china_blue\/wp-content\/uploads\/2021\/09\/grey-sky-300x151.jpg\" alt=\"Petit matin nuageux sous voiles\" width=\"300\" height=\"151\" srcset=\"https:\/\/leblanc.pl\/china_blue\/wp-content\/uploads\/2021\/09\/grey-sky-300x151.jpg 300w, https:\/\/leblanc.pl\/china_blue\/wp-content\/uploads\/2021\/09\/grey-sky-768x387.jpg 768w, https:\/\/leblanc.pl\/china_blue\/wp-content\/uploads\/2021\/09\/grey-sky.jpg 1000w\" sizes=\"(max-width: 300px) 100vw, 300px\" \/><\/a><p id=\"caption-attachment-415\" class=\"wp-caption-text\">Petit matin nuageux sous voiles<\/p><\/div>\n<p>Nous avons pris l&rsquo;habitude de tracer d&rsquo;abord notre route sur la carte papier, ensuite sur ma tablette Android, et enfin sur notre nouveau traceur. Ce dernier n&rsquo;est vraiment pas pratique pour tracer des routes, car il n&rsquo;a malheureusement pas d&rsquo;\u00e9cran tactile. Mais une fois qu&rsquo;on y est arriv\u00e9, il se r\u00e9v\u00e8le une aide pr\u00e9cieuse pour la navigation.<\/p>\n<p>Le jour n&rsquo;\u00e9tait pas encore lev\u00e9 quand nous avons quitt\u00e9 Pwllheli. Je gardais un mauvais souvenir de l&rsquo;\u00e9chouage lors de notre arriv\u00e9e, et je n&rsquo;avais aucune envie de recommencer. Mais j&rsquo;avais obtenu des conseils pr\u00e9cieux pour n\u00e9gocier le chenal, par un \u00ab\u00a0h\u00e9ros local\u00a0\u00bb en la personne de <strong>Ian Herbert Jones<\/strong>, qui \u00e9tait en train de pr\u00e9parer\u00a0<strong><i>\u00a0<\/i><\/strong>\u201c<em><strong>Puffin<\/strong><\/em>\u201d, son <strong><i>Tradewind 35 Cutter Rig <\/i><\/strong><i>(c\u00f4tre)<\/i><strong><i>, <\/i><\/strong>pour la prochaine course autour du monde sans escale,\u00a0 la <strong>Golden Globe Race<\/strong> en 2022. Ian est un type tr\u00e8s aimable et serviable. Vous pouvez visiter son site web sur <a href=\"https:\/\/www.hjsailing.com\/\" target=\"_blank\" rel=\"noopener\">https:\/\/www.hjsailing.com\/<\/a> .<\/p>\n<div id=\"attachment_417\" style=\"width: 310px\" class=\"wp-caption alignright\"><a href=\"https:\/\/leblanc.pl\/china_blue\/wp-content\/uploads\/2021\/09\/puffin.jpg\"><img aria-describedby=\"caption-attachment-417\" loading=\"lazy\" class=\"wp-image-417 size-medium\" title=\"Le c\u00f4tre Tradewind 35 &quot;Puffin&quot; de Ian Herbert Jones\" src=\"https:\/\/leblanc.pl\/china_blue\/wp-content\/uploads\/2021\/09\/puffin-300x108.jpg\" alt=\"Le &quot;Puffin&quot; de Ian Herbert Jones\" width=\"300\" height=\"108\" srcset=\"https:\/\/leblanc.pl\/china_blue\/wp-content\/uploads\/2021\/09\/puffin-300x108.jpg 300w, https:\/\/leblanc.pl\/china_blue\/wp-content\/uploads\/2021\/09\/puffin-768x276.jpg 768w, https:\/\/leblanc.pl\/china_blue\/wp-content\/uploads\/2021\/09\/puffin.jpg 1000w\" sizes=\"(max-width: 300px) 100vw, 300px\" \/><\/a><p id=\"caption-attachment-417\" class=\"wp-caption-text\">Le \u00ab\u00a0Puffin\u00a0\u00bb de Ian Herbert Jones<\/p><\/div>\n<p>En plus des conseils de Ian, j&rsquo;avais install\u00e9 un projecteur longe-port\u00e9e que j&rsquo;avais trouv\u00e9 dans le bazar de China Blue. Il m&rsquo;a \u00e9t\u00e9 d&rsquo;un grand secours pour \u00e9clairer les balises du chenal, leur lent clignotement\u00a0 les faisant dispara\u00eetre trop longtemps \u00e0 mon go\u00fbt.<\/p>\n<p>En entrant dans le port d&rsquo;Aberystwyth , nous avons fait usage de notre corne de brume manuelle pour essayer de disperser des paddle-boarders qui se baladaient au milieu du chenal. Cela n&rsquo;eut aucun effet, mais nous les avons \u00e9vit\u00e9s sans plus de mal que quelques sourires.<\/p>\n<p>Je me souviendrai d&rsquo;Aberystwyth en partie pour le luxe surprenant du bureau du port et des sanitaires.<br \/>\nLe bureau ressemblait au hall d&rsquo;entr\u00e9e d&rsquo;un palace 5 \u00e9toiles. Quant aux douches et toilettes, elles \u00e9taient constitu\u00e9es de 4 salles de bains individuelles dignes d&rsquo;un grand h\u00f4tel, en tous cas plus luxueuses que celles qu&rsquo;on a \u00e0 la maison. Ne manquez pas la vid\u00e9o dans la section <em><a href=\"https:\/\/leblanc.pl\/china_blue\/index.php\/page-d-exemple\/\" target=\"_blank\" rel=\"noopener\">videos<\/a> <\/em>du site.<\/p>\n<p>Nous avons bien s\u00fbr bu quelques bi\u00e8res au <strong><em>Ship and Castle<\/em><\/strong> pub, suivies par le Fish-and-Chips de circonstance.<\/p>\n<p>Notre prochaine travers\u00e9e vers <strong>Milford Haven<\/strong> devant \u00eatre une \u00e9tape nocturne, nous avions tout notre temps le lendemain matin.<\/p>\n<div id=\"attachment_416\" style=\"width: 310px\" class=\"wp-caption alignleft\"><a href=\"https:\/\/leblanc.pl\/china_blue\/wp-content\/uploads\/2021\/09\/morning_sail.jpg\"><img aria-describedby=\"caption-attachment-416\" loading=\"lazy\" class=\"wp-image-416 size-medium\" src=\"https:\/\/leblanc.pl\/china_blue\/wp-content\/uploads\/2021\/09\/morning_sail-300x151.jpg\" alt=\"M\u00eame si parfois notre sillage n'est pas trop droit...\" width=\"300\" height=\"151\" srcset=\"https:\/\/leblanc.pl\/china_blue\/wp-content\/uploads\/2021\/09\/morning_sail-300x151.jpg 300w, https:\/\/leblanc.pl\/china_blue\/wp-content\/uploads\/2021\/09\/morning_sail-768x387.jpg 768w, https:\/\/leblanc.pl\/china_blue\/wp-content\/uploads\/2021\/09\/morning_sail.jpg 1000w\" sizes=\"(max-width: 300px) 100vw, 300px\" \/><\/a><p id=\"caption-attachment-416\" class=\"wp-caption-text\">M\u00eame si parfois notre sillage n&rsquo;est pas trop droit&#8230;<\/p><\/div>\n<p>Sur les 9 heures qu&rsquo;aura dur\u00e9 la travers\u00e9e depuis Pwllheli, nous avons r\u00e9ussi \u00e0 faire 6 heures <strong><em>sans moteur<\/em><\/strong> (vous vous rendez compte?!).<\/p>\n<h3>Alors, tout bien consid\u00e9r\u00e9, hormis l&rsquo;absence de Gina, je peux affirmer que ce passage de Pwllheli \u00e0 Aberystwyth fut une belle fa\u00e7on de reprendre notre voyage vers la France.<\/h3>\n<p style=\"text-align: right;\"><em>(<a href=\"https:\/\/leblanc.pl\/china_blue\/index.php\/toute-lhistoire\/chapter-7-wales-again\/\">A suivre<\/a>)<\/em><\/p>\n","protected":false},"excerpt":{"rendered":"<p>De Pwllheli \u00e0 Aberystwyth &#8211; Une travers\u00e9e tranquille Nous \u00e9tions \u00e0 nouveau, mon comp\u00e8re John et m\u00e9zigues, comme au bon vieux temps (qui remontait juste \u00e0 3 semaines). Gina \u00e9tait en s\u00e9curit\u00e9 \u00e0 la maison, mais nous suivait sur internet &hellip; <a href=\"https:\/\/leblanc.pl\/china_blue\/index.php\/the-whole-story\/chapter-6-wales-to-wales\/\">Continuer la lecture <span class=\"meta-nav\">&rarr;<\/span><\/a><\/p>\n","protected":false},"author":1,"featured_media":0,"parent":545,"menu_order":0,"comment_status":"open","ping_status":"closed","template":"","meta":[],"_links":{"self":[{"href":"https:\/\/leblanc.pl\/china_blue\/index.php\/wp-json\/wp\/v2\/pages\/423"}],"collection":[{"href":"https:\/\/leblanc.pl\/china_blue\/index.php\/wp-json\/wp\/v2\/pages"}],"about":[{"href":"https:\/\/leblanc.pl\/china_blue\/index.php\/wp-json\/wp\/v2\/types\/page"}],"author":[{"embeddable":true,"href":"https:\/\/leblanc.pl\/china_blue\/index.php\/wp-json\/wp\/v2\/users\/1"}],"replies":[{"embeddable":true,"href":"https:\/\/leblanc.pl\/china_blue\/index.php\/wp-json\/wp\/v2\/comments?post=423"}],"version-history":[{"count":21,"href":"https:\/\/leblanc.pl\/china_blue\/index.php\/wp-json\/wp\/v2\/pages\/423\/revisions"}],"predecessor-version":[{"id":1206,"href":"https:\/\/leblanc.pl\/china_blue\/index.php\/wp-json\/wp\/v2\/pages\/423\/revisions\/1206"}],"up":[{"embeddable":true,"href":"https:\/\/leblanc.pl\/china_blue\/index.php\/wp-json\/wp\/v2\/pages\/545"}],"wp:attachment":[{"href":"https:\/\/leblanc.pl\/china_blue\/index.php\/wp-json\/wp\/v2\/media?parent=423"}],"curies":[{"name":"wp","href":"https:\/\/api.w.org\/{rel}","templated":true}]}}