{"id":381,"date":"2021-09-29T19:49:47","date_gmt":"2021-09-29T17:49:47","guid":{"rendered":"https:\/\/leblanc.pl\/china_blue\/?page_id=381"},"modified":"2022-05-05T00:35:15","modified_gmt":"2022-05-04T22:35:15","slug":"clydebank-videos","status":"publish","type":"page","link":"https:\/\/leblanc.pl\/china_blue\/index.php\/videos\/clydebank-videos\/","title":{"rendered":"Vid\u00e9os Clydebank"},"content":{"rendered":"<p class=\"text-align:left;\">Voici les vid\u00e9os faites au chantier naval \u00e0 Clydebank (Glasgow) jusqu&rsquo;\u00e0 la mise \u00e0 l&rsquo;eau de China Blue.<\/p>\n<h3 style=\"text-align: center;\">N&rsquo;h\u00e9sitez pas \u00e0 visualiser ces vid\u00e9os en plein \u00e9cran!<\/h3>\n<p style=\"text-align: center;\"><span style=\"color: #ff0000;\">et activez les sous-titres !<\/span><\/p>\n<table style=\"border-collapse: collapse; width: 100%;\">\n<tbody>\n<tr>\n<td style=\"width: 49.7802%; text-align: center;\"><iframe loading=\"lazy\" title=\"Premi\u00e8re approche \/ First approach\" src=\"https:\/\/www.youtube.com\/embed\/irSUCkOQ0HI?rel=0\" width=\"400\" height=\"225\" frameborder=\"0\" allowfullscreen=\"allowfullscreen\"><span data-mce-type=\"bookmark\" style=\"display: inline-block; width: 0px; overflow: hidden; line-height: 0;\" class=\"mce_SELRES_start\">\ufeff<\/span><span data-mce-type=\"bookmark\" style=\"display: inline-block; width: 0px; overflow: hidden; line-height: 0;\" class=\"mce_SELRES_start\">\ufeff<\/span><\/iframe><\/td>\n<td style=\"width: 50.2198%; height: 233px;\"><iframe loading=\"lazy\" title=\"YouTube video player\" src=\"https:\/\/www.youtube.com\/embed\/HQC9fTmQzF4?rel=0\" width=\"400\" height=\"225\" frameborder=\"0\" allowfullscreen=\"allowfullscreen\"><span data-mce-type=\"bookmark\" style=\"display: inline-block; width: 0px; overflow: hidden; line-height: 0;\" class=\"mce_SELRES_start\">\ufeff<\/span><\/iframe><\/td>\n<\/tr>\n<tr>\n<td style=\"width: 49.7802%; text-align: center;\">Premi\u00e8re approche<\/td>\n<td style=\"width: 50.2198%;\">\n<p style=\"text-align: center;\">Un petit tour rapide<\/p>\n<\/td>\n<\/tr>\n<tr>\n<td style=\"width: 49.7802%; text-align: center;\"><iframe loading=\"lazy\" title=\"YouTube video player\" src=\"https:\/\/www.youtube.com\/embed\/02MPxt-R1r8?rel=0\" width=\"400\" height=\"225\" frameborder=\"0\" allowfullscreen=\"allowfullscreen\"><\/iframe><\/td>\n<td style=\"width: 50.2198%;\"><iframe loading=\"lazy\" title=\"YouTube video player\" src=\"https:\/\/www.youtube.com\/embed\/uTQdgume_mI?rel=0\" width=\"400\" height=\"225\" frameborder=\"0\" allowfullscreen=\"allowfullscreen\"><\/iframe><\/td>\n<\/tr>\n<tr>\n<td style=\"width: 49.7802%; text-align: center;\">\n<p style=\"text-align: left;\">Un tour sur le pont et \u00e0 l&rsquo;int\u00e9rieur<\/p>\n<\/td>\n<td style=\"width: 50.2198%;\">On voit passer le fameux \u00ab\u00a0Waverley\u00a0\u00bb<\/td>\n<\/tr>\n<tr>\n<td style=\"width: 49.7802%; text-align: center;\"><iframe loading=\"lazy\" title=\"YouTube video player\" src=\"https:\/\/www.youtube.com\/embed\/TyxoMTJLh2o?rel=0\" width=\"400\" height=\"225\" frameborder=\"0\" allowfullscreen=\"allowfullscreen\"><span data-mce-type=\"bookmark\" style=\"display: inline-block; width: 0px; overflow: hidden; line-height: 0;\" class=\"mce_SELRES_start\">\ufeff<\/span><\/iframe><\/td>\n<td style=\"width: 50.2198%; height: 233px;\"><iframe loading=\"lazy\" title=\"YouTube video player\" src=\"https:\/\/www.youtube.com\/embed\/xCeJly-U80I?rel=0\" width=\"400\" height=\"225\" frameborder=\"0\" allowfullscreen=\"allowfullscreen\"><span data-mce-type=\"bookmark\" style=\"display: inline-block; width: 0px; overflow: hidden; line-height: 0;\" class=\"mce_SELRES_start\">\ufeff<\/span><\/iframe><\/td>\n<\/tr>\n<tr>\n<td style=\"width: 49.7802%; text-align: center;\">Affalage d&rsquo;une voile de jonque<\/td>\n<td style=\"width: 50.2198%; text-align: center;\">Le travel lift ne passe pas<\/td>\n<\/tr>\n<tr>\n<td style=\"width: 49.7802%; text-align: center;\"><iframe loading=\"lazy\" title=\"YouTube video player\" src=\"https:\/\/www.youtube.com\/embed\/Lfcj6S84h_g?rel=0\" width=\"400\" height=\"225\" frameborder=\"0\" allowfullscreen=\"allowfullscreen\"><span data-mce-type=\"bookmark\" style=\"display: inline-block; width: 0px; overflow: hidden; line-height: 0;\" class=\"mce_SELRES_start\">\ufeff<\/span><\/iframe><\/td>\n<td style=\"width: 50.2198%;\"><iframe loading=\"lazy\" title=\"YouTube video player\" src=\"https:\/\/www.youtube.com\/embed\/0ndJd5Xvamc?rel=0\" width=\"400\" height=\"225\" frameborder=\"0\" allowfullscreen=\"allowfullscreen\"><span data-mce-type=\"bookmark\" style=\"display: inline-block; width: 0px; overflow: hidden; line-height: 0;\" class=\"mce_SELRES_start\">\ufeff<\/span><\/iframe><\/td>\n<\/tr>\n<tr>\n<td style=\"width: 49.7802%; text-align: center;\">On va essayer le Manitou&#8230;<\/td>\n<td style=\"width: 50.2198%; text-align: center;\">&#8230; mais \u00e7a marche pas trop!<\/td>\n<\/tr>\n<tr>\n<td style=\"width: 49.7802%; text-align: center;\"><iframe loading=\"lazy\" title=\"YouTube video player\" src=\"https:\/\/www.youtube.com\/embed\/3Qi3r9c5KOs?rel=0\" width=\"400\" height=\"225\" frameborder=\"0\" allowfullscreen=\"allowfullscreen\"><span data-mce-type=\"bookmark\" style=\"display: inline-block; width: 0px; overflow: hidden; line-height: 0;\" class=\"mce_SELRES_start\">\ufeff<\/span><\/iframe><\/td>\n<td style=\"width: 50.2198%;\"><iframe loading=\"lazy\" title=\"YouTube video player\" src=\"https:\/\/www.youtube.com\/embed\/ZhP9HYnNq_E?rel=0\" width=\"400\" height=\"225\" frameborder=\"0\" allowfullscreen=\"allowfullscreen\"><\/iframe><\/td>\n<\/tr>\n<tr>\n<td style=\"width: 49.7802%; text-align: center;\">L\u00e0 on plaisante plus!<\/td>\n<td style=\"width: 50.2198%; text-align: center;\">Bon, elle roule!<\/td>\n<\/tr>\n<tr>\n<td style=\"width: 49.7802%; text-align: center;\"><iframe loading=\"lazy\" title=\"YouTube video player\" src=\"https:\/\/www.youtube.com\/embed\/xsj5S1ToKVI?rel=0\" width=\"400\" height=\"225\" frameborder=\"0\" allowfullscreen=\"allowfullscreen\"><span data-mce-type=\"bookmark\" style=\"display: inline-block; width: 0px; overflow: hidden; line-height: 0;\" class=\"mce_SELRES_start\">\ufeff<\/span><\/iframe><\/td>\n<td style=\"width: 50.2198%;\"><iframe loading=\"lazy\" title=\"YouTube video player\" src=\"https:\/\/www.youtube.com\/embed\/jFa2ikE5PBc?rel=0\" width=\"400\" height=\"225\" frameborder=\"0\" allowfullscreen=\"allowfullscreen\"><\/iframe><\/td>\n<\/tr>\n<tr>\n<td style=\"width: 49.7802%; text-align: center;\">Enfin \u00e0 l&rsquo;eau!<\/td>\n<td style=\"width: 50.2198%;\">Et en plus, elle flotte<\/td>\n<\/tr>\n<tr>\n<td style=\"width: 49.7802%; text-align: center;\"><iframe loading=\"lazy\" title=\"YouTube video player\" src=\"https:\/\/www.youtube.com\/embed\/P_gsnHzsM_I?rel=0\" width=\"400\" height=\"225\" frameborder=\"0\" allowfullscreen=\"allowfullscreen\"><\/iframe><\/td>\n<\/tr>\n<tr>\n<td style=\"width: 49.7802%; text-align: center;\">Mais pas encore pr\u00eate\u2026<\/td>\n<td style=\"width: 50.2198%;\"><\/td>\n<\/tr>\n<\/tbody>\n<\/table>\n","protected":false},"excerpt":{"rendered":"<p>Voici les vid\u00e9os faites au chantier naval \u00e0 Clydebank (Glasgow) jusqu&rsquo;\u00e0 la mise \u00e0 l&rsquo;eau de China Blue. N&rsquo;h\u00e9sitez pas \u00e0 visualiser ces vid\u00e9os en plein \u00e9cran! et activez les sous-titres ! \ufeff\ufeff \ufeff Premi\u00e8re approche Un petit tour rapide &hellip; <a href=\"https:\/\/leblanc.pl\/china_blue\/index.php\/videos\/clydebank-videos\/\">Continuer la lecture <span class=\"meta-nav\">&rarr;<\/span><\/a><\/p>\n","protected":false},"author":1,"featured_media":0,"parent":2,"menu_order":0,"comment_status":"open","ping_status":"closed","template":"","meta":[],"_links":{"self":[{"href":"https:\/\/leblanc.pl\/china_blue\/index.php\/wp-json\/wp\/v2\/pages\/381"}],"collection":[{"href":"https:\/\/leblanc.pl\/china_blue\/index.php\/wp-json\/wp\/v2\/pages"}],"about":[{"href":"https:\/\/leblanc.pl\/china_blue\/index.php\/wp-json\/wp\/v2\/types\/page"}],"author":[{"embeddable":true,"href":"https:\/\/leblanc.pl\/china_blue\/index.php\/wp-json\/wp\/v2\/users\/1"}],"replies":[{"embeddable":true,"href":"https:\/\/leblanc.pl\/china_blue\/index.php\/wp-json\/wp\/v2\/comments?post=381"}],"version-history":[{"count":27,"href":"https:\/\/leblanc.pl\/china_blue\/index.php\/wp-json\/wp\/v2\/pages\/381\/revisions"}],"predecessor-version":[{"id":1190,"href":"https:\/\/leblanc.pl\/china_blue\/index.php\/wp-json\/wp\/v2\/pages\/381\/revisions\/1190"}],"up":[{"embeddable":true,"href":"https:\/\/leblanc.pl\/china_blue\/index.php\/wp-json\/wp\/v2\/pages\/2"}],"wp:attachment":[{"href":"https:\/\/leblanc.pl\/china_blue\/index.php\/wp-json\/wp\/v2\/media?parent=381"}],"curies":[{"name":"wp","href":"https:\/\/api.w.org\/{rel}","templated":true}]}}